{"id":64,"date":"2013-05-10T21:09:38","date_gmt":"2013-05-10T20:09:38","guid":{"rendered":"http:\/\/acc922.wordpress.com\/?page_id=64"},"modified":"2026-02-12T15:48:31","modified_gmt":"2026-02-12T20:48:31","slug":"gaywatched-tournoi-annuel-dacc-water-polo-2026","status":"publish","type":"page","link":"https:\/\/acontrecourant.qc.ca\/fr\/evenements\/gaywatched-tournoi-annuel-dacc-water-polo-2026\/","title":{"rendered":"Gaywatched &#8211; Tournoi annuel d\u2019ACC Water-Polo 2026"},"content":{"rendered":"<h3 style=\"text-align: center;\"><strong>Le tournoi annuel d&rsquo;ACC Water-Polo <\/strong>aura lieu <strong>les 6 et 7 juin 2026<\/strong><\/h3>\n<h3 style=\"text-align: center;\">au <strong>Parc Jean-Drapeau, \u00e0 Montr\u00e9al, Canada<\/strong>.<\/h3>\n<p>&nbsp;<\/p>\n<h4 style=\"text-align: center;\"><em>Plus de d\u00e9tails suivront dans les prochaines semaines.<\/em><\/h4>\n<p>&nbsp;<\/p>\n<p><img loading=\"lazy\" decoding=\"async\" class=\" wp-image-4861 aligncenter\" src=\"http:\/\/acontrecourant.qc.ca\/wp-content\/uploads\/png\/Image1-298x300.png\" alt=\"\" width=\"574\" height=\"578\" srcset=\"https:\/\/acontrecourant.qc.ca\/wp-content\/uploads\/png\/Image1-298x300.png 298w, https:\/\/acontrecourant.qc.ca\/wp-content\/uploads\/png\/Image1-150x150.png 150w, https:\/\/acontrecourant.qc.ca\/wp-content\/uploads\/png\/Image1-62x62.png 62w, https:\/\/acontrecourant.qc.ca\/wp-content\/uploads\/png\/Image1.png 623w\" sizes=\"auto, (max-width: 574px) 100vw, 574px\" \/><\/p>\n","protected":false},"excerpt":{"rendered":"<p>Le tournoi annuel d&rsquo;ACC Water-Polo aura lieu les 6 et 7 juin 2026 au Parc Jean-Drapeau, \u00e0 Montr\u00e9al, Canada. &nbsp; Plus de d\u00e9tails suivront dans les prochaines semaines. &nbsp;<\/p>\n","protected":false},"author":8,"featured_media":0,"parent":147,"menu_order":0,"comment_status":"closed","ping_status":"closed","template":"page-full-width.php","meta":{"_acf_changed":false,"footnotes":""},"class_list":["post-64","page","type-page","status-publish","hentry"],"acf":[],"yoast_head":"<!-- This site is optimized with the Yoast SEO plugin v26.3 - https:\/\/yoast.com\/wordpress\/plugins\/seo\/ -->\n<title>Gaywatched - Tournoi annuel d\u2019ACC Water-Polo 2026 - \u00c0 Contre Courant<\/title>\n<meta name=\"robots\" content=\"index, follow, max-snippet:-1, max-image-preview:large, max-video-preview:-1\" \/>\n<link rel=\"canonical\" href=\"https:\/\/acontrecourant.qc.ca\/fr\/evenements\/gaywatched-tournoi-annuel-dacc-water-polo-2026\/\" \/>\n<meta name=\"twitter:label1\" content=\"Estimation du temps de lecture\" \/>\n\t<meta name=\"twitter:data1\" content=\"1 minute\" \/>\n<script type=\"application\/ld+json\" class=\"yoast-schema-graph\">{\"@context\":\"https:\/\/schema.org\",\"@graph\":[{\"@type\":\"WebPage\",\"@id\":\"https:\/\/acontrecourant.qc.ca\/fr\/evenements\/gaywatched-tournoi-annuel-dacc-water-polo-2026\/\",\"url\":\"https:\/\/acontrecourant.qc.ca\/fr\/evenements\/gaywatched-tournoi-annuel-dacc-water-polo-2026\/\",\"name\":\"Gaywatched - Tournoi annuel d\u2019ACC Water-Polo 2026 - \u00c0 Contre Courant\",\"isPartOf\":{\"@id\":\"https:\/\/acontrecourant.qc.ca\/en\/#website\"},\"primaryImageOfPage\":{\"@id\":\"https:\/\/acontrecourant.qc.ca\/fr\/evenements\/gaywatched-tournoi-annuel-dacc-water-polo-2026\/#primaryimage\"},\"image\":{\"@id\":\"https:\/\/acontrecourant.qc.ca\/fr\/evenements\/gaywatched-tournoi-annuel-dacc-water-polo-2026\/#primaryimage\"},\"thumbnailUrl\":\"http:\/\/acontrecourant.qc.ca\/wp-content\/uploads\/png\/Image1-298x300.png\",\"datePublished\":\"2013-05-10T20:09:38+00:00\",\"dateModified\":\"2026-02-12T20:48:31+00:00\",\"breadcrumb\":{\"@id\":\"https:\/\/acontrecourant.qc.ca\/fr\/evenements\/gaywatched-tournoi-annuel-dacc-water-polo-2026\/#breadcrumb\"},\"inLanguage\":\"fr-CA\",\"potentialAction\":[{\"@type\":\"ReadAction\",\"target\":[\"https:\/\/acontrecourant.qc.ca\/fr\/evenements\/gaywatched-tournoi-annuel-dacc-water-polo-2026\/\"]}]},{\"@type\":\"ImageObject\",\"inLanguage\":\"fr-CA\",\"@id\":\"https:\/\/acontrecourant.qc.ca\/fr\/evenements\/gaywatched-tournoi-annuel-dacc-water-polo-2026\/#primaryimage\",\"url\":\"http:\/\/acontrecourant.qc.ca\/wp-content\/uploads\/png\/Image1-298x300.png\",\"contentUrl\":\"http:\/\/acontrecourant.qc.ca\/wp-content\/uploads\/png\/Image1-298x300.png\"},{\"@type\":\"BreadcrumbList\",\"@id\":\"https:\/\/acontrecourant.qc.ca\/fr\/evenements\/gaywatched-tournoi-annuel-dacc-water-polo-2026\/#breadcrumb\",\"itemListElement\":[{\"@type\":\"ListItem\",\"position\":1,\"name\":\"\u00c9v\u00e9nements du club\",\"item\":\"https:\/\/acontrecourant.qc.ca\/fr\/evenements\/\"},{\"@type\":\"ListItem\",\"position\":2,\"name\":\"Gaywatched &#8211; Tournoi annuel d\u2019ACC Water-Polo 2026\"}]},{\"@type\":\"WebSite\",\"@id\":\"https:\/\/acontrecourant.qc.ca\/en\/#website\",\"url\":\"https:\/\/acontrecourant.qc.ca\/en\/\",\"name\":\"\u00c0 Contre Courant\",\"description\":\"Bienvenue \u00e0 Montr\u00e9al\",\"potentialAction\":[{\"@type\":\"SearchAction\",\"target\":{\"@type\":\"EntryPoint\",\"urlTemplate\":\"https:\/\/acontrecourant.qc.ca\/en\/?s={search_term_string}\"},\"query-input\":{\"@type\":\"PropertyValueSpecification\",\"valueRequired\":true,\"valueName\":\"search_term_string\"}}],\"inLanguage\":\"fr-CA\"}]}<\/script>\n<!-- \/ Yoast SEO plugin. -->","yoast_head_json":{"title":"Gaywatched - Tournoi annuel d\u2019ACC Water-Polo 2026 - \u00c0 Contre Courant","robots":{"index":"index","follow":"follow","max-snippet":"max-snippet:-1","max-image-preview":"max-image-preview:large","max-video-preview":"max-video-preview:-1"},"canonical":"https:\/\/acontrecourant.qc.ca\/fr\/evenements\/gaywatched-tournoi-annuel-dacc-water-polo-2026\/","twitter_misc":{"Estimation du temps de lecture":"1 minute"},"schema":{"@context":"https:\/\/schema.org","@graph":[{"@type":"WebPage","@id":"https:\/\/acontrecourant.qc.ca\/fr\/evenements\/gaywatched-tournoi-annuel-dacc-water-polo-2026\/","url":"https:\/\/acontrecourant.qc.ca\/fr\/evenements\/gaywatched-tournoi-annuel-dacc-water-polo-2026\/","name":"Gaywatched - Tournoi annuel d\u2019ACC Water-Polo 2026 - \u00c0 Contre Courant","isPartOf":{"@id":"https:\/\/acontrecourant.qc.ca\/en\/#website"},"primaryImageOfPage":{"@id":"https:\/\/acontrecourant.qc.ca\/fr\/evenements\/gaywatched-tournoi-annuel-dacc-water-polo-2026\/#primaryimage"},"image":{"@id":"https:\/\/acontrecourant.qc.ca\/fr\/evenements\/gaywatched-tournoi-annuel-dacc-water-polo-2026\/#primaryimage"},"thumbnailUrl":"http:\/\/acontrecourant.qc.ca\/wp-content\/uploads\/png\/Image1-298x300.png","datePublished":"2013-05-10T20:09:38+00:00","dateModified":"2026-02-12T20:48:31+00:00","breadcrumb":{"@id":"https:\/\/acontrecourant.qc.ca\/fr\/evenements\/gaywatched-tournoi-annuel-dacc-water-polo-2026\/#breadcrumb"},"inLanguage":"fr-CA","potentialAction":[{"@type":"ReadAction","target":["https:\/\/acontrecourant.qc.ca\/fr\/evenements\/gaywatched-tournoi-annuel-dacc-water-polo-2026\/"]}]},{"@type":"ImageObject","inLanguage":"fr-CA","@id":"https:\/\/acontrecourant.qc.ca\/fr\/evenements\/gaywatched-tournoi-annuel-dacc-water-polo-2026\/#primaryimage","url":"http:\/\/acontrecourant.qc.ca\/wp-content\/uploads\/png\/Image1-298x300.png","contentUrl":"http:\/\/acontrecourant.qc.ca\/wp-content\/uploads\/png\/Image1-298x300.png"},{"@type":"BreadcrumbList","@id":"https:\/\/acontrecourant.qc.ca\/fr\/evenements\/gaywatched-tournoi-annuel-dacc-water-polo-2026\/#breadcrumb","itemListElement":[{"@type":"ListItem","position":1,"name":"\u00c9v\u00e9nements du club","item":"https:\/\/acontrecourant.qc.ca\/fr\/evenements\/"},{"@type":"ListItem","position":2,"name":"Gaywatched &#8211; Tournoi annuel d\u2019ACC Water-Polo 2026"}]},{"@type":"WebSite","@id":"https:\/\/acontrecourant.qc.ca\/en\/#website","url":"https:\/\/acontrecourant.qc.ca\/en\/","name":"\u00c0 Contre Courant","description":"Bienvenue \u00e0 Montr\u00e9al","potentialAction":[{"@type":"SearchAction","target":{"@type":"EntryPoint","urlTemplate":"https:\/\/acontrecourant.qc.ca\/en\/?s={search_term_string}"},"query-input":{"@type":"PropertyValueSpecification","valueRequired":true,"valueName":"search_term_string"}}],"inLanguage":"fr-CA"}]}},"_links":{"self":[{"href":"https:\/\/acontrecourant.qc.ca\/fr\/wp-json\/wp\/v2\/pages\/64\/"}],"collection":[{"href":"https:\/\/acontrecourant.qc.ca\/fr\/wp-json\/wp\/v2\/pages\/"}],"about":[{"href":"https:\/\/acontrecourant.qc.ca\/fr\/wp-json\/wp\/v2\/types\/page\/"}],"author":[{"embeddable":true,"href":"https:\/\/acontrecourant.qc.ca\/fr\/wp-json\/wp\/v2\/users\/8\/"}],"replies":[{"embeddable":true,"href":"https:\/\/acontrecourant.qc.ca\/fr\/wp-json\/wp\/v2\/comments\/?post=64"}],"version-history":[{"count":78,"href":"https:\/\/acontrecourant.qc.ca\/fr\/wp-json\/wp\/v2\/pages\/64\/revisions\/"}],"predecessor-version":[{"id":4871,"href":"https:\/\/acontrecourant.qc.ca\/fr\/wp-json\/wp\/v2\/pages\/64\/revisions\/4871\/"}],"up":[{"embeddable":true,"href":"https:\/\/acontrecourant.qc.ca\/fr\/wp-json\/wp\/v2\/pages\/147\/"}],"wp:attachment":[{"href":"https:\/\/acontrecourant.qc.ca\/fr\/wp-json\/wp\/v2\/media\/?parent=64"}],"curies":[{"name":"wp","href":"https:\/\/api.w.org\/{rel}","templated":true}]}}