{"id":62,"date":"2013-05-10T21:09:07","date_gmt":"2013-05-11T01:09:07","guid":{"rendered":"http:\/\/acc922.wordpress.com\/?page_id=62"},"modified":"2018-09-17T21:53:27","modified_gmt":"2018-09-18T01:53:27","slug":"coupe-2017","status":"publish","type":"page","link":"https:\/\/acontrecourant.qc.ca\/fr\/evenements\/coupe-2017\/","title":{"rendered":"24i\u00e8me Coupe de Montr\u00e9al 2017"},"content":{"rendered":"<p class=\"large-text\"><strong>Piscine du Complexe sportif Claude-Robillard<\/strong><br \/>\n<strong> 11 novembre 2017<\/strong><\/p>\n<p>La 24<sup>e<\/sup> Coupe de Montr\u00e9al des ma\u00eetres nageurs s&rsquo;est tenue le 11 novembre 2017, \u00e0 la piscine du Complexe sportif Claude-Robillard. \u00c0 l&rsquo;an prochain, pour le 25\u00e8 anniversaire de la Coupe!<\/p>\n<h2>R\u00e9sultats<\/h2>\n<ul class=\"list-document\">\n<li class=\"word\"><a href=\"http:\/\/acontrecourant.qc.ca\/wp-content\/uploads\/pdf\/coupe-nov-2017-liste-resultats.pdf\">Liste des r\u00e9sultats, toutes \u00e9preuves &#8211; tous genres (PDF)<\/a><\/li>\n<li class=\"pdf\"><\/li>\n<li class=\"word\"><\/li>\n<\/ul>\n<h2>Derni\u00e8re minute<\/h2>\n<ul class=\"list-document\">\n<li class=\"word\"><a href=\"http:\/\/acontrecourant.qc.ca\/wp-content\/uploads\/pdf\/coupe-nov-2017-programme-officiel.pdf\">Programme officiel (PDF)<\/a><\/li>\n<li class=\"pdf\"><\/li>\n<li class=\"word\"><a href=\"http:\/\/acontrecourant.qc.ca\/wp-content\/uploads\/pdf\/coupe-nov-2017-assignation-officiels-am.pdf\">Assignation des officiels &#8211; AM (PDF)<\/a><\/li>\n<li class=\"pdf\"><\/li>\n<li class=\"word\"><a href=\"http:\/\/acontrecourant.qc.ca\/wp-content\/uploads\/pdf\/coupe-nov-2017-assignation-officiels-pm.pdf\">Assignation des officiels &#8211; PM (PDF)<\/a><\/li>\n<li class=\"pdf\"><\/li>\n<\/ul>\n<h2>Invitation pour le 11 novembre 2017<\/h2>\n<ul class=\"list-document\">\n<li class=\"word\"><a href=\"http:\/\/acontrecourant.qc.ca\/wp-content\/uploads\/pdf\/coupe-nov-2017-invitation.pdf\">Invitation officielle (PDF)<\/a><\/li>\n<li class=\"lxf\"><a href=\"http:\/\/acontrecourant.qc.ca\/wp-content\/uploads\/lxf\/coupe-nov-2017.lxf\">Fichier Lenex (LXF)<\/a><\/li>\n<li class=\"html\"><a href=\"https:\/\/www.swimming.ca\/ListeDesCompetitions.aspx\">Liste des comp\u00e9titions sur swimming.ca (fichier Lenex, chargement des inscriptions, invitation)<\/a><\/li>\n<li class=\"word\"><a href=\"http:\/\/acontrecourant.qc.ca\/wp-content\/uploads\/doc\/coupe-nov-2017-inscription-fr.doc\">Formulaire d\u2019inscription individuelle \u00e0 la comp\u00e9tition pour les athl\u00e8tes de MACC ou hors Qu\u00e9bec ou pour le souper (Word)<\/a> (mis \u00e0 jour 2017-10-30)<\/li>\n<li class=\"html\"><a href=\"http:\/\/acontrecourant.qc.ca\/wp-content\/uploads\/xlsx\/coupe-nov-2017-inscription-equipe-fr.xlsx\">Formulaire d\u2019inscription \u00e0 la comp\u00e9tition pour les \u00e9quipes hors Qu\u00e9bec (Excel)<\/a> (mis \u00e0 jour 2017-10-30)<\/li>\n<\/ul>\n<h2 style=\"text-align: center;\">Commanditaires 2017<\/h2>\n<p>&nbsp;<\/p>\n","protected":false},"excerpt":{"rendered":"<p>Piscine du Complexe sportif Claude-Robillard 11 novembre 2017 La 24e Coupe de Montr\u00e9al des ma\u00eetres nageurs s&rsquo;est tenue le 11 novembre 2017, \u00e0 la piscine du Complexe sportif Claude-Robillard. \u00c0 l&rsquo;an prochain, pour le 25\u00e8 anniversaire de la Coupe! R\u00e9sultats Liste des r\u00e9sultats, toutes \u00e9preuves &#8211; tous genres (PDF) Derni\u00e8re minute Programme officiel (PDF) Assignation [&hellip;]<\/p>\n","protected":false},"author":8,"featured_media":0,"parent":147,"menu_order":0,"comment_status":"closed","ping_status":"closed","template":"","meta":{"_acf_changed":false,"footnotes":""},"class_list":["post-62","page","type-page","status-publish","hentry"],"acf":[],"yoast_head":"<!-- This site is optimized with the Yoast SEO plugin v26.3 - https:\/\/yoast.com\/wordpress\/plugins\/seo\/ -->\n<title>Coupe de Montr\u00e9al pour ma\u00eetres nageurs - \u00c0 Contre Courant<\/title>\n<meta name=\"description\" content=\"Cet \u00e9v\u00e9nement annuel permet aux ma\u00eetres nageurs du Qu\u00e9bec, de l&#039;Ontario et de l&#039;est des \u00c9tats-Unis de participer \u00e0 un \u00e9v\u00e9nement sportif amical.\" \/>\n<meta name=\"robots\" content=\"index, follow, max-snippet:-1, max-image-preview:large, max-video-preview:-1\" \/>\n<link rel=\"canonical\" href=\"https:\/\/acontrecourant.qc.ca\/fr\/evenements\/coupe-2017\/\" \/>\n<meta name=\"twitter:label1\" content=\"Estimation du temps de lecture\" \/>\n\t<meta name=\"twitter:data1\" content=\"1 minute\" \/>\n<script type=\"application\/ld+json\" class=\"yoast-schema-graph\">{\"@context\":\"https:\/\/schema.org\",\"@graph\":[{\"@type\":\"WebPage\",\"@id\":\"https:\/\/acontrecourant.qc.ca\/fr\/evenements\/coupe-2017\/\",\"url\":\"https:\/\/acontrecourant.qc.ca\/fr\/evenements\/coupe-2017\/\",\"name\":\"Coupe de Montr\u00e9al pour ma\u00eetres nageurs - \u00c0 Contre Courant\",\"isPartOf\":{\"@id\":\"https:\/\/acontrecourant.qc.ca\/en\/#website\"},\"datePublished\":\"2013-05-11T01:09:07+00:00\",\"dateModified\":\"2018-09-18T01:53:27+00:00\",\"description\":\"Cet \u00e9v\u00e9nement annuel permet aux ma\u00eetres nageurs du Qu\u00e9bec, de l'Ontario et de l'est des \u00c9tats-Unis de participer \u00e0 un \u00e9v\u00e9nement sportif amical.\",\"breadcrumb\":{\"@id\":\"https:\/\/acontrecourant.qc.ca\/fr\/evenements\/coupe-2017\/#breadcrumb\"},\"inLanguage\":\"fr-CA\",\"potentialAction\":[{\"@type\":\"ReadAction\",\"target\":[\"https:\/\/acontrecourant.qc.ca\/fr\/evenements\/coupe-2017\/\"]}]},{\"@type\":\"BreadcrumbList\",\"@id\":\"https:\/\/acontrecourant.qc.ca\/fr\/evenements\/coupe-2017\/#breadcrumb\",\"itemListElement\":[{\"@type\":\"ListItem\",\"position\":1,\"name\":\"\u00c9v\u00e9nements du club\",\"item\":\"https:\/\/acontrecourant.qc.ca\/fr\/evenements\/\"},{\"@type\":\"ListItem\",\"position\":2,\"name\":\"24i\u00e8me Coupe de Montr\u00e9al 2017\"}]},{\"@type\":\"WebSite\",\"@id\":\"https:\/\/acontrecourant.qc.ca\/en\/#website\",\"url\":\"https:\/\/acontrecourant.qc.ca\/en\/\",\"name\":\"\u00c0 Contre Courant\",\"description\":\"Bienvenue \u00e0 Montr\u00e9al\",\"potentialAction\":[{\"@type\":\"SearchAction\",\"target\":{\"@type\":\"EntryPoint\",\"urlTemplate\":\"https:\/\/acontrecourant.qc.ca\/en\/?s={search_term_string}\"},\"query-input\":{\"@type\":\"PropertyValueSpecification\",\"valueRequired\":true,\"valueName\":\"search_term_string\"}}],\"inLanguage\":\"fr-CA\"}]}<\/script>\n<!-- \/ Yoast SEO plugin. -->","yoast_head_json":{"title":"Coupe de Montr\u00e9al pour ma\u00eetres nageurs - \u00c0 Contre Courant","description":"Cet \u00e9v\u00e9nement annuel permet aux ma\u00eetres nageurs du Qu\u00e9bec, de l'Ontario et de l'est des \u00c9tats-Unis de participer \u00e0 un \u00e9v\u00e9nement sportif amical.","robots":{"index":"index","follow":"follow","max-snippet":"max-snippet:-1","max-image-preview":"max-image-preview:large","max-video-preview":"max-video-preview:-1"},"canonical":"https:\/\/acontrecourant.qc.ca\/fr\/evenements\/coupe-2017\/","twitter_misc":{"Estimation du temps de lecture":"1 minute"},"schema":{"@context":"https:\/\/schema.org","@graph":[{"@type":"WebPage","@id":"https:\/\/acontrecourant.qc.ca\/fr\/evenements\/coupe-2017\/","url":"https:\/\/acontrecourant.qc.ca\/fr\/evenements\/coupe-2017\/","name":"Coupe de Montr\u00e9al pour ma\u00eetres nageurs - \u00c0 Contre Courant","isPartOf":{"@id":"https:\/\/acontrecourant.qc.ca\/en\/#website"},"datePublished":"2013-05-11T01:09:07+00:00","dateModified":"2018-09-18T01:53:27+00:00","description":"Cet \u00e9v\u00e9nement annuel permet aux ma\u00eetres nageurs du Qu\u00e9bec, de l'Ontario et de l'est des \u00c9tats-Unis de participer \u00e0 un \u00e9v\u00e9nement sportif amical.","breadcrumb":{"@id":"https:\/\/acontrecourant.qc.ca\/fr\/evenements\/coupe-2017\/#breadcrumb"},"inLanguage":"fr-CA","potentialAction":[{"@type":"ReadAction","target":["https:\/\/acontrecourant.qc.ca\/fr\/evenements\/coupe-2017\/"]}]},{"@type":"BreadcrumbList","@id":"https:\/\/acontrecourant.qc.ca\/fr\/evenements\/coupe-2017\/#breadcrumb","itemListElement":[{"@type":"ListItem","position":1,"name":"\u00c9v\u00e9nements du club","item":"https:\/\/acontrecourant.qc.ca\/fr\/evenements\/"},{"@type":"ListItem","position":2,"name":"24i\u00e8me Coupe de Montr\u00e9al 2017"}]},{"@type":"WebSite","@id":"https:\/\/acontrecourant.qc.ca\/en\/#website","url":"https:\/\/acontrecourant.qc.ca\/en\/","name":"\u00c0 Contre Courant","description":"Bienvenue \u00e0 Montr\u00e9al","potentialAction":[{"@type":"SearchAction","target":{"@type":"EntryPoint","urlTemplate":"https:\/\/acontrecourant.qc.ca\/en\/?s={search_term_string}"},"query-input":{"@type":"PropertyValueSpecification","valueRequired":true,"valueName":"search_term_string"}}],"inLanguage":"fr-CA"}]}},"_links":{"self":[{"href":"https:\/\/acontrecourant.qc.ca\/fr\/wp-json\/wp\/v2\/pages\/62\/"}],"collection":[{"href":"https:\/\/acontrecourant.qc.ca\/fr\/wp-json\/wp\/v2\/pages\/"}],"about":[{"href":"https:\/\/acontrecourant.qc.ca\/fr\/wp-json\/wp\/v2\/types\/page\/"}],"author":[{"embeddable":true,"href":"https:\/\/acontrecourant.qc.ca\/fr\/wp-json\/wp\/v2\/users\/8\/"}],"replies":[{"embeddable":true,"href":"https:\/\/acontrecourant.qc.ca\/fr\/wp-json\/wp\/v2\/comments\/?post=62"}],"version-history":[{"count":97,"href":"https:\/\/acontrecourant.qc.ca\/fr\/wp-json\/wp\/v2\/pages\/62\/revisions\/"}],"predecessor-version":[{"id":2033,"href":"https:\/\/acontrecourant.qc.ca\/fr\/wp-json\/wp\/v2\/pages\/62\/revisions\/2033\/"}],"up":[{"embeddable":true,"href":"https:\/\/acontrecourant.qc.ca\/fr\/wp-json\/wp\/v2\/pages\/147\/"}],"wp:attachment":[{"href":"https:\/\/acontrecourant.qc.ca\/fr\/wp-json\/wp\/v2\/media\/?parent=62"}],"curies":[{"name":"wp","href":"https:\/\/api.w.org\/{rel}","templated":true}]}}