{"id":6,"date":"2013-05-10T19:37:15","date_gmt":"2013-05-10T18:37:15","guid":{"rendered":"http:\/\/acc922.wordpress.com\/?page_id=6"},"modified":"2022-08-15T16:26:02","modified_gmt":"2022-08-15T20:26:02","slug":"informations","status":"publish","type":"page","link":"https:\/\/acontrecourant.qc.ca\/fr\/informations\/","title":{"rendered":"Informations"},"content":{"rendered":"<h2>Qui sommes-nous?<\/h2>\n<p>\u00c0 Contre-Courant (MACC) est un club aquatique inclusif,\u00a0ouvert \u00e0 toutes et tous sans discrimination. Ses statuts pr\u00e9cisent qu&rsquo;il s&rsquo;engage \u00e0 accepter toute personne, \u00ab quels que soient son orientation sexuelle, son sexe, son origine ethnique, ses croyances politiques ou religieuses, ses incapacit\u00e9s physiques ou son \u00e9tat s\u00e9rologique \u00bb. Le refus de toute forme de discrimination est en effet l&rsquo;un des principes fondateurs du club.<\/p>\n<p>Les activit\u00e9s d&rsquo;ACC comprennent la natation et le water-polo. Chaque discipline est plac\u00e9e sous la supervision d&rsquo;entra\u00eeneurs qualifi\u00e9s, et le club est affili\u00e9 pour chacune d&rsquo;elle \u00e0 la f\u00e9d\u00e9ration sportive qui en r\u00e9glemente la pratique (F\u00e9d\u00e9ration de natation du Qu\u00e9bec et F\u00e9d\u00e9ration de water-polo du Qu\u00e9bec).<\/p>\n<p>ACC est \u00e9galement membre d&rsquo;\u00c9quipe Montr\u00e9al, regroupement des \u00e9quipes sportives gaies et lesbiennes de la r\u00e9gion montr\u00e9alaise, ainsi que de l&rsquo;International Gay and Lesbian Aquatics (IGLA).<\/p>\n<p>Depuis sa fondation, en 1990, \u00c0 Contre-Courant s&rsquo;est taill\u00e9 une place de choix dans le monde des sports aquatiques au Qu\u00e9bec. Il a notamment acquis, au fil des ann\u00e9es, une r\u00e9putation enviable pour ce qui est de la mise sur pied de rencontres sportives. M\u00eame si beaucoup de ses membres s&rsquo;entra\u00eenent d&rsquo;abord et avant tout pour garder la forme, les comp\u00e9titions &#8211; qu&rsquo;il s&rsquo;agisse d&rsquo;y prendre part ou d&rsquo;en organiser &#8211; repr\u00e9sentent en effet un volet important des activit\u00e9s du club. Par ailleurs, l&rsquo;implication de ce dernier au sein de la communaut\u00e9 gaie et lesbienne ainsi que les liens d&rsquo;amiti\u00e9 et de solidarit\u00e9 qu&rsquo;il contribue \u00e0 cr\u00e9er entre ses membres font qu&rsquo;\u00c0 Contre-Courant est beaucoup plus qu&rsquo;un simple club sportif.<\/p>\n<h2>Notre mission<\/h2>\n<p>M\u00eame si \u00c0 Contre-Courant ressemble \u00e0 tous les autres clubs de ma\u00eetres, son nom indique bien sa volont\u00e9 de r\u00e9pondre \u00e0 une vocation particuli\u00e8re. En effet, il s&rsquo;agit du seul club du genre au Qu\u00e9bec qui soit destin\u00e9 en priorit\u00e9 aux athl\u00e8tes gais et lesbiennes.<\/p>\n<p>La mission que s&rsquo;est donn\u00e9e ACC consiste \u00e0 \u00ab promouvoir le bien-\u00eatre de ses membres par la pratique des activit\u00e9s aquatiques, \u00e0 encourager l&rsquo;estime de soi et l&rsquo;affirmation des gais et lesbiennes, \u00e0 favoriser la compr\u00e9hension mutuelle et les \u00e9changes entre les individus et \u00e0 contribuer au rayonnement de la communaut\u00e9 gaie et lesbienne. \u00bb (extrait des R\u00e8glements g\u00e9n\u00e9raux adopt\u00e9s le 4 mars 1995)<\/p>\n<p>Une assembl\u00e9e g\u00e9n\u00e9rale a lieu une fois par ann\u00e9e afin notamment d&rsquo;\u00e9lire un conseil d&rsquo;administration. Celui-ci, qui peut comporter jusqu&rsquo;\u00e0 neuf membres, est charg\u00e9 de veiller \u00e0 la bonne marche des activit\u00e9s du club ainsi que de promouvoir la poursuite de ses objectifs.<\/p>\n<h2>Historique<\/h2>\n<div id=\"attachment_78\" style=\"width: 310px\" class=\"wp-caption alignleft\"><a href=\"http:\/\/acontrecourant.qc.ca\/wp-content\/uploads\/fondateurs.jpg\"><img loading=\"lazy\" decoding=\"async\" aria-describedby=\"caption-attachment-78\" class=\" wp-image-78 \" src=\"http:\/\/acontrecourant.qc.ca\/wp-content\/uploads\/fondateurs.jpg?w=300\" alt=\"Les cinq fondateurs d'ACC: Luc Hurtubise, Yves Leclerc, Dominique Lampron, Sylvain Dugas et Marc Pageau.\" width=\"300\" height=\"151\" \/><\/a><p id=\"caption-attachment-78\" class=\"wp-caption-text\">Les cinq fondateurs d&rsquo;ACC: Luc Hurtubise, Yves Leclerc, Dominique Lampron, Sylvain Dugas et Marc Pageau.<\/p><\/div>\n<p>C&rsquo;est \u00e0 la suite de leur participation aux Gay Games III, \u00e0 Vancouver en 1990, qu&rsquo;Yves Leclerc et Sylvain Dugas sentent le besoin de former un club de natation gai \u00e0 Montr\u00e9al. Dominique Lampron (qui en sera pr\u00e9sident pendant 10 ans) se joint bient\u00f4t \u00e0 eux, et le club est fond\u00e9 le 27 octobre 1990, sous le nom de Montr\u00e9al \u00c9quipe Natation (M.E.N). Le nom actuel, plus inclusif, sera adopt\u00e9 le 22 octobre 1994.<\/p>\n<p>La toute premi\u00e8re s\u00e9ance d&rsquo;entra\u00eenement r\u00e9unit \u00e0 peine 8 nageurs. D\u00e8s la fin de sa premi\u00e8re ann\u00e9e d&rsquo;existence, toutefois, le club compte 60 adh\u00e9rents. En 1993-1994, avec 88 inscriptions, il est le troisi\u00e8me club de ma\u00eetres nageurs en importance au Qu\u00e9bec. Depuis, il n&rsquo;a cess\u00e9 de se maintenir en t\u00eate du peloton quant \u00e0 la taille des effectifs. Au 31 ao\u00fbt 1999, il atteignait un sommet avec 150 nageurs et nageuses affili\u00e9s, ce qui en faisait cette ann\u00e9e-l\u00e0 la plus grosse \u00e9quipe du r\u00e9seau provincial.<\/p>\n<p>Au d\u00e9but, les activit\u00e9s du club se limitent \u00e0 une s\u00e9ance d&rsquo;entra\u00eenement de natation par semaine, le samedi. Les entra\u00eenements du mardi et du jeudi viennent s&rsquo;ajouter en janvier 1993, celui du mercredi en septembre 1994, et enfin celui du lundi \u00e0 l&rsquo;automne 1998.<\/p>\n<p>Le <a title=\"Water-polo\" href=\"http:\/\/acontrecourant.qc.ca\/sports\/waterpolo\/\">water-polo<\/a> fait ses d\u00e9buts \u00e0 l&rsquo;hiver 1992. Le volet plongeon, qui a d&rsquo;abord exist\u00e9 de mani\u00e8re informelle, devient officiel en d\u00e9cembre 1993. La <a title=\"Nage synchronis\u00e9e\" href=\"http:\/\/acontrecourant.qc.casports\/synchro\/\">nage synchronis\u00e9e<\/a> a vu le jour en mars 1994 et le triathlon, enfin, est lanc\u00e9 \u00e0 l&rsquo;automne 2006.<\/p>\n<p>En mars 1995, la Ville de Montr\u00e9al, sous l&rsquo;\u00e9gide de qui ont alors lieu les entra\u00eenements d&rsquo;\u00c0 Contre-Courant en semaine, reconna\u00eet officiellement l&rsquo;existence du club. Lorsque l&rsquo;administration municipale, en septembre 1999, se d\u00e9sengage de la gestion des activit\u00e9s r\u00e9cr\u00e9atives, ces derni\u00e8res sont plac\u00e9es, \u00e0 la piscine du c\u00e9gep du Vieux-Montr\u00e9al, sous l&rsquo;enti\u00e8re responsabilit\u00e9 d&rsquo;ACC, qui agit d\u00e8s lors \u00e0 titre de partenaire de la Ville.<\/p>\n<h2>Un engagement social<\/h2>\n<p>En plus de la pratique du sport, \u00c0 Contre-Courant tient \u00e0 offrir \u00e0 ses membres un espace chaleureux et convivial plac\u00e9 sous le signe de la camaraderie. La tradition s&rsquo;est ainsi install\u00e9e, depuis le d\u00e9but ou presque, d&rsquo;aller en groupe manger au restaurant apr\u00e8s l&rsquo;entra\u00eenement de natation du samedi soir. Le club organise aussi, \u00e0 l&rsquo;occasion, des activit\u00e9s sociales et de financement.<\/p>\n<p>ACC manifeste sa solidarit\u00e9 avec la communaut\u00e9 gaie et lesbienne en prenant part \u00e0 certaines manifestations comme le d\u00e9fil\u00e9 de Divers\/Cit\u00e9, ou encore en organisant chaque ann\u00e9e, depuis 1996, le nagethon Eau vive, destin\u00e9 \u00e0 recueillir des fonds au profit des organismes d&rsquo;aide aux victimes du VIH\/sida. L&rsquo;engagement d&rsquo;\u00c0 Contre-Courant a \u00e9t\u00e9 reconnu de diverses fa\u00e7ons, tant dans le milieu de la natation qu\u00e9b\u00e9coise que dans le milieu gai et lesbien.<\/p>\n<p>La majorit\u00e9 des membres d&rsquo;ACC s&rsquo;impliquent dans la vie du club et participent, \u00e0 titre b\u00e9n\u00e9vole, \u00e0 la mise sur pied de l&rsquo;une ou l&rsquo;autre de ses activit\u00e9s, lui permettant ainsi de continuer \u00e0 remplir sa mission. Le b\u00e9n\u00e9volat constitue v\u00e9ritablement le coeur d&rsquo;\u00c0 Contre-Courant, et la g\u00e9n\u00e9rosit\u00e9 de ses adh\u00e9rents en la mati\u00e8re m\u00e9rite d&rsquo;\u00eatre salu\u00e9e avec reconnaissance.<\/p>\n<div class=\"temoignage\">\n<h2><img loading=\"lazy\" decoding=\"async\" src=\"http:\/\/acontrecourant.qc.ca\/wp-content\/uploads\/png\/temoingage.png\" alt=\"temoingage\" width=\"52\" height=\"71\" \/>Un t\u00e9moignage<\/h2>\n<p><strong>\u00ab Ici par hasard \u00bb<\/strong><br \/>\nImaginez pour un instant, si vous le pouvez, que vous \u00eates une jeune femme australienne. Vous arrivez au Qu\u00e9bec en f\u00e9vrier 1994. Il fait -20\u00baC. Les Australiennes ne croient pas aux -20\u00baC, elles pensent que c&rsquo;est comme le P\u00e8re No\u00ebl ou le Y\u00e9ti, \u00e7a n&rsquo;existe pas vraiment. Il faisait froid en ce mois de f\u00e9vrier. Et puis, j&rsquo;ai essay\u00e9 d&rsquo;apprendre le fran\u00e7ais. C&rsquo;est bien difficile d&rsquo;apprendre le fran\u00e7ais \u00e0 Montr\u00e9al, tout le monde parle anglais, sauf quand ils parlent entre eux, et puis ils parlent trop vite. Donc je me suis ennuy\u00e9e un bon bout de temps au Qu\u00e9bec.<\/p>\n<p>Finalement, j&rsquo;ai trouv\u00e9 un groupe de gens accueillants, c&rsquo;\u00e9tait une \u00e9quipe de water-polo au c\u00e9gep du Vieux, d\u00e9crite dans les activit\u00e9s de la Ville de Montr\u00e9al. L\u00e0, Dominique et Brian m&rsquo;ont enseign\u00e9 comment jouer au water-polo (je n&rsquo;avais jamais jou\u00e9 avant), Adriaan et G\u00e9rard m&rsquo;ont enseign\u00e9 la salutation qu\u00e9b\u00e9coise, un bec sur les deux joues, et le monde avait la patience de me parler en fran\u00e7ais. Quand j&rsquo;\u00e9tais en retard, des gens criaient \u00abBonjour Lindy\u00bb de l&rsquo;eau, et je sentais que j&rsquo;appartenais au groupe. Il me semblait qu&rsquo;il n&rsquo;y avait pas assez de vendredis dans une semaine. Parfois, le samedi matin, quand je pensais : \u00abQu&rsquo;est-ce qu&rsquo;il y a de bon dans ma vie?\u00bb, la r\u00e9ponse \u00e9tait : \u00abVendredi, je peux jouer au water-polo.\u00bb<\/p>\n<p>Et puis j&rsquo;ai d\u00e9couvert que c&rsquo;\u00e9tait un club gai.<\/p>\n<ul>\n<li><em>Et samedi, c&rsquo;est le club gai<\/em>, m&rsquo;a expliqu\u00e9 Jean-Yves.<\/li>\n<li><em>C&rsquo;est QUOI?! Est-ce que j&rsquo;ai bien compris? Est-ce que \u00abgai\u00bb veut dire la m\u00eame chose en fran\u00e7ais qu&rsquo;en anglais?<\/em><\/li>\n<\/ul>\n<p>Vous pouvez m&rsquo;imaginer avec les yeux grands et la bouche ouverte. L&rsquo;id\u00e9e d&rsquo;un club sportif gai \u00e9tait totalement nouvelle pour moi. Je n&rsquo;avais aucune id\u00e9e qu&rsquo;il existait une communaut\u00e9 gaie en dehors des bars, des saunas et des organisations pour le sida. Apr\u00e8s coup, j&rsquo;\u00e9tais soulag\u00e9e que Jean-Yves lui-m\u00eame soit h\u00e9t\u00e9ro, parce que j&rsquo;\u00e9tais tellement \u00e9tonn\u00e9e.<\/p>\n<p>Est-ce que \u00e7a a fait une diff\u00e9rence? Pas vraiment. Il est assez \u00e9vident que plusieurs membres de l&rsquo;\u00e9quipe sont gais, donc savoir que le club est officiellement fait ne change rien. Peut-\u00eatre que si je l&rsquo;avais su la premi\u00e8re semaine, j&rsquo;aurais cherch\u00e9 un autre club, j&rsquo;aurais pens\u00e9 que ce n&rsquo;\u00e9tait pas pour moi (j&rsquo;avais mes st\u00e9r\u00e9otypes, comme tout le monde). Je suis contente que je ne l&rsquo;ai pas su parce que je n&rsquo;aurais jamais trouv\u00e9 un autre groupe aussi gentil. Je crois qu&rsquo;une des raisons qu&rsquo;\u00c0 Contre-Courant soit un si bon club est que son objet est la participation et le sens de communaut\u00e9 plut\u00f4t que gagner des comp\u00e9titions. Maintenant je comprends aussi l&rsquo;importance de la premi\u00e8re question de Dominique : \u00abComment as-tu appris l&rsquo;existence du club?\u00bb (Fugues ou la Ville de Montr\u00e9al?) J&rsquo;ai m\u00eame eu l&rsquo;occasion de la poser moi-m\u00eame.<\/p>\n<p>Je trouve que c&rsquo;est une bonne blague que j&rsquo;ai \u00e9t\u00e9 membre d&rsquo;un club gai pendant neuf mois sans le savoir, et je la raconte \u00e0 la moindre occasion. Je n&rsquo;ai pas besoin de beaucoup d&rsquo;occasion, non plus, pour raconter avec quel club extraordinaire (dans le meilleur sens du mot) je nage. Mon club de water-polo est encore la chose la plus importante pour moi au Canada, et m\u00eame plus depuis j&rsquo;ai commenc\u00e9 \u00e0 nager aussi.<\/p>\n<p>En juin, je retournerai en Australie, et j&rsquo;ai un dilemme : est-ce que je chercherai dans la communaut\u00e9 gaie pour une \u00e9quipe de water-polo? Je pense que non. Je pense que vous \u00eates uniques. Quand je serai partie, deux choses \u00e0 Montr\u00e9al vont me manquer : \u00c0 Contre-Courant et les bagels. Donc, quand vous viendrez me visiter, apportez-en! Mais j&rsquo;aurai h\u00e2te de vous voir, m\u00eame sans des bagels!<\/p>\n<p>Lindy C.<br \/>\n(\u00ab\u00c0 coeur ouvert\u00bb, eAU COURANTe, mai 1996)<strong><br \/>\n<\/strong><\/p>\n<\/div>\n","protected":false},"excerpt":{"rendered":"<p>Qui sommes-nous? \u00c0 Contre-Courant (MACC) est un club aquatique inclusif,\u00a0ouvert \u00e0 toutes et tous sans discrimination. Ses statuts pr\u00e9cisent qu&rsquo;il s&rsquo;engage \u00e0 accepter toute personne, \u00ab quels que soient son orientation sexuelle, son sexe, son origine ethnique, ses croyances politiques ou religieuses, ses incapacit\u00e9s physiques ou son \u00e9tat s\u00e9rologique \u00bb. Le refus de toute forme [&hellip;]<\/p>\n","protected":false},"author":8,"featured_media":0,"parent":0,"menu_order":0,"comment_status":"closed","ping_status":"closed","template":"page-full-width.php","meta":{"_acf_changed":false,"footnotes":""},"class_list":["post-6","page","type-page","status-publish","hentry"],"acf":[],"yoast_head":"<!-- This site is optimized with the Yoast SEO plugin v26.3 - https:\/\/yoast.com\/wordpress\/plugins\/seo\/ -->\n<title>Informations - \u00c0 Contre Courant<\/title>\n<meta name=\"robots\" content=\"index, follow, max-snippet:-1, max-image-preview:large, max-video-preview:-1\" \/>\n<link rel=\"canonical\" href=\"https:\/\/acontrecourant.qc.ca\/fr\/informations\/\" \/>\n<meta name=\"twitter:label1\" content=\"Estimation du temps de lecture\" \/>\n\t<meta name=\"twitter:data1\" content=\"8 minutes\" \/>\n<script type=\"application\/ld+json\" class=\"yoast-schema-graph\">{\"@context\":\"https:\/\/schema.org\",\"@graph\":[{\"@type\":\"WebPage\",\"@id\":\"https:\/\/acontrecourant.qc.ca\/fr\/informations\/\",\"url\":\"https:\/\/acontrecourant.qc.ca\/fr\/informations\/\",\"name\":\"Informations - \u00c0 Contre Courant\",\"isPartOf\":{\"@id\":\"https:\/\/acontrecourant.qc.ca\/en\/#website\"},\"primaryImageOfPage\":{\"@id\":\"https:\/\/acontrecourant.qc.ca\/fr\/informations\/#primaryimage\"},\"image\":{\"@id\":\"https:\/\/acontrecourant.qc.ca\/fr\/informations\/#primaryimage\"},\"thumbnailUrl\":\"http:\/\/acontrecourant.qc.ca\/wp-content\/uploads\/fondateurs.jpg?w=300\",\"datePublished\":\"2013-05-10T18:37:15+00:00\",\"dateModified\":\"2022-08-15T20:26:02+00:00\",\"inLanguage\":\"fr-CA\",\"potentialAction\":[{\"@type\":\"ReadAction\",\"target\":[\"https:\/\/acontrecourant.qc.ca\/fr\/informations\/\"]}]},{\"@type\":\"ImageObject\",\"inLanguage\":\"fr-CA\",\"@id\":\"https:\/\/acontrecourant.qc.ca\/fr\/informations\/#primaryimage\",\"url\":\"http:\/\/acontrecourant.qc.ca\/wp-content\/uploads\/fondateurs.jpg?w=300\",\"contentUrl\":\"http:\/\/acontrecourant.qc.ca\/wp-content\/uploads\/fondateurs.jpg?w=300\"},{\"@type\":\"WebSite\",\"@id\":\"https:\/\/acontrecourant.qc.ca\/en\/#website\",\"url\":\"https:\/\/acontrecourant.qc.ca\/en\/\",\"name\":\"\u00c0 Contre Courant\",\"description\":\"Bienvenue \u00e0 Montr\u00e9al\",\"potentialAction\":[{\"@type\":\"SearchAction\",\"target\":{\"@type\":\"EntryPoint\",\"urlTemplate\":\"https:\/\/acontrecourant.qc.ca\/en\/?s={search_term_string}\"},\"query-input\":{\"@type\":\"PropertyValueSpecification\",\"valueRequired\":true,\"valueName\":\"search_term_string\"}}],\"inLanguage\":\"fr-CA\"}]}<\/script>\n<!-- \/ Yoast SEO plugin. -->","yoast_head_json":{"title":"Informations - \u00c0 Contre Courant","robots":{"index":"index","follow":"follow","max-snippet":"max-snippet:-1","max-image-preview":"max-image-preview:large","max-video-preview":"max-video-preview:-1"},"canonical":"https:\/\/acontrecourant.qc.ca\/fr\/informations\/","twitter_misc":{"Estimation du temps de lecture":"8 minutes"},"schema":{"@context":"https:\/\/schema.org","@graph":[{"@type":"WebPage","@id":"https:\/\/acontrecourant.qc.ca\/fr\/informations\/","url":"https:\/\/acontrecourant.qc.ca\/fr\/informations\/","name":"Informations - \u00c0 Contre Courant","isPartOf":{"@id":"https:\/\/acontrecourant.qc.ca\/en\/#website"},"primaryImageOfPage":{"@id":"https:\/\/acontrecourant.qc.ca\/fr\/informations\/#primaryimage"},"image":{"@id":"https:\/\/acontrecourant.qc.ca\/fr\/informations\/#primaryimage"},"thumbnailUrl":"http:\/\/acontrecourant.qc.ca\/wp-content\/uploads\/fondateurs.jpg?w=300","datePublished":"2013-05-10T18:37:15+00:00","dateModified":"2022-08-15T20:26:02+00:00","inLanguage":"fr-CA","potentialAction":[{"@type":"ReadAction","target":["https:\/\/acontrecourant.qc.ca\/fr\/informations\/"]}]},{"@type":"ImageObject","inLanguage":"fr-CA","@id":"https:\/\/acontrecourant.qc.ca\/fr\/informations\/#primaryimage","url":"http:\/\/acontrecourant.qc.ca\/wp-content\/uploads\/fondateurs.jpg?w=300","contentUrl":"http:\/\/acontrecourant.qc.ca\/wp-content\/uploads\/fondateurs.jpg?w=300"},{"@type":"WebSite","@id":"https:\/\/acontrecourant.qc.ca\/en\/#website","url":"https:\/\/acontrecourant.qc.ca\/en\/","name":"\u00c0 Contre Courant","description":"Bienvenue \u00e0 Montr\u00e9al","potentialAction":[{"@type":"SearchAction","target":{"@type":"EntryPoint","urlTemplate":"https:\/\/acontrecourant.qc.ca\/en\/?s={search_term_string}"},"query-input":{"@type":"PropertyValueSpecification","valueRequired":true,"valueName":"search_term_string"}}],"inLanguage":"fr-CA"}]}},"_links":{"self":[{"href":"https:\/\/acontrecourant.qc.ca\/fr\/wp-json\/wp\/v2\/pages\/6\/"}],"collection":[{"href":"https:\/\/acontrecourant.qc.ca\/fr\/wp-json\/wp\/v2\/pages\/"}],"about":[{"href":"https:\/\/acontrecourant.qc.ca\/fr\/wp-json\/wp\/v2\/types\/page\/"}],"author":[{"embeddable":true,"href":"https:\/\/acontrecourant.qc.ca\/fr\/wp-json\/wp\/v2\/users\/8\/"}],"replies":[{"embeddable":true,"href":"https:\/\/acontrecourant.qc.ca\/fr\/wp-json\/wp\/v2\/comments\/?post=6"}],"version-history":[{"count":15,"href":"https:\/\/acontrecourant.qc.ca\/fr\/wp-json\/wp\/v2\/pages\/6\/revisions\/"}],"predecessor-version":[{"id":3533,"href":"https:\/\/acontrecourant.qc.ca\/fr\/wp-json\/wp\/v2\/pages\/6\/revisions\/3533\/"}],"wp:attachment":[{"href":"https:\/\/acontrecourant.qc.ca\/fr\/wp-json\/wp\/v2\/media\/?parent=6"}],"curies":[{"name":"wp","href":"https:\/\/api.w.org\/{rel}","templated":true}]}}