{"id":58,"date":"2013-05-10T21:08:06","date_gmt":"2013-05-11T01:08:06","guid":{"rendered":"http:\/\/acc922.wordpress.com\/?page_id=58"},"modified":"2013-09-14T22:05:16","modified_gmt":"2013-09-15T02:05:16","slug":"synchro","status":"publish","type":"page","link":"https:\/\/acontrecourant.qc.ca\/fr\/sports\/synchro\/","title":{"rendered":"Nage synchronis\u00e9e"},"content":{"rendered":"<p><img loading=\"lazy\" decoding=\"async\" class=\" wp-image-95 alignright\" alt=\"imagesynchro\" src=\"http:\/\/acontrecourant.qc.ca\/wp-content\/uploads\/imagesynchro.jpg?w=300\" width=\"300\" height=\"199\" \/>C&rsquo;est en mars 1994 que la nage synchronis\u00e9e prenait place parmi les activit\u00e9s r\u00e9guli\u00e8res d&rsquo;\u00c0 Contre-Courant. D\u00e8s l&rsquo;ann\u00e9e suivante, le 29\u00a0avril 1995 plus pr\u00e9cis\u00e9ment, le club \u00e9tait suffisamment structur\u00e9 pour organiser le Championnat provincial des ma\u00eetres dans cette discipline, et recevait \u00e0 cette occasion une quarantaine d&rsquo;athl\u00e8tes. En octobre de la m\u00eame ann\u00e9e, la nage synchronis\u00e9e figurait au programme d&rsquo;IGLA\u00a095, rencontre organis\u00e9e par ACC. C&rsquo;\u00e9tait une premi\u00e8re dans les annales de l&rsquo;IGLA, et elle fit sensation, notamment gr\u00e2ce \u00e0 la pr\u00e9sence de concurrents masculins\u00a0\u2013 une grande nouveaut\u00e9 pour cette discipline aux yeux de bien des spectateurs. Le 25 mai 1996, enfin, ACC \u00e9tait l&rsquo;h\u00f4te du Championnat provincial de nage synchronis\u00e9e, au c\u00e9gep du Vieux-Montr\u00e9al.<\/p>\n<p>\u00c0 l&rsquo;heure actuelle, le volet synchro d&rsquo;ACC ne comporte pas de dimension comp\u00e9titive. L&rsquo;activit\u00e9 se d\u00e9roule pendant les sessions d&rsquo;automne et d&rsquo;hiver, avec rel\u00e2che durant l&rsquo;\u00e9t\u00e9. De retour avec ACC, l&rsquo;entraineur Melissa Dickner. L&rsquo;objectif qu&rsquo;elle propose: mettre au point, de septembre \u00e0 mai, un programme individuel en musique destin\u00e9 \u00e0 \u00eatre ex\u00e9cut\u00e9 au cours d&rsquo;un mini-gala de fin d&rsquo;ann\u00e9e.<\/p>\n<p>Pour plus d&rsquo;information, contactez <a href=\"mailto:info@acontrecourant.qc.ca\">info@acontrecourant.qc.ca<\/a>.<\/p>\n","protected":false},"excerpt":{"rendered":"<p>C&rsquo;est en mars 1994 que la nage synchronis\u00e9e prenait place parmi les activit\u00e9s r\u00e9guli\u00e8res d&rsquo;\u00c0 Contre-Courant. D\u00e8s l&rsquo;ann\u00e9e suivante, le 29\u00a0avril 1995 plus pr\u00e9cis\u00e9ment, le club \u00e9tait suffisamment structur\u00e9 pour organiser le Championnat provincial des ma\u00eetres dans cette discipline, et recevait \u00e0 cette occasion une quarantaine d&rsquo;athl\u00e8tes. En octobre de la m\u00eame ann\u00e9e, la nage [&hellip;]<\/p>\n","protected":false},"author":8,"featured_media":0,"parent":52,"menu_order":0,"comment_status":"closed","ping_status":"closed","template":"","meta":{"_acf_changed":false,"footnotes":""},"class_list":["post-58","page","type-page","status-publish","hentry"],"acf":[],"yoast_head":"<!-- This site is optimized with the Yoast SEO plugin v26.3 - https:\/\/yoast.com\/wordpress\/plugins\/seo\/ -->\n<title>Nage synchronis\u00e9e - \u00c0 Contre Courant<\/title>\n<meta name=\"robots\" content=\"index, follow, max-snippet:-1, max-image-preview:large, max-video-preview:-1\" \/>\n<link rel=\"canonical\" href=\"https:\/\/acontrecourant.qc.ca\/fr\/sports\/synchro\/\" \/>\n<meta name=\"twitter:label1\" content=\"Estimation du temps de lecture\" \/>\n\t<meta name=\"twitter:data1\" content=\"1 minute\" \/>\n<script type=\"application\/ld+json\" class=\"yoast-schema-graph\">{\"@context\":\"https:\/\/schema.org\",\"@graph\":[{\"@type\":\"WebPage\",\"@id\":\"https:\/\/acontrecourant.qc.ca\/fr\/sports\/synchro\/\",\"url\":\"https:\/\/acontrecourant.qc.ca\/fr\/sports\/synchro\/\",\"name\":\"Nage synchronis\u00e9e - \u00c0 Contre Courant\",\"isPartOf\":{\"@id\":\"https:\/\/acontrecourant.qc.ca\/en\/#website\"},\"primaryImageOfPage\":{\"@id\":\"https:\/\/acontrecourant.qc.ca\/fr\/sports\/synchro\/#primaryimage\"},\"image\":{\"@id\":\"https:\/\/acontrecourant.qc.ca\/fr\/sports\/synchro\/#primaryimage\"},\"thumbnailUrl\":\"http:\/\/acontrecourant.qc.ca\/wp-content\/uploads\/imagesynchro.jpg?w=300\",\"datePublished\":\"2013-05-11T01:08:06+00:00\",\"dateModified\":\"2013-09-15T02:05:16+00:00\",\"breadcrumb\":{\"@id\":\"https:\/\/acontrecourant.qc.ca\/fr\/sports\/synchro\/#breadcrumb\"},\"inLanguage\":\"fr-CA\",\"potentialAction\":[{\"@type\":\"ReadAction\",\"target\":[\"https:\/\/acontrecourant.qc.ca\/fr\/sports\/synchro\/\"]}]},{\"@type\":\"ImageObject\",\"inLanguage\":\"fr-CA\",\"@id\":\"https:\/\/acontrecourant.qc.ca\/fr\/sports\/synchro\/#primaryimage\",\"url\":\"http:\/\/acontrecourant.qc.ca\/wp-content\/uploads\/imagesynchro.jpg?w=300\",\"contentUrl\":\"http:\/\/acontrecourant.qc.ca\/wp-content\/uploads\/imagesynchro.jpg?w=300\"},{\"@type\":\"BreadcrumbList\",\"@id\":\"https:\/\/acontrecourant.qc.ca\/fr\/sports\/synchro\/#breadcrumb\",\"itemListElement\":[{\"@type\":\"ListItem\",\"position\":1,\"name\":\"Sports\",\"item\":\"https:\/\/acontrecourant.qc.ca\/fr\/sports\/\"},{\"@type\":\"ListItem\",\"position\":2,\"name\":\"Nage synchronis\u00e9e\"}]},{\"@type\":\"WebSite\",\"@id\":\"https:\/\/acontrecourant.qc.ca\/en\/#website\",\"url\":\"https:\/\/acontrecourant.qc.ca\/en\/\",\"name\":\"\u00c0 Contre Courant\",\"description\":\"Bienvenue \u00e0 Montr\u00e9al\",\"potentialAction\":[{\"@type\":\"SearchAction\",\"target\":{\"@type\":\"EntryPoint\",\"urlTemplate\":\"https:\/\/acontrecourant.qc.ca\/en\/?s={search_term_string}\"},\"query-input\":{\"@type\":\"PropertyValueSpecification\",\"valueRequired\":true,\"valueName\":\"search_term_string\"}}],\"inLanguage\":\"fr-CA\"}]}<\/script>\n<!-- \/ Yoast SEO plugin. -->","yoast_head_json":{"title":"Nage synchronis\u00e9e - \u00c0 Contre Courant","robots":{"index":"index","follow":"follow","max-snippet":"max-snippet:-1","max-image-preview":"max-image-preview:large","max-video-preview":"max-video-preview:-1"},"canonical":"https:\/\/acontrecourant.qc.ca\/fr\/sports\/synchro\/","twitter_misc":{"Estimation du temps de lecture":"1 minute"},"schema":{"@context":"https:\/\/schema.org","@graph":[{"@type":"WebPage","@id":"https:\/\/acontrecourant.qc.ca\/fr\/sports\/synchro\/","url":"https:\/\/acontrecourant.qc.ca\/fr\/sports\/synchro\/","name":"Nage synchronis\u00e9e - \u00c0 Contre Courant","isPartOf":{"@id":"https:\/\/acontrecourant.qc.ca\/en\/#website"},"primaryImageOfPage":{"@id":"https:\/\/acontrecourant.qc.ca\/fr\/sports\/synchro\/#primaryimage"},"image":{"@id":"https:\/\/acontrecourant.qc.ca\/fr\/sports\/synchro\/#primaryimage"},"thumbnailUrl":"http:\/\/acontrecourant.qc.ca\/wp-content\/uploads\/imagesynchro.jpg?w=300","datePublished":"2013-05-11T01:08:06+00:00","dateModified":"2013-09-15T02:05:16+00:00","breadcrumb":{"@id":"https:\/\/acontrecourant.qc.ca\/fr\/sports\/synchro\/#breadcrumb"},"inLanguage":"fr-CA","potentialAction":[{"@type":"ReadAction","target":["https:\/\/acontrecourant.qc.ca\/fr\/sports\/synchro\/"]}]},{"@type":"ImageObject","inLanguage":"fr-CA","@id":"https:\/\/acontrecourant.qc.ca\/fr\/sports\/synchro\/#primaryimage","url":"http:\/\/acontrecourant.qc.ca\/wp-content\/uploads\/imagesynchro.jpg?w=300","contentUrl":"http:\/\/acontrecourant.qc.ca\/wp-content\/uploads\/imagesynchro.jpg?w=300"},{"@type":"BreadcrumbList","@id":"https:\/\/acontrecourant.qc.ca\/fr\/sports\/synchro\/#breadcrumb","itemListElement":[{"@type":"ListItem","position":1,"name":"Sports","item":"https:\/\/acontrecourant.qc.ca\/fr\/sports\/"},{"@type":"ListItem","position":2,"name":"Nage synchronis\u00e9e"}]},{"@type":"WebSite","@id":"https:\/\/acontrecourant.qc.ca\/en\/#website","url":"https:\/\/acontrecourant.qc.ca\/en\/","name":"\u00c0 Contre Courant","description":"Bienvenue \u00e0 Montr\u00e9al","potentialAction":[{"@type":"SearchAction","target":{"@type":"EntryPoint","urlTemplate":"https:\/\/acontrecourant.qc.ca\/en\/?s={search_term_string}"},"query-input":{"@type":"PropertyValueSpecification","valueRequired":true,"valueName":"search_term_string"}}],"inLanguage":"fr-CA"}]}},"_links":{"self":[{"href":"https:\/\/acontrecourant.qc.ca\/fr\/wp-json\/wp\/v2\/pages\/58\/"}],"collection":[{"href":"https:\/\/acontrecourant.qc.ca\/fr\/wp-json\/wp\/v2\/pages\/"}],"about":[{"href":"https:\/\/acontrecourant.qc.ca\/fr\/wp-json\/wp\/v2\/types\/page\/"}],"author":[{"embeddable":true,"href":"https:\/\/acontrecourant.qc.ca\/fr\/wp-json\/wp\/v2\/users\/8\/"}],"replies":[{"embeddable":true,"href":"https:\/\/acontrecourant.qc.ca\/fr\/wp-json\/wp\/v2\/comments\/?post=58"}],"version-history":[{"count":3,"href":"https:\/\/acontrecourant.qc.ca\/fr\/wp-json\/wp\/v2\/pages\/58\/revisions\/"}],"predecessor-version":[{"id":587,"href":"https:\/\/acontrecourant.qc.ca\/fr\/wp-json\/wp\/v2\/pages\/58\/revisions\/587\/"}],"up":[{"embeddable":true,"href":"https:\/\/acontrecourant.qc.ca\/fr\/wp-json\/wp\/v2\/pages\/52\/"}],"wp:attachment":[{"href":"https:\/\/acontrecourant.qc.ca\/fr\/wp-json\/wp\/v2\/media\/?parent=58"}],"curies":[{"name":"wp","href":"https:\/\/api.w.org\/{rel}","templated":true}]}}