{"id":53,"date":"2013-05-10T21:07:12","date_gmt":"2013-05-11T01:07:12","guid":{"rendered":"http:\/\/acc922.wordpress.com\/?page_id=53"},"modified":"2022-07-29T15:34:34","modified_gmt":"2022-07-29T19:34:34","slug":"natation","status":"publish","type":"page","link":"https:\/\/acontrecourant.qc.ca\/fr\/sports\/natation\/","title":{"rendered":"Natation"},"content":{"rendered":"<h2>Le volet comp\u00e9titif<\/h2>\n<p>Les membres d&rsquo;\u00c0 Contre-Courant ne sont pas tous des fervents de la comp\u00e9tition. Nombre d&rsquo;entre eux, en fait, n&rsquo;ont d&rsquo;autre ambition que de garder la forme en pratiquant leur sport pr\u00e9f\u00e9r\u00e9 et c&rsquo;est tr\u00e8s bien ainsi. Toutefois, bien qu&rsquo;elle ne soit en rien obligatoire, la participation aux comp\u00e9titions demeure un aspect essentiel de la raison d&rsquo;\u00eatre du club.<\/p>\n<p>En tant qu&rsquo;\u00e9quipe gaie et lesbienne, ACC a \u00e0 c\u0153ur d&rsquo;envoyer une d\u00e9l\u00e9gation aux diverses comp\u00e9titions LGBT un peu partout dans le monde.<\/p>\n<p>C&rsquo;est ainsi qu&rsquo;une cinquantaine d&rsquo;athl\u00e8tes montr\u00e9alais se rendaient en juillet 2001 \u00e0 Toronto, o\u00f9 avait lieu le championnat de l&rsquo;IGLA. \u00c0 Contre-Courant \u00e9tait \u00e9galement repr\u00e9sent\u00e9 aux Gay Games VI, \u00e0 Sydney, en Australie par une vingtaine de nageurs et nageuses.<\/p>\n<div id=\"attachment_90\" style=\"width: 310px\" class=\"wp-caption alignright\"><img loading=\"lazy\" decoding=\"async\" aria-describedby=\"caption-attachment-90\" class=\"size-full wp-image-90 \" src=\"http:\/\/acontrecourant.qc.ca\/wp-content\/uploads\/pink_flamingo.jpg\" alt=\"Une des prestations d'\u00c0 Contre-Courant au \u00ab relais Flamant rose \u00bb\" width=\"300\" height=\"188\" \/><p id=\"caption-attachment-90\" class=\"wp-caption-text\">Une des prestations d&rsquo;\u00c0 Contre-Courant au \u00ab relais Flamant rose \u00bb<\/p><\/div>\n<p>Dans le r\u00e9seau gai et lesbien, les comp\u00e9titions de natation comportent souvent une \u00e9preuve d&rsquo;un genre particulier, nomm\u00e9e \u00ab relais Flamant rose \u00bb (Pink Flamingo Relay). Les \u00e9quipes qui y prennent part doivent pr\u00e9senter, avant le d\u00e9part de la course proprement dite, un num\u00e9ro chor\u00e9graphique fantaisiste. Un jury accorde des points pour la qualit\u00e9 artistique de la prestation, laquelle p\u00e8se plus lourd dans l&rsquo;attribution de la victoire que les temps r\u00e9alis\u00e9s par les nageurs du relais. \u00c0 Contre-Courant s&rsquo;est distingu\u00e9 \u00e0 plusieurs reprises dans cette \u00e9preuve. En 1994, notamment, aux Gay Games IV, \u00e0 New York, la d\u00e9l\u00e9gation montr\u00e9alaise remportait la premi\u00e8re place, gr\u00e2ce \u00e0 un \u00e9mouvant num\u00e9ro \u00e9voquant la trag\u00e9die du sida.<\/p>\n<p>ACC participe aussi r\u00e9guli\u00e8rement \u00e0 plusieurs comp\u00e9titions du r\u00e9seau provincial de natation ainsi qu&rsquo;aux championnats canadiens ou mondiaux, surtout lorsque la proximit\u00e9 g\u00e9ographique en accro\u00eet l&rsquo;accessibilit\u00e9. Ce fut le cas, notamment, en juillet 1994, alors que le 5<sup>e<\/sup> Championnat mondial des ma\u00eetres nageurs se tenait au Parc olympique de Montr\u00e9al. Une d\u00e9l\u00e9gation de 25 personnes est all\u00e9e y d\u00e9fendre les couleurs du club. Plus r\u00e9cemment, en mai 2011, plus de 40 nageurs ont particip\u00e9 au championnat canadien \u00e0 Montr\u00e9al et l&rsquo;\u00e9quipe a termin\u00e9 au 2e rang du classement par \u00e9quipes.<\/p>\n<p>Plusieurs nageurs et nageuses d&rsquo;ACC figurent parmi les vingt meilleurs au Canada dans leur cat\u00e9gorie d&rsquo;\u00e2ge, et certains d\u00e9tiennent des records provinciaux et nationaux. Le club a \u00e9galement \u00e0 son actif de belles performances de nature collective. En 1998, par exemple, il se classait premier, aussi bien au Qu\u00e9bec qu&rsquo;au Canada, pour le total des points accumul\u00e9s en comp\u00e9tition du c\u00f4t\u00e9 des hommes, et 2<sup>e<\/sup> au Qu\u00e9bec (3<sup>e<\/sup> au Canada) quant au pointage global (hommes et femmes). En 2003, il obtenait la 2<sup>e<\/sup> place au Qu\u00e9bec pour le total des points chez les hommes .<\/p>\n<p>Au fil des ann\u00e9es, par ailleurs, \u00c0 Contre-Courant s&rsquo;est acquis une solide r\u00e9putation pour ce qui est de l&rsquo;organisation de rencontres sportives. Tout a commenc\u00e9 en octobre 1991, avec la tenue de la 1re Coupe de Montr\u00e9al des ma\u00eetres nageurs gais et lesbiennes. Cette comp\u00e9tition de natation organis\u00e9e par ACC est par la suite devenue un \u00e9v\u00e9nement annuel, dont la 20e \u00e9dition aura lieu en 2013.<\/p>\n<p>Le club montr\u00e9alais a aussi \u00e9t\u00e9 l&rsquo;h\u00f4te, en 1995, du 7<sup>e<\/sup> championnat mondial de l&rsquo;IGLA. Cette manifestation d&rsquo;envergure internationale a r\u00e9uni, sous le th\u00e8me \u00ab\u00a0Eau en couleur!\u00a0\u00bb, pr\u00e8s de 700 athl\u00e8tes venus de huit pays. Le programme offert, qui s&rsquo;est d\u00e9roul\u00e9 du 6 au 8 octobre aux piscines du Parc olympique, a comport\u00e9 des \u00e9preuves dans les quatre disciplines aquatiques.<\/p>\n<p>Autre moment fort, le 17<sup>e<\/sup> Championnat provincial Manuvie des ma\u00eetres nageurs, organis\u00e9 par ACC \u00e0 la demande de la F\u00e9d\u00e9ration de natation du Qu\u00e9bec. \u00c0 cette occasion, plus de 700 athl\u00e8tes repr\u00e9sentant 46 clubs se sont donn\u00e9 rendez-vous au Centre Claude-Robillard, \u00e0 Montr\u00e9al, du 24 au 26 avril 1998. L&rsquo;\u00e9v\u00e9nement a en outre mobilis\u00e9 70 officiels majeurs, 100 officiels de niveau I et une quarantaine de b\u00e9n\u00e9voles.<\/p>\n<p>Pour \u00eatre en mesure d&rsquo;organiser des rencontres sportives de qualit\u00e9, ACC veille \u00e0 maintenir en son sein une r\u00e9serve d&rsquo;officiels d\u00fbment accr\u00e9dit\u00e9s, certains ont atteint le niveau de juges de nage ou de virage, de chronom\u00e9treur en chef ou de directeur de rencontre. Leur exp\u00e9rience et leur comp\u00e9tence constituent des atouts sur lesquels le club est heureux de pouvoir compter.<\/p>\n","protected":false},"excerpt":{"rendered":"<p>Le volet comp\u00e9titif Les membres d&rsquo;\u00c0 Contre-Courant ne sont pas tous des fervents de la comp\u00e9tition. Nombre d&rsquo;entre eux, en fait, n&rsquo;ont d&rsquo;autre ambition que de garder la forme en pratiquant leur sport pr\u00e9f\u00e9r\u00e9 et c&rsquo;est tr\u00e8s bien ainsi. Toutefois, bien qu&rsquo;elle ne soit en rien obligatoire, la participation aux comp\u00e9titions demeure un aspect essentiel [&hellip;]<\/p>\n","protected":false},"author":8,"featured_media":0,"parent":52,"menu_order":0,"comment_status":"closed","ping_status":"closed","template":"page-full-width.php","meta":{"_acf_changed":false,"footnotes":""},"class_list":["post-53","page","type-page","status-publish","hentry"],"acf":[],"yoast_head":"<!-- This site is optimized with the Yoast SEO plugin v26.3 - https:\/\/yoast.com\/wordpress\/plugins\/seo\/ -->\n<title>Natation - \u00c0 Contre Courant<\/title>\n<meta name=\"robots\" content=\"index, follow, max-snippet:-1, max-image-preview:large, max-video-preview:-1\" \/>\n<link rel=\"canonical\" href=\"https:\/\/acontrecourant.qc.ca\/fr\/sports\/swimming\/\" \/>\n<meta name=\"twitter:label1\" content=\"Estimation du temps de lecture\" \/>\n\t<meta name=\"twitter:data1\" content=\"4 minutes\" \/>\n<script type=\"application\/ld+json\" class=\"yoast-schema-graph\">{\"@context\":\"https:\/\/schema.org\",\"@graph\":[{\"@type\":\"WebPage\",\"@id\":\"https:\/\/acontrecourant.qc.ca\/en\/sports\/swimming\/\",\"url\":\"https:\/\/acontrecourant.qc.ca\/en\/sports\/swimming\/\",\"name\":\"Natation - \u00c0 Contre Courant\",\"isPartOf\":{\"@id\":\"https:\/\/acontrecourant.qc.ca\/en\/#website\"},\"primaryImageOfPage\":{\"@id\":\"https:\/\/acontrecourant.qc.ca\/en\/sports\/swimming\/#primaryimage\"},\"image\":{\"@id\":\"https:\/\/acontrecourant.qc.ca\/en\/sports\/swimming\/#primaryimage\"},\"thumbnailUrl\":\"http:\/\/acontrecourant.qc.ca\/wp-content\/uploads\/pink_flamingo.jpg\",\"datePublished\":\"2013-05-11T01:07:12+00:00\",\"dateModified\":\"2022-07-29T19:34:34+00:00\",\"breadcrumb\":{\"@id\":\"https:\/\/acontrecourant.qc.ca\/en\/sports\/swimming\/#breadcrumb\"},\"inLanguage\":\"fr-CA\",\"potentialAction\":[{\"@type\":\"ReadAction\",\"target\":[\"https:\/\/acontrecourant.qc.ca\/en\/sports\/swimming\/\"]}]},{\"@type\":\"ImageObject\",\"inLanguage\":\"fr-CA\",\"@id\":\"https:\/\/acontrecourant.qc.ca\/en\/sports\/swimming\/#primaryimage\",\"url\":\"http:\/\/acontrecourant.qc.ca\/wp-content\/uploads\/pink_flamingo.jpg\",\"contentUrl\":\"http:\/\/acontrecourant.qc.ca\/wp-content\/uploads\/pink_flamingo.jpg\"},{\"@type\":\"BreadcrumbList\",\"@id\":\"https:\/\/acontrecourant.qc.ca\/en\/sports\/swimming\/#breadcrumb\",\"itemListElement\":[{\"@type\":\"ListItem\",\"position\":1,\"name\":\"Sports\",\"item\":\"https:\/\/acontrecourant.qc.ca\/fr\/sports\/\"},{\"@type\":\"ListItem\",\"position\":2,\"name\":\"Natation\"}]},{\"@type\":\"WebSite\",\"@id\":\"https:\/\/acontrecourant.qc.ca\/en\/#website\",\"url\":\"https:\/\/acontrecourant.qc.ca\/en\/\",\"name\":\"\u00c0 Contre Courant\",\"description\":\"Bienvenue \u00e0 Montr\u00e9al\",\"potentialAction\":[{\"@type\":\"SearchAction\",\"target\":{\"@type\":\"EntryPoint\",\"urlTemplate\":\"https:\/\/acontrecourant.qc.ca\/en\/?s={search_term_string}\"},\"query-input\":{\"@type\":\"PropertyValueSpecification\",\"valueRequired\":true,\"valueName\":\"search_term_string\"}}],\"inLanguage\":\"fr-CA\"}]}<\/script>\n<!-- \/ Yoast SEO plugin. -->","yoast_head_json":{"title":"Natation - \u00c0 Contre Courant","robots":{"index":"index","follow":"follow","max-snippet":"max-snippet:-1","max-image-preview":"max-image-preview:large","max-video-preview":"max-video-preview:-1"},"canonical":"https:\/\/acontrecourant.qc.ca\/fr\/sports\/swimming\/","twitter_misc":{"Estimation du temps de lecture":"4 minutes"},"schema":{"@context":"https:\/\/schema.org","@graph":[{"@type":"WebPage","@id":"https:\/\/acontrecourant.qc.ca\/en\/sports\/swimming\/","url":"https:\/\/acontrecourant.qc.ca\/en\/sports\/swimming\/","name":"Natation - \u00c0 Contre Courant","isPartOf":{"@id":"https:\/\/acontrecourant.qc.ca\/en\/#website"},"primaryImageOfPage":{"@id":"https:\/\/acontrecourant.qc.ca\/en\/sports\/swimming\/#primaryimage"},"image":{"@id":"https:\/\/acontrecourant.qc.ca\/en\/sports\/swimming\/#primaryimage"},"thumbnailUrl":"http:\/\/acontrecourant.qc.ca\/wp-content\/uploads\/pink_flamingo.jpg","datePublished":"2013-05-11T01:07:12+00:00","dateModified":"2022-07-29T19:34:34+00:00","breadcrumb":{"@id":"https:\/\/acontrecourant.qc.ca\/en\/sports\/swimming\/#breadcrumb"},"inLanguage":"fr-CA","potentialAction":[{"@type":"ReadAction","target":["https:\/\/acontrecourant.qc.ca\/en\/sports\/swimming\/"]}]},{"@type":"ImageObject","inLanguage":"fr-CA","@id":"https:\/\/acontrecourant.qc.ca\/en\/sports\/swimming\/#primaryimage","url":"http:\/\/acontrecourant.qc.ca\/wp-content\/uploads\/pink_flamingo.jpg","contentUrl":"http:\/\/acontrecourant.qc.ca\/wp-content\/uploads\/pink_flamingo.jpg"},{"@type":"BreadcrumbList","@id":"https:\/\/acontrecourant.qc.ca\/en\/sports\/swimming\/#breadcrumb","itemListElement":[{"@type":"ListItem","position":1,"name":"Sports","item":"https:\/\/acontrecourant.qc.ca\/fr\/sports\/"},{"@type":"ListItem","position":2,"name":"Natation"}]},{"@type":"WebSite","@id":"https:\/\/acontrecourant.qc.ca\/en\/#website","url":"https:\/\/acontrecourant.qc.ca\/en\/","name":"\u00c0 Contre Courant","description":"Bienvenue \u00e0 Montr\u00e9al","potentialAction":[{"@type":"SearchAction","target":{"@type":"EntryPoint","urlTemplate":"https:\/\/acontrecourant.qc.ca\/en\/?s={search_term_string}"},"query-input":{"@type":"PropertyValueSpecification","valueRequired":true,"valueName":"search_term_string"}}],"inLanguage":"fr-CA"}]}},"_links":{"self":[{"href":"https:\/\/acontrecourant.qc.ca\/fr\/wp-json\/wp\/v2\/pages\/53\/"}],"collection":[{"href":"https:\/\/acontrecourant.qc.ca\/fr\/wp-json\/wp\/v2\/pages\/"}],"about":[{"href":"https:\/\/acontrecourant.qc.ca\/fr\/wp-json\/wp\/v2\/types\/page\/"}],"author":[{"embeddable":true,"href":"https:\/\/acontrecourant.qc.ca\/fr\/wp-json\/wp\/v2\/users\/8\/"}],"replies":[{"embeddable":true,"href":"https:\/\/acontrecourant.qc.ca\/fr\/wp-json\/wp\/v2\/comments\/?post=53"}],"version-history":[{"count":8,"href":"https:\/\/acontrecourant.qc.ca\/fr\/wp-json\/wp\/v2\/pages\/53\/revisions\/"}],"predecessor-version":[{"id":3479,"href":"https:\/\/acontrecourant.qc.ca\/fr\/wp-json\/wp\/v2\/pages\/53\/revisions\/3479\/"}],"up":[{"embeddable":true,"href":"https:\/\/acontrecourant.qc.ca\/fr\/wp-json\/wp\/v2\/pages\/52\/"}],"wp:attachment":[{"href":"https:\/\/acontrecourant.qc.ca\/fr\/wp-json\/wp\/v2\/media\/?parent=53"}],"curies":[{"name":"wp","href":"https:\/\/api.w.org\/{rel}","templated":true}]}}