{"id":52,"date":"2013-05-10T21:06:58","date_gmt":"2013-05-10T20:06:58","guid":{"rendered":"http:\/\/acc922.wordpress.com\/?page_id=52"},"modified":"2022-07-31T17:24:30","modified_gmt":"2022-07-31T21:24:30","slug":"sports","status":"publish","type":"page","link":"https:\/\/acontrecourant.qc.ca\/fr\/sports\/","title":{"rendered":"Sports"},"content":{"rendered":"<p>\u00c0 Contre-Courant offre des activit\u00e9s pour deux sports aquatiques:<\/p>\n<ul>\n<li><a title=\"Natation\" href=\"http:\/\/acontrecourant.qc.casports\/natation\/\">Natation<\/a><\/li>\n<li><a title=\"Water-polo\" href=\"http:\/\/acontrecourant.qc.casports\/waterpolo\/\">Water-polo<\/a><\/li>\n<\/ul>\n<p>Le plongeon, la nage synchronis\u00e9e et le triathlon ont \u00e9t\u00e9 offerts dans le pass\u00e9. Ils pourraient revenir au programme en fonction de la demande et de la disponibilit\u00e9 d&rsquo;entra\u00eeneurs qualifi\u00e9s.<\/p>\n","protected":false},"excerpt":{"rendered":"<p>\u00c0 Contre-Courant offre des activit\u00e9s pour deux sports aquatiques: Natation Water-polo Le plongeon, la nage synchronis\u00e9e et le triathlon ont \u00e9t\u00e9 offerts dans le pass\u00e9. Ils pourraient revenir au programme en fonction de la demande et de la disponibilit\u00e9 d&rsquo;entra\u00eeneurs qualifi\u00e9s.<\/p>\n","protected":false},"author":8,"featured_media":0,"parent":0,"menu_order":0,"comment_status":"closed","ping_status":"closed","template":"page-full-width.php","meta":{"_acf_changed":false,"footnotes":""},"class_list":["post-52","page","type-page","status-publish","hentry"],"acf":[],"yoast_head":"<!-- This site is optimized with the Yoast SEO plugin v26.3 - https:\/\/yoast.com\/wordpress\/plugins\/seo\/ -->\n<title>Sports - \u00c0 Contre Courant<\/title>\n<meta name=\"robots\" content=\"index, follow, max-snippet:-1, max-image-preview:large, max-video-preview:-1\" \/>\n<link rel=\"canonical\" href=\"https:\/\/acontrecourant.qc.ca\/fr\/sports\/\" \/>\n<script type=\"application\/ld+json\" class=\"yoast-schema-graph\">{\"@context\":\"https:\/\/schema.org\",\"@graph\":[{\"@type\":\"WebPage\",\"@id\":\"https:\/\/acontrecourant.qc.ca\/fr\/sports\/\",\"url\":\"https:\/\/acontrecourant.qc.ca\/fr\/sports\/\",\"name\":\"Sports - \u00c0 Contre Courant\",\"isPartOf\":{\"@id\":\"https:\/\/acontrecourant.qc.ca\/en\/#website\"},\"datePublished\":\"2013-05-10T20:06:58+00:00\",\"dateModified\":\"2022-07-31T21:24:30+00:00\",\"inLanguage\":\"fr-CA\",\"potentialAction\":[{\"@type\":\"ReadAction\",\"target\":[\"https:\/\/acontrecourant.qc.ca\/fr\/sports\/\"]}]},{\"@type\":\"WebSite\",\"@id\":\"https:\/\/acontrecourant.qc.ca\/en\/#website\",\"url\":\"https:\/\/acontrecourant.qc.ca\/en\/\",\"name\":\"\u00c0 Contre Courant\",\"description\":\"Bienvenue \u00e0 Montr\u00e9al\",\"potentialAction\":[{\"@type\":\"SearchAction\",\"target\":{\"@type\":\"EntryPoint\",\"urlTemplate\":\"https:\/\/acontrecourant.qc.ca\/en\/?s={search_term_string}\"},\"query-input\":{\"@type\":\"PropertyValueSpecification\",\"valueRequired\":true,\"valueName\":\"search_term_string\"}}],\"inLanguage\":\"fr-CA\"}]}<\/script>\n<!-- \/ Yoast SEO plugin. -->","yoast_head_json":{"title":"Sports - \u00c0 Contre Courant","robots":{"index":"index","follow":"follow","max-snippet":"max-snippet:-1","max-image-preview":"max-image-preview:large","max-video-preview":"max-video-preview:-1"},"canonical":"https:\/\/acontrecourant.qc.ca\/fr\/sports\/","schema":{"@context":"https:\/\/schema.org","@graph":[{"@type":"WebPage","@id":"https:\/\/acontrecourant.qc.ca\/fr\/sports\/","url":"https:\/\/acontrecourant.qc.ca\/fr\/sports\/","name":"Sports - \u00c0 Contre Courant","isPartOf":{"@id":"https:\/\/acontrecourant.qc.ca\/en\/#website"},"datePublished":"2013-05-10T20:06:58+00:00","dateModified":"2022-07-31T21:24:30+00:00","inLanguage":"fr-CA","potentialAction":[{"@type":"ReadAction","target":["https:\/\/acontrecourant.qc.ca\/fr\/sports\/"]}]},{"@type":"WebSite","@id":"https:\/\/acontrecourant.qc.ca\/en\/#website","url":"https:\/\/acontrecourant.qc.ca\/en\/","name":"\u00c0 Contre Courant","description":"Bienvenue \u00e0 Montr\u00e9al","potentialAction":[{"@type":"SearchAction","target":{"@type":"EntryPoint","urlTemplate":"https:\/\/acontrecourant.qc.ca\/en\/?s={search_term_string}"},"query-input":{"@type":"PropertyValueSpecification","valueRequired":true,"valueName":"search_term_string"}}],"inLanguage":"fr-CA"}]}},"_links":{"self":[{"href":"https:\/\/acontrecourant.qc.ca\/fr\/wp-json\/wp\/v2\/pages\/52\/"}],"collection":[{"href":"https:\/\/acontrecourant.qc.ca\/fr\/wp-json\/wp\/v2\/pages\/"}],"about":[{"href":"https:\/\/acontrecourant.qc.ca\/fr\/wp-json\/wp\/v2\/types\/page\/"}],"author":[{"embeddable":true,"href":"https:\/\/acontrecourant.qc.ca\/fr\/wp-json\/wp\/v2\/users\/8\/"}],"replies":[{"embeddable":true,"href":"https:\/\/acontrecourant.qc.ca\/fr\/wp-json\/wp\/v2\/comments\/?post=52"}],"version-history":[{"count":7,"href":"https:\/\/acontrecourant.qc.ca\/fr\/wp-json\/wp\/v2\/pages\/52\/revisions\/"}],"predecessor-version":[{"id":3508,"href":"https:\/\/acontrecourant.qc.ca\/fr\/wp-json\/wp\/v2\/pages\/52\/revisions\/3508\/"}],"wp:attachment":[{"href":"https:\/\/acontrecourant.qc.ca\/fr\/wp-json\/wp\/v2\/media\/?parent=52"}],"curies":[{"name":"wp","href":"https:\/\/api.w.org\/{rel}","templated":true}]}}