{"id":49,"date":"2013-05-10T21:03:37","date_gmt":"2013-05-11T01:03:37","guid":{"rendered":"http:\/\/acc922.wordpress.com\/?page_id=49"},"modified":"2026-02-12T14:20:36","modified_gmt":"2026-02-12T19:20:36","slug":"entraineurs","status":"publish","type":"page","link":"https:\/\/acontrecourant.qc.ca\/fr\/informations\/entraineurs\/","title":{"rendered":"Entra\u00eeneurs"},"content":{"rendered":"<h2><strong>Natation<\/strong><\/h2>\n<p><strong>Niveau 3<\/strong><\/p>\n<ul>\n<li>Benoit Grenier (entra\u00eeneur-chef)<\/li>\n<\/ul>\n<p><strong>Niveau 2<\/strong><\/p>\n<ul>\n<li>Brent Darrach (entra\u00eeneur-chef adjoint)<\/li>\n<\/ul>\n<p><strong>Niveau 1<\/strong><\/p>\n<ul>\n<li>Guy Allard<\/li>\n<li>Emmanuel De Chancenotte<\/li>\n<li>Anne Girard<\/li>\n<li>John Micks<\/li>\n<\/ul>\n<h2><strong>Water-polo<\/strong><\/h2>\n<ul>\n<li>Sonia Rachid (entra\u00eeneuse-cheffe)<\/li>\n<li>Sarah Feng<\/li>\n<li>Jalen Ramsaran<\/li>\n<li>Bryndan Eigl<\/li>\n<li>Fanny Boutrouille<\/li>\n<\/ul>\n<p>Nous avons des entra\u00eeneurs rempla\u00e7ants en cas de besoin qui sont des athl\u00e8tes du club et nous les remercions pour leur contribution!<\/p>\n<dl>\n<dd><\/dd>\n<\/dl>\n","protected":false},"excerpt":{"rendered":"<p>Natation Niveau 3 Benoit Grenier (entra\u00eeneur-chef) Niveau 2 Brent Darrach (entra\u00eeneur-chef adjoint) Niveau 1 Guy Allard Emmanuel De Chancenotte Anne Girard John Micks Water-polo Sonia Rachid (entra\u00eeneuse-cheffe) Sarah Feng Jalen Ramsaran Bryndan Eigl Fanny Boutrouille Nous avons des entra\u00eeneurs rempla\u00e7ants en cas de besoin qui sont des athl\u00e8tes du club et nous les remercions pour [&hellip;]<\/p>\n","protected":false},"author":8,"featured_media":0,"parent":6,"menu_order":0,"comment_status":"closed","ping_status":"closed","template":"page-full-width.php","meta":{"_acf_changed":false,"footnotes":""},"class_list":["post-49","page","type-page","status-publish","hentry"],"acf":[],"yoast_head":"<!-- This site is optimized with the Yoast SEO plugin v26.3 - https:\/\/yoast.com\/wordpress\/plugins\/seo\/ -->\n<title>Entra\u00eeneurs - \u00c0 Contre Courant<\/title>\n<meta name=\"robots\" content=\"index, follow, max-snippet:-1, max-image-preview:large, max-video-preview:-1\" \/>\n<link rel=\"canonical\" href=\"https:\/\/acontrecourant.qc.ca\/fr\/informations\/entraineurs\/\" \/>\n<meta name=\"twitter:label1\" content=\"Estimation du temps de lecture\" \/>\n\t<meta name=\"twitter:data1\" content=\"1 minute\" \/>\n<script type=\"application\/ld+json\" class=\"yoast-schema-graph\">{\"@context\":\"https:\/\/schema.org\",\"@graph\":[{\"@type\":\"WebPage\",\"@id\":\"https:\/\/acontrecourant.qc.ca\/fr\/informations\/entraineurs\/\",\"url\":\"https:\/\/acontrecourant.qc.ca\/fr\/informations\/entraineurs\/\",\"name\":\"Entra\u00eeneurs - \u00c0 Contre Courant\",\"isPartOf\":{\"@id\":\"https:\/\/acontrecourant.qc.ca\/en\/#website\"},\"datePublished\":\"2013-05-11T01:03:37+00:00\",\"dateModified\":\"2026-02-12T19:20:36+00:00\",\"breadcrumb\":{\"@id\":\"https:\/\/acontrecourant.qc.ca\/fr\/informations\/entraineurs\/#breadcrumb\"},\"inLanguage\":\"fr-CA\",\"potentialAction\":[{\"@type\":\"ReadAction\",\"target\":[\"https:\/\/acontrecourant.qc.ca\/fr\/informations\/entraineurs\/\"]}]},{\"@type\":\"BreadcrumbList\",\"@id\":\"https:\/\/acontrecourant.qc.ca\/fr\/informations\/entraineurs\/#breadcrumb\",\"itemListElement\":[{\"@type\":\"ListItem\",\"position\":1,\"name\":\"Informations\",\"item\":\"https:\/\/acontrecourant.qc.ca\/fr\/informations\/\"},{\"@type\":\"ListItem\",\"position\":2,\"name\":\"Entra\u00eeneurs\"}]},{\"@type\":\"WebSite\",\"@id\":\"https:\/\/acontrecourant.qc.ca\/en\/#website\",\"url\":\"https:\/\/acontrecourant.qc.ca\/en\/\",\"name\":\"\u00c0 Contre Courant\",\"description\":\"Bienvenue \u00e0 Montr\u00e9al\",\"potentialAction\":[{\"@type\":\"SearchAction\",\"target\":{\"@type\":\"EntryPoint\",\"urlTemplate\":\"https:\/\/acontrecourant.qc.ca\/en\/?s={search_term_string}\"},\"query-input\":{\"@type\":\"PropertyValueSpecification\",\"valueRequired\":true,\"valueName\":\"search_term_string\"}}],\"inLanguage\":\"fr-CA\"}]}<\/script>\n<!-- \/ Yoast SEO plugin. -->","yoast_head_json":{"title":"Entra\u00eeneurs - \u00c0 Contre Courant","robots":{"index":"index","follow":"follow","max-snippet":"max-snippet:-1","max-image-preview":"max-image-preview:large","max-video-preview":"max-video-preview:-1"},"canonical":"https:\/\/acontrecourant.qc.ca\/fr\/informations\/entraineurs\/","twitter_misc":{"Estimation du temps de lecture":"1 minute"},"schema":{"@context":"https:\/\/schema.org","@graph":[{"@type":"WebPage","@id":"https:\/\/acontrecourant.qc.ca\/fr\/informations\/entraineurs\/","url":"https:\/\/acontrecourant.qc.ca\/fr\/informations\/entraineurs\/","name":"Entra\u00eeneurs - \u00c0 Contre Courant","isPartOf":{"@id":"https:\/\/acontrecourant.qc.ca\/en\/#website"},"datePublished":"2013-05-11T01:03:37+00:00","dateModified":"2026-02-12T19:20:36+00:00","breadcrumb":{"@id":"https:\/\/acontrecourant.qc.ca\/fr\/informations\/entraineurs\/#breadcrumb"},"inLanguage":"fr-CA","potentialAction":[{"@type":"ReadAction","target":["https:\/\/acontrecourant.qc.ca\/fr\/informations\/entraineurs\/"]}]},{"@type":"BreadcrumbList","@id":"https:\/\/acontrecourant.qc.ca\/fr\/informations\/entraineurs\/#breadcrumb","itemListElement":[{"@type":"ListItem","position":1,"name":"Informations","item":"https:\/\/acontrecourant.qc.ca\/fr\/informations\/"},{"@type":"ListItem","position":2,"name":"Entra\u00eeneurs"}]},{"@type":"WebSite","@id":"https:\/\/acontrecourant.qc.ca\/en\/#website","url":"https:\/\/acontrecourant.qc.ca\/en\/","name":"\u00c0 Contre Courant","description":"Bienvenue \u00e0 Montr\u00e9al","potentialAction":[{"@type":"SearchAction","target":{"@type":"EntryPoint","urlTemplate":"https:\/\/acontrecourant.qc.ca\/en\/?s={search_term_string}"},"query-input":{"@type":"PropertyValueSpecification","valueRequired":true,"valueName":"search_term_string"}}],"inLanguage":"fr-CA"}]}},"_links":{"self":[{"href":"https:\/\/acontrecourant.qc.ca\/fr\/wp-json\/wp\/v2\/pages\/49\/"}],"collection":[{"href":"https:\/\/acontrecourant.qc.ca\/fr\/wp-json\/wp\/v2\/pages\/"}],"about":[{"href":"https:\/\/acontrecourant.qc.ca\/fr\/wp-json\/wp\/v2\/types\/page\/"}],"author":[{"embeddable":true,"href":"https:\/\/acontrecourant.qc.ca\/fr\/wp-json\/wp\/v2\/users\/8\/"}],"replies":[{"embeddable":true,"href":"https:\/\/acontrecourant.qc.ca\/fr\/wp-json\/wp\/v2\/comments\/?post=49"}],"version-history":[{"count":23,"href":"https:\/\/acontrecourant.qc.ca\/fr\/wp-json\/wp\/v2\/pages\/49\/revisions\/"}],"predecessor-version":[{"id":4857,"href":"https:\/\/acontrecourant.qc.ca\/fr\/wp-json\/wp\/v2\/pages\/49\/revisions\/4857\/"}],"up":[{"embeddable":true,"href":"https:\/\/acontrecourant.qc.ca\/fr\/wp-json\/wp\/v2\/pages\/6\/"}],"wp:attachment":[{"href":"https:\/\/acontrecourant.qc.ca\/fr\/wp-json\/wp\/v2\/media\/?parent=49"}],"curies":[{"name":"wp","href":"https:\/\/api.w.org\/{rel}","templated":true}]}}