{"id":4332,"date":"2022-12-04T18:01:26","date_gmt":"2022-12-04T23:01:26","guid":{"rendered":"http:\/\/acontrecourant.qc.ca\/?page_id=4332"},"modified":"2025-10-09T11:23:52","modified_gmt":"2025-10-09T15:23:52","slug":"boutique","status":"publish","type":"page","link":"https:\/\/acontrecourant.qc.ca\/fr\/boutique\/","title":{"rendered":"BOUTIQUE ACC"},"content":{"rendered":"<p><b>Formulaire de commande <\/b><strong>Natation<\/strong><b>: <a href=\"https:\/\/forms.office.com\/Pages\/ResponsePage.aspx?id=7O9-0kcq50uYHg-Jd_ox2L8UTzVgCptPomQgHiSW8jRUQkU0SlM4SDFLWUsxMzJZSFFTRzZXTVhPVC4u\">Cliquez ici<\/a><\/b><\/p>\n<p><b>Formulaire de commande Water-Polo : <a href=\"https:\/\/docs.google.com\/forms\/d\/e\/1FAIpQLSdBz1dFoX1zv2wBdJZ-ZP3sSir5I3Y7GM5t84uZlEKxXoQqnw\/viewform?pli=1\">Cliquez ici<\/a><\/b><\/p>\n<a href=\"https:\/\/acontrecourant.qc.ca\/wp-content\/uploads\/pdf\/MACC.pdf\" class=\"pdfemb-viewer\" style=\"\" data-width=\"max\" data-height=\"max\" data-toolbar=\"bottom\" data-toolbar-fixed=\"off\">MACC<\/a>\n<a href=\"https:\/\/acontrecourant.qc.ca\/wp-content\/uploads\/pdf\/2025.pdf\" class=\"pdfemb-viewer\" style=\"\" data-width=\"max\" data-height=\"max\" data-toolbar=\"bottom\" data-toolbar-fixed=\"off\">2025<\/a>\n<p>&nbsp;<\/p>\n<h1 class=\"x_article-title\" align=\"left\"><strong>Casques de bain MACC<\/strong><\/h1>\n<div>\n<p><img loading=\"lazy\" decoding=\"async\" class=\"\" src=\"https:\/\/mcusercontent.com\/b006c48221c663e21f781badc\/images\/31d909df-7f49-29bb-f469-1019d5808013.png\" width=\"530\" height=\"298\" \/><br aria-hidden=\"true\" \/>Le casque vient en latex ou en silicone et il vous est possible de faire ajouter votre\u00a0nom sur le\u00a0casque si vous le d\u00e9sirez.<br aria-hidden=\"true\" \/><br aria-hidden=\"true\" \/>Pour tous les d\u00e9tails et pour passer une commande, veuillez cliquer sur le lien suivant: \u00a0<a href=\"https:\/\/docs.google.com\/forms\/d\/1Lebh4WP8mHRL7KIUTCEu5RHIw5PTfWUQwbEd2p8u6mo\/edit?chromeless=1\" target=\"_blank\" rel=\"noopener noreferrer\" data-auth=\"NotApplicable\" data-linkindex=\"19\">Casque MACC<\/a><br aria-hidden=\"true\" \/><br aria-hidden=\"true\" \/>Les modes de paiement accept\u00e9s :<\/p>\n<ul>\n<li><strong>Virement Interac\u00a0<\/strong>(<a href=\"mailto:tresorerie.natation@acontrecourant.qc.ca\" data-linkindex=\"20\">tresorerie.natation@acontrecourant.qc.ca<\/a>)<\/li>\n<li><strong>Ch\u00e8que au nom du club<\/strong> (\u00e0 remettre \u00e0 Guillaume, Fran\u00e7ois ou Beno\u00eet)<\/li>\n<\/ul>\n<p>&nbsp;<\/p>\n<\/div>\n","protected":false},"excerpt":{"rendered":"<p>Formulaire de commande Natation: Cliquez ici Formulaire de commande Water-Polo : Cliquez ici &nbsp; Casques de bain MACC Le casque vient en latex ou en silicone et il vous est possible de faire ajouter votre\u00a0nom sur le\u00a0casque si vous le d\u00e9sirez.Pour tous les d\u00e9tails et pour passer une commande, veuillez cliquer sur le lien suivant: [&hellip;]<\/p>\n","protected":false},"author":10,"featured_media":0,"parent":0,"menu_order":0,"comment_status":"closed","ping_status":"closed","template":"page-full-width.php","meta":{"_acf_changed":false,"footnotes":""},"class_list":["post-4332","page","type-page","status-publish","hentry"],"acf":[],"yoast_head":"<!-- This site is optimized with the Yoast SEO plugin v26.3 - https:\/\/yoast.com\/wordpress\/plugins\/seo\/ -->\n<title>BOUTIQUE ACC - \u00c0 Contre Courant<\/title>\n<meta name=\"robots\" content=\"index, follow, max-snippet:-1, max-image-preview:large, max-video-preview:-1\" \/>\n<link rel=\"canonical\" href=\"https:\/\/acontrecourant.qc.ca\/fr\/boutique\/\" \/>\n<meta name=\"twitter:label1\" content=\"Estimation du temps de lecture\" \/>\n\t<meta name=\"twitter:data1\" content=\"1 minute\" \/>\n<script type=\"application\/ld+json\" class=\"yoast-schema-graph\">{\"@context\":\"https:\/\/schema.org\",\"@graph\":[{\"@type\":\"WebPage\",\"@id\":\"https:\/\/acontrecourant.qc.ca\/fr\/boutique\/\",\"url\":\"https:\/\/acontrecourant.qc.ca\/fr\/boutique\/\",\"name\":\"BOUTIQUE ACC - \u00c0 Contre Courant\",\"isPartOf\":{\"@id\":\"https:\/\/acontrecourant.qc.ca\/en\/#website\"},\"primaryImageOfPage\":{\"@id\":\"https:\/\/acontrecourant.qc.ca\/fr\/boutique\/#primaryimage\"},\"image\":{\"@id\":\"https:\/\/acontrecourant.qc.ca\/fr\/boutique\/#primaryimage\"},\"thumbnailUrl\":\"https:\/\/mcusercontent.com\/b006c48221c663e21f781badc\/images\/31d909df-7f49-29bb-f469-1019d5808013.png\",\"datePublished\":\"2022-12-04T23:01:26+00:00\",\"dateModified\":\"2025-10-09T15:23:52+00:00\",\"inLanguage\":\"fr-CA\",\"potentialAction\":[{\"@type\":\"ReadAction\",\"target\":[\"https:\/\/acontrecourant.qc.ca\/fr\/boutique\/\"]}]},{\"@type\":\"ImageObject\",\"inLanguage\":\"fr-CA\",\"@id\":\"https:\/\/acontrecourant.qc.ca\/fr\/boutique\/#primaryimage\",\"url\":\"https:\/\/mcusercontent.com\/b006c48221c663e21f781badc\/images\/31d909df-7f49-29bb-f469-1019d5808013.png\",\"contentUrl\":\"https:\/\/mcusercontent.com\/b006c48221c663e21f781badc\/images\/31d909df-7f49-29bb-f469-1019d5808013.png\"},{\"@type\":\"WebSite\",\"@id\":\"https:\/\/acontrecourant.qc.ca\/en\/#website\",\"url\":\"https:\/\/acontrecourant.qc.ca\/en\/\",\"name\":\"\u00c0 Contre Courant\",\"description\":\"Bienvenue \u00e0 Montr\u00e9al\",\"potentialAction\":[{\"@type\":\"SearchAction\",\"target\":{\"@type\":\"EntryPoint\",\"urlTemplate\":\"https:\/\/acontrecourant.qc.ca\/en\/?s={search_term_string}\"},\"query-input\":{\"@type\":\"PropertyValueSpecification\",\"valueRequired\":true,\"valueName\":\"search_term_string\"}}],\"inLanguage\":\"fr-CA\"}]}<\/script>\n<!-- \/ Yoast SEO plugin. -->","yoast_head_json":{"title":"BOUTIQUE ACC - \u00c0 Contre Courant","robots":{"index":"index","follow":"follow","max-snippet":"max-snippet:-1","max-image-preview":"max-image-preview:large","max-video-preview":"max-video-preview:-1"},"canonical":"https:\/\/acontrecourant.qc.ca\/fr\/boutique\/","twitter_misc":{"Estimation du temps de lecture":"1 minute"},"schema":{"@context":"https:\/\/schema.org","@graph":[{"@type":"WebPage","@id":"https:\/\/acontrecourant.qc.ca\/fr\/boutique\/","url":"https:\/\/acontrecourant.qc.ca\/fr\/boutique\/","name":"BOUTIQUE ACC - \u00c0 Contre Courant","isPartOf":{"@id":"https:\/\/acontrecourant.qc.ca\/en\/#website"},"primaryImageOfPage":{"@id":"https:\/\/acontrecourant.qc.ca\/fr\/boutique\/#primaryimage"},"image":{"@id":"https:\/\/acontrecourant.qc.ca\/fr\/boutique\/#primaryimage"},"thumbnailUrl":"https:\/\/mcusercontent.com\/b006c48221c663e21f781badc\/images\/31d909df-7f49-29bb-f469-1019d5808013.png","datePublished":"2022-12-04T23:01:26+00:00","dateModified":"2025-10-09T15:23:52+00:00","inLanguage":"fr-CA","potentialAction":[{"@type":"ReadAction","target":["https:\/\/acontrecourant.qc.ca\/fr\/boutique\/"]}]},{"@type":"ImageObject","inLanguage":"fr-CA","@id":"https:\/\/acontrecourant.qc.ca\/fr\/boutique\/#primaryimage","url":"https:\/\/mcusercontent.com\/b006c48221c663e21f781badc\/images\/31d909df-7f49-29bb-f469-1019d5808013.png","contentUrl":"https:\/\/mcusercontent.com\/b006c48221c663e21f781badc\/images\/31d909df-7f49-29bb-f469-1019d5808013.png"},{"@type":"WebSite","@id":"https:\/\/acontrecourant.qc.ca\/en\/#website","url":"https:\/\/acontrecourant.qc.ca\/en\/","name":"\u00c0 Contre Courant","description":"Bienvenue \u00e0 Montr\u00e9al","potentialAction":[{"@type":"SearchAction","target":{"@type":"EntryPoint","urlTemplate":"https:\/\/acontrecourant.qc.ca\/en\/?s={search_term_string}"},"query-input":{"@type":"PropertyValueSpecification","valueRequired":true,"valueName":"search_term_string"}}],"inLanguage":"fr-CA"}]}},"_links":{"self":[{"href":"https:\/\/acontrecourant.qc.ca\/fr\/wp-json\/wp\/v2\/pages\/4332\/"}],"collection":[{"href":"https:\/\/acontrecourant.qc.ca\/fr\/wp-json\/wp\/v2\/pages\/"}],"about":[{"href":"https:\/\/acontrecourant.qc.ca\/fr\/wp-json\/wp\/v2\/types\/page\/"}],"author":[{"embeddable":true,"href":"https:\/\/acontrecourant.qc.ca\/fr\/wp-json\/wp\/v2\/users\/10\/"}],"replies":[{"embeddable":true,"href":"https:\/\/acontrecourant.qc.ca\/fr\/wp-json\/wp\/v2\/comments\/?post=4332"}],"version-history":[{"count":50,"href":"https:\/\/acontrecourant.qc.ca\/fr\/wp-json\/wp\/v2\/pages\/4332\/revisions\/"}],"predecessor-version":[{"id":4788,"href":"https:\/\/acontrecourant.qc.ca\/fr\/wp-json\/wp\/v2\/pages\/4332\/revisions\/4788\/"}],"wp:attachment":[{"href":"https:\/\/acontrecourant.qc.ca\/fr\/wp-json\/wp\/v2\/media\/?parent=4332"}],"curies":[{"name":"wp","href":"https:\/\/api.w.org\/{rel}","templated":true}]}}