{"id":3792,"date":"2022-11-05T03:47:29","date_gmt":"2022-11-05T07:47:29","guid":{"rendered":"http:\/\/acontrecourant.qc.ca\/?page_id=3792"},"modified":"2022-11-10T16:15:41","modified_gmt":"2022-11-10T21:15:41","slug":"remerciements","status":"publish","type":"page","link":"https:\/\/acontrecourant.qc.ca\/fr\/evenements\/coupe\/2022-28\/remerciements\/","title":{"rendered":"Remerciements"},"content":{"rendered":"<h2>Comit\u00e9 organisateur<\/h2>\n<div data-post-id=\"3778\" class=\"insert-page insert-page-3778 \"><h3>Martin Girard, Directeur de rencontre<\/h3>\n<p>514 524-8908<br \/>\n<a href=\"mailto:coupe@acontrecourant.qc.ca\">coupe@acontrecourant.qc.ca<\/a><\/p>\n<h3>Carole Thomas, Juge-Arbitre<\/h3>\n<p><span><\/p>\n<h3>Michel Arnold, Co-responsable des officiels<\/h3>\n<h3>Jean-Fran\u00e7ois Gilbert, Co-responsable des officiels<\/h3>\n<p><a href=\"mailto:coupe.officiels@acontrecourant.qc.ca\">coupe.officiels@acontrecourant.qc.ca<\/a><br \/>\n<\/span><\/p>\n<h3>Anne Girard, Registraire<\/h3>\n<p><a href=\"mailto:coupe.registraire@acontrecourant.qc.ca\">coupe.registraire@acontrecourant.qc.ca<\/a><\/p>\n<\/div>\n<h3>Ed Huot<\/h3>\n<p>R\u00e9seautique et TI<\/p>\n<h3>Chris Gibson, V\u00e9ronique Denis<\/h3>\n<p>Restauration<\/p>\n<h3>Brigitte Bienvenue, Audrey Laisney<\/h3>\n<p>\u00c9quipements et inventaire<\/p>\n<h3>Michel-Pierre Lachance<\/h3>\n<p>Chronom\u00e8tres<\/p>\n<h3>Damien Ascargorta, V\u00e9ronique Denis<\/h3>\n<p>Souper du samedi soir<\/p>\n<h3>Andr\u00e9 Villeneuve<\/h3>\n<p>R\u00e9vision linguistique<\/p>\n<h3>Andr\u00e9 Vaudrin<\/h3>\n<p>Graphisme du logo<\/p>\n<h2>S\u00e9curit\u00e9<\/h2>\n<p>Garry Gebhardt, Marius Gauthier, Daniel Gosselin, Olivier Rey, G\u00e9rard Fr\u00e9chette, Jean-Fran\u00e7ois Gilbert<\/p>\n<h2>Accueil<\/h2>\n<p>Florian Meyer, Tuan Vu, Marc Rh\u00e9aume<\/p>\n<h2>Officiels majeurs<\/h2>\n<p>Martin Girard, Louise Monast, Jean-Fran\u00e7ois Martin, Anne Girard, Michel Arnold, Jean-Fran\u00e7ois Gilbert, Maurice Harvey, Diane Lefebvre, Andr\u00e9 Montpetit, Anne-Marie Girard, Simon Roughley, Richard Bolduc, Guy Allard, Richard Bolduc, Pierre E. Lachapelle, Tuan Vu, Michel Pierre Lachance, Flavie Donato, Marilyn Donato, Luc Girard<\/p>\n<h2>Chronom\u00e9treurs<\/h2>\n<p>Olivier Rey, Ren\u00e9e Bourgeois, Lyne Girard, Halima Awadhi, Jean-Claude No\u00ebl, Finnley MacKillop, Garry Gebhardt, Marc Rh\u00e9aume, Jocelyn Grenier, Micha\u00ebl Fortin, Sylvie Donato, Rose Poirier, Marilyn Donato, Daniel Gosselin, G\u00e9rard Fr\u00e9chette, Marius Gauthier, Claudette Guy, Yves-Adrien Leclerc, Henri P\u00e9riard, Brigitte Bienvenue, Florian Meyer, Johanne Prud\u2019homme, Denis Pelletier, Simon Larocque, Dominique Lampron<\/p>\n<h2>Les amis de la Coupe<\/h2>\n<h3>La Petite Boulangerie<\/h3>\n<div><a href=\"http:\/\/acontrecourant.qc.ca\/wp-content\/uploads\/png\/pub-petite-boulangerie.png\"><img loading=\"lazy\" decoding=\"async\" class=\"alignnone size-large wp-image-3329\" src=\"http:\/\/acontrecourant.qc.ca\/wp-content\/uploads\/png\/pub-petite-boulangerie-762x1024.png\" alt=\"\" width=\"700\" height=\"941\" srcset=\"https:\/\/acontrecourant.qc.ca\/wp-content\/uploads\/png\/pub-petite-boulangerie-762x1024.png 762w, https:\/\/acontrecourant.qc.ca\/wp-content\/uploads\/png\/pub-petite-boulangerie-223x300.png 223w, https:\/\/acontrecourant.qc.ca\/wp-content\/uploads\/png\/pub-petite-boulangerie-768x1032.png 768w, https:\/\/acontrecourant.qc.ca\/wp-content\/uploads\/png\/pub-petite-boulangerie-112x150.png 112w, https:\/\/acontrecourant.qc.ca\/wp-content\/uploads\/png\/pub-petite-boulangerie-1000x1344.png 1000w, https:\/\/acontrecourant.qc.ca\/wp-content\/uploads\/png\/pub-petite-boulangerie.png 1088w\" sizes=\"auto, (max-width: 700px) 100vw, 700px\" \/><\/a><\/div>\n<ul class=\"list-document\">\n<li>Prochaine section:<a style=\"text-transform: uppercase;\" href=\"http:\/\/acontrecourant.qc.ca\/evenements\/coupe\/2022-28\/liste-des-equipes\">Liste des \u00e9quipes<\/a><\/li>\n<li>Section pr\u00e9c\u00e9dente:<a style=\"text-transform: uppercase;\" href=\"http:\/\/acontrecourant.qc.ca\/evenements\/coupe\/2022-28\/bulletin-technique\">Bulletin Technique<\/a><\/li>\n<\/ul>\n","protected":false},"excerpt":{"rendered":"<p>Comit\u00e9 organisateur Ed Huot R\u00e9seautique et TI Chris Gibson, V\u00e9ronique Denis Restauration Brigitte Bienvenue, Audrey Laisney \u00c9quipements et inventaire Michel-Pierre Lachance Chronom\u00e8tres Damien Ascargorta, V\u00e9ronique Denis Souper du samedi soir Andr\u00e9 Villeneuve R\u00e9vision linguistique Andr\u00e9 Vaudrin Graphisme du logo S\u00e9curit\u00e9 Garry Gebhardt, Marius Gauthier, Daniel Gosselin, Olivier Rey, G\u00e9rard Fr\u00e9chette, Jean-Fran\u00e7ois Gilbert Accueil Florian Meyer, [&hellip;]<\/p>\n","protected":false},"author":9,"featured_media":0,"parent":3746,"menu_order":0,"comment_status":"closed","ping_status":"closed","template":"page-full-width.php","meta":{"_acf_changed":false,"footnotes":""},"class_list":["post-3792","page","type-page","status-publish","hentry"],"acf":[],"yoast_head":"<!-- This site is optimized with the Yoast SEO plugin v26.3 - https:\/\/yoast.com\/wordpress\/plugins\/seo\/ -->\n<title>Remerciements - \u00c0 Contre Courant<\/title>\n<meta name=\"robots\" content=\"index, follow, max-snippet:-1, max-image-preview:large, max-video-preview:-1\" \/>\n<link rel=\"canonical\" href=\"https:\/\/acontrecourant.qc.ca\/fr\/evenements\/coupe\/2022-28\/remerciements\/\" \/>\n<meta name=\"twitter:label1\" content=\"Estimation du temps de lecture\" \/>\n\t<meta name=\"twitter:data1\" content=\"1 minute\" \/>\n<script type=\"application\/ld+json\" class=\"yoast-schema-graph\">{\"@context\":\"https:\/\/schema.org\",\"@graph\":[{\"@type\":\"WebPage\",\"@id\":\"https:\/\/acontrecourant.qc.ca\/fr\/evenements\/coupe\/2022-28\/remerciements\/\",\"url\":\"https:\/\/acontrecourant.qc.ca\/fr\/evenements\/coupe\/2022-28\/remerciements\/\",\"name\":\"Remerciements - \u00c0 Contre Courant\",\"isPartOf\":{\"@id\":\"https:\/\/acontrecourant.qc.ca\/en\/#website\"},\"primaryImageOfPage\":{\"@id\":\"https:\/\/acontrecourant.qc.ca\/fr\/evenements\/coupe\/2022-28\/remerciements\/#primaryimage\"},\"image\":{\"@id\":\"https:\/\/acontrecourant.qc.ca\/fr\/evenements\/coupe\/2022-28\/remerciements\/#primaryimage\"},\"thumbnailUrl\":\"http:\/\/acontrecourant.qc.ca\/wp-content\/uploads\/png\/pub-petite-boulangerie-762x1024.png\",\"datePublished\":\"2022-11-05T07:47:29+00:00\",\"dateModified\":\"2022-11-10T21:15:41+00:00\",\"breadcrumb\":{\"@id\":\"https:\/\/acontrecourant.qc.ca\/fr\/evenements\/coupe\/2022-28\/remerciements\/#breadcrumb\"},\"inLanguage\":\"fr-CA\",\"potentialAction\":[{\"@type\":\"ReadAction\",\"target\":[\"https:\/\/acontrecourant.qc.ca\/fr\/evenements\/coupe\/2022-28\/remerciements\/\"]}]},{\"@type\":\"ImageObject\",\"inLanguage\":\"fr-CA\",\"@id\":\"https:\/\/acontrecourant.qc.ca\/fr\/evenements\/coupe\/2022-28\/remerciements\/#primaryimage\",\"url\":\"http:\/\/acontrecourant.qc.ca\/wp-content\/uploads\/png\/pub-petite-boulangerie-762x1024.png\",\"contentUrl\":\"http:\/\/acontrecourant.qc.ca\/wp-content\/uploads\/png\/pub-petite-boulangerie-762x1024.png\"},{\"@type\":\"BreadcrumbList\",\"@id\":\"https:\/\/acontrecourant.qc.ca\/fr\/evenements\/coupe\/2022-28\/remerciements\/#breadcrumb\",\"itemListElement\":[{\"@type\":\"ListItem\",\"position\":1,\"name\":\"\u00c9v\u00e9nements du club\",\"item\":\"https:\/\/acontrecourant.qc.ca\/fr\/evenements\/\"},{\"@type\":\"ListItem\",\"position\":2,\"name\":\"Coupe de Montr\u00e9al\",\"item\":\"https:\/\/acontrecourant.qc.ca\/fr\/evenements\/coupe\/\"},{\"@type\":\"ListItem\",\"position\":3,\"name\":\"28e Coupe de Montreal (2022)\",\"item\":\"https:\/\/acontrecourant.qc.ca\/fr\/evenements\/coupe\/2022-28\/\"},{\"@type\":\"ListItem\",\"position\":4,\"name\":\"Remerciements\"}]},{\"@type\":\"WebSite\",\"@id\":\"https:\/\/acontrecourant.qc.ca\/en\/#website\",\"url\":\"https:\/\/acontrecourant.qc.ca\/en\/\",\"name\":\"\u00c0 Contre Courant\",\"description\":\"Bienvenue \u00e0 Montr\u00e9al\",\"potentialAction\":[{\"@type\":\"SearchAction\",\"target\":{\"@type\":\"EntryPoint\",\"urlTemplate\":\"https:\/\/acontrecourant.qc.ca\/en\/?s={search_term_string}\"},\"query-input\":{\"@type\":\"PropertyValueSpecification\",\"valueRequired\":true,\"valueName\":\"search_term_string\"}}],\"inLanguage\":\"fr-CA\"}]}<\/script>\n<!-- \/ Yoast SEO plugin. -->","yoast_head_json":{"title":"Remerciements - \u00c0 Contre Courant","robots":{"index":"index","follow":"follow","max-snippet":"max-snippet:-1","max-image-preview":"max-image-preview:large","max-video-preview":"max-video-preview:-1"},"canonical":"https:\/\/acontrecourant.qc.ca\/fr\/evenements\/coupe\/2022-28\/remerciements\/","twitter_misc":{"Estimation du temps de lecture":"1 minute"},"schema":{"@context":"https:\/\/schema.org","@graph":[{"@type":"WebPage","@id":"https:\/\/acontrecourant.qc.ca\/fr\/evenements\/coupe\/2022-28\/remerciements\/","url":"https:\/\/acontrecourant.qc.ca\/fr\/evenements\/coupe\/2022-28\/remerciements\/","name":"Remerciements - \u00c0 Contre Courant","isPartOf":{"@id":"https:\/\/acontrecourant.qc.ca\/en\/#website"},"primaryImageOfPage":{"@id":"https:\/\/acontrecourant.qc.ca\/fr\/evenements\/coupe\/2022-28\/remerciements\/#primaryimage"},"image":{"@id":"https:\/\/acontrecourant.qc.ca\/fr\/evenements\/coupe\/2022-28\/remerciements\/#primaryimage"},"thumbnailUrl":"http:\/\/acontrecourant.qc.ca\/wp-content\/uploads\/png\/pub-petite-boulangerie-762x1024.png","datePublished":"2022-11-05T07:47:29+00:00","dateModified":"2022-11-10T21:15:41+00:00","breadcrumb":{"@id":"https:\/\/acontrecourant.qc.ca\/fr\/evenements\/coupe\/2022-28\/remerciements\/#breadcrumb"},"inLanguage":"fr-CA","potentialAction":[{"@type":"ReadAction","target":["https:\/\/acontrecourant.qc.ca\/fr\/evenements\/coupe\/2022-28\/remerciements\/"]}]},{"@type":"ImageObject","inLanguage":"fr-CA","@id":"https:\/\/acontrecourant.qc.ca\/fr\/evenements\/coupe\/2022-28\/remerciements\/#primaryimage","url":"http:\/\/acontrecourant.qc.ca\/wp-content\/uploads\/png\/pub-petite-boulangerie-762x1024.png","contentUrl":"http:\/\/acontrecourant.qc.ca\/wp-content\/uploads\/png\/pub-petite-boulangerie-762x1024.png"},{"@type":"BreadcrumbList","@id":"https:\/\/acontrecourant.qc.ca\/fr\/evenements\/coupe\/2022-28\/remerciements\/#breadcrumb","itemListElement":[{"@type":"ListItem","position":1,"name":"\u00c9v\u00e9nements du club","item":"https:\/\/acontrecourant.qc.ca\/fr\/evenements\/"},{"@type":"ListItem","position":2,"name":"Coupe de Montr\u00e9al","item":"https:\/\/acontrecourant.qc.ca\/fr\/evenements\/coupe\/"},{"@type":"ListItem","position":3,"name":"28e Coupe de Montreal (2022)","item":"https:\/\/acontrecourant.qc.ca\/fr\/evenements\/coupe\/2022-28\/"},{"@type":"ListItem","position":4,"name":"Remerciements"}]},{"@type":"WebSite","@id":"https:\/\/acontrecourant.qc.ca\/en\/#website","url":"https:\/\/acontrecourant.qc.ca\/en\/","name":"\u00c0 Contre Courant","description":"Bienvenue \u00e0 Montr\u00e9al","potentialAction":[{"@type":"SearchAction","target":{"@type":"EntryPoint","urlTemplate":"https:\/\/acontrecourant.qc.ca\/en\/?s={search_term_string}"},"query-input":{"@type":"PropertyValueSpecification","valueRequired":true,"valueName":"search_term_string"}}],"inLanguage":"fr-CA"}]}},"_links":{"self":[{"href":"https:\/\/acontrecourant.qc.ca\/fr\/wp-json\/wp\/v2\/pages\/3792\/"}],"collection":[{"href":"https:\/\/acontrecourant.qc.ca\/fr\/wp-json\/wp\/v2\/pages\/"}],"about":[{"href":"https:\/\/acontrecourant.qc.ca\/fr\/wp-json\/wp\/v2\/types\/page\/"}],"author":[{"embeddable":true,"href":"https:\/\/acontrecourant.qc.ca\/fr\/wp-json\/wp\/v2\/users\/9\/"}],"replies":[{"embeddable":true,"href":"https:\/\/acontrecourant.qc.ca\/fr\/wp-json\/wp\/v2\/comments\/?post=3792"}],"version-history":[{"count":16,"href":"https:\/\/acontrecourant.qc.ca\/fr\/wp-json\/wp\/v2\/pages\/3792\/revisions\/"}],"predecessor-version":[{"id":4280,"href":"https:\/\/acontrecourant.qc.ca\/fr\/wp-json\/wp\/v2\/pages\/3792\/revisions\/4280\/"}],"up":[{"embeddable":true,"href":"https:\/\/acontrecourant.qc.ca\/fr\/wp-json\/wp\/v2\/pages\/3746\/"}],"wp:attachment":[{"href":"https:\/\/acontrecourant.qc.ca\/fr\/wp-json\/wp\/v2\/media\/?parent=3792"}],"curies":[{"name":"wp","href":"https:\/\/api.w.org\/{rel}","templated":true}]}}