{"id":3746,"date":"2022-11-05T00:31:42","date_gmt":"2022-11-05T04:31:42","guid":{"rendered":"http:\/\/acontrecourant.qc.ca\/?page_id=3746"},"modified":"2022-11-14T12:01:12","modified_gmt":"2022-11-14T17:01:12","slug":"2022-28","status":"publish","type":"page","link":"https:\/\/acontrecourant.qc.ca\/fr\/evenements\/coupe\/2022-28\/","title":{"rendered":"28e Coupe de Montreal (2022)"},"content":{"rendered":"<h1>28e \u00c9dition 2022<\/h1>\n<div style=\"background-image: url('http:\/\/acontrecourant.qc.ca\/wp-content\/uploads\/jpg\/coupe-mtl-logo.jpg'); background-size: 100% 100%; background-repeat: no-repeat; padding-top: 400px;\"><\/div>\n<div>\n<h1 style=\"text-align: center;\">Manche 2 du circuit de la Coupe du Qu\u00e9bec<\/h1>\n<h2>Invitation officielle pour le 12 novembre 2022<\/h2>\n<p><a href=\"http:\/\/acontrecourant.qc.ca\/evenements\/coupe-rens-gen\/\">RENSEIGNEMENTS G\u00c9N\u00c9RAUX<\/a><\/p>\n<h2>Programme officiel<\/h2>\n<p><a href=\"http:\/\/acontrecourant.qc.ca\/evenements\/coupe\/2022-28\/programme-officiel\/\">PROGRAMME OFFICIEL<\/a><\/p>\n<h2>R\u00e9sultats officiels<\/h2>\n<p><a href=\"http:\/\/acontrecourant.qc.ca\/wp-content\/uploads\/pdf\/coupe-2022-resultats-officiels-1.pdf\">R\u00c9SULTATS OFFICIELS<\/a>\n<\/div>\n","protected":false},"excerpt":{"rendered":"<p>28e \u00c9dition 2022 Manche 2 du circuit de la Coupe du Qu\u00e9bec Invitation officielle pour le 12 novembre 2022 RENSEIGNEMENTS G\u00c9N\u00c9RAUX Programme officiel PROGRAMME OFFICIEL R\u00e9sultats officiels R\u00c9SULTATS OFFICIELS<\/p>\n","protected":false},"author":9,"featured_media":0,"parent":2034,"menu_order":0,"comment_status":"closed","ping_status":"closed","template":"","meta":{"_acf_changed":false,"footnotes":""},"class_list":["post-3746","page","type-page","status-publish","hentry"],"acf":[],"yoast_head":"<!-- This site is optimized with the Yoast SEO plugin v26.3 - https:\/\/yoast.com\/wordpress\/plugins\/seo\/ -->\n<title>28e Coupe de Montreal (2022) - \u00c0 Contre Courant<\/title>\n<meta name=\"robots\" content=\"index, follow, max-snippet:-1, max-image-preview:large, max-video-preview:-1\" \/>\n<link rel=\"canonical\" href=\"https:\/\/acontrecourant.qc.ca\/fr\/evenements\/coupe\/2022-28\/\" \/>\n<meta name=\"twitter:label1\" content=\"Estimation du temps de lecture\" \/>\n\t<meta name=\"twitter:data1\" content=\"1 minute\" \/>\n<script type=\"application\/ld+json\" class=\"yoast-schema-graph\">{\"@context\":\"https:\/\/schema.org\",\"@graph\":[{\"@type\":\"WebPage\",\"@id\":\"https:\/\/acontrecourant.qc.ca\/fr\/evenements\/coupe\/2022-28\/\",\"url\":\"https:\/\/acontrecourant.qc.ca\/fr\/evenements\/coupe\/2022-28\/\",\"name\":\"28e Coupe de Montreal (2022) - \u00c0 Contre Courant\",\"isPartOf\":{\"@id\":\"https:\/\/acontrecourant.qc.ca\/en\/#website\"},\"datePublished\":\"2022-11-05T04:31:42+00:00\",\"dateModified\":\"2022-11-14T17:01:12+00:00\",\"breadcrumb\":{\"@id\":\"https:\/\/acontrecourant.qc.ca\/fr\/evenements\/coupe\/2022-28\/#breadcrumb\"},\"inLanguage\":\"fr-CA\",\"potentialAction\":[{\"@type\":\"ReadAction\",\"target\":[\"https:\/\/acontrecourant.qc.ca\/fr\/evenements\/coupe\/2022-28\/\"]}]},{\"@type\":\"BreadcrumbList\",\"@id\":\"https:\/\/acontrecourant.qc.ca\/fr\/evenements\/coupe\/2022-28\/#breadcrumb\",\"itemListElement\":[{\"@type\":\"ListItem\",\"position\":1,\"name\":\"\u00c9v\u00e9nements du club\",\"item\":\"https:\/\/acontrecourant.qc.ca\/fr\/evenements\/\"},{\"@type\":\"ListItem\",\"position\":2,\"name\":\"Coupe de Montr\u00e9al\",\"item\":\"https:\/\/acontrecourant.qc.ca\/fr\/evenements\/coupe\/\"},{\"@type\":\"ListItem\",\"position\":3,\"name\":\"28e Coupe de Montreal (2022)\"}]},{\"@type\":\"WebSite\",\"@id\":\"https:\/\/acontrecourant.qc.ca\/en\/#website\",\"url\":\"https:\/\/acontrecourant.qc.ca\/en\/\",\"name\":\"\u00c0 Contre Courant\",\"description\":\"Bienvenue \u00e0 Montr\u00e9al\",\"potentialAction\":[{\"@type\":\"SearchAction\",\"target\":{\"@type\":\"EntryPoint\",\"urlTemplate\":\"https:\/\/acontrecourant.qc.ca\/en\/?s={search_term_string}\"},\"query-input\":{\"@type\":\"PropertyValueSpecification\",\"valueRequired\":true,\"valueName\":\"search_term_string\"}}],\"inLanguage\":\"fr-CA\"}]}<\/script>\n<!-- \/ Yoast SEO plugin. -->","yoast_head_json":{"title":"28e Coupe de Montreal (2022) - \u00c0 Contre Courant","robots":{"index":"index","follow":"follow","max-snippet":"max-snippet:-1","max-image-preview":"max-image-preview:large","max-video-preview":"max-video-preview:-1"},"canonical":"https:\/\/acontrecourant.qc.ca\/fr\/evenements\/coupe\/2022-28\/","twitter_misc":{"Estimation du temps de lecture":"1 minute"},"schema":{"@context":"https:\/\/schema.org","@graph":[{"@type":"WebPage","@id":"https:\/\/acontrecourant.qc.ca\/fr\/evenements\/coupe\/2022-28\/","url":"https:\/\/acontrecourant.qc.ca\/fr\/evenements\/coupe\/2022-28\/","name":"28e Coupe de Montreal (2022) - \u00c0 Contre Courant","isPartOf":{"@id":"https:\/\/acontrecourant.qc.ca\/en\/#website"},"datePublished":"2022-11-05T04:31:42+00:00","dateModified":"2022-11-14T17:01:12+00:00","breadcrumb":{"@id":"https:\/\/acontrecourant.qc.ca\/fr\/evenements\/coupe\/2022-28\/#breadcrumb"},"inLanguage":"fr-CA","potentialAction":[{"@type":"ReadAction","target":["https:\/\/acontrecourant.qc.ca\/fr\/evenements\/coupe\/2022-28\/"]}]},{"@type":"BreadcrumbList","@id":"https:\/\/acontrecourant.qc.ca\/fr\/evenements\/coupe\/2022-28\/#breadcrumb","itemListElement":[{"@type":"ListItem","position":1,"name":"\u00c9v\u00e9nements du club","item":"https:\/\/acontrecourant.qc.ca\/fr\/evenements\/"},{"@type":"ListItem","position":2,"name":"Coupe de Montr\u00e9al","item":"https:\/\/acontrecourant.qc.ca\/fr\/evenements\/coupe\/"},{"@type":"ListItem","position":3,"name":"28e Coupe de Montreal (2022)"}]},{"@type":"WebSite","@id":"https:\/\/acontrecourant.qc.ca\/en\/#website","url":"https:\/\/acontrecourant.qc.ca\/en\/","name":"\u00c0 Contre Courant","description":"Bienvenue \u00e0 Montr\u00e9al","potentialAction":[{"@type":"SearchAction","target":{"@type":"EntryPoint","urlTemplate":"https:\/\/acontrecourant.qc.ca\/en\/?s={search_term_string}"},"query-input":{"@type":"PropertyValueSpecification","valueRequired":true,"valueName":"search_term_string"}}],"inLanguage":"fr-CA"}]}},"_links":{"self":[{"href":"https:\/\/acontrecourant.qc.ca\/fr\/wp-json\/wp\/v2\/pages\/3746\/"}],"collection":[{"href":"https:\/\/acontrecourant.qc.ca\/fr\/wp-json\/wp\/v2\/pages\/"}],"about":[{"href":"https:\/\/acontrecourant.qc.ca\/fr\/wp-json\/wp\/v2\/types\/page\/"}],"author":[{"embeddable":true,"href":"https:\/\/acontrecourant.qc.ca\/fr\/wp-json\/wp\/v2\/users\/9\/"}],"replies":[{"embeddable":true,"href":"https:\/\/acontrecourant.qc.ca\/fr\/wp-json\/wp\/v2\/comments\/?post=3746"}],"version-history":[{"count":14,"href":"https:\/\/acontrecourant.qc.ca\/fr\/wp-json\/wp\/v2\/pages\/3746\/revisions\/"}],"predecessor-version":[{"id":4298,"href":"https:\/\/acontrecourant.qc.ca\/fr\/wp-json\/wp\/v2\/pages\/3746\/revisions\/4298\/"}],"up":[{"embeddable":true,"href":"https:\/\/acontrecourant.qc.ca\/fr\/wp-json\/wp\/v2\/pages\/2034\/"}],"wp:attachment":[{"href":"https:\/\/acontrecourant.qc.ca\/fr\/wp-json\/wp\/v2\/media\/?parent=3746"}],"curies":[{"name":"wp","href":"https:\/\/api.w.org\/{rel}","templated":true}]}}