{"id":3734,"date":"2022-11-03T18:23:16","date_gmt":"2022-11-03T22:23:16","guid":{"rendered":"http:\/\/acontrecourant.qc.ca\/?page_id=3734"},"modified":"2022-11-09T20:39:08","modified_gmt":"2022-11-10T01:39:08","slug":"mot-de-bienvenue","status":"publish","type":"page","link":"https:\/\/acontrecourant.qc.ca\/fr\/evenements\/coupe\/2022-28\/mot-de-bienvenue\/","title":{"rendered":"Mot de bienvenue"},"content":{"rendered":"<p>Ch\u00e8res athl\u00e8tes,<br \/>\nChers athl\u00e8tes,<\/p>\n<p>Nous vous souhaitons la bienvenue \u00e0 cette 28e \u00e9dition de la Coupe de Montr\u00e9al des ma\u00eetres nageurs. Nous sommes tr\u00e8s heureux de vous retrouver pour cette \u00e9dition annuelle de la Coupe d&rsquo;\u00c0 Contre-Courent, qui se veut \u00e9galement la Manche 2 de la Coupe du Qu\u00e9bec, et de voir que vous \u00eates toujours aussi nombreux \u00e0 \u00eatre au rendez-vous. Bien heureusement cette ann\u00e9e, les contraintes li\u00e9es \u00e0 la COVID-19 \u00e9tant lev\u00e9es, nous retrouvons notre format de comp\u00e9tition beaucoup plus convivial que celui de l&rsquo;an dernier. Merci d&rsquo;\u00eatre toujours aussi enthousiastes pour participer, ann\u00e9e apr\u00e8s ann\u00e9e, \u00e0 notre Coupe. Pour votre enti\u00e8re satisfaction, nous vous accueillons dans l\u2019une des piscines les plus rapides au Qu\u00e9bec, soit celle du Complexe sportif Claude-Robillard.<\/p>\n<p>Il va de soi de souligner l\u2019engagement impressionnant des membres d\u2019\u00c0 Contre-Courant, qui tiennent \u00e0 leur Coupe et qui le prouvent en s\u2019y impliquant en grand nombre, \u00e0 titre de participants, d\u2019officiels ou de b\u00e9n\u00e9voles. C\u2019est gr\u00e2ce \u00e0 cette volont\u00e9 et cette \u00e9nergie communes que la Coupe de Montr\u00e9al revient pour cette 28e \u00e9dition. Nous tenons aussi \u00e0 remercier nos partenaires officiels, dont le soutien se r\u00e9v\u00e8le essentiel au succ\u00e8s de cette rencontre.<\/p>\n<p>Fort de nos multiples ann\u00e9es d\u2019exp\u00e9rience dans l&rsquo;organisation de comp\u00e9titions, le comit\u00e9 organisateur de la Coupe est fier de pouvoir contribuer activement au cursus comp\u00e9titif des ma\u00eetres nageurs pour la saison 2022-2023. Dans le cadre de cette 2e manche de la Coupe du Qu\u00e9bec, certains d&rsquo;entre vous participeront avec ardeur \u00e0 l&rsquo;une ou l&rsquo;autre des \u00e9preuves de 400 m. Cette ann\u00e9e encore, nous accueillons un grand nombre de nageurs de l&rsquo;ext\u00e9rieur de la province. C&rsquo;est donc un plaisir de partager l&rsquo;excitation collective envers notre sport favori au-del\u00e0 de nos fronti\u00e8res. L&rsquo;esprit de fraternit\u00e9 qui nous habite pour ces rencontres de ma\u00eetres nageurs reste encore et toujours au rendez-vous.<\/p>\n<p>Nous souhaitons \u00e0 tous les participantes et participantes beaucoup de plaisir ainsi que des performances \u00e0 la hauteur de leurs attentes!<\/p>\n<p><strong>MARTIN GIRARD<\/strong><br \/>\nDirecteur de rencontre<br \/>\nAu nom du comit\u00e9 organisateur<\/p>\n","protected":false},"excerpt":{"rendered":"<p>Ch\u00e8res athl\u00e8tes, Chers athl\u00e8tes, Nous vous souhaitons la bienvenue \u00e0 cette 28e \u00e9dition de la Coupe de Montr\u00e9al des ma\u00eetres nageurs. Nous sommes tr\u00e8s heureux de vous retrouver pour cette \u00e9dition annuelle de la Coupe d&rsquo;\u00c0 Contre-Courent, qui se veut \u00e9galement la Manche 2 de la Coupe du Qu\u00e9bec, et de voir que vous \u00eates [&hellip;]<\/p>\n","protected":false},"author":9,"featured_media":0,"parent":3746,"menu_order":0,"comment_status":"closed","ping_status":"closed","template":"","meta":{"_acf_changed":false,"footnotes":""},"class_list":["post-3734","page","type-page","status-publish","hentry"],"acf":[],"yoast_head":"<!-- This site is optimized with the Yoast SEO plugin v26.3 - https:\/\/yoast.com\/wordpress\/plugins\/seo\/ -->\n<title>Mot de bienvenue - \u00c0 Contre Courant<\/title>\n<meta name=\"robots\" content=\"index, follow, max-snippet:-1, max-image-preview:large, max-video-preview:-1\" \/>\n<link rel=\"canonical\" href=\"https:\/\/acontrecourant.qc.ca\/fr\/evenements\/coupe\/2022-28\/mot-de-bienvenue\/\" \/>\n<meta name=\"twitter:label1\" content=\"Estimation du temps de lecture\" \/>\n\t<meta name=\"twitter:data1\" content=\"2 minutes\" \/>\n<script type=\"application\/ld+json\" class=\"yoast-schema-graph\">{\"@context\":\"https:\/\/schema.org\",\"@graph\":[{\"@type\":\"WebPage\",\"@id\":\"https:\/\/acontrecourant.qc.ca\/fr\/evenements\/coupe\/2022-28\/mot-de-bienvenue\/\",\"url\":\"https:\/\/acontrecourant.qc.ca\/fr\/evenements\/coupe\/2022-28\/mot-de-bienvenue\/\",\"name\":\"Mot de bienvenue - \u00c0 Contre Courant\",\"isPartOf\":{\"@id\":\"https:\/\/acontrecourant.qc.ca\/en\/#website\"},\"datePublished\":\"2022-11-03T22:23:16+00:00\",\"dateModified\":\"2022-11-10T01:39:08+00:00\",\"breadcrumb\":{\"@id\":\"https:\/\/acontrecourant.qc.ca\/fr\/evenements\/coupe\/2022-28\/mot-de-bienvenue\/#breadcrumb\"},\"inLanguage\":\"fr-CA\",\"potentialAction\":[{\"@type\":\"ReadAction\",\"target\":[\"https:\/\/acontrecourant.qc.ca\/fr\/evenements\/coupe\/2022-28\/mot-de-bienvenue\/\"]}]},{\"@type\":\"BreadcrumbList\",\"@id\":\"https:\/\/acontrecourant.qc.ca\/fr\/evenements\/coupe\/2022-28\/mot-de-bienvenue\/#breadcrumb\",\"itemListElement\":[{\"@type\":\"ListItem\",\"position\":1,\"name\":\"\u00c9v\u00e9nements du club\",\"item\":\"https:\/\/acontrecourant.qc.ca\/fr\/evenements\/\"},{\"@type\":\"ListItem\",\"position\":2,\"name\":\"Coupe de Montr\u00e9al\",\"item\":\"https:\/\/acontrecourant.qc.ca\/fr\/evenements\/coupe\/\"},{\"@type\":\"ListItem\",\"position\":3,\"name\":\"28e Coupe de Montreal (2022)\",\"item\":\"https:\/\/acontrecourant.qc.ca\/fr\/evenements\/coupe\/2022-28\/\"},{\"@type\":\"ListItem\",\"position\":4,\"name\":\"Mot de bienvenue\"}]},{\"@type\":\"WebSite\",\"@id\":\"https:\/\/acontrecourant.qc.ca\/en\/#website\",\"url\":\"https:\/\/acontrecourant.qc.ca\/en\/\",\"name\":\"\u00c0 Contre Courant\",\"description\":\"Bienvenue \u00e0 Montr\u00e9al\",\"potentialAction\":[{\"@type\":\"SearchAction\",\"target\":{\"@type\":\"EntryPoint\",\"urlTemplate\":\"https:\/\/acontrecourant.qc.ca\/en\/?s={search_term_string}\"},\"query-input\":{\"@type\":\"PropertyValueSpecification\",\"valueRequired\":true,\"valueName\":\"search_term_string\"}}],\"inLanguage\":\"fr-CA\"}]}<\/script>\n<!-- \/ Yoast SEO plugin. -->","yoast_head_json":{"title":"Mot de bienvenue - \u00c0 Contre Courant","robots":{"index":"index","follow":"follow","max-snippet":"max-snippet:-1","max-image-preview":"max-image-preview:large","max-video-preview":"max-video-preview:-1"},"canonical":"https:\/\/acontrecourant.qc.ca\/fr\/evenements\/coupe\/2022-28\/mot-de-bienvenue\/","twitter_misc":{"Estimation du temps de lecture":"2 minutes"},"schema":{"@context":"https:\/\/schema.org","@graph":[{"@type":"WebPage","@id":"https:\/\/acontrecourant.qc.ca\/fr\/evenements\/coupe\/2022-28\/mot-de-bienvenue\/","url":"https:\/\/acontrecourant.qc.ca\/fr\/evenements\/coupe\/2022-28\/mot-de-bienvenue\/","name":"Mot de bienvenue - \u00c0 Contre Courant","isPartOf":{"@id":"https:\/\/acontrecourant.qc.ca\/en\/#website"},"datePublished":"2022-11-03T22:23:16+00:00","dateModified":"2022-11-10T01:39:08+00:00","breadcrumb":{"@id":"https:\/\/acontrecourant.qc.ca\/fr\/evenements\/coupe\/2022-28\/mot-de-bienvenue\/#breadcrumb"},"inLanguage":"fr-CA","potentialAction":[{"@type":"ReadAction","target":["https:\/\/acontrecourant.qc.ca\/fr\/evenements\/coupe\/2022-28\/mot-de-bienvenue\/"]}]},{"@type":"BreadcrumbList","@id":"https:\/\/acontrecourant.qc.ca\/fr\/evenements\/coupe\/2022-28\/mot-de-bienvenue\/#breadcrumb","itemListElement":[{"@type":"ListItem","position":1,"name":"\u00c9v\u00e9nements du club","item":"https:\/\/acontrecourant.qc.ca\/fr\/evenements\/"},{"@type":"ListItem","position":2,"name":"Coupe de Montr\u00e9al","item":"https:\/\/acontrecourant.qc.ca\/fr\/evenements\/coupe\/"},{"@type":"ListItem","position":3,"name":"28e Coupe de Montreal (2022)","item":"https:\/\/acontrecourant.qc.ca\/fr\/evenements\/coupe\/2022-28\/"},{"@type":"ListItem","position":4,"name":"Mot de bienvenue"}]},{"@type":"WebSite","@id":"https:\/\/acontrecourant.qc.ca\/en\/#website","url":"https:\/\/acontrecourant.qc.ca\/en\/","name":"\u00c0 Contre Courant","description":"Bienvenue \u00e0 Montr\u00e9al","potentialAction":[{"@type":"SearchAction","target":{"@type":"EntryPoint","urlTemplate":"https:\/\/acontrecourant.qc.ca\/en\/?s={search_term_string}"},"query-input":{"@type":"PropertyValueSpecification","valueRequired":true,"valueName":"search_term_string"}}],"inLanguage":"fr-CA"}]}},"_links":{"self":[{"href":"https:\/\/acontrecourant.qc.ca\/fr\/wp-json\/wp\/v2\/pages\/3734\/"}],"collection":[{"href":"https:\/\/acontrecourant.qc.ca\/fr\/wp-json\/wp\/v2\/pages\/"}],"about":[{"href":"https:\/\/acontrecourant.qc.ca\/fr\/wp-json\/wp\/v2\/types\/page\/"}],"author":[{"embeddable":true,"href":"https:\/\/acontrecourant.qc.ca\/fr\/wp-json\/wp\/v2\/users\/9\/"}],"replies":[{"embeddable":true,"href":"https:\/\/acontrecourant.qc.ca\/fr\/wp-json\/wp\/v2\/comments\/?post=3734"}],"version-history":[{"count":6,"href":"https:\/\/acontrecourant.qc.ca\/fr\/wp-json\/wp\/v2\/pages\/3734\/revisions\/"}],"predecessor-version":[{"id":3911,"href":"https:\/\/acontrecourant.qc.ca\/fr\/wp-json\/wp\/v2\/pages\/3734\/revisions\/3911\/"}],"up":[{"embeddable":true,"href":"https:\/\/acontrecourant.qc.ca\/fr\/wp-json\/wp\/v2\/pages\/3746\/"}],"wp:attachment":[{"href":"https:\/\/acontrecourant.qc.ca\/fr\/wp-json\/wp\/v2\/media\/?parent=3734"}],"curies":[{"name":"wp","href":"https:\/\/api.w.org\/{rel}","templated":true}]}}