{"id":3724,"date":"2022-11-01T20:44:32","date_gmt":"2022-11-02T00:44:32","guid":{"rendered":"http:\/\/acontrecourant.qc.ca\/?page_id=3724"},"modified":"2022-12-21T18:32:15","modified_gmt":"2022-12-21T23:32:15","slug":"guide-ramp","status":"publish","type":"page","link":"https:\/\/acontrecourant.qc.ca\/fr\/guide-ramp\/","title":{"rendered":"Guide RAMP"},"content":{"rendered":"<p>Le pr\u00e9sent document a pour objectif de vous accompagner lors de votre paiement de votre Affiliation \u00e0 Water-Polo Canada. Cette \u00e9tape est obligatoire et n\u2019est requise qu\u2019une seule fois par ann\u00e9e. Pour r\u00e9f\u00e9rence, l\u2019ann\u00e9e d\u00e9bute le 1re septembre de l\u2019ann\u00e9e en cours et se termine le 31 ao\u00fbt de l\u2019ann\u00e9e suivante.<\/p>\n<p>Les co\u00fbts servent \u00e0 couvrir les assurances, ainsi qu\u2019\u00e0 obtenir votre signature pour diff\u00e9rents documents, obligatoire et requis pour tous les joueurs de Water-Polo.<\/p>\n<p>&nbsp;<\/p>\n<p style=\"text-align: center;\"><strong>ATTENTION &#8211; PRENDRE NOTE<\/strong><\/p>\n<p>La plate-forme RAMP a \u00e9t\u00e9 con\u00e7ue par une compagnie majoritairement anglophone et choisie par Water Polo Canada. Nous recommandons de regarder les indicateurs <span style=\"color: #b300b3;\"><strong>mauves<\/strong><\/span> afin de vous guider.<\/p>\n<p><em>Plus de d\u00e9tails \u00e0 venir<\/em><\/p>\n","protected":false},"excerpt":{"rendered":"<p>Le pr\u00e9sent document a pour objectif de vous accompagner lors de votre paiement de votre Affiliation \u00e0 Water-Polo Canada. Cette \u00e9tape est obligatoire et n\u2019est requise qu\u2019une seule fois par ann\u00e9e. Pour r\u00e9f\u00e9rence, l\u2019ann\u00e9e d\u00e9bute le 1re septembre de l\u2019ann\u00e9e en cours et se termine le 31 ao\u00fbt de l\u2019ann\u00e9e suivante. Les co\u00fbts servent \u00e0 [&hellip;]<\/p>\n","protected":false},"author":12,"featured_media":0,"parent":0,"menu_order":0,"comment_status":"closed","ping_status":"closed","template":"page-full-width.php","meta":{"_acf_changed":false,"footnotes":""},"class_list":["post-3724","page","type-page","status-publish","hentry"],"acf":[],"yoast_head":"<!-- This site is optimized with the Yoast SEO plugin v26.3 - https:\/\/yoast.com\/wordpress\/plugins\/seo\/ -->\n<title>Guide RAMP - \u00c0 Contre Courant<\/title>\n<meta name=\"robots\" content=\"index, follow, max-snippet:-1, max-image-preview:large, max-video-preview:-1\" \/>\n<link rel=\"canonical\" href=\"https:\/\/acontrecourant.qc.ca\/fr\/guide-ramp\/\" \/>\n<meta name=\"twitter:label1\" content=\"Estimation du temps de lecture\" \/>\n\t<meta name=\"twitter:data1\" content=\"1 minute\" \/>\n<script type=\"application\/ld+json\" class=\"yoast-schema-graph\">{\"@context\":\"https:\/\/schema.org\",\"@graph\":[{\"@type\":\"WebPage\",\"@id\":\"https:\/\/acontrecourant.qc.ca\/fr\/guide-ramp\/\",\"url\":\"https:\/\/acontrecourant.qc.ca\/fr\/guide-ramp\/\",\"name\":\"Guide RAMP - \u00c0 Contre Courant\",\"isPartOf\":{\"@id\":\"https:\/\/acontrecourant.qc.ca\/en\/#website\"},\"datePublished\":\"2022-11-02T00:44:32+00:00\",\"dateModified\":\"2022-12-21T23:32:15+00:00\",\"inLanguage\":\"fr-CA\",\"potentialAction\":[{\"@type\":\"ReadAction\",\"target\":[\"https:\/\/acontrecourant.qc.ca\/fr\/guide-ramp\/\"]}]},{\"@type\":\"WebSite\",\"@id\":\"https:\/\/acontrecourant.qc.ca\/en\/#website\",\"url\":\"https:\/\/acontrecourant.qc.ca\/en\/\",\"name\":\"\u00c0 Contre Courant\",\"description\":\"Bienvenue \u00e0 Montr\u00e9al\",\"potentialAction\":[{\"@type\":\"SearchAction\",\"target\":{\"@type\":\"EntryPoint\",\"urlTemplate\":\"https:\/\/acontrecourant.qc.ca\/en\/?s={search_term_string}\"},\"query-input\":{\"@type\":\"PropertyValueSpecification\",\"valueRequired\":true,\"valueName\":\"search_term_string\"}}],\"inLanguage\":\"fr-CA\"}]}<\/script>\n<!-- \/ Yoast SEO plugin. -->","yoast_head_json":{"title":"Guide RAMP - \u00c0 Contre Courant","robots":{"index":"index","follow":"follow","max-snippet":"max-snippet:-1","max-image-preview":"max-image-preview:large","max-video-preview":"max-video-preview:-1"},"canonical":"https:\/\/acontrecourant.qc.ca\/fr\/guide-ramp\/","twitter_misc":{"Estimation du temps de lecture":"1 minute"},"schema":{"@context":"https:\/\/schema.org","@graph":[{"@type":"WebPage","@id":"https:\/\/acontrecourant.qc.ca\/fr\/guide-ramp\/","url":"https:\/\/acontrecourant.qc.ca\/fr\/guide-ramp\/","name":"Guide RAMP - \u00c0 Contre Courant","isPartOf":{"@id":"https:\/\/acontrecourant.qc.ca\/en\/#website"},"datePublished":"2022-11-02T00:44:32+00:00","dateModified":"2022-12-21T23:32:15+00:00","inLanguage":"fr-CA","potentialAction":[{"@type":"ReadAction","target":["https:\/\/acontrecourant.qc.ca\/fr\/guide-ramp\/"]}]},{"@type":"WebSite","@id":"https:\/\/acontrecourant.qc.ca\/en\/#website","url":"https:\/\/acontrecourant.qc.ca\/en\/","name":"\u00c0 Contre Courant","description":"Bienvenue \u00e0 Montr\u00e9al","potentialAction":[{"@type":"SearchAction","target":{"@type":"EntryPoint","urlTemplate":"https:\/\/acontrecourant.qc.ca\/en\/?s={search_term_string}"},"query-input":{"@type":"PropertyValueSpecification","valueRequired":true,"valueName":"search_term_string"}}],"inLanguage":"fr-CA"}]}},"_links":{"self":[{"href":"https:\/\/acontrecourant.qc.ca\/fr\/wp-json\/wp\/v2\/pages\/3724\/"}],"collection":[{"href":"https:\/\/acontrecourant.qc.ca\/fr\/wp-json\/wp\/v2\/pages\/"}],"about":[{"href":"https:\/\/acontrecourant.qc.ca\/fr\/wp-json\/wp\/v2\/types\/page\/"}],"author":[{"embeddable":true,"href":"https:\/\/acontrecourant.qc.ca\/fr\/wp-json\/wp\/v2\/users\/12\/"}],"replies":[{"embeddable":true,"href":"https:\/\/acontrecourant.qc.ca\/fr\/wp-json\/wp\/v2\/comments\/?post=3724"}],"version-history":[{"count":6,"href":"https:\/\/acontrecourant.qc.ca\/fr\/wp-json\/wp\/v2\/pages\/3724\/revisions\/"}],"predecessor-version":[{"id":4366,"href":"https:\/\/acontrecourant.qc.ca\/fr\/wp-json\/wp\/v2\/pages\/3724\/revisions\/4366\/"}],"wp:attachment":[{"href":"https:\/\/acontrecourant.qc.ca\/fr\/wp-json\/wp\/v2\/media\/?parent=3724"}],"curies":[{"name":"wp","href":"https:\/\/api.w.org\/{rel}","templated":true}]}}