{"id":3687,"date":"2022-10-20T23:17:39","date_gmt":"2022-10-21T03:17:39","guid":{"rendered":"http:\/\/acontrecourant.qc.ca\/?page_id=3687"},"modified":"2022-11-08T16:28:37","modified_gmt":"2022-11-08T21:28:37","slug":"coupe-soiree","status":"publish","type":"page","link":"https:\/\/acontrecourant.qc.ca\/fr\/evenements\/coupe-soiree\/","title":{"rendered":"SOIR\u00c9E COUPE 2022  &#8211;  12 NOVEMBRE 2022 &#8211; 19H"},"content":{"rendered":"<h1><a href=\"http:\/\/acontrecourant.qc.ca\/wp-content\/uploads\/jpg\/rebel.jpg\"><img loading=\"lazy\" decoding=\"async\" class=\"wp-image-3695 aligncenter\" src=\"http:\/\/acontrecourant.qc.ca\/wp-content\/uploads\/jpg\/rebel-300x203.jpg\" alt=\"\" width=\"153\" height=\"103\" srcset=\"https:\/\/acontrecourant.qc.ca\/wp-content\/uploads\/jpg\/rebel-300x203.jpg 300w, https:\/\/acontrecourant.qc.ca\/wp-content\/uploads\/jpg\/rebel-150x102.jpg 150w, https:\/\/acontrecourant.qc.ca\/wp-content\/uploads\/jpg\/rebel.jpg 622w\" sizes=\"auto, (max-width: 153px) 100vw, 153px\" \/><\/a><\/h1>\n<h1 style=\"text-align: center;\"><strong>Au restaurant <a href=\"https:\/\/www.rebelbrasserieurbaine.com\/\">Le Rebel<\/a><\/strong><\/h1>\n<p style=\"text-align: center;\"><em>Adresse : 1478, rue Sainte Catherine Est, H2L 2J1, MONTR\u00c9AL (Entrez par la porte du<strong> Sky bar<\/strong>)<\/em><\/p>\n<p style=\"text-align: center;\"><strong>***\u00a0<\/strong><\/p>\n<h1 style=\"text-align: center;\"><strong>Prix : 58 $<\/strong><\/h1>\n<p style=\"text-align: center;\"><u><\/u><em>(incl. taxes &amp; pourboire)<\/em><\/p>\n<h3 style=\"text-align: center;\"><strong>\u00a0Punch de bienvenue, repas 3 services, entr\u00e9e au bar le Sky<\/strong><\/h3>\n<p style=\"text-align: center;\"><em>Attention : vins\/bi\u00e8res\/alcools \u00e0 la carte non inclus mais disponibles sur demande aupr\u00e8s de votre serveur pendant la soir\u00e9e.<\/em><\/p>\n<p style=\"text-align: center;\">***<\/p>\n<h1 style=\"text-align: center;\"><strong>COMMENT S&rsquo;INSCRIRE?<\/strong><\/h1>\n<p style=\"text-align: center;\"><strong>Places limit\u00e9es<\/strong><\/p>\n<h3 style=\"text-align: center;\"><strong>Cliquez sur <\/strong><em><a href=\"https:\/\/www.eventbrite.ca\/e\/billets-soiree-de-la-coupe-2022-445751664227?fbclid=IwAR30ufxec2HuQsg0f6Kea2s1iSXGT77kk6JR6YVcy7mdO1EIeED5pjDuI4k\">Inscription <\/a><\/em><strong>pour choisir votre menu et acheter votre billet*:\u00a0<\/strong><\/h3>\n<p style=\"text-align: center;\"><em>(Inscriptions ouvertes du 23 octobre \u00e0 partir de 18 h au 4 novembre 2022 \u00e0 minuit)<\/em><\/p>\n<p>&nbsp;<\/p>\n<p style=\"text-align: left;\">*Billet non remboursable en cas d\u2019annulation apr\u00e8s le 4 novembre 2022.<\/p>\n","protected":false},"excerpt":{"rendered":"<p>Au restaurant Le Rebel Adresse : 1478, rue Sainte Catherine Est, H2L 2J1, MONTR\u00c9AL (Entrez par la porte du Sky bar) ***\u00a0 Prix : 58 $ (incl. taxes &amp; pourboire) \u00a0Punch de bienvenue, repas 3 services, entr\u00e9e au bar le Sky Attention : vins\/bi\u00e8res\/alcools \u00e0 la carte non inclus mais disponibles sur demande aupr\u00e8s de [&hellip;]<\/p>\n","protected":false},"author":10,"featured_media":0,"parent":147,"menu_order":0,"comment_status":"closed","ping_status":"closed","template":"page-full-width.php","meta":{"_acf_changed":false,"footnotes":""},"class_list":["post-3687","page","type-page","status-publish","hentry"],"acf":[],"yoast_head":"<!-- This site is optimized with the Yoast SEO plugin v26.3 - https:\/\/yoast.com\/wordpress\/plugins\/seo\/ -->\n<title>SOIR\u00c9E COUPE 2022 - 12 NOVEMBRE 2022 - 19H - \u00c0 Contre Courant<\/title>\n<meta name=\"robots\" content=\"index, follow, max-snippet:-1, max-image-preview:large, max-video-preview:-1\" \/>\n<link rel=\"canonical\" href=\"https:\/\/acontrecourant.qc.ca\/fr\/evenements\/coupe-soiree\/\" \/>\n<meta name=\"twitter:label1\" content=\"Estimation du temps de lecture\" \/>\n\t<meta name=\"twitter:data1\" content=\"1 minute\" \/>\n<script type=\"application\/ld+json\" class=\"yoast-schema-graph\">{\"@context\":\"https:\/\/schema.org\",\"@graph\":[{\"@type\":\"WebPage\",\"@id\":\"https:\/\/acontrecourant.qc.ca\/fr\/evenements\/coupe-soiree\/\",\"url\":\"https:\/\/acontrecourant.qc.ca\/fr\/evenements\/coupe-soiree\/\",\"name\":\"SOIR\u00c9E COUPE 2022 - 12 NOVEMBRE 2022 - 19H - \u00c0 Contre Courant\",\"isPartOf\":{\"@id\":\"https:\/\/acontrecourant.qc.ca\/en\/#website\"},\"primaryImageOfPage\":{\"@id\":\"https:\/\/acontrecourant.qc.ca\/fr\/evenements\/coupe-soiree\/#primaryimage\"},\"image\":{\"@id\":\"https:\/\/acontrecourant.qc.ca\/fr\/evenements\/coupe-soiree\/#primaryimage\"},\"thumbnailUrl\":\"http:\/\/acontrecourant.qc.ca\/wp-content\/uploads\/jpg\/rebel-300x203.jpg\",\"datePublished\":\"2022-10-21T03:17:39+00:00\",\"dateModified\":\"2022-11-08T21:28:37+00:00\",\"breadcrumb\":{\"@id\":\"https:\/\/acontrecourant.qc.ca\/fr\/evenements\/coupe-soiree\/#breadcrumb\"},\"inLanguage\":\"fr-CA\",\"potentialAction\":[{\"@type\":\"ReadAction\",\"target\":[\"https:\/\/acontrecourant.qc.ca\/fr\/evenements\/coupe-soiree\/\"]}]},{\"@type\":\"ImageObject\",\"inLanguage\":\"fr-CA\",\"@id\":\"https:\/\/acontrecourant.qc.ca\/fr\/evenements\/coupe-soiree\/#primaryimage\",\"url\":\"http:\/\/acontrecourant.qc.ca\/wp-content\/uploads\/jpg\/rebel-300x203.jpg\",\"contentUrl\":\"http:\/\/acontrecourant.qc.ca\/wp-content\/uploads\/jpg\/rebel-300x203.jpg\"},{\"@type\":\"BreadcrumbList\",\"@id\":\"https:\/\/acontrecourant.qc.ca\/fr\/evenements\/coupe-soiree\/#breadcrumb\",\"itemListElement\":[{\"@type\":\"ListItem\",\"position\":1,\"name\":\"\u00c9v\u00e9nements du club\",\"item\":\"https:\/\/acontrecourant.qc.ca\/fr\/evenements\/\"},{\"@type\":\"ListItem\",\"position\":2,\"name\":\"SOIR\u00c9E COUPE 2022 &#8211; 12 NOVEMBRE 2022 &#8211; 19H\"}]},{\"@type\":\"WebSite\",\"@id\":\"https:\/\/acontrecourant.qc.ca\/en\/#website\",\"url\":\"https:\/\/acontrecourant.qc.ca\/en\/\",\"name\":\"\u00c0 Contre Courant\",\"description\":\"Bienvenue \u00e0 Montr\u00e9al\",\"potentialAction\":[{\"@type\":\"SearchAction\",\"target\":{\"@type\":\"EntryPoint\",\"urlTemplate\":\"https:\/\/acontrecourant.qc.ca\/en\/?s={search_term_string}\"},\"query-input\":{\"@type\":\"PropertyValueSpecification\",\"valueRequired\":true,\"valueName\":\"search_term_string\"}}],\"inLanguage\":\"fr-CA\"}]}<\/script>\n<!-- \/ Yoast SEO plugin. -->","yoast_head_json":{"title":"SOIR\u00c9E COUPE 2022 - 12 NOVEMBRE 2022 - 19H - \u00c0 Contre Courant","robots":{"index":"index","follow":"follow","max-snippet":"max-snippet:-1","max-image-preview":"max-image-preview:large","max-video-preview":"max-video-preview:-1"},"canonical":"https:\/\/acontrecourant.qc.ca\/fr\/evenements\/coupe-soiree\/","twitter_misc":{"Estimation du temps de lecture":"1 minute"},"schema":{"@context":"https:\/\/schema.org","@graph":[{"@type":"WebPage","@id":"https:\/\/acontrecourant.qc.ca\/fr\/evenements\/coupe-soiree\/","url":"https:\/\/acontrecourant.qc.ca\/fr\/evenements\/coupe-soiree\/","name":"SOIR\u00c9E COUPE 2022 - 12 NOVEMBRE 2022 - 19H - \u00c0 Contre Courant","isPartOf":{"@id":"https:\/\/acontrecourant.qc.ca\/en\/#website"},"primaryImageOfPage":{"@id":"https:\/\/acontrecourant.qc.ca\/fr\/evenements\/coupe-soiree\/#primaryimage"},"image":{"@id":"https:\/\/acontrecourant.qc.ca\/fr\/evenements\/coupe-soiree\/#primaryimage"},"thumbnailUrl":"http:\/\/acontrecourant.qc.ca\/wp-content\/uploads\/jpg\/rebel-300x203.jpg","datePublished":"2022-10-21T03:17:39+00:00","dateModified":"2022-11-08T21:28:37+00:00","breadcrumb":{"@id":"https:\/\/acontrecourant.qc.ca\/fr\/evenements\/coupe-soiree\/#breadcrumb"},"inLanguage":"fr-CA","potentialAction":[{"@type":"ReadAction","target":["https:\/\/acontrecourant.qc.ca\/fr\/evenements\/coupe-soiree\/"]}]},{"@type":"ImageObject","inLanguage":"fr-CA","@id":"https:\/\/acontrecourant.qc.ca\/fr\/evenements\/coupe-soiree\/#primaryimage","url":"http:\/\/acontrecourant.qc.ca\/wp-content\/uploads\/jpg\/rebel-300x203.jpg","contentUrl":"http:\/\/acontrecourant.qc.ca\/wp-content\/uploads\/jpg\/rebel-300x203.jpg"},{"@type":"BreadcrumbList","@id":"https:\/\/acontrecourant.qc.ca\/fr\/evenements\/coupe-soiree\/#breadcrumb","itemListElement":[{"@type":"ListItem","position":1,"name":"\u00c9v\u00e9nements du club","item":"https:\/\/acontrecourant.qc.ca\/fr\/evenements\/"},{"@type":"ListItem","position":2,"name":"SOIR\u00c9E COUPE 2022 &#8211; 12 NOVEMBRE 2022 &#8211; 19H"}]},{"@type":"WebSite","@id":"https:\/\/acontrecourant.qc.ca\/en\/#website","url":"https:\/\/acontrecourant.qc.ca\/en\/","name":"\u00c0 Contre Courant","description":"Bienvenue \u00e0 Montr\u00e9al","potentialAction":[{"@type":"SearchAction","target":{"@type":"EntryPoint","urlTemplate":"https:\/\/acontrecourant.qc.ca\/en\/?s={search_term_string}"},"query-input":{"@type":"PropertyValueSpecification","valueRequired":true,"valueName":"search_term_string"}}],"inLanguage":"fr-CA"}]}},"_links":{"self":[{"href":"https:\/\/acontrecourant.qc.ca\/fr\/wp-json\/wp\/v2\/pages\/3687\/"}],"collection":[{"href":"https:\/\/acontrecourant.qc.ca\/fr\/wp-json\/wp\/v2\/pages\/"}],"about":[{"href":"https:\/\/acontrecourant.qc.ca\/fr\/wp-json\/wp\/v2\/types\/page\/"}],"author":[{"embeddable":true,"href":"https:\/\/acontrecourant.qc.ca\/fr\/wp-json\/wp\/v2\/users\/10\/"}],"replies":[{"embeddable":true,"href":"https:\/\/acontrecourant.qc.ca\/fr\/wp-json\/wp\/v2\/comments\/?post=3687"}],"version-history":[{"count":10,"href":"https:\/\/acontrecourant.qc.ca\/fr\/wp-json\/wp\/v2\/pages\/3687\/revisions\/"}],"predecessor-version":[{"id":3864,"href":"https:\/\/acontrecourant.qc.ca\/fr\/wp-json\/wp\/v2\/pages\/3687\/revisions\/3864\/"}],"up":[{"embeddable":true,"href":"https:\/\/acontrecourant.qc.ca\/fr\/wp-json\/wp\/v2\/pages\/147\/"}],"wp:attachment":[{"href":"https:\/\/acontrecourant.qc.ca\/fr\/wp-json\/wp\/v2\/media\/?parent=3687"}],"curies":[{"name":"wp","href":"https:\/\/api.w.org\/{rel}","templated":true}]}}