{"id":3609,"date":"2022-10-13T00:50:23","date_gmt":"2022-10-13T04:50:23","guid":{"rendered":"http:\/\/acontrecourant.qc.ca\/?page_id=3609"},"modified":"2022-11-08T19:02:45","modified_gmt":"2022-11-09T00:02:45","slug":"coupe-insc-athletes","status":"publish","type":"page","link":"https:\/\/acontrecourant.qc.ca\/fr\/evenements\/coupe-insc-athletes\/","title":{"rendered":"Inscription &#8211; Athl\u00e8tes"},"content":{"rendered":"<p><span style=\"font-weight: 400;\">La date limite pour la r\u00e9ception des inscriptions est le <b>vendredi 4 novembre 2022 avant 23 h 59. La comp\u00e9tition sera limit\u00e9e \u00e0 400 athl\u00e8tes, la priorit\u00e9 \u00e9tant accord\u00e9e selon l\u2019ordre d\u2019arriv\u00e9e des inscriptions, quel que soit le mode d\u2019exp\u00e9dition utilis\u00e9.<\/b><\/span><\/p>\n<p><span style=\"font-weight: 400;\">Pour les personnes de l\u2019ext\u00e9rieur du Canada s\u2019inscrivant par la poste, pr\u00e9voir le d\u00e9lai de livraison postale. Les \u00e9quipes du Qu\u00e9bec doivent obligatoirement s\u2019<a href=\"https:\/\/www.swimming.ca\/fr\/evenements-resultats\/rencontres-a-venir-en-cours\/?province=10&amp;season=20&amp;month=11\">inscrire en ligne<\/a>. Chaque athl\u00e8te peut s\u2019inscrire \u00e0 un maximum de 5 \u00e9preuves individuelles, en plus des relais. Tout athl\u00e8te qui n\u2019aura pas acquitt\u00e9 les droits d\u2019inscription se verra refuser de participer \u00e0 ses \u00e9preuves.<\/span><\/p>\n<p><span style=\"font-weight: 400;\">Les inscriptions aux relais devront se faire par cat\u00e9gorie d\u2019\u00e2ge avec le nom des nageurs. Les \u00e9quipes de relais ne peuvent pas changer de cat\u00e9gorie d\u2019\u00e2ge le jour de la comp\u00e9tition. Un nageur absent peut-\u00eatre remplac\u00e9 par un autre nageur \u00e0 condition que la cat\u00e9gorie d\u2019\u00e2ge de l&rsquo;\u00e9quipe indiqu\u00e9e lors de l&rsquo;inscription soit respect\u00e9e.<\/span><\/p>\n<h2>Droits d\u2019inscription<\/h2>\n<p>Les droits d\u2019inscription sont fix\u00e9s \u00e0 6,90 $ par nageur (frais fixes de participation), \u00e0 10,35 $ par \u00e9preuve individuelle et \u00e0 12,65 $ par \u00e9quipe de relais et par \u00e9preuve de relais, toutes taxes incluses. Cette somme ne couvre que la participation \u00e0 la comp\u00e9tition elle-m\u00eame. Comme le pr\u00e9voient les r\u00e8glements de la FNQ, le paiement des droits doit accompagner l\u2019inscription, afin de faciliter et d\u2019acc\u00e9l\u00e9rer le processus de l\u2019accueil.<\/p>\n<p>Le taux de change en vigueur pour les sommes en devises am\u00e9ricaines sera de 1,00 $ CA contre 0,75 $ US. Tout paiement par ch\u00e8que en devises am\u00e9ricaines sera major\u00e9 de 3 $ CA pour couvrir les frais de l\u2019encaissement.<\/p>\n<h2>Politique d\u2019annulation et de remboursement<\/h2>\n<p>Les athl\u00e8tes qui, apr\u00e8s s\u2019\u00eatre inscrits, se trouveront dans l\u2019impossibilit\u00e9 de se pr\u00e9senter \u00e0 la comp\u00e9tition devront aviser le registraire au plus tard le dimanche 6 novembre 2022 \u00e0 18 h 00 EST pour obtenir un remboursement complet. Les droits d\u2019inscription seront factur\u00e9s selon cette politique \u00e0 toute personne qui s\u2019inscrit sans envoyer de paiement, qu\u2019elle se pr\u00e9sente ou non \u00e0 la comp\u00e9tition. Les substitutions ne pourront pas \u00eatre accept\u00e9es.<\/p>\n<h2>Modalit\u00e9s d\u2019inscription &#8211; Pour toutes les \u00e9quipes du Canada<\/h2>\n<p><span style=\"font-weight: 400;\">Les \u00e9quipes du Canada doivent obligatoirement s\u2019<a href=\"https:\/\/www.swimming.ca\/fr\/evenements-resultats\/rencontres-a-venir-en-cours\/\">inscrire en ligne<\/a>.<\/span> <span style=\"font-weight: 400;\"> Le num\u00e9ro d\u2019affiliation pour la saison  de chacun des nageurs doit \u00eatre indiqu\u00e9 dans votre Team Manager. Le participant doit \u00eatre affili\u00e9 comme ma\u00eetre nageur comp\u00e9titif ou non comp\u00e9titif (pour une premi\u00e8re comp\u00e9tition) \u00e0 la FNQ ou autre f\u00e9d\u00e9ration.<\/span><\/p>\n<h2>Modalit\u00e9s d\u2019inscription &#8211; Pour les nageurs de l\u2019ext\u00e9rieur du Canada<\/h2>\n<ul>\n<li><span style=\"font-weight: 400;\">Les inscriptions doivent \u00eatre effectu\u00e9es en remplissant le formulaire en ligne d\u2019inscription <a href=\"https:\/\/docs.google.com\/forms\/d\/e\/1FAIpQLScPto-mfwq_ZtJvWB58YpeIx8759aT17bL9aexmq6y0kjY_5A\/viewform\">individuelle<\/a> ou <a href=\"https:\/\/docs.google.com\/forms\/d\/e\/1FAIpQLSdMPBhFIcNnwIQYIVuOWAvo_lNMuPifQgxM5CGXqqaKQ5Hotw\/viewform\">d\u2019\u00e9quipe<\/a>. <\/span><br \/>\n<span style=\"font-weight: 400;\">Le paiement devra \u00eatre post\u00e9, ou encore pay\u00e9 lors de l\u2019enregistrement \u00e0 la piscine le matin de la comp\u00e9tition. <\/span><\/li>\n<li><span style=\"font-weight: 400;\"> Le num\u00e9ro d\u2019affiliation pour la saison  de chacun des nageurs doit \u00eatre indiqu\u00e9 dans la fiche d\u2019inscription. <\/span><\/li>\n<li><span style=\"font-weight: 400;\"> Les nageurs souhaitant payer par ch\u00e8que doivent imprimer le formulaire d\u2019inscription et le faire parvenir avec leur ch\u00e8que \u00e0 l\u2019adresse indiqu\u00e9e ci-dessous. <\/span><\/li>\n<\/ul>\n<p><b>\u00c0 noter : <\/b>Vous devez fournir une copie sur papier de toutes les inscriptions soumises en format \u00e9lectronique ainsi que les originaux des inscriptions envoy\u00e9es par courriel. Le num\u00e9ro d\u2019affiliation de chaque nageur doit \u00eatre indiqu\u00e9 sur le formulaire d\u2019inscription (pri\u00e8re de v\u00e9rifier l\u2019exactitude du num\u00e9ro).<\/p>\n<h2>Coordonn\u00e9es<\/h2>\n<p><span style=\"font-weight: 400;\">Inscriptions \u2013 Coupe de Montr\u00e9al<\/span><br \/>\n<span style=\"font-weight: 400;\">a\/s de Martin Girard<\/span><br \/>\n<span style=\"font-weight: 400;\">1900, avenue Laurier Est<\/span><br \/>\n<span style=\"font-weight: 400;\">Montr\u00e9al (QC) H2H 1B4 <\/span><br \/>\n<span style=\"font-weight: 400;\">Courriel : coupe@acontrecourant.qc.ca <\/span><br \/>\n<b>Les inscriptions seront confirm\u00e9es par courriel. Si vous n\u2019avez pas re\u00e7u de confirmation une semaine apr\u00e8s votre inscription, veuillez nous contacter pour vous assurer que tout est en ordre.<\/b><br \/>\n<span style=\"font-weight: 400;\">\u00c0 votre arriv\u00e9e \u00e0 la piscine, nous confirmerons votre inscription et proc\u00e9derons au paiement. Tout le reste sera disponible en ligne, sur notre site Internet.<\/span><\/p>\n<ul class=\"list-document\">\n<li>Prochaine section:<a style=\"text-transform: uppercase;\" href=\"http:\/\/acontrecourant.qc.ca\/evenements\/coupe-insc-officiels\">Inscriptions &#8211; Officiels et b\u00e9n\u00e9voles<\/a><\/li>\n<li>Section Pr\u00e9c\u00e9dente:<a style=\"text-transform: uppercase;\" href=\"http:\/\/acontrecourant.qc.ca\/evenements\/coupe-questions-tech\">Questions Techniques<\/a><\/li>\n<\/ul>\n","protected":false},"excerpt":{"rendered":"<p>La date limite pour la r\u00e9ception des inscriptions est le avant 23 h 59. La comp\u00e9tition sera limit\u00e9e \u00e0 athl\u00e8tes, la priorit\u00e9 \u00e9tant accord\u00e9e selon l\u2019ordre d\u2019arriv\u00e9e des inscriptions, quel que soit le mode d\u2019exp\u00e9dition utilis\u00e9. Pour les personnes de l\u2019ext\u00e9rieur du Canada s\u2019inscrivant par la poste, pr\u00e9voir le d\u00e9lai de livraison postale. Les \u00e9quipes [&hellip;]<\/p>\n","protected":false},"author":9,"featured_media":0,"parent":147,"menu_order":0,"comment_status":"closed","ping_status":"closed","template":"","meta":{"_acf_changed":false,"footnotes":""},"class_list":["post-3609","page","type-page","status-publish","hentry"],"acf":[],"yoast_head":"<!-- This site is optimized with the Yoast SEO plugin v26.3 - https:\/\/yoast.com\/wordpress\/plugins\/seo\/ -->\n<title>Inscription - Athl\u00e8tes - \u00c0 Contre Courant<\/title>\n<meta name=\"robots\" content=\"index, follow, max-snippet:-1, max-image-preview:large, max-video-preview:-1\" \/>\n<link rel=\"canonical\" href=\"https:\/\/acontrecourant.qc.ca\/fr\/evenements\/coupe-insc-athletes\/\" \/>\n<meta name=\"twitter:label1\" content=\"Estimation du temps de lecture\" \/>\n\t<meta name=\"twitter:data1\" content=\"3 minutes\" \/>\n<script type=\"application\/ld+json\" class=\"yoast-schema-graph\">{\"@context\":\"https:\/\/schema.org\",\"@graph\":[{\"@type\":\"WebPage\",\"@id\":\"https:\/\/acontrecourant.qc.ca\/fr\/evenements\/coupe-insc-athletes\/\",\"url\":\"https:\/\/acontrecourant.qc.ca\/fr\/evenements\/coupe-insc-athletes\/\",\"name\":\"Inscription - Athl\u00e8tes - \u00c0 Contre Courant\",\"isPartOf\":{\"@id\":\"https:\/\/acontrecourant.qc.ca\/en\/#website\"},\"datePublished\":\"2022-10-13T04:50:23+00:00\",\"dateModified\":\"2022-11-09T00:02:45+00:00\",\"breadcrumb\":{\"@id\":\"https:\/\/acontrecourant.qc.ca\/fr\/evenements\/coupe-insc-athletes\/#breadcrumb\"},\"inLanguage\":\"fr-CA\",\"potentialAction\":[{\"@type\":\"ReadAction\",\"target\":[\"https:\/\/acontrecourant.qc.ca\/fr\/evenements\/coupe-insc-athletes\/\"]}]},{\"@type\":\"BreadcrumbList\",\"@id\":\"https:\/\/acontrecourant.qc.ca\/fr\/evenements\/coupe-insc-athletes\/#breadcrumb\",\"itemListElement\":[{\"@type\":\"ListItem\",\"position\":1,\"name\":\"\u00c9v\u00e9nements du club\",\"item\":\"https:\/\/acontrecourant.qc.ca\/fr\/evenements\/\"},{\"@type\":\"ListItem\",\"position\":2,\"name\":\"Inscription &#8211; Athl\u00e8tes\"}]},{\"@type\":\"WebSite\",\"@id\":\"https:\/\/acontrecourant.qc.ca\/en\/#website\",\"url\":\"https:\/\/acontrecourant.qc.ca\/en\/\",\"name\":\"\u00c0 Contre Courant\",\"description\":\"Bienvenue \u00e0 Montr\u00e9al\",\"potentialAction\":[{\"@type\":\"SearchAction\",\"target\":{\"@type\":\"EntryPoint\",\"urlTemplate\":\"https:\/\/acontrecourant.qc.ca\/en\/?s={search_term_string}\"},\"query-input\":{\"@type\":\"PropertyValueSpecification\",\"valueRequired\":true,\"valueName\":\"search_term_string\"}}],\"inLanguage\":\"fr-CA\"}]}<\/script>\n<!-- \/ Yoast SEO plugin. -->","yoast_head_json":{"title":"Inscription - Athl\u00e8tes - \u00c0 Contre Courant","robots":{"index":"index","follow":"follow","max-snippet":"max-snippet:-1","max-image-preview":"max-image-preview:large","max-video-preview":"max-video-preview:-1"},"canonical":"https:\/\/acontrecourant.qc.ca\/fr\/evenements\/coupe-insc-athletes\/","twitter_misc":{"Estimation du temps de lecture":"3 minutes"},"schema":{"@context":"https:\/\/schema.org","@graph":[{"@type":"WebPage","@id":"https:\/\/acontrecourant.qc.ca\/fr\/evenements\/coupe-insc-athletes\/","url":"https:\/\/acontrecourant.qc.ca\/fr\/evenements\/coupe-insc-athletes\/","name":"Inscription - Athl\u00e8tes - \u00c0 Contre Courant","isPartOf":{"@id":"https:\/\/acontrecourant.qc.ca\/en\/#website"},"datePublished":"2022-10-13T04:50:23+00:00","dateModified":"2022-11-09T00:02:45+00:00","breadcrumb":{"@id":"https:\/\/acontrecourant.qc.ca\/fr\/evenements\/coupe-insc-athletes\/#breadcrumb"},"inLanguage":"fr-CA","potentialAction":[{"@type":"ReadAction","target":["https:\/\/acontrecourant.qc.ca\/fr\/evenements\/coupe-insc-athletes\/"]}]},{"@type":"BreadcrumbList","@id":"https:\/\/acontrecourant.qc.ca\/fr\/evenements\/coupe-insc-athletes\/#breadcrumb","itemListElement":[{"@type":"ListItem","position":1,"name":"\u00c9v\u00e9nements du club","item":"https:\/\/acontrecourant.qc.ca\/fr\/evenements\/"},{"@type":"ListItem","position":2,"name":"Inscription &#8211; Athl\u00e8tes"}]},{"@type":"WebSite","@id":"https:\/\/acontrecourant.qc.ca\/en\/#website","url":"https:\/\/acontrecourant.qc.ca\/en\/","name":"\u00c0 Contre Courant","description":"Bienvenue \u00e0 Montr\u00e9al","potentialAction":[{"@type":"SearchAction","target":{"@type":"EntryPoint","urlTemplate":"https:\/\/acontrecourant.qc.ca\/en\/?s={search_term_string}"},"query-input":{"@type":"PropertyValueSpecification","valueRequired":true,"valueName":"search_term_string"}}],"inLanguage":"fr-CA"}]}},"_links":{"self":[{"href":"https:\/\/acontrecourant.qc.ca\/fr\/wp-json\/wp\/v2\/pages\/3609\/"}],"collection":[{"href":"https:\/\/acontrecourant.qc.ca\/fr\/wp-json\/wp\/v2\/pages\/"}],"about":[{"href":"https:\/\/acontrecourant.qc.ca\/fr\/wp-json\/wp\/v2\/types\/page\/"}],"author":[{"embeddable":true,"href":"https:\/\/acontrecourant.qc.ca\/fr\/wp-json\/wp\/v2\/users\/9\/"}],"replies":[{"embeddable":true,"href":"https:\/\/acontrecourant.qc.ca\/fr\/wp-json\/wp\/v2\/comments\/?post=3609"}],"version-history":[{"count":10,"href":"https:\/\/acontrecourant.qc.ca\/fr\/wp-json\/wp\/v2\/pages\/3609\/revisions\/"}],"predecessor-version":[{"id":3874,"href":"https:\/\/acontrecourant.qc.ca\/fr\/wp-json\/wp\/v2\/pages\/3609\/revisions\/3874\/"}],"up":[{"embeddable":true,"href":"https:\/\/acontrecourant.qc.ca\/fr\/wp-json\/wp\/v2\/pages\/147\/"}],"wp:attachment":[{"href":"https:\/\/acontrecourant.qc.ca\/fr\/wp-json\/wp\/v2\/media\/?parent=3609"}],"curies":[{"name":"wp","href":"https:\/\/api.w.org\/{rel}","templated":true}]}}