{"id":3576,"date":"2022-10-13T00:19:48","date_gmt":"2022-10-13T04:19:48","guid":{"rendered":"http:\/\/acontrecourant.qc.ca\/?page_id=3576"},"modified":"2022-11-09T22:32:07","modified_gmt":"2022-11-10T03:32:07","slug":"horaire","status":"publish","type":"page","link":"https:\/\/acontrecourant.qc.ca\/fr\/evenements\/coupe\/2022-28\/horaire\/","title":{"rendered":"Horaire"},"content":{"rendered":"<h2>Samedi le 12 novembre 2022<\/h2>\n<h3>Matin\u00e9e<\/h3>\n<p><span style=\"font-weight: 400;\">7 h 15 : Accueil des athl\u00e8tes et validation<\/span><br \/>\n<span style=\"font-weight: 400;\">7 h 45 : R\u00e9union des officiels<\/span><br \/>\n<span style=\"font-weight: 400;\">8 h 00 \u00e0 8 h 50 : \u00c9chauffement<\/span><br \/>\n<span style=\"font-weight: 400;\">8 h 40 : R\u00e9union technique pour les entra\u00eeneurs ou repr\u00e9sentants des \u00e9quipes<\/span><br \/>\n<span style=\"font-weight: 400;\">9 h 00 : D\u00e9but des \u00e9preuves<\/span><\/p>\n<ol>  \t<li style=\"font-weight: 400\"><span style=\"font-weight: 400\">200 m libre <a href=\"https:\/\/live.swimrankings.net\/35643\/StartList_1.pdf\" rel=\"noopener\" target=\"_blank\">(S\u00e9ries)<\/a><\/span><\/li>  \t\r\n<li style=\"font-weight: 400\"><span style=\"font-weight: 400\">50 m papillon <a href=\"https:\/\/live.swimrankings.net\/35643\/StartList_2.pdf\" rel=\"noopener\" target=\"_blank\">(S\u00e9ries)<\/a><\/span><\/li>  \t\r\n<li style=\"font-weight: 400\"><span style=\"font-weight: 400\">100 m brasse <a href=\"https:\/\/live.swimrankings.net\/35643\/StartList_3.pdf\" rel=\"noopener\" target=\"_blank\">(S\u00e9ries)<\/a><\/span><\/li>  \t\r\n<li style=\"font-weight: 400\"><span style=\"font-weight: 400\">50 m libre <a href=\"https:\/\/live.swimrankings.net\/35643\/StartList_4.pdf\" rel=\"noopener\" target=\"_blank\">(S\u00e9ries)<\/a><\/span><\/li>  \t\r\n<li style=\"font-weight: 400\"><span style=\"font-weight: 400\">200 m dos <a href=\"https:\/\/live.swimrankings.net\/35643\/StartList_5.pdf\" rel=\"noopener\" target=\"_blank\">(S\u00e9ries)<\/a><\/span><\/li>  \t\r\n<li style=\"font-weight: 400\"><span style=\"font-weight: 400\">100 m QN <a href=\"https:\/\/live.swimrankings.net\/35643\/StartList_6.pdf\" rel=\"noopener\" target=\"_blank\">(S\u00e9ries)<\/a><\/span><\/li>  \t\r\n<li style=\"font-weight: 400\"><span style=\"font-weight: 400\">Relais 4 x 50 m libre<\/span><\/li>\r\n<\/ol>\n<p><span style=\"font-weight: 400;\">Pause et \u00e9chauffement (45 minutes) <\/span><\/p>\n<h3>Apr\u00e8s-midi<\/h3>\n<p><span style=\"font-weight: 400;\"><ol start=\"8\">\r\n<li style=\"font-weight: 400\"><span style=\"font-weight: 400\">Relais 4 x 50 m QN<\/span><\/li>  \t\r\n<li style=\"font-weight: 400\"><span style=\"font-weight: 400\">200 m brasse <a href=\"https:\/\/live.swimrankings.net\/35643\/StartList_9.pdf\" rel=\"noopener\" target=\"_blank\">(S\u00e9ries)<\/a><\/span><\/li>  \t\r\n<li style=\"font-weight: 400\"><span style=\"font-weight: 400\">100 m libre <a href=\"https:\/\/live.swimrankings.net\/35643\/StartList_10.pdf\" rel=\"noopener\" target=\"_blank\">(S\u00e9ries)<\/a><\/span><\/li>\r\n<li style=\"font-weight: 400\"><span style=\"font-weight: 400\">50 m dos <a href=\"https:\/\/live.swimrankings.net\/35643\/StartList_11.pdf\" rel=\"noopener\" target=\"_blank\">(S\u00e9ries)<\/a><\/span><\/li>  \t\r\n<li style=\"font-weight: 400\"><span style=\"font-weight: 400\">100 m papillon <a href=\"https:\/\/live.swimrankings.net\/35643\/StartList_12.pdf\" rel=\"noopener\" target=\"_blank\">(S\u00e9ries)<\/a><\/span><\/li>  \t\r\n<li style=\"font-weight: 400\"><span style=\"font-weight: 400\">50 m brasse <a href=\"https:\/\/live.swimrankings.net\/35643\/StartList_13.pdf\" rel=\"noopener\" target=\"_blank\">(S\u00e9ries)<\/a><\/span><\/li>  \t\r\n<li style=\"font-weight: 400\"><span style=\"font-weight: 400\">400 m QN <a href=\"https:\/\/live.swimrankings.net\/35643\/StartList_14.pdf\" rel=\"noopener\" target=\"_blank\">(S\u00e9ries)<\/a><\/span><\/li>\r\n<li style=\"font-weight: 400\"><span style=\"font-weight: 400\">400 m libre* <a href=\"https:\/\/live.swimrankings.net\/35643\/StartList_15.pdf\" rel=\"noopener\" target=\"_blank\">(S\u00e9ries)<\/a><\/span><\/li>  \t\r\n<\/ol><\/span><\/p>\n<p><span style=\"font-weight: 400;\"><span style=\"font-weight: 400\">\r\n* Selon le nombre de forfaits re\u00e7us avant midi, une attribution des d\u00e9parts pourrait \u00eatre refaite. Le cas \u00e9ch\u00e9ant, une annonce au micro sera faite et une nouvelle liste de d\u00e9parts sera affich\u00e9e aux endroits habituels ainsi qu'\u00e0 la table du commis de course.<\/span>\r\n<\/span><\/p>\n<h3>Soir\u00e9e<\/h3>\n<p><span style=\"font-weight: 400;\">19 h 00 : Souper<\/span><br \/>\n<span style=\"font-weight: 400;\">D\u00e9tails \u00e0 venir.<\/span><\/p>\n","protected":false},"excerpt":{"rendered":"<p>Matin\u00e9e 7 h 15 : 7 h 45 : R\u00e9union des officiels 8 h 00 \u00e0 8 h 50 : \u00c9chauffement 8 h 40 : R\u00e9union technique pour les entra\u00eeneurs ou repr\u00e9sentants des \u00e9quipes 9 h 00 : D\u00e9but des \u00e9preuves Pause et \u00e9chauffement (45 minutes) Apr\u00e8s-midi Soir\u00e9e 19 h 00 : Souper D\u00e9tails \u00e0 [&hellip;]<\/p>\n","protected":false},"author":9,"featured_media":0,"parent":3746,"menu_order":0,"comment_status":"closed","ping_status":"closed","template":"","meta":{"_acf_changed":false,"footnotes":""},"class_list":["post-3576","page","type-page","status-publish","hentry"],"acf":[],"yoast_head":"<!-- This site is optimized with the Yoast SEO plugin v26.3 - https:\/\/yoast.com\/wordpress\/plugins\/seo\/ -->\n<title>Horaire - \u00c0 Contre Courant<\/title>\n<meta name=\"robots\" content=\"index, follow, max-snippet:-1, max-image-preview:large, max-video-preview:-1\" \/>\n<link rel=\"canonical\" href=\"https:\/\/acontrecourant.qc.ca\/fr\/evenements\/coupe\/2022-28\/horaire\/\" \/>\n<meta name=\"twitter:label1\" content=\"Estimation du temps de lecture\" \/>\n\t<meta name=\"twitter:data1\" content=\"1 minute\" \/>\n<script type=\"application\/ld+json\" class=\"yoast-schema-graph\">{\"@context\":\"https:\/\/schema.org\",\"@graph\":[{\"@type\":\"WebPage\",\"@id\":\"https:\/\/acontrecourant.qc.ca\/fr\/evenements\/coupe\/2022-28\/horaire\/\",\"url\":\"https:\/\/acontrecourant.qc.ca\/fr\/evenements\/coupe\/2022-28\/horaire\/\",\"name\":\"Horaire - \u00c0 Contre Courant\",\"isPartOf\":{\"@id\":\"https:\/\/acontrecourant.qc.ca\/en\/#website\"},\"datePublished\":\"2022-10-13T04:19:48+00:00\",\"dateModified\":\"2022-11-10T03:32:07+00:00\",\"breadcrumb\":{\"@id\":\"https:\/\/acontrecourant.qc.ca\/fr\/evenements\/coupe\/2022-28\/horaire\/#breadcrumb\"},\"inLanguage\":\"fr-CA\",\"potentialAction\":[{\"@type\":\"ReadAction\",\"target\":[\"https:\/\/acontrecourant.qc.ca\/fr\/evenements\/coupe\/2022-28\/horaire\/\"]}]},{\"@type\":\"BreadcrumbList\",\"@id\":\"https:\/\/acontrecourant.qc.ca\/fr\/evenements\/coupe\/2022-28\/horaire\/#breadcrumb\",\"itemListElement\":[{\"@type\":\"ListItem\",\"position\":1,\"name\":\"\u00c9v\u00e9nements du club\",\"item\":\"https:\/\/acontrecourant.qc.ca\/fr\/evenements\/\"},{\"@type\":\"ListItem\",\"position\":2,\"name\":\"Coupe de Montr\u00e9al\",\"item\":\"https:\/\/acontrecourant.qc.ca\/fr\/evenements\/coupe\/\"},{\"@type\":\"ListItem\",\"position\":3,\"name\":\"28e Coupe de Montreal (2022)\",\"item\":\"https:\/\/acontrecourant.qc.ca\/fr\/evenements\/coupe\/2022-28\/\"},{\"@type\":\"ListItem\",\"position\":4,\"name\":\"Horaire\"}]},{\"@type\":\"WebSite\",\"@id\":\"https:\/\/acontrecourant.qc.ca\/en\/#website\",\"url\":\"https:\/\/acontrecourant.qc.ca\/en\/\",\"name\":\"\u00c0 Contre Courant\",\"description\":\"Bienvenue \u00e0 Montr\u00e9al\",\"potentialAction\":[{\"@type\":\"SearchAction\",\"target\":{\"@type\":\"EntryPoint\",\"urlTemplate\":\"https:\/\/acontrecourant.qc.ca\/en\/?s={search_term_string}\"},\"query-input\":{\"@type\":\"PropertyValueSpecification\",\"valueRequired\":true,\"valueName\":\"search_term_string\"}}],\"inLanguage\":\"fr-CA\"}]}<\/script>\n<!-- \/ Yoast SEO plugin. -->","yoast_head_json":{"title":"Horaire - \u00c0 Contre Courant","robots":{"index":"index","follow":"follow","max-snippet":"max-snippet:-1","max-image-preview":"max-image-preview:large","max-video-preview":"max-video-preview:-1"},"canonical":"https:\/\/acontrecourant.qc.ca\/fr\/evenements\/coupe\/2022-28\/horaire\/","twitter_misc":{"Estimation du temps de lecture":"1 minute"},"schema":{"@context":"https:\/\/schema.org","@graph":[{"@type":"WebPage","@id":"https:\/\/acontrecourant.qc.ca\/fr\/evenements\/coupe\/2022-28\/horaire\/","url":"https:\/\/acontrecourant.qc.ca\/fr\/evenements\/coupe\/2022-28\/horaire\/","name":"Horaire - \u00c0 Contre Courant","isPartOf":{"@id":"https:\/\/acontrecourant.qc.ca\/en\/#website"},"datePublished":"2022-10-13T04:19:48+00:00","dateModified":"2022-11-10T03:32:07+00:00","breadcrumb":{"@id":"https:\/\/acontrecourant.qc.ca\/fr\/evenements\/coupe\/2022-28\/horaire\/#breadcrumb"},"inLanguage":"fr-CA","potentialAction":[{"@type":"ReadAction","target":["https:\/\/acontrecourant.qc.ca\/fr\/evenements\/coupe\/2022-28\/horaire\/"]}]},{"@type":"BreadcrumbList","@id":"https:\/\/acontrecourant.qc.ca\/fr\/evenements\/coupe\/2022-28\/horaire\/#breadcrumb","itemListElement":[{"@type":"ListItem","position":1,"name":"\u00c9v\u00e9nements du club","item":"https:\/\/acontrecourant.qc.ca\/fr\/evenements\/"},{"@type":"ListItem","position":2,"name":"Coupe de Montr\u00e9al","item":"https:\/\/acontrecourant.qc.ca\/fr\/evenements\/coupe\/"},{"@type":"ListItem","position":3,"name":"28e Coupe de Montreal (2022)","item":"https:\/\/acontrecourant.qc.ca\/fr\/evenements\/coupe\/2022-28\/"},{"@type":"ListItem","position":4,"name":"Horaire"}]},{"@type":"WebSite","@id":"https:\/\/acontrecourant.qc.ca\/en\/#website","url":"https:\/\/acontrecourant.qc.ca\/en\/","name":"\u00c0 Contre Courant","description":"Bienvenue \u00e0 Montr\u00e9al","potentialAction":[{"@type":"SearchAction","target":{"@type":"EntryPoint","urlTemplate":"https:\/\/acontrecourant.qc.ca\/en\/?s={search_term_string}"},"query-input":{"@type":"PropertyValueSpecification","valueRequired":true,"valueName":"search_term_string"}}],"inLanguage":"fr-CA"}]}},"_links":{"self":[{"href":"https:\/\/acontrecourant.qc.ca\/fr\/wp-json\/wp\/v2\/pages\/3576\/"}],"collection":[{"href":"https:\/\/acontrecourant.qc.ca\/fr\/wp-json\/wp\/v2\/pages\/"}],"about":[{"href":"https:\/\/acontrecourant.qc.ca\/fr\/wp-json\/wp\/v2\/types\/page\/"}],"author":[{"embeddable":true,"href":"https:\/\/acontrecourant.qc.ca\/fr\/wp-json\/wp\/v2\/users\/9\/"}],"replies":[{"embeddable":true,"href":"https:\/\/acontrecourant.qc.ca\/fr\/wp-json\/wp\/v2\/comments\/?post=3576"}],"version-history":[{"count":13,"href":"https:\/\/acontrecourant.qc.ca\/fr\/wp-json\/wp\/v2\/pages\/3576\/revisions\/"}],"predecessor-version":[{"id":3920,"href":"https:\/\/acontrecourant.qc.ca\/fr\/wp-json\/wp\/v2\/pages\/3576\/revisions\/3920\/"}],"up":[{"embeddable":true,"href":"https:\/\/acontrecourant.qc.ca\/fr\/wp-json\/wp\/v2\/pages\/3746\/"}],"wp:attachment":[{"href":"https:\/\/acontrecourant.qc.ca\/fr\/wp-json\/wp\/v2\/media\/?parent=3576"}],"curies":[{"name":"wp","href":"https:\/\/api.w.org\/{rel}","templated":true}]}}