{"id":339,"date":"2013-09-05T20:02:24","date_gmt":"2013-09-06T00:02:24","guid":{"rendered":"http:\/\/acontrecourant.qc.ca\/?page_id=339"},"modified":"2022-07-31T18:11:25","modified_gmt":"2022-07-31T22:11:25","slug":"video-promotionnelle","status":"publish","type":"page","link":"https:\/\/acontrecourant.qc.ca\/fr\/informations\/video-promotionnelle\/","title":{"rendered":"Vid\u00e9o promotionnelle"},"content":{"rendered":"<p>Venez visiter Montr\u00e9al \u00e0 la mani\u00e8re \u00ab\u00a0 \u00c0 Contre-Courant\u00a0\u00bb. Cliquez pour visionner \u00ab\u00a0Le clip d&rsquo;ACC\u00a0\u00bb et d\u00e9couvrez quelques visages de notre \u00e9quipe. Ce film a \u00e9t\u00e9 r\u00e9alis\u00e9 gr\u00e2ce au soutien de Sylvain Vincent (RE\/MAX).<\/p>\n<p><iframe loading=\"lazy\" title=\"Acontrecourant\" width=\"700\" height=\"525\" src=\"https:\/\/www.youtube.com\/embed\/8-r2YRxVjuw?feature=oembed\" frameborder=\"0\" allow=\"accelerometer; autoplay; clipboard-write; encrypted-media; gyroscope; picture-in-picture\" allowfullscreen><\/iframe><\/p>\n","protected":false},"excerpt":{"rendered":"<p>Venez visiter Montr\u00e9al \u00e0 la mani\u00e8re \u00ab\u00a0 \u00c0 Contre-Courant\u00a0\u00bb. Cliquez pour visionner \u00ab\u00a0Le clip d&rsquo;ACC\u00a0\u00bb et d\u00e9couvrez quelques visages de notre \u00e9quipe. Ce film a \u00e9t\u00e9 r\u00e9alis\u00e9 gr\u00e2ce au soutien de Sylvain Vincent (RE\/MAX).<\/p>\n","protected":false},"author":8,"featured_media":0,"parent":6,"menu_order":0,"comment_status":"closed","ping_status":"closed","template":"page-full-width.php","meta":{"_acf_changed":false,"footnotes":""},"class_list":["post-339","page","type-page","status-publish","hentry"],"acf":[],"yoast_head":"<!-- This site is optimized with the Yoast SEO plugin v26.3 - https:\/\/yoast.com\/wordpress\/plugins\/seo\/ -->\n<title>Vid\u00e9o promotionnelle - \u00c0 Contre Courant<\/title>\n<meta name=\"robots\" content=\"index, follow, max-snippet:-1, max-image-preview:large, max-video-preview:-1\" \/>\n<link rel=\"canonical\" href=\"https:\/\/acontrecourant.qc.ca\/fr\/informations\/video-promotionnelle\/\" \/>\n<script type=\"application\/ld+json\" class=\"yoast-schema-graph\">{\"@context\":\"https:\/\/schema.org\",\"@graph\":[{\"@type\":\"WebPage\",\"@id\":\"https:\/\/acontrecourant.qc.ca\/fr\/informations\/video-promotionnelle\/\",\"url\":\"https:\/\/acontrecourant.qc.ca\/fr\/informations\/video-promotionnelle\/\",\"name\":\"Vid\u00e9o promotionnelle - \u00c0 Contre Courant\",\"isPartOf\":{\"@id\":\"https:\/\/acontrecourant.qc.ca\/en\/#website\"},\"datePublished\":\"2013-09-06T00:02:24+00:00\",\"dateModified\":\"2022-07-31T22:11:25+00:00\",\"breadcrumb\":{\"@id\":\"https:\/\/acontrecourant.qc.ca\/fr\/informations\/video-promotionnelle\/#breadcrumb\"},\"inLanguage\":\"fr-CA\",\"potentialAction\":[{\"@type\":\"ReadAction\",\"target\":[\"https:\/\/acontrecourant.qc.ca\/fr\/informations\/video-promotionnelle\/\"]}]},{\"@type\":\"BreadcrumbList\",\"@id\":\"https:\/\/acontrecourant.qc.ca\/fr\/informations\/video-promotionnelle\/#breadcrumb\",\"itemListElement\":[{\"@type\":\"ListItem\",\"position\":1,\"name\":\"Informations\",\"item\":\"https:\/\/acontrecourant.qc.ca\/fr\/informations\/\"},{\"@type\":\"ListItem\",\"position\":2,\"name\":\"Vid\u00e9o promotionnelle\"}]},{\"@type\":\"WebSite\",\"@id\":\"https:\/\/acontrecourant.qc.ca\/en\/#website\",\"url\":\"https:\/\/acontrecourant.qc.ca\/en\/\",\"name\":\"\u00c0 Contre Courant\",\"description\":\"Bienvenue \u00e0 Montr\u00e9al\",\"potentialAction\":[{\"@type\":\"SearchAction\",\"target\":{\"@type\":\"EntryPoint\",\"urlTemplate\":\"https:\/\/acontrecourant.qc.ca\/en\/?s={search_term_string}\"},\"query-input\":{\"@type\":\"PropertyValueSpecification\",\"valueRequired\":true,\"valueName\":\"search_term_string\"}}],\"inLanguage\":\"fr-CA\"}]}<\/script>\n<!-- \/ Yoast SEO plugin. -->","yoast_head_json":{"title":"Vid\u00e9o promotionnelle - \u00c0 Contre Courant","robots":{"index":"index","follow":"follow","max-snippet":"max-snippet:-1","max-image-preview":"max-image-preview:large","max-video-preview":"max-video-preview:-1"},"canonical":"https:\/\/acontrecourant.qc.ca\/fr\/informations\/video-promotionnelle\/","schema":{"@context":"https:\/\/schema.org","@graph":[{"@type":"WebPage","@id":"https:\/\/acontrecourant.qc.ca\/fr\/informations\/video-promotionnelle\/","url":"https:\/\/acontrecourant.qc.ca\/fr\/informations\/video-promotionnelle\/","name":"Vid\u00e9o promotionnelle - \u00c0 Contre Courant","isPartOf":{"@id":"https:\/\/acontrecourant.qc.ca\/en\/#website"},"datePublished":"2013-09-06T00:02:24+00:00","dateModified":"2022-07-31T22:11:25+00:00","breadcrumb":{"@id":"https:\/\/acontrecourant.qc.ca\/fr\/informations\/video-promotionnelle\/#breadcrumb"},"inLanguage":"fr-CA","potentialAction":[{"@type":"ReadAction","target":["https:\/\/acontrecourant.qc.ca\/fr\/informations\/video-promotionnelle\/"]}]},{"@type":"BreadcrumbList","@id":"https:\/\/acontrecourant.qc.ca\/fr\/informations\/video-promotionnelle\/#breadcrumb","itemListElement":[{"@type":"ListItem","position":1,"name":"Informations","item":"https:\/\/acontrecourant.qc.ca\/fr\/informations\/"},{"@type":"ListItem","position":2,"name":"Vid\u00e9o promotionnelle"}]},{"@type":"WebSite","@id":"https:\/\/acontrecourant.qc.ca\/en\/#website","url":"https:\/\/acontrecourant.qc.ca\/en\/","name":"\u00c0 Contre Courant","description":"Bienvenue \u00e0 Montr\u00e9al","potentialAction":[{"@type":"SearchAction","target":{"@type":"EntryPoint","urlTemplate":"https:\/\/acontrecourant.qc.ca\/en\/?s={search_term_string}"},"query-input":{"@type":"PropertyValueSpecification","valueRequired":true,"valueName":"search_term_string"}}],"inLanguage":"fr-CA"}]}},"_links":{"self":[{"href":"https:\/\/acontrecourant.qc.ca\/fr\/wp-json\/wp\/v2\/pages\/339\/"}],"collection":[{"href":"https:\/\/acontrecourant.qc.ca\/fr\/wp-json\/wp\/v2\/pages\/"}],"about":[{"href":"https:\/\/acontrecourant.qc.ca\/fr\/wp-json\/wp\/v2\/types\/page\/"}],"author":[{"embeddable":true,"href":"https:\/\/acontrecourant.qc.ca\/fr\/wp-json\/wp\/v2\/users\/8\/"}],"replies":[{"embeddable":true,"href":"https:\/\/acontrecourant.qc.ca\/fr\/wp-json\/wp\/v2\/comments\/?post=339"}],"version-history":[{"count":2,"href":"https:\/\/acontrecourant.qc.ca\/fr\/wp-json\/wp\/v2\/pages\/339\/revisions\/"}],"predecessor-version":[{"id":596,"href":"https:\/\/acontrecourant.qc.ca\/fr\/wp-json\/wp\/v2\/pages\/339\/revisions\/596\/"}],"up":[{"embeddable":true,"href":"https:\/\/acontrecourant.qc.ca\/fr\/wp-json\/wp\/v2\/pages\/6\/"}],"wp:attachment":[{"href":"https:\/\/acontrecourant.qc.ca\/fr\/wp-json\/wp\/v2\/media\/?parent=339"}],"curies":[{"name":"wp","href":"https:\/\/api.w.org\/{rel}","templated":true}]}}