{"id":3289,"date":"2021-11-04T01:10:46","date_gmt":"2021-11-04T05:10:46","guid":{"rendered":"http:\/\/acontrecourant.qc.ca\/liste-des-nageurs-euses\/"},"modified":"2021-11-04T01:16:51","modified_gmt":"2021-11-04T05:16:51","slug":"liste-des-nageurs","status":"publish","type":"page","link":"https:\/\/acontrecourant.qc.ca\/fr\/evenements\/competition-interne-2021\/liste-des-nageurs\/","title":{"rendered":"Liste des nageurs.euses"},"content":{"rendered":"<table>\n<tbody>\n<tr>\n<th colspan=\"3\" style=\"text-align:left\">MACC<\/th>\n<\/tr>\n<tr>\n<td>Brassard-Gagnon, Philippe<\/td>\n<td>M<\/td>\n<td>35<\/td>\n<\/tr>\n<tr>\n<td>Darrach, Brent<\/td>\n<td>M<\/td>\n<td>47<\/td>\n<\/tr>\n<tr>\n<td>Fiffer, Matthew<\/td>\n<td>M<\/td>\n<td>42<\/td>\n<\/tr>\n<tr>\n<td>Gagnon, Pierre-Luc<\/td>\n<td>M<\/td>\n<td>35<\/td>\n<\/tr>\n<tr>\n<td>Gauvin, Francois<\/td>\n<td>M<\/td>\n<td>57<\/td>\n<\/tr>\n<tr>\n<td>Giraldo, Nelson<\/td>\n<td>M<\/td>\n<td>44<\/td>\n<\/tr>\n<tr>\n<td>Grey, Trevor<\/td>\n<td>M<\/td>\n<td>35<\/td>\n<\/tr>\n<tr>\n<td>Hussein, Mohammed<\/td>\n<td>M<\/td>\n<td>36<\/td>\n<\/tr>\n<tr>\n<td>Ladouceur, Marc-Antoine<\/td>\n<td>M<\/td>\n<td>28<\/td>\n<\/tr>\n<tr>\n<td>Lanouette, Patrick<\/td>\n<td>M<\/td>\n<td>30<\/td>\n<\/tr>\n<tr>\n<td>Pinel, Miriam<\/td>\n<td>F<\/td>\n<td>27<\/td>\n<\/tr>\n<tr>\n<td>Proulx, Daniel<\/td>\n<td>M<\/td>\n<td>69<\/td>\n<\/tr>\n<tr>\n<td>Turgeon, Pierre-Luc<\/td>\n<td>M<\/td>\n<td>37<\/td>\n<\/tr>\n<\/tbody>\n<\/table>\n","protected":false},"excerpt":{"rendered":"<p>MACC Brassard-Gagnon, Philippe M 35 Darrach, Brent M 47 Fiffer, Matthew M 42 Gagnon, Pierre-Luc M 35 Gauvin, Francois M 57 Giraldo, Nelson M 44 Grey, Trevor M 35 Hussein, Mohammed M 36 Ladouceur, Marc-Antoine M 28 Lanouette, Patrick M 30 Pinel, Miriam F 27 Proulx, Daniel M 69 Turgeon, Pierre-Luc M 37<\/p>\n","protected":false},"author":9,"featured_media":0,"parent":3206,"menu_order":0,"comment_status":"open","ping_status":"open","template":"","meta":{"_acf_changed":false,"footnotes":""},"class_list":["post-3289","page","type-page","status-publish","hentry"],"acf":[],"yoast_head":"<!-- This site is optimized with the Yoast SEO plugin v26.3 - https:\/\/yoast.com\/wordpress\/plugins\/seo\/ -->\n<title>Liste des nageurs.euses - \u00c0 Contre Courant<\/title>\n<meta name=\"robots\" content=\"index, follow, max-snippet:-1, max-image-preview:large, max-video-preview:-1\" \/>\n<link rel=\"canonical\" href=\"https:\/\/acontrecourant.qc.ca\/fr\/evenements\/competition-interne-2021\/liste-des-nageurs\/\" \/>\n<script type=\"application\/ld+json\" class=\"yoast-schema-graph\">{\"@context\":\"https:\/\/schema.org\",\"@graph\":[{\"@type\":\"WebPage\",\"@id\":\"https:\/\/acontrecourant.qc.ca\/fr\/evenements\/competition-interne-2021\/liste-des-nageurs\/\",\"url\":\"https:\/\/acontrecourant.qc.ca\/fr\/evenements\/competition-interne-2021\/liste-des-nageurs\/\",\"name\":\"Liste des nageurs.euses - \u00c0 Contre Courant\",\"isPartOf\":{\"@id\":\"https:\/\/acontrecourant.qc.ca\/en\/#website\"},\"datePublished\":\"2021-11-04T05:10:46+00:00\",\"dateModified\":\"2021-11-04T05:16:51+00:00\",\"breadcrumb\":{\"@id\":\"https:\/\/acontrecourant.qc.ca\/fr\/evenements\/competition-interne-2021\/liste-des-nageurs\/#breadcrumb\"},\"inLanguage\":\"fr-CA\",\"potentialAction\":[{\"@type\":\"ReadAction\",\"target\":[\"https:\/\/acontrecourant.qc.ca\/fr\/evenements\/competition-interne-2021\/liste-des-nageurs\/\"]}]},{\"@type\":\"BreadcrumbList\",\"@id\":\"https:\/\/acontrecourant.qc.ca\/fr\/evenements\/competition-interne-2021\/liste-des-nageurs\/#breadcrumb\",\"itemListElement\":[{\"@type\":\"ListItem\",\"position\":1,\"name\":\"\u00c9v\u00e9nements du club\",\"item\":\"https:\/\/acontrecourant.qc.ca\/fr\/evenements\/\"},{\"@type\":\"ListItem\",\"position\":2,\"name\":\"Comp\u00e9tition Interne 2021\",\"item\":\"https:\/\/acontrecourant.qc.ca\/fr\/evenements\/competition-interne-2021\/\"},{\"@type\":\"ListItem\",\"position\":3,\"name\":\"Liste des nageurs.euses\"}]},{\"@type\":\"WebSite\",\"@id\":\"https:\/\/acontrecourant.qc.ca\/en\/#website\",\"url\":\"https:\/\/acontrecourant.qc.ca\/en\/\",\"name\":\"\u00c0 Contre Courant\",\"description\":\"Bienvenue \u00e0 Montr\u00e9al\",\"potentialAction\":[{\"@type\":\"SearchAction\",\"target\":{\"@type\":\"EntryPoint\",\"urlTemplate\":\"https:\/\/acontrecourant.qc.ca\/en\/?s={search_term_string}\"},\"query-input\":{\"@type\":\"PropertyValueSpecification\",\"valueRequired\":true,\"valueName\":\"search_term_string\"}}],\"inLanguage\":\"fr-CA\"}]}<\/script>\n<!-- \/ Yoast SEO plugin. -->","yoast_head_json":{"title":"Liste des nageurs.euses - \u00c0 Contre Courant","robots":{"index":"index","follow":"follow","max-snippet":"max-snippet:-1","max-image-preview":"max-image-preview:large","max-video-preview":"max-video-preview:-1"},"canonical":"https:\/\/acontrecourant.qc.ca\/fr\/evenements\/competition-interne-2021\/liste-des-nageurs\/","schema":{"@context":"https:\/\/schema.org","@graph":[{"@type":"WebPage","@id":"https:\/\/acontrecourant.qc.ca\/fr\/evenements\/competition-interne-2021\/liste-des-nageurs\/","url":"https:\/\/acontrecourant.qc.ca\/fr\/evenements\/competition-interne-2021\/liste-des-nageurs\/","name":"Liste des nageurs.euses - \u00c0 Contre Courant","isPartOf":{"@id":"https:\/\/acontrecourant.qc.ca\/en\/#website"},"datePublished":"2021-11-04T05:10:46+00:00","dateModified":"2021-11-04T05:16:51+00:00","breadcrumb":{"@id":"https:\/\/acontrecourant.qc.ca\/fr\/evenements\/competition-interne-2021\/liste-des-nageurs\/#breadcrumb"},"inLanguage":"fr-CA","potentialAction":[{"@type":"ReadAction","target":["https:\/\/acontrecourant.qc.ca\/fr\/evenements\/competition-interne-2021\/liste-des-nageurs\/"]}]},{"@type":"BreadcrumbList","@id":"https:\/\/acontrecourant.qc.ca\/fr\/evenements\/competition-interne-2021\/liste-des-nageurs\/#breadcrumb","itemListElement":[{"@type":"ListItem","position":1,"name":"\u00c9v\u00e9nements du club","item":"https:\/\/acontrecourant.qc.ca\/fr\/evenements\/"},{"@type":"ListItem","position":2,"name":"Comp\u00e9tition Interne 2021","item":"https:\/\/acontrecourant.qc.ca\/fr\/evenements\/competition-interne-2021\/"},{"@type":"ListItem","position":3,"name":"Liste des nageurs.euses"}]},{"@type":"WebSite","@id":"https:\/\/acontrecourant.qc.ca\/en\/#website","url":"https:\/\/acontrecourant.qc.ca\/en\/","name":"\u00c0 Contre Courant","description":"Bienvenue \u00e0 Montr\u00e9al","potentialAction":[{"@type":"SearchAction","target":{"@type":"EntryPoint","urlTemplate":"https:\/\/acontrecourant.qc.ca\/en\/?s={search_term_string}"},"query-input":{"@type":"PropertyValueSpecification","valueRequired":true,"valueName":"search_term_string"}}],"inLanguage":"fr-CA"}]}},"_links":{"self":[{"href":"https:\/\/acontrecourant.qc.ca\/fr\/wp-json\/wp\/v2\/pages\/3289\/"}],"collection":[{"href":"https:\/\/acontrecourant.qc.ca\/fr\/wp-json\/wp\/v2\/pages\/"}],"about":[{"href":"https:\/\/acontrecourant.qc.ca\/fr\/wp-json\/wp\/v2\/types\/page\/"}],"author":[{"embeddable":true,"href":"https:\/\/acontrecourant.qc.ca\/fr\/wp-json\/wp\/v2\/users\/9\/"}],"replies":[{"embeddable":true,"href":"https:\/\/acontrecourant.qc.ca\/fr\/wp-json\/wp\/v2\/comments\/?post=3289"}],"version-history":[{"count":1,"href":"https:\/\/acontrecourant.qc.ca\/fr\/wp-json\/wp\/v2\/pages\/3289\/revisions\/"}],"predecessor-version":[{"id":3290,"href":"https:\/\/acontrecourant.qc.ca\/fr\/wp-json\/wp\/v2\/pages\/3289\/revisions\/3290\/"}],"up":[{"embeddable":true,"href":"https:\/\/acontrecourant.qc.ca\/fr\/wp-json\/wp\/v2\/pages\/3206\/"}],"wp:attachment":[{"href":"https:\/\/acontrecourant.qc.ca\/fr\/wp-json\/wp\/v2\/media\/?parent=3289"}],"curies":[{"name":"wp","href":"https:\/\/api.w.org\/{rel}","templated":true}]}}