{"id":3208,"date":"2021-10-29T23:39:06","date_gmt":"2021-10-30T03:39:06","guid":{"rendered":"http:\/\/acontrecourant.qc.ca\/compeinterne-liste-des-series\/"},"modified":"2021-10-29T23:39:42","modified_gmt":"2021-10-30T03:39:42","slug":"liste-des-series","status":"publish","type":"page","link":"https:\/\/acontrecourant.qc.ca\/fr\/evenements\/competition-interne-2021\/liste-des-series\/","title":{"rendered":"Liste des s\u00e9ries"},"content":{"rendered":"<h2>Epreuve 1: 100m Freestyle<\/h2>\n<table>\n<tr>\n<th colspan=\"6\" style=\"text-align:left\">\n<h3>Serie: 1 sur 1<\/h3>\n<\/th>\n<\/tr>\n<tr>\n<td>1<\/td>\n<\/tr>\n<tr>\n<td>2<\/td>\n<td>Miriam Pinel<\/td>\n<td>F<\/td>\n<td>27<\/td>\n<td>MACC<\/td>\n<td>NT<\/td>\n<\/tr>\n<tr>\n<td>3<\/td>\n<td>Nelson Giraldo<\/td>\n<td>M<\/td>\n<td>44<\/td>\n<td>MACC<\/td>\n<td>NT<\/td>\n<\/tr>\n<tr>\n<td>4<\/td>\n<td>Brent Darrach<\/td>\n<td>M<\/td>\n<td>47<\/td>\n<td>MACC<\/td>\n<td>NT<\/td>\n<\/tr>\n<tr>\n<td>5<\/td>\n<td>Mohammed Hussein<\/td>\n<td>M<\/td>\n<td>36<\/td>\n<td>MACC<\/td>\n<td>NT<\/td>\n<\/tr>\n<tr>\n<td>6<\/td>\n<\/tr>\n<\/table>\n<h2>Epreuve 2: 50m Freestyle<\/h2>\n<table>\n<tr>\n<th colspan=\"6\" style=\"text-align:left\">\n<h3>Serie: 1 sur 2<\/h3>\n<\/th>\n<\/tr>\n<tr>\n<td>1<\/td>\n<\/tr>\n<tr>\n<td>2<\/td>\n<\/tr>\n<tr>\n<td>3<\/td>\n<td>Patrick Lanouette<\/td>\n<td>M<\/td>\n<td>30<\/td>\n<td>MACC<\/td>\n<td>NT<\/td>\n<\/tr>\n<tr>\n<td>4<\/td>\n<td>Francois Gauvin<\/td>\n<td>M<\/td>\n<td>57<\/td>\n<td>MACC<\/td>\n<td>NT<\/td>\n<\/tr>\n<tr>\n<td>5<\/td>\n<\/tr>\n<tr>\n<td>6<\/td>\n<\/tr>\n<tr>\n<th colspan=\"6\" style=\"text-align:left\">\n<h3>Serie: 2 sur 2<\/h3>\n<\/th>\n<\/tr>\n<tr>\n<td>1<\/td>\n<\/tr>\n<tr>\n<td>2<\/td>\n<\/tr>\n<tr>\n<td>3<\/td>\n<td>Pierre-Luc Gagnon<\/td>\n<td>M<\/td>\n<td>35<\/td>\n<td>MACC<\/td>\n<td>NT<\/td>\n<\/tr>\n<tr>\n<td>4<\/td>\n<td>Trevor Grey<\/td>\n<td>M<\/td>\n<td>35<\/td>\n<td>MACC<\/td>\n<td>NT<\/td>\n<\/tr>\n<tr>\n<td>5<\/td>\n<td>Miriam Pinel<\/td>\n<td>F<\/td>\n<td>27<\/td>\n<td>MACC<\/td>\n<td>NT<\/td>\n<\/tr>\n<tr>\n<td>6<\/td>\n<\/tr>\n<\/table>\n<h2>Epreuve 3: 50m Breaststroke<\/h2>\n<table>\n<tr>\n<th colspan=\"6\" style=\"text-align:left\">\n<h3>Serie: 1 sur 1<\/h3>\n<\/th>\n<\/tr>\n<tr>\n<td>1<\/td>\n<\/tr>\n<tr>\n<td>2<\/td>\n<\/tr>\n<tr>\n<td>3<\/td>\n<td>Marc-Antoine Ladouceur<\/td>\n<td>M<\/td>\n<td>28<\/td>\n<td>MACC<\/td>\n<td>NT<\/td>\n<\/tr>\n<tr>\n<td>4<\/td>\n<td>Pierre-Luc Turgeon<\/td>\n<td>M<\/td>\n<td>37<\/td>\n<td>MACC<\/td>\n<td>NT<\/td>\n<\/tr>\n<tr>\n<td>5<\/td>\n<td>Daniel Proulx<\/td>\n<td>M<\/td>\n<td>69<\/td>\n<td>MACC<\/td>\n<td>NT<\/td>\n<\/tr>\n<tr>\n<td>6<\/td>\n<\/tr>\n<\/table>\n<h2>Epreuve 4: 50m Butterfly<\/h2>\n<table>\n<tr>\n<th colspan=\"6\" style=\"text-align:left\">\n<h3>Serie: 1 sur 2<\/h3>\n<\/th>\n<\/tr>\n<tr>\n<td>1<\/td>\n<\/tr>\n<tr>\n<td>2<\/td>\n<\/tr>\n<tr>\n<td>3<\/td>\n<td>Francois Gauvin<\/td>\n<td>M<\/td>\n<td>57<\/td>\n<td>MACC<\/td>\n<td>NT<\/td>\n<\/tr>\n<tr>\n<td>4<\/td>\n<td>Brent Darrach<\/td>\n<td>M<\/td>\n<td>47<\/td>\n<td>MACC<\/td>\n<td>NT<\/td>\n<\/tr>\n<tr>\n<td>5<\/td>\n<td>Matthew Fiffer<\/td>\n<td>M<\/td>\n<td>42<\/td>\n<td>MACC<\/td>\n<td>NT<\/td>\n<\/tr>\n<tr>\n<td>6<\/td>\n<\/tr>\n<tr>\n<th colspan=\"6\" style=\"text-align:left\">\n<h3>Serie: 2 sur 2<\/h3>\n<\/th>\n<\/tr>\n<tr>\n<td>1<\/td>\n<\/tr>\n<tr>\n<td>2<\/td>\n<\/tr>\n<tr>\n<td>3<\/td>\n<td>Mohammed Hussein<\/td>\n<td>M<\/td>\n<td>36<\/td>\n<td>MACC<\/td>\n<td>NT<\/td>\n<\/tr>\n<tr>\n<td>4<\/td>\n<td>Patrick Lanouette<\/td>\n<td>M<\/td>\n<td>30<\/td>\n<td>MACC<\/td>\n<td>NT<\/td>\n<\/tr>\n<tr>\n<td>5<\/td>\n<td>Trevor Grey<\/td>\n<td>M<\/td>\n<td>35<\/td>\n<td>MACC<\/td>\n<td>NT<\/td>\n<\/tr>\n<tr>\n<td>6<\/td>\n<\/tr>\n<\/table>\n<h2>Epreuve 5: 100m Medley<\/h2>\n<table>\n<tr>\n<th colspan=\"6\" style=\"text-align:left\">\n<h3>Serie: 1 sur 2<\/h3>\n<\/th>\n<\/tr>\n<tr>\n<td>1<\/td>\n<\/tr>\n<tr>\n<td>2<\/td>\n<td>Matthew Fiffer<\/td>\n<td>M<\/td>\n<td>42<\/td>\n<td>MACC<\/td>\n<td>NT<\/td>\n<\/tr>\n<tr>\n<td>3<\/td>\n<td>Philippe Brassard-Gagnon<\/td>\n<td>M<\/td>\n<td>35<\/td>\n<td>MACC<\/td>\n<td>NT<\/td>\n<\/tr>\n<tr>\n<td>4<\/td>\n<td>Nelson Giraldo<\/td>\n<td>M<\/td>\n<td>44<\/td>\n<td>MACC<\/td>\n<td>NT<\/td>\n<\/tr>\n<tr>\n<td>5<\/td>\n<td>Pierre-Luc Turgeon<\/td>\n<td>M<\/td>\n<td>37<\/td>\n<td>MACC<\/td>\n<td>NT<\/td>\n<\/tr>\n<tr>\n<td>6<\/td>\n<\/tr>\n<tr>\n<th colspan=\"6\" style=\"text-align:left\">\n<h3>Serie: 2 sur 2<\/h3>\n<\/th>\n<\/tr>\n<tr>\n<td>1<\/td>\n<\/tr>\n<tr>\n<td>2<\/td>\n<\/tr>\n<tr>\n<td>3<\/td>\n<td>Marc-Antoine Ladouceur<\/td>\n<td>M<\/td>\n<td>28<\/td>\n<td>MACC<\/td>\n<td>NT<\/td>\n<\/tr>\n<tr>\n<td>4<\/td>\n<td>Patrick Lanouette<\/td>\n<td>M<\/td>\n<td>30<\/td>\n<td>MACC<\/td>\n<td>NT<\/td>\n<\/tr>\n<tr>\n<td>5<\/td>\n<\/tr>\n<tr>\n<td>6<\/td>\n<\/tr>\n<\/table>\n<h2>Epreuve 6: 200m Freestyle<\/h2>\n<table>\n<tr>\n<th colspan=\"6\" style=\"text-align:left\">\n<h3>Serie: 1 sur 2<\/h3>\n<\/th>\n<\/tr>\n<tr>\n<td>1<\/td>\n<\/tr>\n<tr>\n<td>2<\/td>\n<\/tr>\n<tr>\n<td>3<\/td>\n<td>Miriam Pinel<\/td>\n<td>F<\/td>\n<td>27<\/td>\n<td>MACC<\/td>\n<td>NT<\/td>\n<\/tr>\n<tr>\n<td>4<\/td>\n<td>Pierre-Luc Gagnon<\/td>\n<td>M<\/td>\n<td>35<\/td>\n<td>MACC<\/td>\n<td>NT<\/td>\n<\/tr>\n<tr>\n<td>5<\/td>\n<td>Trevor Grey<\/td>\n<td>M<\/td>\n<td>35<\/td>\n<td>MACC<\/td>\n<td>NT<\/td>\n<\/tr>\n<tr>\n<td>6<\/td>\n<\/tr>\n<tr>\n<th colspan=\"6\" style=\"text-align:left\">\n<h3>Serie: 2 sur 2<\/h3>\n<\/th>\n<\/tr>\n<tr>\n<td>1<\/td>\n<\/tr>\n<tr>\n<td>2<\/td>\n<td>Daniel Proulx<\/td>\n<td>M<\/td>\n<td>69<\/td>\n<td>MACC<\/td>\n<td>NT<\/td>\n<\/tr>\n<tr>\n<td>3<\/td>\n<td>Pierre-Luc Turgeon<\/td>\n<td>M<\/td>\n<td>37<\/td>\n<td>MACC<\/td>\n<td>NT<\/td>\n<\/tr>\n<tr>\n<td>4<\/td>\n<td>Brent Darrach<\/td>\n<td>M<\/td>\n<td>47<\/td>\n<td>MACC<\/td>\n<td>NT<\/td>\n<\/tr>\n<tr>\n<td>5<\/td>\n<td>Nelson Giraldo<\/td>\n<td>M<\/td>\n<td>44<\/td>\n<td>MACC<\/td>\n<td>NT<\/td>\n<\/tr>\n<tr>\n<td>6<\/td>\n<\/tr>\n<\/table>\n","protected":false},"excerpt":{"rendered":"<p>Epreuve 1: 100m Freestyle Serie: 1 sur 1 1 2 Miriam Pinel F 27 MACC NT 3 Nelson Giraldo M 44 MACC NT 4 Brent Darrach M 47 MACC NT 5 Mohammed Hussein M 36 MACC NT 6 Epreuve 2: 50m Freestyle Serie: 1 sur 2 1 2 3 Patrick Lanouette M 30 MACC NT [&hellip;]<\/p>\n","protected":false},"author":9,"featured_media":0,"parent":3206,"menu_order":0,"comment_status":"open","ping_status":"open","template":"","meta":{"_acf_changed":false,"footnotes":""},"class_list":["post-3208","page","type-page","status-publish","hentry"],"acf":[],"yoast_head":"<!-- This site is optimized with the Yoast SEO plugin v26.3 - https:\/\/yoast.com\/wordpress\/plugins\/seo\/ -->\n<title>Liste des s\u00e9ries - \u00c0 Contre Courant<\/title>\n<meta name=\"robots\" content=\"index, follow, max-snippet:-1, max-image-preview:large, max-video-preview:-1\" \/>\n<link rel=\"canonical\" href=\"https:\/\/acontrecourant.qc.ca\/fr\/evenements\/competition-interne-2021\/liste-des-series\/\" \/>\n<meta name=\"twitter:label1\" content=\"Estimation du temps de lecture\" \/>\n\t<meta name=\"twitter:data1\" content=\"1 minute\" \/>\n<script type=\"application\/ld+json\" class=\"yoast-schema-graph\">{\"@context\":\"https:\/\/schema.org\",\"@graph\":[{\"@type\":\"WebPage\",\"@id\":\"https:\/\/acontrecourant.qc.ca\/fr\/evenements\/competition-interne-2021\/liste-des-series\/\",\"url\":\"https:\/\/acontrecourant.qc.ca\/fr\/evenements\/competition-interne-2021\/liste-des-series\/\",\"name\":\"Liste des s\u00e9ries - \u00c0 Contre Courant\",\"isPartOf\":{\"@id\":\"https:\/\/acontrecourant.qc.ca\/en\/#website\"},\"datePublished\":\"2021-10-30T03:39:06+00:00\",\"dateModified\":\"2021-10-30T03:39:42+00:00\",\"breadcrumb\":{\"@id\":\"https:\/\/acontrecourant.qc.ca\/fr\/evenements\/competition-interne-2021\/liste-des-series\/#breadcrumb\"},\"inLanguage\":\"fr-CA\",\"potentialAction\":[{\"@type\":\"ReadAction\",\"target\":[\"https:\/\/acontrecourant.qc.ca\/fr\/evenements\/competition-interne-2021\/liste-des-series\/\"]}]},{\"@type\":\"BreadcrumbList\",\"@id\":\"https:\/\/acontrecourant.qc.ca\/fr\/evenements\/competition-interne-2021\/liste-des-series\/#breadcrumb\",\"itemListElement\":[{\"@type\":\"ListItem\",\"position\":1,\"name\":\"\u00c9v\u00e9nements du club\",\"item\":\"https:\/\/acontrecourant.qc.ca\/fr\/evenements\/\"},{\"@type\":\"ListItem\",\"position\":2,\"name\":\"Comp\u00e9tition Interne 2021\",\"item\":\"https:\/\/acontrecourant.qc.ca\/fr\/evenements\/competition-interne-2021\/\"},{\"@type\":\"ListItem\",\"position\":3,\"name\":\"Liste des s\u00e9ries\"}]},{\"@type\":\"WebSite\",\"@id\":\"https:\/\/acontrecourant.qc.ca\/en\/#website\",\"url\":\"https:\/\/acontrecourant.qc.ca\/en\/\",\"name\":\"\u00c0 Contre Courant\",\"description\":\"Bienvenue \u00e0 Montr\u00e9al\",\"potentialAction\":[{\"@type\":\"SearchAction\",\"target\":{\"@type\":\"EntryPoint\",\"urlTemplate\":\"https:\/\/acontrecourant.qc.ca\/en\/?s={search_term_string}\"},\"query-input\":{\"@type\":\"PropertyValueSpecification\",\"valueRequired\":true,\"valueName\":\"search_term_string\"}}],\"inLanguage\":\"fr-CA\"}]}<\/script>\n<!-- \/ Yoast SEO plugin. -->","yoast_head_json":{"title":"Liste des s\u00e9ries - \u00c0 Contre Courant","robots":{"index":"index","follow":"follow","max-snippet":"max-snippet:-1","max-image-preview":"max-image-preview:large","max-video-preview":"max-video-preview:-1"},"canonical":"https:\/\/acontrecourant.qc.ca\/fr\/evenements\/competition-interne-2021\/liste-des-series\/","twitter_misc":{"Estimation du temps de lecture":"1 minute"},"schema":{"@context":"https:\/\/schema.org","@graph":[{"@type":"WebPage","@id":"https:\/\/acontrecourant.qc.ca\/fr\/evenements\/competition-interne-2021\/liste-des-series\/","url":"https:\/\/acontrecourant.qc.ca\/fr\/evenements\/competition-interne-2021\/liste-des-series\/","name":"Liste des s\u00e9ries - \u00c0 Contre Courant","isPartOf":{"@id":"https:\/\/acontrecourant.qc.ca\/en\/#website"},"datePublished":"2021-10-30T03:39:06+00:00","dateModified":"2021-10-30T03:39:42+00:00","breadcrumb":{"@id":"https:\/\/acontrecourant.qc.ca\/fr\/evenements\/competition-interne-2021\/liste-des-series\/#breadcrumb"},"inLanguage":"fr-CA","potentialAction":[{"@type":"ReadAction","target":["https:\/\/acontrecourant.qc.ca\/fr\/evenements\/competition-interne-2021\/liste-des-series\/"]}]},{"@type":"BreadcrumbList","@id":"https:\/\/acontrecourant.qc.ca\/fr\/evenements\/competition-interne-2021\/liste-des-series\/#breadcrumb","itemListElement":[{"@type":"ListItem","position":1,"name":"\u00c9v\u00e9nements du club","item":"https:\/\/acontrecourant.qc.ca\/fr\/evenements\/"},{"@type":"ListItem","position":2,"name":"Comp\u00e9tition Interne 2021","item":"https:\/\/acontrecourant.qc.ca\/fr\/evenements\/competition-interne-2021\/"},{"@type":"ListItem","position":3,"name":"Liste des s\u00e9ries"}]},{"@type":"WebSite","@id":"https:\/\/acontrecourant.qc.ca\/en\/#website","url":"https:\/\/acontrecourant.qc.ca\/en\/","name":"\u00c0 Contre Courant","description":"Bienvenue \u00e0 Montr\u00e9al","potentialAction":[{"@type":"SearchAction","target":{"@type":"EntryPoint","urlTemplate":"https:\/\/acontrecourant.qc.ca\/en\/?s={search_term_string}"},"query-input":{"@type":"PropertyValueSpecification","valueRequired":true,"valueName":"search_term_string"}}],"inLanguage":"fr-CA"}]}},"_links":{"self":[{"href":"https:\/\/acontrecourant.qc.ca\/fr\/wp-json\/wp\/v2\/pages\/3208\/"}],"collection":[{"href":"https:\/\/acontrecourant.qc.ca\/fr\/wp-json\/wp\/v2\/pages\/"}],"about":[{"href":"https:\/\/acontrecourant.qc.ca\/fr\/wp-json\/wp\/v2\/types\/page\/"}],"author":[{"embeddable":true,"href":"https:\/\/acontrecourant.qc.ca\/fr\/wp-json\/wp\/v2\/users\/9\/"}],"replies":[{"embeddable":true,"href":"https:\/\/acontrecourant.qc.ca\/fr\/wp-json\/wp\/v2\/comments\/?post=3208"}],"version-history":[{"count":1,"href":"https:\/\/acontrecourant.qc.ca\/fr\/wp-json\/wp\/v2\/pages\/3208\/revisions\/"}],"predecessor-version":[{"id":3209,"href":"https:\/\/acontrecourant.qc.ca\/fr\/wp-json\/wp\/v2\/pages\/3208\/revisions\/3209\/"}],"up":[{"embeddable":true,"href":"https:\/\/acontrecourant.qc.ca\/fr\/wp-json\/wp\/v2\/pages\/3206\/"}],"wp:attachment":[{"href":"https:\/\/acontrecourant.qc.ca\/fr\/wp-json\/wp\/v2\/media\/?parent=3208"}],"curies":[{"name":"wp","href":"https:\/\/api.w.org\/{rel}","templated":true}]}}