{"id":3206,"date":"2021-10-29T16:24:55","date_gmt":"2021-10-29T20:24:55","guid":{"rendered":"http:\/\/acontrecourant.qc.ca\/?page_id=3206"},"modified":"2021-11-04T00:33:24","modified_gmt":"2021-11-04T04:33:24","slug":"competition-interne-2021","status":"publish","type":"page","link":"https:\/\/acontrecourant.qc.ca\/fr\/evenements\/competition-interne-2021\/","title":{"rendered":"Comp\u00e9tition Interne 2021"},"content":{"rendered":"<h1>\u00c9dition retour de pand\u00e9mie COVID-19<\/h1>\n<div>\n<h2>Programme et r\u00e9sultats (23 octobre 2021)<\/h2>\n<p><a href=\"http:\/\/acontrecourant.qc.ca\/evenements\/competition-interne-2021\/liste-des-clubs\">Liste des clubs<\/a><br \/>\n<a href=\"http:\/\/acontrecourant.qc.ca\/evenements\/competition-interne-2021\/liste-des-nageurs\/\">Liste des nageurs et nageuses<\/a><br \/>\n<a href=\"http:\/\/acontrecourant.qc.ca\/evenements\/competition-interne-2021\/liste-des-series\/\">Liste des s\u00e9ries<\/a><br \/>\n<a href=\"https:\/\/acontrecourant.qc.ca\/wp-content\/uploads\/pdf\/compeinterne-2021-resultats.pdf\" class=\"pdfemb-viewer\" style=\"\" data-width=\"max\" data-height=\"max\" data-toolbar=\"bottom\" data-toolbar-fixed=\"off\">compeinterne-2021-resultats<\/a>\n<\/div>\n","protected":false},"excerpt":{"rendered":"<p>\u00c9dition retour de pand\u00e9mie COVID-19 Programme et r\u00e9sultats (23 octobre 2021) Liste des clubs Liste des nageurs et nageuses Liste des s\u00e9ries<\/p>\n","protected":false},"author":9,"featured_media":0,"parent":147,"menu_order":0,"comment_status":"closed","ping_status":"closed","template":"","meta":{"_acf_changed":false,"footnotes":""},"class_list":["post-3206","page","type-page","status-publish","hentry"],"acf":[],"yoast_head":"<!-- This site is optimized with the Yoast SEO plugin v26.3 - https:\/\/yoast.com\/wordpress\/plugins\/seo\/ -->\n<title>Comp\u00e9tition Interne 2021 - \u00c0 Contre Courant<\/title>\n<meta name=\"robots\" content=\"index, follow, max-snippet:-1, max-image-preview:large, max-video-preview:-1\" \/>\n<link rel=\"canonical\" href=\"https:\/\/acontrecourant.qc.ca\/fr\/evenements\/competition-interne-2021\/\" \/>\n<script type=\"application\/ld+json\" class=\"yoast-schema-graph\">{\"@context\":\"https:\/\/schema.org\",\"@graph\":[{\"@type\":\"WebPage\",\"@id\":\"https:\/\/acontrecourant.qc.ca\/fr\/evenements\/competition-interne-2021\/\",\"url\":\"https:\/\/acontrecourant.qc.ca\/fr\/evenements\/competition-interne-2021\/\",\"name\":\"Comp\u00e9tition Interne 2021 - \u00c0 Contre Courant\",\"isPartOf\":{\"@id\":\"https:\/\/acontrecourant.qc.ca\/en\/#website\"},\"datePublished\":\"2021-10-29T20:24:55+00:00\",\"dateModified\":\"2021-11-04T04:33:24+00:00\",\"breadcrumb\":{\"@id\":\"https:\/\/acontrecourant.qc.ca\/fr\/evenements\/competition-interne-2021\/#breadcrumb\"},\"inLanguage\":\"fr-CA\",\"potentialAction\":[{\"@type\":\"ReadAction\",\"target\":[\"https:\/\/acontrecourant.qc.ca\/fr\/evenements\/competition-interne-2021\/\"]}]},{\"@type\":\"BreadcrumbList\",\"@id\":\"https:\/\/acontrecourant.qc.ca\/fr\/evenements\/competition-interne-2021\/#breadcrumb\",\"itemListElement\":[{\"@type\":\"ListItem\",\"position\":1,\"name\":\"\u00c9v\u00e9nements du club\",\"item\":\"https:\/\/acontrecourant.qc.ca\/fr\/evenements\/\"},{\"@type\":\"ListItem\",\"position\":2,\"name\":\"Comp\u00e9tition Interne 2021\"}]},{\"@type\":\"WebSite\",\"@id\":\"https:\/\/acontrecourant.qc.ca\/en\/#website\",\"url\":\"https:\/\/acontrecourant.qc.ca\/en\/\",\"name\":\"\u00c0 Contre Courant\",\"description\":\"Bienvenue \u00e0 Montr\u00e9al\",\"potentialAction\":[{\"@type\":\"SearchAction\",\"target\":{\"@type\":\"EntryPoint\",\"urlTemplate\":\"https:\/\/acontrecourant.qc.ca\/en\/?s={search_term_string}\"},\"query-input\":{\"@type\":\"PropertyValueSpecification\",\"valueRequired\":true,\"valueName\":\"search_term_string\"}}],\"inLanguage\":\"fr-CA\"}]}<\/script>\n<!-- \/ Yoast SEO plugin. -->","yoast_head_json":{"title":"Comp\u00e9tition Interne 2021 - \u00c0 Contre Courant","robots":{"index":"index","follow":"follow","max-snippet":"max-snippet:-1","max-image-preview":"max-image-preview:large","max-video-preview":"max-video-preview:-1"},"canonical":"https:\/\/acontrecourant.qc.ca\/fr\/evenements\/competition-interne-2021\/","schema":{"@context":"https:\/\/schema.org","@graph":[{"@type":"WebPage","@id":"https:\/\/acontrecourant.qc.ca\/fr\/evenements\/competition-interne-2021\/","url":"https:\/\/acontrecourant.qc.ca\/fr\/evenements\/competition-interne-2021\/","name":"Comp\u00e9tition Interne 2021 - \u00c0 Contre Courant","isPartOf":{"@id":"https:\/\/acontrecourant.qc.ca\/en\/#website"},"datePublished":"2021-10-29T20:24:55+00:00","dateModified":"2021-11-04T04:33:24+00:00","breadcrumb":{"@id":"https:\/\/acontrecourant.qc.ca\/fr\/evenements\/competition-interne-2021\/#breadcrumb"},"inLanguage":"fr-CA","potentialAction":[{"@type":"ReadAction","target":["https:\/\/acontrecourant.qc.ca\/fr\/evenements\/competition-interne-2021\/"]}]},{"@type":"BreadcrumbList","@id":"https:\/\/acontrecourant.qc.ca\/fr\/evenements\/competition-interne-2021\/#breadcrumb","itemListElement":[{"@type":"ListItem","position":1,"name":"\u00c9v\u00e9nements du club","item":"https:\/\/acontrecourant.qc.ca\/fr\/evenements\/"},{"@type":"ListItem","position":2,"name":"Comp\u00e9tition Interne 2021"}]},{"@type":"WebSite","@id":"https:\/\/acontrecourant.qc.ca\/en\/#website","url":"https:\/\/acontrecourant.qc.ca\/en\/","name":"\u00c0 Contre Courant","description":"Bienvenue \u00e0 Montr\u00e9al","potentialAction":[{"@type":"SearchAction","target":{"@type":"EntryPoint","urlTemplate":"https:\/\/acontrecourant.qc.ca\/en\/?s={search_term_string}"},"query-input":{"@type":"PropertyValueSpecification","valueRequired":true,"valueName":"search_term_string"}}],"inLanguage":"fr-CA"}]}},"_links":{"self":[{"href":"https:\/\/acontrecourant.qc.ca\/fr\/wp-json\/wp\/v2\/pages\/3206\/"}],"collection":[{"href":"https:\/\/acontrecourant.qc.ca\/fr\/wp-json\/wp\/v2\/pages\/"}],"about":[{"href":"https:\/\/acontrecourant.qc.ca\/fr\/wp-json\/wp\/v2\/types\/page\/"}],"author":[{"embeddable":true,"href":"https:\/\/acontrecourant.qc.ca\/fr\/wp-json\/wp\/v2\/users\/9\/"}],"replies":[{"embeddable":true,"href":"https:\/\/acontrecourant.qc.ca\/fr\/wp-json\/wp\/v2\/comments\/?post=3206"}],"version-history":[{"count":6,"href":"https:\/\/acontrecourant.qc.ca\/fr\/wp-json\/wp\/v2\/pages\/3206\/revisions\/"}],"predecessor-version":[{"id":3287,"href":"https:\/\/acontrecourant.qc.ca\/fr\/wp-json\/wp\/v2\/pages\/3206\/revisions\/3287\/"}],"up":[{"embeddable":true,"href":"https:\/\/acontrecourant.qc.ca\/fr\/wp-json\/wp\/v2\/pages\/147\/"}],"wp:attachment":[{"href":"https:\/\/acontrecourant.qc.ca\/fr\/wp-json\/wp\/v2\/media\/?parent=3206"}],"curies":[{"name":"wp","href":"https:\/\/api.w.org\/{rel}","templated":true}]}}