{"id":3203,"date":"2021-10-29T16:21:03","date_gmt":"2021-10-29T20:21:03","guid":{"rendered":"http:\/\/acontrecourant.qc.ca\/compeinterne2021-liste-des-clubs\/"},"modified":"2021-10-29T16:25:59","modified_gmt":"2021-10-29T20:25:59","slug":"liste-des-clubs","status":"publish","type":"page","link":"https:\/\/acontrecourant.qc.ca\/fr\/evenements\/competition-interne-2021\/liste-des-clubs\/","title":{"rendered":"Liste des clubs"},"content":{"rendered":"<table>\n<tbody>\n<tr>\n<th style=\"text-align:left\">\u00c9quipe<\/th>\n<th style=\"text-align:left\">Abr\u00e9.<\/th>\n<th style=\"text-align:left\">Pays<\/th>\n<th style=\"text-align:left\">Hommes<\/th>\n<th style=\"text-align:left\">Femmes<\/th>\n<th style=\"text-align:left\">Total<\/th>\n<\/tr>\n<tr>\n<td>&#xC0; Contre-Courant<\/td>\n<td>MACC<\/td>\n<td>CAN<\/td>\n<td>12<\/td>\n<td>1<\/td>\n<td>13<\/td>\n<\/tr>\n<\/tbody>\n<tr>\n<td>Total: 1 \u00e9quipe<\/td>\n<td><\/td>\n<td><\/td>\n<td>12<\/td>\n<td>1<\/td>\n<td>13<\/td>\n<\/tr>\n<\/table>\n","protected":false},"excerpt":{"rendered":"<p>\u00c9quipe Abr\u00e9. Pays Hommes Femmes Total &#xC0; Contre-Courant MACC CAN 12 1 13 Total: 1 \u00e9quipe 12 1 13<\/p>\n","protected":false},"author":9,"featured_media":0,"parent":3206,"menu_order":0,"comment_status":"open","ping_status":"open","template":"","meta":{"_acf_changed":false,"footnotes":""},"class_list":["post-3203","page","type-page","status-publish","hentry"],"acf":[],"yoast_head":"<!-- This site is optimized with the Yoast SEO plugin v26.3 - https:\/\/yoast.com\/wordpress\/plugins\/seo\/ -->\n<title>Liste des clubs - \u00c0 Contre Courant<\/title>\n<meta name=\"robots\" content=\"index, follow, max-snippet:-1, max-image-preview:large, max-video-preview:-1\" \/>\n<link rel=\"canonical\" href=\"https:\/\/acontrecourant.qc.ca\/fr\/evenements\/competition-interne-2021\/liste-des-clubs\/\" \/>\n<script type=\"application\/ld+json\" class=\"yoast-schema-graph\">{\"@context\":\"https:\/\/schema.org\",\"@graph\":[{\"@type\":\"WebPage\",\"@id\":\"https:\/\/acontrecourant.qc.ca\/fr\/evenements\/competition-interne-2021\/liste-des-clubs\/\",\"url\":\"https:\/\/acontrecourant.qc.ca\/fr\/evenements\/competition-interne-2021\/liste-des-clubs\/\",\"name\":\"Liste des clubs - \u00c0 Contre Courant\",\"isPartOf\":{\"@id\":\"https:\/\/acontrecourant.qc.ca\/en\/#website\"},\"datePublished\":\"2021-10-29T20:21:03+00:00\",\"dateModified\":\"2021-10-29T20:25:59+00:00\",\"breadcrumb\":{\"@id\":\"https:\/\/acontrecourant.qc.ca\/fr\/evenements\/competition-interne-2021\/liste-des-clubs\/#breadcrumb\"},\"inLanguage\":\"fr-CA\",\"potentialAction\":[{\"@type\":\"ReadAction\",\"target\":[\"https:\/\/acontrecourant.qc.ca\/fr\/evenements\/competition-interne-2021\/liste-des-clubs\/\"]}]},{\"@type\":\"BreadcrumbList\",\"@id\":\"https:\/\/acontrecourant.qc.ca\/fr\/evenements\/competition-interne-2021\/liste-des-clubs\/#breadcrumb\",\"itemListElement\":[{\"@type\":\"ListItem\",\"position\":1,\"name\":\"\u00c9v\u00e9nements du club\",\"item\":\"https:\/\/acontrecourant.qc.ca\/fr\/evenements\/\"},{\"@type\":\"ListItem\",\"position\":2,\"name\":\"Comp\u00e9tition Interne 2021\",\"item\":\"https:\/\/acontrecourant.qc.ca\/fr\/evenements\/competition-interne-2021\/\"},{\"@type\":\"ListItem\",\"position\":3,\"name\":\"Liste des clubs\"}]},{\"@type\":\"WebSite\",\"@id\":\"https:\/\/acontrecourant.qc.ca\/en\/#website\",\"url\":\"https:\/\/acontrecourant.qc.ca\/en\/\",\"name\":\"\u00c0 Contre Courant\",\"description\":\"Bienvenue \u00e0 Montr\u00e9al\",\"potentialAction\":[{\"@type\":\"SearchAction\",\"target\":{\"@type\":\"EntryPoint\",\"urlTemplate\":\"https:\/\/acontrecourant.qc.ca\/en\/?s={search_term_string}\"},\"query-input\":{\"@type\":\"PropertyValueSpecification\",\"valueRequired\":true,\"valueName\":\"search_term_string\"}}],\"inLanguage\":\"fr-CA\"}]}<\/script>\n<!-- \/ Yoast SEO plugin. -->","yoast_head_json":{"title":"Liste des clubs - \u00c0 Contre Courant","robots":{"index":"index","follow":"follow","max-snippet":"max-snippet:-1","max-image-preview":"max-image-preview:large","max-video-preview":"max-video-preview:-1"},"canonical":"https:\/\/acontrecourant.qc.ca\/fr\/evenements\/competition-interne-2021\/liste-des-clubs\/","schema":{"@context":"https:\/\/schema.org","@graph":[{"@type":"WebPage","@id":"https:\/\/acontrecourant.qc.ca\/fr\/evenements\/competition-interne-2021\/liste-des-clubs\/","url":"https:\/\/acontrecourant.qc.ca\/fr\/evenements\/competition-interne-2021\/liste-des-clubs\/","name":"Liste des clubs - \u00c0 Contre Courant","isPartOf":{"@id":"https:\/\/acontrecourant.qc.ca\/en\/#website"},"datePublished":"2021-10-29T20:21:03+00:00","dateModified":"2021-10-29T20:25:59+00:00","breadcrumb":{"@id":"https:\/\/acontrecourant.qc.ca\/fr\/evenements\/competition-interne-2021\/liste-des-clubs\/#breadcrumb"},"inLanguage":"fr-CA","potentialAction":[{"@type":"ReadAction","target":["https:\/\/acontrecourant.qc.ca\/fr\/evenements\/competition-interne-2021\/liste-des-clubs\/"]}]},{"@type":"BreadcrumbList","@id":"https:\/\/acontrecourant.qc.ca\/fr\/evenements\/competition-interne-2021\/liste-des-clubs\/#breadcrumb","itemListElement":[{"@type":"ListItem","position":1,"name":"\u00c9v\u00e9nements du club","item":"https:\/\/acontrecourant.qc.ca\/fr\/evenements\/"},{"@type":"ListItem","position":2,"name":"Comp\u00e9tition Interne 2021","item":"https:\/\/acontrecourant.qc.ca\/fr\/evenements\/competition-interne-2021\/"},{"@type":"ListItem","position":3,"name":"Liste des clubs"}]},{"@type":"WebSite","@id":"https:\/\/acontrecourant.qc.ca\/en\/#website","url":"https:\/\/acontrecourant.qc.ca\/en\/","name":"\u00c0 Contre Courant","description":"Bienvenue \u00e0 Montr\u00e9al","potentialAction":[{"@type":"SearchAction","target":{"@type":"EntryPoint","urlTemplate":"https:\/\/acontrecourant.qc.ca\/en\/?s={search_term_string}"},"query-input":{"@type":"PropertyValueSpecification","valueRequired":true,"valueName":"search_term_string"}}],"inLanguage":"fr-CA"}]}},"_links":{"self":[{"href":"https:\/\/acontrecourant.qc.ca\/fr\/wp-json\/wp\/v2\/pages\/3203\/"}],"collection":[{"href":"https:\/\/acontrecourant.qc.ca\/fr\/wp-json\/wp\/v2\/pages\/"}],"about":[{"href":"https:\/\/acontrecourant.qc.ca\/fr\/wp-json\/wp\/v2\/types\/page\/"}],"author":[{"embeddable":true,"href":"https:\/\/acontrecourant.qc.ca\/fr\/wp-json\/wp\/v2\/users\/9\/"}],"replies":[{"embeddable":true,"href":"https:\/\/acontrecourant.qc.ca\/fr\/wp-json\/wp\/v2\/comments\/?post=3203"}],"version-history":[{"count":1,"href":"https:\/\/acontrecourant.qc.ca\/fr\/wp-json\/wp\/v2\/pages\/3203\/revisions\/"}],"predecessor-version":[{"id":3205,"href":"https:\/\/acontrecourant.qc.ca\/fr\/wp-json\/wp\/v2\/pages\/3203\/revisions\/3205\/"}],"up":[{"embeddable":true,"href":"https:\/\/acontrecourant.qc.ca\/fr\/wp-json\/wp\/v2\/pages\/3206\/"}],"wp:attachment":[{"href":"https:\/\/acontrecourant.qc.ca\/fr\/wp-json\/wp\/v2\/media\/?parent=3203"}],"curies":[{"name":"wp","href":"https:\/\/api.w.org\/{rel}","templated":true}]}}