{"id":3200,"date":"2021-11-04T00:19:47","date_gmt":"2021-11-04T04:19:47","guid":{"rendered":"http:\/\/acontrecourant.qc.ca\/?page_id=3200"},"modified":"2021-11-04T00:24:05","modified_gmt":"2021-11-04T04:24:05","slug":"compe-interne-2021","status":"publish","type":"page","link":"https:\/\/acontrecourant.qc.ca\/fr\/evenements\/coupe\/compe-interne-2021\/","title":{"rendered":"Compe Interne 2021"},"content":{"rendered":"<div>\n<h1>R\u00e9sultats<\/h1>\n<h2><a href=\"http:\/\/acontrecourant.qc.ca\/evenements\/competition-interne-2021\/liste-des-clubs\/\">LISTE DES CLUBS<\/a><\/h2>\n<h2><a href=\"http:\/\/acontrecourant.qc.ca\/evenements\/competition-interne-2021\/liste-des-series\/\">LISTE DES S\u00c9RIES<\/a><\/h2>\n<h1>Programme<\/h1>\n<h2><a href=\"http:\/\/acontrecourant.qc.ca\/evenements\/competition-interne-2021\/liste-des-clubs\/\">LISTE DES CLUBS<\/a><\/h2>\n<h2><a href=\"http:\/\/acontrecourant.qc.ca\/evenements\/competition-interne-2021\/liste-des-series\/\">LISTE DES S\u00c9RIES<\/a><\/h2>\n<\/div>\n","protected":false},"excerpt":{"rendered":"<p>R\u00e9sultats LISTE DES CLUBS LISTE DES S\u00c9RIES Programme LISTE DES CLUBS LISTE DES S\u00c9RIES<\/p>\n","protected":false},"author":9,"featured_media":0,"parent":2034,"menu_order":0,"comment_status":"closed","ping_status":"closed","template":"","meta":{"_acf_changed":false,"footnotes":""},"class_list":["post-3200","page","type-page","status-publish","hentry"],"acf":[],"yoast_head":"<!-- This site is optimized with the Yoast SEO plugin v26.3 - https:\/\/yoast.com\/wordpress\/plugins\/seo\/ -->\n<title>Compe Interne 2021 - \u00c0 Contre Courant<\/title>\n<meta name=\"robots\" content=\"index, follow, max-snippet:-1, max-image-preview:large, max-video-preview:-1\" \/>\n<link rel=\"canonical\" href=\"https:\/\/acontrecourant.qc.ca\/fr\/evenements\/coupe\/compe-interne-2021\/\" \/>\n<script type=\"application\/ld+json\" class=\"yoast-schema-graph\">{\"@context\":\"https:\/\/schema.org\",\"@graph\":[{\"@type\":\"WebPage\",\"@id\":\"https:\/\/acontrecourant.qc.ca\/fr\/evenements\/coupe\/compe-interne-2021\/\",\"url\":\"https:\/\/acontrecourant.qc.ca\/fr\/evenements\/coupe\/compe-interne-2021\/\",\"name\":\"Compe Interne 2021 - \u00c0 Contre Courant\",\"isPartOf\":{\"@id\":\"https:\/\/acontrecourant.qc.ca\/en\/#website\"},\"datePublished\":\"2021-11-04T04:19:47+00:00\",\"dateModified\":\"2021-11-04T04:24:05+00:00\",\"breadcrumb\":{\"@id\":\"https:\/\/acontrecourant.qc.ca\/fr\/evenements\/coupe\/compe-interne-2021\/#breadcrumb\"},\"inLanguage\":\"fr-CA\",\"potentialAction\":[{\"@type\":\"ReadAction\",\"target\":[\"https:\/\/acontrecourant.qc.ca\/fr\/evenements\/coupe\/compe-interne-2021\/\"]}]},{\"@type\":\"BreadcrumbList\",\"@id\":\"https:\/\/acontrecourant.qc.ca\/fr\/evenements\/coupe\/compe-interne-2021\/#breadcrumb\",\"itemListElement\":[{\"@type\":\"ListItem\",\"position\":1,\"name\":\"\u00c9v\u00e9nements du club\",\"item\":\"https:\/\/acontrecourant.qc.ca\/fr\/evenements\/\"},{\"@type\":\"ListItem\",\"position\":2,\"name\":\"Coupe de Montr\u00e9al\",\"item\":\"https:\/\/acontrecourant.qc.ca\/fr\/evenements\/coupe\/\"},{\"@type\":\"ListItem\",\"position\":3,\"name\":\"Compe Interne 2021\"}]},{\"@type\":\"WebSite\",\"@id\":\"https:\/\/acontrecourant.qc.ca\/en\/#website\",\"url\":\"https:\/\/acontrecourant.qc.ca\/en\/\",\"name\":\"\u00c0 Contre Courant\",\"description\":\"Bienvenue \u00e0 Montr\u00e9al\",\"potentialAction\":[{\"@type\":\"SearchAction\",\"target\":{\"@type\":\"EntryPoint\",\"urlTemplate\":\"https:\/\/acontrecourant.qc.ca\/en\/?s={search_term_string}\"},\"query-input\":{\"@type\":\"PropertyValueSpecification\",\"valueRequired\":true,\"valueName\":\"search_term_string\"}}],\"inLanguage\":\"fr-CA\"}]}<\/script>\n<!-- \/ Yoast SEO plugin. -->","yoast_head_json":{"title":"Compe Interne 2021 - \u00c0 Contre Courant","robots":{"index":"index","follow":"follow","max-snippet":"max-snippet:-1","max-image-preview":"max-image-preview:large","max-video-preview":"max-video-preview:-1"},"canonical":"https:\/\/acontrecourant.qc.ca\/fr\/evenements\/coupe\/compe-interne-2021\/","schema":{"@context":"https:\/\/schema.org","@graph":[{"@type":"WebPage","@id":"https:\/\/acontrecourant.qc.ca\/fr\/evenements\/coupe\/compe-interne-2021\/","url":"https:\/\/acontrecourant.qc.ca\/fr\/evenements\/coupe\/compe-interne-2021\/","name":"Compe Interne 2021 - \u00c0 Contre Courant","isPartOf":{"@id":"https:\/\/acontrecourant.qc.ca\/en\/#website"},"datePublished":"2021-11-04T04:19:47+00:00","dateModified":"2021-11-04T04:24:05+00:00","breadcrumb":{"@id":"https:\/\/acontrecourant.qc.ca\/fr\/evenements\/coupe\/compe-interne-2021\/#breadcrumb"},"inLanguage":"fr-CA","potentialAction":[{"@type":"ReadAction","target":["https:\/\/acontrecourant.qc.ca\/fr\/evenements\/coupe\/compe-interne-2021\/"]}]},{"@type":"BreadcrumbList","@id":"https:\/\/acontrecourant.qc.ca\/fr\/evenements\/coupe\/compe-interne-2021\/#breadcrumb","itemListElement":[{"@type":"ListItem","position":1,"name":"\u00c9v\u00e9nements du club","item":"https:\/\/acontrecourant.qc.ca\/fr\/evenements\/"},{"@type":"ListItem","position":2,"name":"Coupe de Montr\u00e9al","item":"https:\/\/acontrecourant.qc.ca\/fr\/evenements\/coupe\/"},{"@type":"ListItem","position":3,"name":"Compe Interne 2021"}]},{"@type":"WebSite","@id":"https:\/\/acontrecourant.qc.ca\/en\/#website","url":"https:\/\/acontrecourant.qc.ca\/en\/","name":"\u00c0 Contre Courant","description":"Bienvenue \u00e0 Montr\u00e9al","potentialAction":[{"@type":"SearchAction","target":{"@type":"EntryPoint","urlTemplate":"https:\/\/acontrecourant.qc.ca\/en\/?s={search_term_string}"},"query-input":{"@type":"PropertyValueSpecification","valueRequired":true,"valueName":"search_term_string"}}],"inLanguage":"fr-CA"}]}},"_links":{"self":[{"href":"https:\/\/acontrecourant.qc.ca\/fr\/wp-json\/wp\/v2\/pages\/3200\/"}],"collection":[{"href":"https:\/\/acontrecourant.qc.ca\/fr\/wp-json\/wp\/v2\/pages\/"}],"about":[{"href":"https:\/\/acontrecourant.qc.ca\/fr\/wp-json\/wp\/v2\/types\/page\/"}],"author":[{"embeddable":true,"href":"https:\/\/acontrecourant.qc.ca\/fr\/wp-json\/wp\/v2\/users\/9\/"}],"replies":[{"embeddable":true,"href":"https:\/\/acontrecourant.qc.ca\/fr\/wp-json\/wp\/v2\/comments\/?post=3200"}],"version-history":[{"count":5,"href":"https:\/\/acontrecourant.qc.ca\/fr\/wp-json\/wp\/v2\/pages\/3200\/revisions\/"}],"predecessor-version":[{"id":3278,"href":"https:\/\/acontrecourant.qc.ca\/fr\/wp-json\/wp\/v2\/pages\/3200\/revisions\/3278\/"}],"up":[{"embeddable":true,"href":"https:\/\/acontrecourant.qc.ca\/fr\/wp-json\/wp\/v2\/pages\/2034\/"}],"wp:attachment":[{"href":"https:\/\/acontrecourant.qc.ca\/fr\/wp-json\/wp\/v2\/media\/?parent=3200"}],"curies":[{"name":"wp","href":"https:\/\/api.w.org\/{rel}","templated":true}]}}