{"id":32,"date":"2013-05-10T20:14:20","date_gmt":"2013-05-11T00:14:20","guid":{"rendered":"http:\/\/acc922.wordpress.com\/?page_id=32"},"modified":"2026-02-12T16:24:13","modified_gmt":"2026-02-12T21:24:13","slug":"ca","status":"publish","type":"page","link":"https:\/\/acontrecourant.qc.ca\/fr\/informations\/ca\/","title":{"rendered":"Conseil d&rsquo;administration"},"content":{"rendered":"<p>Le <strong>conseil d&rsquo;administration<\/strong> d&rsquo;\u00c0 Contre-Courant (ACC) pour <strong>2025-2026<\/strong> est compos\u00e9 des <strong>9 membres<\/strong> suivants :<\/p>\n<ul>\n<li><strong>Benoit Grenier,<\/strong> Pr\u00e9sident, liaison avec \u00c9quipe Montr\u00e9al et le comit\u00e9 natation<\/li>\n<li><strong>Sonia Rachid<\/strong>, Vice-pr\u00e9sidente<\/li>\n<li><strong>Martin Girard<\/strong>, Tr\u00e9sorier<\/li>\n<li><strong>Pierre-Luc Turgeon<\/strong>, Repr\u00e9sentant IGLA 2027<\/li>\n<li><strong>Annalise Hilts,<\/strong>\u00a0Comit\u00e9 social et FTN<\/li>\n<li><strong>Dany S. Sibai<\/strong>, Comit\u00e9 communication et site web<\/li>\n<li><strong>Genevi\u00e8ve Sainte-Marie<\/strong>, Administratrice et comit\u00e9 IGLA 2027<\/li>\n<li><strong>Simon Pierre Gigu\u00e8re<\/strong>, Comit\u00e9 social et liaison avec le comit\u00e9 Water-Polo<\/li>\n<li><strong>Tudor Gafiuc<\/strong>, Administrateur<\/li>\n<\/ul>\n<p><!-- gallery link=\"file\" ids=\"1188,37,1194,1185,1200,1202,1207,1614,1612\" --><\/p>\n<h2><\/h2>\n<h2>R\u00e9partition des t\u00e2ches pour 2025-2026: COMIT\u00c9 NATATION<\/h2>\n<p><strong>Gestion des activit\u00e9s\u00a0<\/strong><\/p>\n<ul>\n<li>Coordonnateur : <strong>Benoit Grenier<\/strong><\/li>\n<li>Registraire du club: <strong>Pablo Conde<\/strong><\/li>\n<li>Gestion des finances : <strong>Guillaume Jeanmonod<\/strong><\/li>\n<li>Gestion des entra\u00eeneurs : <strong>Benoit Grenier<\/strong><\/li>\n<li>Gestion des \u00e9quipements : <strong>Karine Yankioua<\/strong><\/li>\n<li>Responsable des officiels : <strong>Janet Wyman<\/strong><\/li>\n<li>Inscriptions aux comp\u00e9titions : <strong>Pablo Conde<\/strong><\/li>\n<li>Coordination de la coupe de Montr\u00e9al : <strong>Martin Girard<\/strong><\/li>\n<li>Activit\u00e9s sociales: <strong>Thomas Lapointe<\/strong><\/li>\n<\/ul>\n<p><strong>Communications<\/strong><\/p>\n<ul>\n<li>Bo\u00eete courriel (info@acontrecourant.qc.ca) : <strong>Fran\u00e7ois Gauvin<\/strong><\/li>\n<li>Bulletin \u00e9lectronique eAU COURANTe : <strong>Fran\u00e7ois Gauvin<\/strong><\/li>\n<li>Site Internet : <strong>Dany S. Sibai<\/strong><\/li>\n<\/ul>\n<h2><\/h2>\n<h2>R\u00e9partition des t\u00e2ches pour 2025-2026: COMIT\u00c9 WATER-POLO<\/h2>\n<p><strong>Gestion des activit\u00e9s\u00a0<\/strong><\/p>\n<ul>\n<li>Coordonnateur : <strong>Simon-Pierre Gigu\u00e8re<\/strong><\/li>\n<li>Registraire : <strong>Jean-Philippe Darveau<\/strong><\/li>\n<li>Gestion des finances : <strong>Mika Desblancs-Patel<\/strong><\/li>\n<li>Gestion des entra\u00eeneurs : <strong>Cal Koger-Pease<\/strong><\/li>\n<li>Tournois ext\u00e9rieurs : <strong>Finnley McKillop<\/strong><\/li>\n<li>Tournoi annuel : <strong>Eric Haineault<\/strong><\/li>\n<li>Communication : <strong>Dany S. Sibai<\/strong><\/li>\n<li>Activit\u00e9s sociales : <strong>Mika Desblancs-Patel et Dany S. Sibai<\/strong><\/li>\n<\/ul>\n<p><strong>Communications<\/strong><\/p>\n<ul>\n<li>Bo\u00eete courriel (waterpolo@acontrecourant.qc.ca) : <strong>Dany S. Sibai<\/strong><\/li>\n<li>Bulletin \u00e9lectronique eAU COURANTe : <strong>Simon-Pierre Gigu\u00e8re<\/strong><\/li>\n<li>Site Internet : <strong>Dany S. Sibai<\/strong><\/li>\n<\/ul>\n","protected":false},"excerpt":{"rendered":"<p>Le conseil d&rsquo;administration d&rsquo;\u00c0 Contre-Courant (ACC) pour 2025-2026 est compos\u00e9 des 9 membres suivants : Benoit Grenier, Pr\u00e9sident, liaison avec \u00c9quipe Montr\u00e9al et le comit\u00e9 natation Sonia Rachid, Vice-pr\u00e9sidente Martin Girard, Tr\u00e9sorier Pierre-Luc Turgeon, Repr\u00e9sentant IGLA 2027 Annalise Hilts,\u00a0Comit\u00e9 social et FTN Dany S. Sibai, Comit\u00e9 communication et site web Genevi\u00e8ve Sainte-Marie, Administratrice et comit\u00e9 [&hellip;]<\/p>\n","protected":false},"author":8,"featured_media":0,"parent":6,"menu_order":0,"comment_status":"closed","ping_status":"closed","template":"page-full-width.php","meta":{"_acf_changed":false,"footnotes":""},"class_list":["post-32","page","type-page","status-publish","hentry"],"acf":[],"yoast_head":"<!-- This site is optimized with the Yoast SEO plugin v26.3 - https:\/\/yoast.com\/wordpress\/plugins\/seo\/ -->\n<title>Conseil d&#039;administration - \u00c0 Contre Courant<\/title>\n<meta name=\"robots\" content=\"index, follow, max-snippet:-1, max-image-preview:large, max-video-preview:-1\" \/>\n<link rel=\"canonical\" href=\"https:\/\/acontrecourant.qc.ca\/fr\/informations\/ca\/\" \/>\n<meta name=\"twitter:label1\" content=\"Estimation du temps de lecture\" \/>\n\t<meta name=\"twitter:data1\" content=\"2 minutes\" \/>\n<script type=\"application\/ld+json\" class=\"yoast-schema-graph\">{\"@context\":\"https:\/\/schema.org\",\"@graph\":[{\"@type\":\"WebPage\",\"@id\":\"https:\/\/acontrecourant.qc.ca\/fr\/informations\/ca\/\",\"url\":\"https:\/\/acontrecourant.qc.ca\/fr\/informations\/ca\/\",\"name\":\"Conseil d'administration - \u00c0 Contre Courant\",\"isPartOf\":{\"@id\":\"https:\/\/acontrecourant.qc.ca\/en\/#website\"},\"datePublished\":\"2013-05-11T00:14:20+00:00\",\"dateModified\":\"2026-02-12T21:24:13+00:00\",\"breadcrumb\":{\"@id\":\"https:\/\/acontrecourant.qc.ca\/fr\/informations\/ca\/#breadcrumb\"},\"inLanguage\":\"fr-CA\",\"potentialAction\":[{\"@type\":\"ReadAction\",\"target\":[\"https:\/\/acontrecourant.qc.ca\/fr\/informations\/ca\/\"]}]},{\"@type\":\"BreadcrumbList\",\"@id\":\"https:\/\/acontrecourant.qc.ca\/fr\/informations\/ca\/#breadcrumb\",\"itemListElement\":[{\"@type\":\"ListItem\",\"position\":1,\"name\":\"Informations\",\"item\":\"https:\/\/acontrecourant.qc.ca\/fr\/informations\/\"},{\"@type\":\"ListItem\",\"position\":2,\"name\":\"Conseil d&rsquo;administration\"}]},{\"@type\":\"WebSite\",\"@id\":\"https:\/\/acontrecourant.qc.ca\/en\/#website\",\"url\":\"https:\/\/acontrecourant.qc.ca\/en\/\",\"name\":\"\u00c0 Contre Courant\",\"description\":\"Bienvenue \u00e0 Montr\u00e9al\",\"potentialAction\":[{\"@type\":\"SearchAction\",\"target\":{\"@type\":\"EntryPoint\",\"urlTemplate\":\"https:\/\/acontrecourant.qc.ca\/en\/?s={search_term_string}\"},\"query-input\":{\"@type\":\"PropertyValueSpecification\",\"valueRequired\":true,\"valueName\":\"search_term_string\"}}],\"inLanguage\":\"fr-CA\"}]}<\/script>\n<!-- \/ Yoast SEO plugin. -->","yoast_head_json":{"title":"Conseil d'administration - \u00c0 Contre Courant","robots":{"index":"index","follow":"follow","max-snippet":"max-snippet:-1","max-image-preview":"max-image-preview:large","max-video-preview":"max-video-preview:-1"},"canonical":"https:\/\/acontrecourant.qc.ca\/fr\/informations\/ca\/","twitter_misc":{"Estimation du temps de lecture":"2 minutes"},"schema":{"@context":"https:\/\/schema.org","@graph":[{"@type":"WebPage","@id":"https:\/\/acontrecourant.qc.ca\/fr\/informations\/ca\/","url":"https:\/\/acontrecourant.qc.ca\/fr\/informations\/ca\/","name":"Conseil d'administration - \u00c0 Contre Courant","isPartOf":{"@id":"https:\/\/acontrecourant.qc.ca\/en\/#website"},"datePublished":"2013-05-11T00:14:20+00:00","dateModified":"2026-02-12T21:24:13+00:00","breadcrumb":{"@id":"https:\/\/acontrecourant.qc.ca\/fr\/informations\/ca\/#breadcrumb"},"inLanguage":"fr-CA","potentialAction":[{"@type":"ReadAction","target":["https:\/\/acontrecourant.qc.ca\/fr\/informations\/ca\/"]}]},{"@type":"BreadcrumbList","@id":"https:\/\/acontrecourant.qc.ca\/fr\/informations\/ca\/#breadcrumb","itemListElement":[{"@type":"ListItem","position":1,"name":"Informations","item":"https:\/\/acontrecourant.qc.ca\/fr\/informations\/"},{"@type":"ListItem","position":2,"name":"Conseil d&rsquo;administration"}]},{"@type":"WebSite","@id":"https:\/\/acontrecourant.qc.ca\/en\/#website","url":"https:\/\/acontrecourant.qc.ca\/en\/","name":"\u00c0 Contre Courant","description":"Bienvenue \u00e0 Montr\u00e9al","potentialAction":[{"@type":"SearchAction","target":{"@type":"EntryPoint","urlTemplate":"https:\/\/acontrecourant.qc.ca\/en\/?s={search_term_string}"},"query-input":{"@type":"PropertyValueSpecification","valueRequired":true,"valueName":"search_term_string"}}],"inLanguage":"fr-CA"}]}},"_links":{"self":[{"href":"https:\/\/acontrecourant.qc.ca\/fr\/wp-json\/wp\/v2\/pages\/32\/"}],"collection":[{"href":"https:\/\/acontrecourant.qc.ca\/fr\/wp-json\/wp\/v2\/pages\/"}],"about":[{"href":"https:\/\/acontrecourant.qc.ca\/fr\/wp-json\/wp\/v2\/types\/page\/"}],"author":[{"embeddable":true,"href":"https:\/\/acontrecourant.qc.ca\/fr\/wp-json\/wp\/v2\/users\/8\/"}],"replies":[{"embeddable":true,"href":"https:\/\/acontrecourant.qc.ca\/fr\/wp-json\/wp\/v2\/comments\/?post=32"}],"version-history":[{"count":59,"href":"https:\/\/acontrecourant.qc.ca\/fr\/wp-json\/wp\/v2\/pages\/32\/revisions\/"}],"predecessor-version":[{"id":4891,"href":"https:\/\/acontrecourant.qc.ca\/fr\/wp-json\/wp\/v2\/pages\/32\/revisions\/4891\/"}],"up":[{"embeddable":true,"href":"https:\/\/acontrecourant.qc.ca\/fr\/wp-json\/wp\/v2\/pages\/6\/"}],"wp:attachment":[{"href":"https:\/\/acontrecourant.qc.ca\/fr\/wp-json\/wp\/v2\/media\/?parent=32"}],"curies":[{"name":"wp","href":"https:\/\/api.w.org\/{rel}","templated":true}]}}