{"id":3193,"date":"2021-10-22T01:09:22","date_gmt":"2021-10-22T05:09:22","guid":{"rendered":"http:\/\/acontrecourant.qc.ca\/?page_id=3193"},"modified":"2021-11-11T00:11:06","modified_gmt":"2021-11-11T05:11:06","slug":"remerciements-2021","status":"publish","type":"page","link":"https:\/\/acontrecourant.qc.ca\/fr\/evenements\/coupe\/remerciements-2021\/","title":{"rendered":"Remerciements"},"content":{"rendered":"<h2>Comit\u00e9 organisateur<\/h2>\n<div data-post-id=\"2056\" class=\"insert-page insert-page-2056 \"><h3>Martin Girard, directeur de rencontre<\/h3>\n<p>514 524-8908<br \/>\n<a href=\"mailto:coupe@acontrecourant.qc.ca\">coupe@acontrecourant.qc.ca<\/a><\/p>\n<h3>Carole Thomas, juge-arbitre de la rencontre<\/h3>\n<p><span><\/p>\n<h3>Michel Arnold, co-responsable des officiels<\/h3>\n<h3>Jean-Fran\u00e7ois Gilbert, co-responsable des officiels<\/h3>\n<p><a href=\"mailto:coupe.officiels@acontrecourant.qc.ca\">coupe.officiels@acontrecourant.qc.ca<\/a><br \/>\n<\/span><\/p>\n<h3>Anne Girard, registraire<\/h3>\n<p><a href=\"mailto:coupe.registraire@acontrecourant.qc.ca\">coupe.registraire@acontrecourant.qc.ca<\/a><\/p>\n<\/div>\n<h3>Brigitte Bienvenue, V\u00e9ronique Denis<\/h3>\n<p>Souper du samedi soir<\/p>\n<h3>Emmanuel de Chancenotte<\/h3>\n<p>R\u00e9vision linguistique<\/p>\n<h3>Fr\u00e9d\u00e9ric Manfredi<\/h3>\n<p>R\u00e9seautique et TI<\/p>\n<h3>Andr\u00e9 Vaudrin<\/h3>\n<p>Graphisme du logo<\/p>\n<h3>Chris Gibson, V\u00e9ronique Denis<\/h3>\n<p>Restauration<\/p>\n<h2>\u00c9quipe des mesures sanitaires<\/h2>\n<p>Emmanuel de Chancenotte, Rebecca Laberge, Audrey Laisney, Denis Pelletier<\/p>\n<h2>B\u00e9n\u00e9voles<\/h2>\n<p>Caitlin Berry, Michel-Pierre Lachance<\/p>\n<h2>Officiels mageurs<\/h2>\n<p>Martin Girard, Michel Arnold, Louise Monast, Maurice Harvey, Monica Dunn, Diane Lefebvre, Benoit Ethier, Andr\u00e9 Montpetit, Carole Thomas, Martin Demers, Anne Girard, Richard Bolduc, Ren\u00e9e Bourgeois, Pierre E. Lachapelle, Michel Lachance, Marilyn Donato, Simon Roughley, Tuan Vu, Olga Kent, Garry Gebhardt, Janet Wyman<\/p>\n<h2>Chronom\u00e9treurs<\/h2>\n<p>Pierre E. Lachapelle, Richard Bolduc, Jean-Claude No\u00ebl, Daniel Bourry, Lyne Girard, Florient Meyer, Anne-Marie Girard, Garry Gebhardt, Marc Rh\u00e9aume, Daniel Gosselin, Andr\u00e9 Emond, Rose Poirier, Mohamed Hussein, Janet Wyman, Luis Alonso, Sylvie Donato, Flavie Donato, Marc-Antoine Ladouceur, Olivier Rey, Marius Gauthier, Claudette Guy, Jean-Marc Bouley, Victor Chisholm, Marc Rh\u00e9aume, Caitlin Berry, Melanie Fabes, Kim Turner, Karl Notargiovani, Audrey Laisney<\/p>\n<h2>Les amis de la Coupe<\/h2>\n<h3>La petite boulangerie<\/h3>\n<div>\n<a href=\"http:\/\/acontrecourant.qc.ca\/wp-content\/uploads\/png\/pub-petite-boulangerie.png\"><img loading=\"lazy\" decoding=\"async\" src=\"http:\/\/acontrecourant.qc.ca\/wp-content\/uploads\/png\/pub-petite-boulangerie-762x1024.png\" alt=\"\" width=\"700\" height=\"941\" class=\"alignnone size-large wp-image-3329\" srcset=\"https:\/\/acontrecourant.qc.ca\/wp-content\/uploads\/png\/pub-petite-boulangerie-762x1024.png 762w, https:\/\/acontrecourant.qc.ca\/wp-content\/uploads\/png\/pub-petite-boulangerie-223x300.png 223w, https:\/\/acontrecourant.qc.ca\/wp-content\/uploads\/png\/pub-petite-boulangerie-768x1032.png 768w, https:\/\/acontrecourant.qc.ca\/wp-content\/uploads\/png\/pub-petite-boulangerie-112x150.png 112w, https:\/\/acontrecourant.qc.ca\/wp-content\/uploads\/png\/pub-petite-boulangerie-1000x1344.png 1000w, https:\/\/acontrecourant.qc.ca\/wp-content\/uploads\/png\/pub-petite-boulangerie.png 1088w\" sizes=\"auto, (max-width: 700px) 100vw, 700px\" \/><\/a>\n<\/div>\n<ul class=\"list-document\">\n<li>Prochaine section:<a style=\"text-transform: uppercase;\" href=\"http:\/\/acontrecourant.qc.ca\/evenements\/coupe\/liste-des-equipes\">Liste des \u00e9quipes<\/a><\/li>\n<li>Section pr\u00e9c\u00e9dente:<a style=\"text-transform: uppercase;\" href=\"http:\/\/acontrecourant.qc.ca\/evenements\/coupe\/bulletin-technique\">Bulletin Technique<\/a><\/li>\n<\/ul>\n","protected":false},"excerpt":{"rendered":"<p>Comit\u00e9 organisateur Brigitte Bienvenue, V\u00e9ronique Denis Souper du samedi soir Emmanuel de Chancenotte R\u00e9vision linguistique Fr\u00e9d\u00e9ric Manfredi R\u00e9seautique et TI Andr\u00e9 Vaudrin Graphisme du logo Chris Gibson, V\u00e9ronique Denis Restauration \u00c9quipe des mesures sanitaires Emmanuel de Chancenotte, Rebecca Laberge, Audrey Laisney, Denis Pelletier B\u00e9n\u00e9voles Caitlin Berry, Michel-Pierre Lachance Officiels mageurs Martin Girard, Michel Arnold, Louise [&hellip;]<\/p>\n","protected":false},"author":9,"featured_media":0,"parent":2034,"menu_order":0,"comment_status":"closed","ping_status":"closed","template":"page-full-width.php","meta":{"_acf_changed":false,"footnotes":""},"class_list":["post-3193","page","type-page","status-publish","hentry"],"acf":[],"yoast_head":"<!-- This site is optimized with the Yoast SEO plugin v26.3 - https:\/\/yoast.com\/wordpress\/plugins\/seo\/ -->\n<title>Remerciements - \u00c0 Contre Courant<\/title>\n<meta name=\"robots\" content=\"index, follow, max-snippet:-1, max-image-preview:large, max-video-preview:-1\" \/>\n<link rel=\"canonical\" href=\"https:\/\/acontrecourant.qc.ca\/fr\/evenements\/coupe\/remerciements-2021\/\" \/>\n<meta name=\"twitter:label1\" content=\"Estimation du temps de lecture\" \/>\n\t<meta name=\"twitter:data1\" content=\"2 minutes\" \/>\n<script type=\"application\/ld+json\" class=\"yoast-schema-graph\">{\"@context\":\"https:\/\/schema.org\",\"@graph\":[{\"@type\":\"WebPage\",\"@id\":\"https:\/\/acontrecourant.qc.ca\/fr\/evenements\/coupe\/remerciements-2021\/\",\"url\":\"https:\/\/acontrecourant.qc.ca\/fr\/evenements\/coupe\/remerciements-2021\/\",\"name\":\"Remerciements - \u00c0 Contre Courant\",\"isPartOf\":{\"@id\":\"https:\/\/acontrecourant.qc.ca\/en\/#website\"},\"primaryImageOfPage\":{\"@id\":\"https:\/\/acontrecourant.qc.ca\/fr\/evenements\/coupe\/remerciements-2021\/#primaryimage\"},\"image\":{\"@id\":\"https:\/\/acontrecourant.qc.ca\/fr\/evenements\/coupe\/remerciements-2021\/#primaryimage\"},\"thumbnailUrl\":\"http:\/\/acontrecourant.qc.ca\/wp-content\/uploads\/png\/pub-petite-boulangerie-762x1024.png\",\"datePublished\":\"2021-10-22T05:09:22+00:00\",\"dateModified\":\"2021-11-11T05:11:06+00:00\",\"breadcrumb\":{\"@id\":\"https:\/\/acontrecourant.qc.ca\/fr\/evenements\/coupe\/remerciements-2021\/#breadcrumb\"},\"inLanguage\":\"fr-CA\",\"potentialAction\":[{\"@type\":\"ReadAction\",\"target\":[\"https:\/\/acontrecourant.qc.ca\/fr\/evenements\/coupe\/remerciements-2021\/\"]}]},{\"@type\":\"ImageObject\",\"inLanguage\":\"fr-CA\",\"@id\":\"https:\/\/acontrecourant.qc.ca\/fr\/evenements\/coupe\/remerciements-2021\/#primaryimage\",\"url\":\"http:\/\/acontrecourant.qc.ca\/wp-content\/uploads\/png\/pub-petite-boulangerie-762x1024.png\",\"contentUrl\":\"http:\/\/acontrecourant.qc.ca\/wp-content\/uploads\/png\/pub-petite-boulangerie-762x1024.png\"},{\"@type\":\"BreadcrumbList\",\"@id\":\"https:\/\/acontrecourant.qc.ca\/fr\/evenements\/coupe\/remerciements-2021\/#breadcrumb\",\"itemListElement\":[{\"@type\":\"ListItem\",\"position\":1,\"name\":\"\u00c9v\u00e9nements du club\",\"item\":\"https:\/\/acontrecourant.qc.ca\/fr\/evenements\/\"},{\"@type\":\"ListItem\",\"position\":2,\"name\":\"Coupe de Montr\u00e9al\",\"item\":\"https:\/\/acontrecourant.qc.ca\/fr\/evenements\/coupe\/\"},{\"@type\":\"ListItem\",\"position\":3,\"name\":\"Remerciements\"}]},{\"@type\":\"WebSite\",\"@id\":\"https:\/\/acontrecourant.qc.ca\/en\/#website\",\"url\":\"https:\/\/acontrecourant.qc.ca\/en\/\",\"name\":\"\u00c0 Contre Courant\",\"description\":\"Bienvenue \u00e0 Montr\u00e9al\",\"potentialAction\":[{\"@type\":\"SearchAction\",\"target\":{\"@type\":\"EntryPoint\",\"urlTemplate\":\"https:\/\/acontrecourant.qc.ca\/en\/?s={search_term_string}\"},\"query-input\":{\"@type\":\"PropertyValueSpecification\",\"valueRequired\":true,\"valueName\":\"search_term_string\"}}],\"inLanguage\":\"fr-CA\"}]}<\/script>\n<!-- \/ Yoast SEO plugin. -->","yoast_head_json":{"title":"Remerciements - \u00c0 Contre Courant","robots":{"index":"index","follow":"follow","max-snippet":"max-snippet:-1","max-image-preview":"max-image-preview:large","max-video-preview":"max-video-preview:-1"},"canonical":"https:\/\/acontrecourant.qc.ca\/fr\/evenements\/coupe\/remerciements-2021\/","twitter_misc":{"Estimation du temps de lecture":"2 minutes"},"schema":{"@context":"https:\/\/schema.org","@graph":[{"@type":"WebPage","@id":"https:\/\/acontrecourant.qc.ca\/fr\/evenements\/coupe\/remerciements-2021\/","url":"https:\/\/acontrecourant.qc.ca\/fr\/evenements\/coupe\/remerciements-2021\/","name":"Remerciements - \u00c0 Contre Courant","isPartOf":{"@id":"https:\/\/acontrecourant.qc.ca\/en\/#website"},"primaryImageOfPage":{"@id":"https:\/\/acontrecourant.qc.ca\/fr\/evenements\/coupe\/remerciements-2021\/#primaryimage"},"image":{"@id":"https:\/\/acontrecourant.qc.ca\/fr\/evenements\/coupe\/remerciements-2021\/#primaryimage"},"thumbnailUrl":"http:\/\/acontrecourant.qc.ca\/wp-content\/uploads\/png\/pub-petite-boulangerie-762x1024.png","datePublished":"2021-10-22T05:09:22+00:00","dateModified":"2021-11-11T05:11:06+00:00","breadcrumb":{"@id":"https:\/\/acontrecourant.qc.ca\/fr\/evenements\/coupe\/remerciements-2021\/#breadcrumb"},"inLanguage":"fr-CA","potentialAction":[{"@type":"ReadAction","target":["https:\/\/acontrecourant.qc.ca\/fr\/evenements\/coupe\/remerciements-2021\/"]}]},{"@type":"ImageObject","inLanguage":"fr-CA","@id":"https:\/\/acontrecourant.qc.ca\/fr\/evenements\/coupe\/remerciements-2021\/#primaryimage","url":"http:\/\/acontrecourant.qc.ca\/wp-content\/uploads\/png\/pub-petite-boulangerie-762x1024.png","contentUrl":"http:\/\/acontrecourant.qc.ca\/wp-content\/uploads\/png\/pub-petite-boulangerie-762x1024.png"},{"@type":"BreadcrumbList","@id":"https:\/\/acontrecourant.qc.ca\/fr\/evenements\/coupe\/remerciements-2021\/#breadcrumb","itemListElement":[{"@type":"ListItem","position":1,"name":"\u00c9v\u00e9nements du club","item":"https:\/\/acontrecourant.qc.ca\/fr\/evenements\/"},{"@type":"ListItem","position":2,"name":"Coupe de Montr\u00e9al","item":"https:\/\/acontrecourant.qc.ca\/fr\/evenements\/coupe\/"},{"@type":"ListItem","position":3,"name":"Remerciements"}]},{"@type":"WebSite","@id":"https:\/\/acontrecourant.qc.ca\/en\/#website","url":"https:\/\/acontrecourant.qc.ca\/en\/","name":"\u00c0 Contre Courant","description":"Bienvenue \u00e0 Montr\u00e9al","potentialAction":[{"@type":"SearchAction","target":{"@type":"EntryPoint","urlTemplate":"https:\/\/acontrecourant.qc.ca\/en\/?s={search_term_string}"},"query-input":{"@type":"PropertyValueSpecification","valueRequired":true,"valueName":"search_term_string"}}],"inLanguage":"fr-CA"}]}},"_links":{"self":[{"href":"https:\/\/acontrecourant.qc.ca\/fr\/wp-json\/wp\/v2\/pages\/3193\/"}],"collection":[{"href":"https:\/\/acontrecourant.qc.ca\/fr\/wp-json\/wp\/v2\/pages\/"}],"about":[{"href":"https:\/\/acontrecourant.qc.ca\/fr\/wp-json\/wp\/v2\/types\/page\/"}],"author":[{"embeddable":true,"href":"https:\/\/acontrecourant.qc.ca\/fr\/wp-json\/wp\/v2\/users\/9\/"}],"replies":[{"embeddable":true,"href":"https:\/\/acontrecourant.qc.ca\/fr\/wp-json\/wp\/v2\/comments\/?post=3193"}],"version-history":[{"count":11,"href":"https:\/\/acontrecourant.qc.ca\/fr\/wp-json\/wp\/v2\/pages\/3193\/revisions\/"}],"predecessor-version":[{"id":3406,"href":"https:\/\/acontrecourant.qc.ca\/fr\/wp-json\/wp\/v2\/pages\/3193\/revisions\/3406\/"}],"up":[{"embeddable":true,"href":"https:\/\/acontrecourant.qc.ca\/fr\/wp-json\/wp\/v2\/pages\/2034\/"}],"wp:attachment":[{"href":"https:\/\/acontrecourant.qc.ca\/fr\/wp-json\/wp\/v2\/media\/?parent=3193"}],"curies":[{"name":"wp","href":"https:\/\/api.w.org\/{rel}","templated":true}]}}