{"id":3183,"date":"2021-10-22T00:33:32","date_gmt":"2021-10-22T04:33:32","guid":{"rendered":"http:\/\/acontrecourant.qc.ca\/?page_id=3183"},"modified":"2022-11-03T18:29:29","modified_gmt":"2022-11-03T22:29:29","slug":"mot-de-bienvenue-2021","status":"publish","type":"page","link":"https:\/\/acontrecourant.qc.ca\/fr\/evenements\/coupe\/mot-de-bienvenue-2021\/","title":{"rendered":"Mot de bienvenue"},"content":{"rendered":"<p>Ch\u00e8res athl\u00e8tes,<br \/>\nChers athl\u00e8tes,<\/p>\n<p>Nous vous souhaitons la bienvenue \u00e0 cette 27\u00e8 \u00e9dition de la Coupe de Montr\u00e9al des ma\u00eetres nageurs 2021. Nous sommes tr\u00e8s heureux de vous retrouver pour cette \u00e9dition annuelle de la Coupe de MACC, qui se veut \u00e9galement la Manche 1 de la Coupe du Qu\u00e9bec, et de voir que vous \u00eates toujours aussi nombreux \u00e0 \u00eatre au rendez-vous. Malgr\u00e9 les contraintes COVID-19 et l&rsquo;arr\u00eat des comp\u00e9titions en 2020, il nous fait encore plus chaud au coeur de vous retrouver dans le bassin de comp\u00e9titions pour un sain retour aux rencontres des ma\u00eetres nageurs. Merci de participer si fid\u00e8lement, ann\u00e9e apr\u00e8s ann\u00e9e, \u00e0 la Coupe de Montr\u00e9al. Pour votre enti\u00e8re satisfaction, nous avons le plaisir de vous accueillir dans l\u2019une des piscines les plus rapides au Qu\u00e9bec, soit celle du Complexe sportif Claude-Robillard.<\/p>\n<p>Comme toujours, nous nous devons de souligner l\u2019engagement des membres d\u2019\u00c0 Contre-Courant, qui tiennent \u00e0 leur Coupe et qui le prouvent en s\u2019y impliquant en grand nombre, \u00e0 titre de participants, d\u2019officiels ou de b\u00e9n\u00e9voles. C\u2019est gr\u00e2ce \u00e0 cette volont\u00e9 et \u00e0 cette \u00e9nergie collective que la Coupe de Montr\u00e9al revient pour cette 27\u00e8 \u00e9dition. Nous tenons aussi \u00e0 remercier nos commanditaires et partenaires financiers, dont le soutien se r\u00e9v\u00e8le essentiel au succ\u00e8s de cette rencontre.<\/p>\n<p>Fort de nos multiples ann\u00e9es d\u2019exp\u00e9rience dans l&rsquo;organisation de comp\u00e9titions, le comit\u00e9 organisateur de la Coupe est fier de pouvoir contribuer activement \u00e0 la Relance des comp\u00e9tition en temps de COVID-19. Certes vous trouverez sur votre passage quelques changements, mais l&rsquo;esprit de fraternit\u00e9 qui nous habite pour ces rencontres de ma\u00eetres nageurs reste encore et toujours au rendez-vous.<\/p>\n<p>Nous souhaitons \u00e0 tous les participantes et participantes beaucoup de plaisir ainsi que des performances \u00e0 la hauteur de leurs attentes!<\/p>\n<p><strong>MARTIN GIRARD<\/strong><br \/>\nDirecteur de rencontre<br \/>\nAu nom du comit\u00e9 organisateur<\/p>\n","protected":false},"excerpt":{"rendered":"<p>Ch\u00e8res athl\u00e8tes, Chers athl\u00e8tes, Nous vous souhaitons la bienvenue \u00e0 cette 27\u00e8 \u00e9dition de la Coupe de Montr\u00e9al des ma\u00eetres nageurs 2021. Nous sommes tr\u00e8s heureux de vous retrouver pour cette \u00e9dition annuelle de la Coupe de MACC, qui se veut \u00e9galement la Manche 1 de la Coupe du Qu\u00e9bec, et de voir que vous [&hellip;]<\/p>\n","protected":false},"author":9,"featured_media":0,"parent":2034,"menu_order":0,"comment_status":"closed","ping_status":"closed","template":"","meta":{"_acf_changed":false,"footnotes":""},"class_list":["post-3183","page","type-page","status-publish","hentry"],"acf":[],"yoast_head":"<!-- This site is optimized with the Yoast SEO plugin v26.3 - https:\/\/yoast.com\/wordpress\/plugins\/seo\/ -->\n<title>Mot de bienvenue - \u00c0 Contre Courant<\/title>\n<meta name=\"robots\" content=\"index, follow, max-snippet:-1, max-image-preview:large, max-video-preview:-1\" \/>\n<link rel=\"canonical\" href=\"https:\/\/acontrecourant.qc.ca\/fr\/evenements\/coupe\/mot-de-bienvenue-2021\/\" \/>\n<meta name=\"twitter:label1\" content=\"Estimation du temps de lecture\" \/>\n\t<meta name=\"twitter:data1\" content=\"2 minutes\" \/>\n<script type=\"application\/ld+json\" class=\"yoast-schema-graph\">{\"@context\":\"https:\/\/schema.org\",\"@graph\":[{\"@type\":\"WebPage\",\"@id\":\"https:\/\/acontrecourant.qc.ca\/fr\/evenements\/coupe\/mot-de-bienvenue-2021\/\",\"url\":\"https:\/\/acontrecourant.qc.ca\/fr\/evenements\/coupe\/mot-de-bienvenue-2021\/\",\"name\":\"Mot de bienvenue - \u00c0 Contre Courant\",\"isPartOf\":{\"@id\":\"https:\/\/acontrecourant.qc.ca\/en\/#website\"},\"datePublished\":\"2021-10-22T04:33:32+00:00\",\"dateModified\":\"2022-11-03T22:29:29+00:00\",\"breadcrumb\":{\"@id\":\"https:\/\/acontrecourant.qc.ca\/fr\/evenements\/coupe\/mot-de-bienvenue-2021\/#breadcrumb\"},\"inLanguage\":\"fr-CA\",\"potentialAction\":[{\"@type\":\"ReadAction\",\"target\":[\"https:\/\/acontrecourant.qc.ca\/fr\/evenements\/coupe\/mot-de-bienvenue-2021\/\"]}]},{\"@type\":\"BreadcrumbList\",\"@id\":\"https:\/\/acontrecourant.qc.ca\/fr\/evenements\/coupe\/mot-de-bienvenue-2021\/#breadcrumb\",\"itemListElement\":[{\"@type\":\"ListItem\",\"position\":1,\"name\":\"\u00c9v\u00e9nements du club\",\"item\":\"https:\/\/acontrecourant.qc.ca\/fr\/evenements\/\"},{\"@type\":\"ListItem\",\"position\":2,\"name\":\"Coupe de Montr\u00e9al\",\"item\":\"https:\/\/acontrecourant.qc.ca\/fr\/evenements\/coupe\/\"},{\"@type\":\"ListItem\",\"position\":3,\"name\":\"Mot de bienvenue\"}]},{\"@type\":\"WebSite\",\"@id\":\"https:\/\/acontrecourant.qc.ca\/en\/#website\",\"url\":\"https:\/\/acontrecourant.qc.ca\/en\/\",\"name\":\"\u00c0 Contre Courant\",\"description\":\"Bienvenue \u00e0 Montr\u00e9al\",\"potentialAction\":[{\"@type\":\"SearchAction\",\"target\":{\"@type\":\"EntryPoint\",\"urlTemplate\":\"https:\/\/acontrecourant.qc.ca\/en\/?s={search_term_string}\"},\"query-input\":{\"@type\":\"PropertyValueSpecification\",\"valueRequired\":true,\"valueName\":\"search_term_string\"}}],\"inLanguage\":\"fr-CA\"}]}<\/script>\n<!-- \/ Yoast SEO plugin. -->","yoast_head_json":{"title":"Mot de bienvenue - \u00c0 Contre Courant","robots":{"index":"index","follow":"follow","max-snippet":"max-snippet:-1","max-image-preview":"max-image-preview:large","max-video-preview":"max-video-preview:-1"},"canonical":"https:\/\/acontrecourant.qc.ca\/fr\/evenements\/coupe\/mot-de-bienvenue-2021\/","twitter_misc":{"Estimation du temps de lecture":"2 minutes"},"schema":{"@context":"https:\/\/schema.org","@graph":[{"@type":"WebPage","@id":"https:\/\/acontrecourant.qc.ca\/fr\/evenements\/coupe\/mot-de-bienvenue-2021\/","url":"https:\/\/acontrecourant.qc.ca\/fr\/evenements\/coupe\/mot-de-bienvenue-2021\/","name":"Mot de bienvenue - \u00c0 Contre Courant","isPartOf":{"@id":"https:\/\/acontrecourant.qc.ca\/en\/#website"},"datePublished":"2021-10-22T04:33:32+00:00","dateModified":"2022-11-03T22:29:29+00:00","breadcrumb":{"@id":"https:\/\/acontrecourant.qc.ca\/fr\/evenements\/coupe\/mot-de-bienvenue-2021\/#breadcrumb"},"inLanguage":"fr-CA","potentialAction":[{"@type":"ReadAction","target":["https:\/\/acontrecourant.qc.ca\/fr\/evenements\/coupe\/mot-de-bienvenue-2021\/"]}]},{"@type":"BreadcrumbList","@id":"https:\/\/acontrecourant.qc.ca\/fr\/evenements\/coupe\/mot-de-bienvenue-2021\/#breadcrumb","itemListElement":[{"@type":"ListItem","position":1,"name":"\u00c9v\u00e9nements du club","item":"https:\/\/acontrecourant.qc.ca\/fr\/evenements\/"},{"@type":"ListItem","position":2,"name":"Coupe de Montr\u00e9al","item":"https:\/\/acontrecourant.qc.ca\/fr\/evenements\/coupe\/"},{"@type":"ListItem","position":3,"name":"Mot de bienvenue"}]},{"@type":"WebSite","@id":"https:\/\/acontrecourant.qc.ca\/en\/#website","url":"https:\/\/acontrecourant.qc.ca\/en\/","name":"\u00c0 Contre Courant","description":"Bienvenue \u00e0 Montr\u00e9al","potentialAction":[{"@type":"SearchAction","target":{"@type":"EntryPoint","urlTemplate":"https:\/\/acontrecourant.qc.ca\/en\/?s={search_term_string}"},"query-input":{"@type":"PropertyValueSpecification","valueRequired":true,"valueName":"search_term_string"}}],"inLanguage":"fr-CA"}]}},"_links":{"self":[{"href":"https:\/\/acontrecourant.qc.ca\/fr\/wp-json\/wp\/v2\/pages\/3183\/"}],"collection":[{"href":"https:\/\/acontrecourant.qc.ca\/fr\/wp-json\/wp\/v2\/pages\/"}],"about":[{"href":"https:\/\/acontrecourant.qc.ca\/fr\/wp-json\/wp\/v2\/types\/page\/"}],"author":[{"embeddable":true,"href":"https:\/\/acontrecourant.qc.ca\/fr\/wp-json\/wp\/v2\/users\/9\/"}],"replies":[{"embeddable":true,"href":"https:\/\/acontrecourant.qc.ca\/fr\/wp-json\/wp\/v2\/comments\/?post=3183"}],"version-history":[{"count":2,"href":"https:\/\/acontrecourant.qc.ca\/fr\/wp-json\/wp\/v2\/pages\/3183\/revisions\/"}],"predecessor-version":[{"id":3733,"href":"https:\/\/acontrecourant.qc.ca\/fr\/wp-json\/wp\/v2\/pages\/3183\/revisions\/3733\/"}],"up":[{"embeddable":true,"href":"https:\/\/acontrecourant.qc.ca\/fr\/wp-json\/wp\/v2\/pages\/2034\/"}],"wp:attachment":[{"href":"https:\/\/acontrecourant.qc.ca\/fr\/wp-json\/wp\/v2\/media\/?parent=3183"}],"curies":[{"name":"wp","href":"https:\/\/api.w.org\/{rel}","templated":true}]}}