{"id":2925,"date":"2021-09-23T18:10:12","date_gmt":"2021-09-23T22:10:12","guid":{"rendered":"http:\/\/acontrecourant.qc.ca\/?page_id=2925"},"modified":"2021-09-23T18:10:12","modified_gmt":"2021-09-23T22:10:12","slug":"coupe-2019","status":"publish","type":"page","link":"https:\/\/acontrecourant.qc.ca\/fr\/evenements\/coupe-2019\/","title":{"rendered":"Coupe de Montr\u00e9al"},"content":{"rendered":"<h1>\u00c9dition 2019 &#8211; 26e<\/h1>\n<div style=\"background-image: url('http:\/\/acontrecourant.qc.ca\/wp-content\/uploads\/jpg\/coupe-mtl-logo.jpg'); background-size: 100% 100%; background-repeat: no-repeat; padding-top: 400px;\">\n<\/div>\n<div>\n<h1 style=\"text-align:center;\">Manche 1 du circuit de la Coupe du Qu\u00e9bec<\/p>\n<\/h1>\n<h2>R\u00e9sultats pour le 16 novembre 2019<\/h2>\n<ul class=\"list-document\">\n<li><a style=\"text-transform: uppercase;\" href=\"http:\/\/acontrecourant.qc.ca\/wp-content\/uploads\/pdf\/coupe2019-resultats-officiels.pdf\">R\u00e9sultats Officiel<\/a><\/li>\n<\/ul>\n<h2>Informations de derni\u00e8res minutes pour le 16 novembre 2019<\/h2>\n<ul class=\"list-document\">\n<li><a style=\"text-transform: uppercase;\" href=\"http:\/\/acontrecourant.qc.ca\/wp-content\/uploads\/pdf\/coupe-2019-programme-officiel.pdf\">Programme Officiel<\/a><\/li>\n<li><a style=\"text-transform: uppercase;\" href=\"https:\/\/docs.google.com\/spreadsheets\/d\/1KuQbJK1FdmlwaoUz6hlTGmocEk4lMtsJdWKu-LTdoss\/edit?usp=sharing\">800m libre &#8211; inscriptions des 50 et liste d&rsquo;attente<\/a><\/li>\n<li><a style=\"text-transform: uppercase;\" href=\"http:\/\/acontrecourant.qc.ca\/wp-content\/uploads\/pdf\/coupe-2019-officiels-assignation-am.pdf\">Assignation des officiels et b\u00e9n\u00e9voles &#8211; AM<\/a><\/li>\n<li><a style=\"text-transform: uppercase;\" href=\"http:\/\/acontrecourant.qc.ca\/wp-content\/uploads\/pdf\/coupe-2019-officiels-assignation-pm.pdf\">Assignation des officiels et b\u00e9n\u00e9voles &#8211; PM<\/a><\/li>\n<\/ul>\n<h2>Invitation officielle pour le 16 novembre 2019<\/h2>\n<ul class=\"list-document\">\n<li><a style=\"text-transform: uppercase;\" href=\"http:\/\/acontrecourant.qc.ca\/evenements\/coupe-rens-gen\">Renseignements G\u00e9n\u00e9raux<\/a><\/li>\n<li><a style=\"text-transform: uppercase;\" href=\"http:\/\/acontrecourant.qc.ca\/evenements\/coupe-2019-horaire\">Horaire<\/a><\/li>\n<li><a style=\"text-transform: uppercase;\" href=\"http:\/\/acontrecourant.qc.ca\/evenements\/coupe-2019-questions-tech\">Questions Techniques<\/a><\/li>\n<li><a style=\"text-transform: uppercase;\" href=\"http:\/\/acontrecourant.qc.ca\/evenements\/coupe-2019-insc-athletes\">Inscriptions &#8211; athl\u00e8tes<\/a><\/li>\n<li><a style=\"text-transform: uppercase;\" href=\"http:\/\/acontrecourant.qc.ca\/evenements\/coupe-insc-officiels\">Inscriptions &#8211; officiels et b\u00e9n\u00e9voles<\/a><\/li>\n<\/ul>\n<\/div>\n<h1 style=\"padding-top: 150px;\">\u00c9ditions pr\u00e9c\u00e9dentes<\/h1>\n<p><a href=\"http:\/\/acontrecourant.qc.ca\/evenements\/coupe-2018\/\">Coupe de Montr\u00e9al &#8211; 25e Anniversaire (2018)<\/a><br \/>\n<a href=\"http:\/\/acontrecourant.qc.ca\/evenements\/coupe-2017\/\">24\u00e8 Coupe de Montr\u00e9al 2017<\/a><\/p>\n","protected":false},"excerpt":{"rendered":"<p>\u00c9dition 2019 &#8211; 26e Manche 1 du circuit de la Coupe du Qu\u00e9bec R\u00e9sultats pour le 16 novembre 2019 R\u00e9sultats Officiel Informations de derni\u00e8res minutes pour le 16 novembre 2019 Programme Officiel 800m libre &#8211; inscriptions des 50 et liste d&rsquo;attente Assignation des officiels et b\u00e9n\u00e9voles &#8211; AM Assignation des officiels et b\u00e9n\u00e9voles &#8211; PM [&hellip;]<\/p>\n","protected":false},"author":9,"featured_media":0,"parent":147,"menu_order":0,"comment_status":"closed","ping_status":"closed","template":"","meta":{"_acf_changed":false,"footnotes":""},"class_list":["post-2925","page","type-page","status-publish","hentry"],"acf":[],"yoast_head":"<!-- This site is optimized with the Yoast SEO plugin v26.3 - https:\/\/yoast.com\/wordpress\/plugins\/seo\/ -->\n<title>Coupe de Montr\u00e9al - \u00c0 Contre Courant<\/title>\n<meta name=\"robots\" content=\"index, follow, max-snippet:-1, max-image-preview:large, max-video-preview:-1\" \/>\n<link rel=\"canonical\" href=\"https:\/\/acontrecourant.qc.ca\/fr\/evenements\/coupe-2019\/\" \/>\n<script type=\"application\/ld+json\" class=\"yoast-schema-graph\">{\"@context\":\"https:\/\/schema.org\",\"@graph\":[{\"@type\":\"WebPage\",\"@id\":\"https:\/\/acontrecourant.qc.ca\/fr\/evenements\/coupe-2019\/\",\"url\":\"https:\/\/acontrecourant.qc.ca\/fr\/evenements\/coupe-2019\/\",\"name\":\"Coupe de Montr\u00e9al - \u00c0 Contre Courant\",\"isPartOf\":{\"@id\":\"https:\/\/acontrecourant.qc.ca\/en\/#website\"},\"datePublished\":\"2021-09-23T22:10:12+00:00\",\"breadcrumb\":{\"@id\":\"https:\/\/acontrecourant.qc.ca\/fr\/evenements\/coupe-2019\/#breadcrumb\"},\"inLanguage\":\"fr-CA\",\"potentialAction\":[{\"@type\":\"ReadAction\",\"target\":[\"https:\/\/acontrecourant.qc.ca\/fr\/evenements\/coupe-2019\/\"]}]},{\"@type\":\"BreadcrumbList\",\"@id\":\"https:\/\/acontrecourant.qc.ca\/fr\/evenements\/coupe-2019\/#breadcrumb\",\"itemListElement\":[{\"@type\":\"ListItem\",\"position\":1,\"name\":\"\u00c9v\u00e9nements du club\",\"item\":\"https:\/\/acontrecourant.qc.ca\/fr\/evenements\/\"},{\"@type\":\"ListItem\",\"position\":2,\"name\":\"Coupe de Montr\u00e9al\"}]},{\"@type\":\"WebSite\",\"@id\":\"https:\/\/acontrecourant.qc.ca\/en\/#website\",\"url\":\"https:\/\/acontrecourant.qc.ca\/en\/\",\"name\":\"\u00c0 Contre Courant\",\"description\":\"Bienvenue \u00e0 Montr\u00e9al\",\"potentialAction\":[{\"@type\":\"SearchAction\",\"target\":{\"@type\":\"EntryPoint\",\"urlTemplate\":\"https:\/\/acontrecourant.qc.ca\/en\/?s={search_term_string}\"},\"query-input\":{\"@type\":\"PropertyValueSpecification\",\"valueRequired\":true,\"valueName\":\"search_term_string\"}}],\"inLanguage\":\"fr-CA\"}]}<\/script>\n<!-- \/ Yoast SEO plugin. -->","yoast_head_json":{"title":"Coupe de Montr\u00e9al - \u00c0 Contre Courant","robots":{"index":"index","follow":"follow","max-snippet":"max-snippet:-1","max-image-preview":"max-image-preview:large","max-video-preview":"max-video-preview:-1"},"canonical":"https:\/\/acontrecourant.qc.ca\/fr\/evenements\/coupe-2019\/","schema":{"@context":"https:\/\/schema.org","@graph":[{"@type":"WebPage","@id":"https:\/\/acontrecourant.qc.ca\/fr\/evenements\/coupe-2019\/","url":"https:\/\/acontrecourant.qc.ca\/fr\/evenements\/coupe-2019\/","name":"Coupe de Montr\u00e9al - \u00c0 Contre Courant","isPartOf":{"@id":"https:\/\/acontrecourant.qc.ca\/en\/#website"},"datePublished":"2021-09-23T22:10:12+00:00","breadcrumb":{"@id":"https:\/\/acontrecourant.qc.ca\/fr\/evenements\/coupe-2019\/#breadcrumb"},"inLanguage":"fr-CA","potentialAction":[{"@type":"ReadAction","target":["https:\/\/acontrecourant.qc.ca\/fr\/evenements\/coupe-2019\/"]}]},{"@type":"BreadcrumbList","@id":"https:\/\/acontrecourant.qc.ca\/fr\/evenements\/coupe-2019\/#breadcrumb","itemListElement":[{"@type":"ListItem","position":1,"name":"\u00c9v\u00e9nements du club","item":"https:\/\/acontrecourant.qc.ca\/fr\/evenements\/"},{"@type":"ListItem","position":2,"name":"Coupe de Montr\u00e9al"}]},{"@type":"WebSite","@id":"https:\/\/acontrecourant.qc.ca\/en\/#website","url":"https:\/\/acontrecourant.qc.ca\/en\/","name":"\u00c0 Contre Courant","description":"Bienvenue \u00e0 Montr\u00e9al","potentialAction":[{"@type":"SearchAction","target":{"@type":"EntryPoint","urlTemplate":"https:\/\/acontrecourant.qc.ca\/en\/?s={search_term_string}"},"query-input":{"@type":"PropertyValueSpecification","valueRequired":true,"valueName":"search_term_string"}}],"inLanguage":"fr-CA"}]}},"_links":{"self":[{"href":"https:\/\/acontrecourant.qc.ca\/fr\/wp-json\/wp\/v2\/pages\/2925\/"}],"collection":[{"href":"https:\/\/acontrecourant.qc.ca\/fr\/wp-json\/wp\/v2\/pages\/"}],"about":[{"href":"https:\/\/acontrecourant.qc.ca\/fr\/wp-json\/wp\/v2\/types\/page\/"}],"author":[{"embeddable":true,"href":"https:\/\/acontrecourant.qc.ca\/fr\/wp-json\/wp\/v2\/users\/9\/"}],"replies":[{"embeddable":true,"href":"https:\/\/acontrecourant.qc.ca\/fr\/wp-json\/wp\/v2\/comments\/?post=2925"}],"version-history":[{"count":1,"href":"https:\/\/acontrecourant.qc.ca\/fr\/wp-json\/wp\/v2\/pages\/2925\/revisions\/"}],"predecessor-version":[{"id":2926,"href":"https:\/\/acontrecourant.qc.ca\/fr\/wp-json\/wp\/v2\/pages\/2925\/revisions\/2926\/"}],"up":[{"embeddable":true,"href":"https:\/\/acontrecourant.qc.ca\/fr\/wp-json\/wp\/v2\/pages\/147\/"}],"wp:attachment":[{"href":"https:\/\/acontrecourant.qc.ca\/fr\/wp-json\/wp\/v2\/media\/?parent=2925"}],"curies":[{"name":"wp","href":"https:\/\/api.w.org\/{rel}","templated":true}]}}