{"id":2787,"date":"2021-02-25T10:19:48","date_gmt":"2021-02-25T15:19:48","guid":{"rendered":"http:\/\/acontrecourant.qc.ca\/?page_id=2787"},"modified":"2021-03-08T14:55:35","modified_gmt":"2021-03-08T19:55:35","slug":"signaler-un-abus","status":"publish","type":"page","link":"https:\/\/acontrecourant.qc.ca\/fr\/signaler-un-abus\/","title":{"rendered":"Signaler un abus"},"content":{"rendered":"<h2 style=\"color: #0e5ca7; font-weight: bold;\">Ce que vous vivez en tant que membre chez ACC est important.<\/h2>\n<p>Les deux ressources pr\u00e9sent\u00e9es ci-dessous sont l\u00e0 pour vous soutenir en cas d&rsquo;abus, de harc\u00e8lement, de violence ou de n\u00e9gligence. Vous serez automatiquement redirig\u00e9 vers des ressources respectives \u00e0 chacune des deux activit\u00e9s (natation et water-polo). Ces derni\u00e8res vous aiderons dans vos d\u00e9marches de signalement. Ce processus est anonyme et vous est mis \u00e0 disposition pour les situations d\u00e9licates pouvant impliquer un athl\u00e8te, un entraineur ou un membre du conseil d&rsquo;administration.<\/p>\n<div class=\"rangee-accueil\">\n<div class=\"block-accueil\"><div class=\"content_block\" id=\"custom_post_widget-2814\"><h2>Ressources natation<\/h2>\n<p>Ce lien vous redirigera vers les ressources mises en places par la f\u00e9d\u00e9ration de natation du Qu\u00e9bec. Vous y trouverez divers documents d&rsquo;aide ainsi qu&rsquo;un lien vers \u00ab\u00a0Sport&rsquo;Aide\u00a0\u00bb pour proc\u00e9der \u00e0 un signalement.<\/p>\n<p><a class=\"button1\" href=\"https:\/\/www.fnq.qc.ca\/fonce\/sportsecuritaire\/\"> Trouver de l&rsquo;aide <\/a><\/p>\n<style>\n.button1<br \/>\n{<br \/>\n    font-weight: bold;<br \/>\n    text-transform: uppercase;<br \/>\n    background: #0e5ca7;<br \/>\n    color: white;<br \/>\n    border: 1px solid white;<br \/>\n    display: inline-block;<br \/>\n    margin-top: 20px;<br \/>\n    padding: 18px 50px;<br \/>\n    border-radius: 3px;<br \/>\n    transition: all 0.3s ease-in 0s;<br \/>\n}<br \/>\n.button1:hover<br \/>\n{<br \/>\n    background: #28a745;<br \/>\n    color: white;<br \/>\n    text-decoration: none;<br \/>\n}<br \/>\n<\/style>\n<\/div><\/div>\n<div class=\"block-accueil\"><div class=\"content_block\" id=\"custom_post_widget-2793\"><h2>Ressources water-polo<\/h2>\n<p>Ce lien vous redirigera vers les ressources mises en places par la f\u00e9d\u00e9ration de water-polo Qu\u00e9bec. Vous y trouverez divers documents d&rsquo;aide ainsi qu&rsquo;un lien vers \u00ab\u00a0Sport&rsquo;Aide\u00a0\u00bb pour proc\u00e9der \u00e0 un signalement.<\/p>\n<p><a class=\"button1\" href=\"https:\/\/wpq.quebec\/federation\/je-porte-plainte\/?fbclid=IwAR0WO4hTvCXEXXEYHd0m5hm9XFIuk3z79QkJuLp4fa2Vy3wwudPZ5POoZzE\"> Trouver de l&rsquo;aide <\/a><\/p>\n<style>\n.button1\n{\n    font-weight: bold;\n    text-transform: uppercase;\n    background: #0e5ca7;\n    color: white;\n    border: 1px solid white;\n    display: inline-block;\n    margin-top: 20px;\n    padding: 18px 50px;\n    border-radius: 3px;\n    transition: all 0.3s ease-in 0s;\n}\n.button1:hover\n{\n    background: #28a745;\n    color: white;\n    text-decoration: none;\n}\n<\/style>\n<\/div><\/div>\n<\/div>\n","protected":false},"excerpt":{"rendered":"<p>Ce que vous vivez en tant que membre chez ACC est important. Les deux ressources pr\u00e9sent\u00e9es ci-dessous sont l\u00e0 pour vous soutenir en cas d&rsquo;abus, de harc\u00e8lement, de violence ou de n\u00e9gligence. Vous serez automatiquement redirig\u00e9 vers des ressources respectives \u00e0 chacune des deux activit\u00e9s (natation et water-polo). Ces derni\u00e8res vous aiderons dans vos d\u00e9marches [&hellip;]<\/p>\n","protected":false},"author":13,"featured_media":0,"parent":0,"menu_order":0,"comment_status":"closed","ping_status":"closed","template":"page-full-width.php","meta":{"_acf_changed":false,"footnotes":""},"class_list":["post-2787","page","type-page","status-publish","hentry"],"acf":[],"yoast_head":"<!-- This site is optimized with the Yoast SEO plugin v26.3 - https:\/\/yoast.com\/wordpress\/plugins\/seo\/ -->\n<title>Signaler un abus - \u00c0 Contre Courant<\/title>\n<meta name=\"robots\" content=\"index, follow, max-snippet:-1, max-image-preview:large, max-video-preview:-1\" \/>\n<link rel=\"canonical\" href=\"https:\/\/acontrecourant.qc.ca\/fr\/signaler-un-abus\/\" \/>\n<script type=\"application\/ld+json\" class=\"yoast-schema-graph\">{\"@context\":\"https:\/\/schema.org\",\"@graph\":[{\"@type\":\"WebPage\",\"@id\":\"https:\/\/acontrecourant.qc.ca\/fr\/signaler-un-abus\/\",\"url\":\"https:\/\/acontrecourant.qc.ca\/fr\/signaler-un-abus\/\",\"name\":\"Signaler un abus - \u00c0 Contre Courant\",\"isPartOf\":{\"@id\":\"https:\/\/acontrecourant.qc.ca\/en\/#website\"},\"datePublished\":\"2021-02-25T15:19:48+00:00\",\"dateModified\":\"2021-03-08T19:55:35+00:00\",\"inLanguage\":\"fr-CA\",\"potentialAction\":[{\"@type\":\"ReadAction\",\"target\":[\"https:\/\/acontrecourant.qc.ca\/fr\/signaler-un-abus\/\"]}]},{\"@type\":\"WebSite\",\"@id\":\"https:\/\/acontrecourant.qc.ca\/en\/#website\",\"url\":\"https:\/\/acontrecourant.qc.ca\/en\/\",\"name\":\"\u00c0 Contre Courant\",\"description\":\"Bienvenue \u00e0 Montr\u00e9al\",\"potentialAction\":[{\"@type\":\"SearchAction\",\"target\":{\"@type\":\"EntryPoint\",\"urlTemplate\":\"https:\/\/acontrecourant.qc.ca\/en\/?s={search_term_string}\"},\"query-input\":{\"@type\":\"PropertyValueSpecification\",\"valueRequired\":true,\"valueName\":\"search_term_string\"}}],\"inLanguage\":\"fr-CA\"}]}<\/script>\n<!-- \/ Yoast SEO plugin. -->","yoast_head_json":{"title":"Signaler un abus - \u00c0 Contre Courant","robots":{"index":"index","follow":"follow","max-snippet":"max-snippet:-1","max-image-preview":"max-image-preview:large","max-video-preview":"max-video-preview:-1"},"canonical":"https:\/\/acontrecourant.qc.ca\/fr\/signaler-un-abus\/","schema":{"@context":"https:\/\/schema.org","@graph":[{"@type":"WebPage","@id":"https:\/\/acontrecourant.qc.ca\/fr\/signaler-un-abus\/","url":"https:\/\/acontrecourant.qc.ca\/fr\/signaler-un-abus\/","name":"Signaler un abus - \u00c0 Contre Courant","isPartOf":{"@id":"https:\/\/acontrecourant.qc.ca\/en\/#website"},"datePublished":"2021-02-25T15:19:48+00:00","dateModified":"2021-03-08T19:55:35+00:00","inLanguage":"fr-CA","potentialAction":[{"@type":"ReadAction","target":["https:\/\/acontrecourant.qc.ca\/fr\/signaler-un-abus\/"]}]},{"@type":"WebSite","@id":"https:\/\/acontrecourant.qc.ca\/en\/#website","url":"https:\/\/acontrecourant.qc.ca\/en\/","name":"\u00c0 Contre Courant","description":"Bienvenue \u00e0 Montr\u00e9al","potentialAction":[{"@type":"SearchAction","target":{"@type":"EntryPoint","urlTemplate":"https:\/\/acontrecourant.qc.ca\/en\/?s={search_term_string}"},"query-input":{"@type":"PropertyValueSpecification","valueRequired":true,"valueName":"search_term_string"}}],"inLanguage":"fr-CA"}]}},"_links":{"self":[{"href":"https:\/\/acontrecourant.qc.ca\/fr\/wp-json\/wp\/v2\/pages\/2787\/"}],"collection":[{"href":"https:\/\/acontrecourant.qc.ca\/fr\/wp-json\/wp\/v2\/pages\/"}],"about":[{"href":"https:\/\/acontrecourant.qc.ca\/fr\/wp-json\/wp\/v2\/types\/page\/"}],"author":[{"embeddable":true,"href":"https:\/\/acontrecourant.qc.ca\/fr\/wp-json\/wp\/v2\/users\/13\/"}],"replies":[{"embeddable":true,"href":"https:\/\/acontrecourant.qc.ca\/fr\/wp-json\/wp\/v2\/comments\/?post=2787"}],"version-history":[{"count":14,"href":"https:\/\/acontrecourant.qc.ca\/fr\/wp-json\/wp\/v2\/pages\/2787\/revisions\/"}],"predecessor-version":[{"id":2822,"href":"https:\/\/acontrecourant.qc.ca\/fr\/wp-json\/wp\/v2\/pages\/2787\/revisions\/2822\/"}],"wp:attachment":[{"href":"https:\/\/acontrecourant.qc.ca\/fr\/wp-json\/wp\/v2\/media\/?parent=2787"}],"curies":[{"name":"wp","href":"https:\/\/api.w.org\/{rel}","templated":true}]}}