{"id":2662,"date":"2020-02-21T17:40:08","date_gmt":"2020-02-21T22:40:08","guid":{"rendered":"http:\/\/acontrecourant.qc.ca\/?page_id=2662"},"modified":"2020-02-27T13:45:47","modified_gmt":"2020-02-27T18:45:47","slug":"gala","status":"publish","type":"page","link":"https:\/\/acontrecourant.qc.ca\/fr\/evenements\/gala\/","title":{"rendered":"Gala Reconnaissance des Ma\u00eetres"},"content":{"rendered":"<div style=\"height:1000px; background-image: url('http:\/\/acontrecourant.qc.ca\/wp-content\/uploads\/png\/ChampionnatProvincialBG.png'); background-size: 670px 876px; background-repeat: no-repeat; padding-top: 278px;\">\n<h2>Gala Reconnaissance des Ma\u00eetres<\/h2>\n<div style=\"margin-right: 240px;margin-bottom: 15px;\">\nTous les nageurs inscrits au Championnat provincial des ma\u00eetres nageurs 2020 sont convi\u00e9s au Gala reconnaissance Manuvie qui aura lieu samedi, le 20 avril, de 15h \u00e0 17h. Un go\u00fbter et des rafra\u00eechissements seront offerts gratuitement.<\/div>\n<div style=\"margin-right: 240px;margin-bottom: 15px;\">\nIl s\u2019agit d\u2019une excellente opportunit\u00e9 pour fraterniser avec ceux et celles qui, dans toutes les r\u00e9gions du Qu\u00e9bec, partagent la m\u00eame passion pour la natation.<\/div>\n<div style=\"margin-right: 240px; margin-bottom: 15px;\">\nSi vouz d\u00e9sirez participer au Gala Reconnaissance Manuvie, vous devez remplir l&rsquo;inscription <a style=\"text-transform: uppercase;\" href=\"https:\/\/docs.google.com\/forms\/d\/e\/1FAIpQLSdLf_v9Vnr2b2jvPBbRaXE2pZdqrHPlSXZdWOIprj13qw-Rdg\/viewform?usp=pp_url\">INDIVIDUEL<\/a> ou <a style=\"text-transform: uppercase;\" href=\"https:\/\/docs.google.com\/forms\/d\/e\/1FAIpQLSd7ZAMhylyrSPptxht-eeZwaPNZdpLvERuVBGBJ8LYJ6uUDtw\/viewform?usp=pp_url\">POUR UN CLUB<\/a> avant le 19 Avril 2020.\n<\/div>\n<\/div>\n","protected":false},"excerpt":{"rendered":"<p>Gala Reconnaissance des Ma\u00eetres Tous les nageurs inscrits au Championnat provincial des ma\u00eetres nageurs 2020 sont convi\u00e9s au Gala reconnaissance Manuvie qui aura lieu samedi, le 20 avril, de 15h \u00e0 17h. Un go\u00fbter et des rafra\u00eechissements seront offerts gratuitement. Il s\u2019agit d\u2019une excellente opportunit\u00e9 pour fraterniser avec ceux et celles qui, dans toutes les [&hellip;]<\/p>\n","protected":false},"author":9,"featured_media":0,"parent":147,"menu_order":0,"comment_status":"closed","ping_status":"closed","template":"","meta":{"_acf_changed":false,"footnotes":""},"class_list":["post-2662","page","type-page","status-publish","hentry"],"acf":[],"yoast_head":"<!-- This site is optimized with the Yoast SEO plugin v26.3 - https:\/\/yoast.com\/wordpress\/plugins\/seo\/ -->\n<title>Gala Reconnaissance des Ma\u00eetres - \u00c0 Contre Courant<\/title>\n<meta name=\"robots\" content=\"index, follow, max-snippet:-1, max-image-preview:large, max-video-preview:-1\" \/>\n<link rel=\"canonical\" href=\"https:\/\/acontrecourant.qc.ca\/fr\/evenements\/gala\/\" \/>\n<script type=\"application\/ld+json\" class=\"yoast-schema-graph\">{\"@context\":\"https:\/\/schema.org\",\"@graph\":[{\"@type\":\"WebPage\",\"@id\":\"https:\/\/acontrecourant.qc.ca\/fr\/evenements\/gala\/\",\"url\":\"https:\/\/acontrecourant.qc.ca\/fr\/evenements\/gala\/\",\"name\":\"Gala Reconnaissance des Ma\u00eetres - \u00c0 Contre Courant\",\"isPartOf\":{\"@id\":\"https:\/\/acontrecourant.qc.ca\/en\/#website\"},\"datePublished\":\"2020-02-21T22:40:08+00:00\",\"dateModified\":\"2020-02-27T18:45:47+00:00\",\"breadcrumb\":{\"@id\":\"https:\/\/acontrecourant.qc.ca\/fr\/evenements\/gala\/#breadcrumb\"},\"inLanguage\":\"fr-CA\",\"potentialAction\":[{\"@type\":\"ReadAction\",\"target\":[\"https:\/\/acontrecourant.qc.ca\/fr\/evenements\/gala\/\"]}]},{\"@type\":\"BreadcrumbList\",\"@id\":\"https:\/\/acontrecourant.qc.ca\/fr\/evenements\/gala\/#breadcrumb\",\"itemListElement\":[{\"@type\":\"ListItem\",\"position\":1,\"name\":\"\u00c9v\u00e9nements du club\",\"item\":\"https:\/\/acontrecourant.qc.ca\/fr\/evenements\/\"},{\"@type\":\"ListItem\",\"position\":2,\"name\":\"Gala Reconnaissance des Ma\u00eetres\"}]},{\"@type\":\"WebSite\",\"@id\":\"https:\/\/acontrecourant.qc.ca\/en\/#website\",\"url\":\"https:\/\/acontrecourant.qc.ca\/en\/\",\"name\":\"\u00c0 Contre Courant\",\"description\":\"Bienvenue \u00e0 Montr\u00e9al\",\"potentialAction\":[{\"@type\":\"SearchAction\",\"target\":{\"@type\":\"EntryPoint\",\"urlTemplate\":\"https:\/\/acontrecourant.qc.ca\/en\/?s={search_term_string}\"},\"query-input\":{\"@type\":\"PropertyValueSpecification\",\"valueRequired\":true,\"valueName\":\"search_term_string\"}}],\"inLanguage\":\"fr-CA\"}]}<\/script>\n<!-- \/ Yoast SEO plugin. -->","yoast_head_json":{"title":"Gala Reconnaissance des Ma\u00eetres - \u00c0 Contre Courant","robots":{"index":"index","follow":"follow","max-snippet":"max-snippet:-1","max-image-preview":"max-image-preview:large","max-video-preview":"max-video-preview:-1"},"canonical":"https:\/\/acontrecourant.qc.ca\/fr\/evenements\/gala\/","schema":{"@context":"https:\/\/schema.org","@graph":[{"@type":"WebPage","@id":"https:\/\/acontrecourant.qc.ca\/fr\/evenements\/gala\/","url":"https:\/\/acontrecourant.qc.ca\/fr\/evenements\/gala\/","name":"Gala Reconnaissance des Ma\u00eetres - \u00c0 Contre Courant","isPartOf":{"@id":"https:\/\/acontrecourant.qc.ca\/en\/#website"},"datePublished":"2020-02-21T22:40:08+00:00","dateModified":"2020-02-27T18:45:47+00:00","breadcrumb":{"@id":"https:\/\/acontrecourant.qc.ca\/fr\/evenements\/gala\/#breadcrumb"},"inLanguage":"fr-CA","potentialAction":[{"@type":"ReadAction","target":["https:\/\/acontrecourant.qc.ca\/fr\/evenements\/gala\/"]}]},{"@type":"BreadcrumbList","@id":"https:\/\/acontrecourant.qc.ca\/fr\/evenements\/gala\/#breadcrumb","itemListElement":[{"@type":"ListItem","position":1,"name":"\u00c9v\u00e9nements du club","item":"https:\/\/acontrecourant.qc.ca\/fr\/evenements\/"},{"@type":"ListItem","position":2,"name":"Gala Reconnaissance des Ma\u00eetres"}]},{"@type":"WebSite","@id":"https:\/\/acontrecourant.qc.ca\/en\/#website","url":"https:\/\/acontrecourant.qc.ca\/en\/","name":"\u00c0 Contre Courant","description":"Bienvenue \u00e0 Montr\u00e9al","potentialAction":[{"@type":"SearchAction","target":{"@type":"EntryPoint","urlTemplate":"https:\/\/acontrecourant.qc.ca\/en\/?s={search_term_string}"},"query-input":{"@type":"PropertyValueSpecification","valueRequired":true,"valueName":"search_term_string"}}],"inLanguage":"fr-CA"}]}},"_links":{"self":[{"href":"https:\/\/acontrecourant.qc.ca\/fr\/wp-json\/wp\/v2\/pages\/2662\/"}],"collection":[{"href":"https:\/\/acontrecourant.qc.ca\/fr\/wp-json\/wp\/v2\/pages\/"}],"about":[{"href":"https:\/\/acontrecourant.qc.ca\/fr\/wp-json\/wp\/v2\/types\/page\/"}],"author":[{"embeddable":true,"href":"https:\/\/acontrecourant.qc.ca\/fr\/wp-json\/wp\/v2\/users\/9\/"}],"replies":[{"embeddable":true,"href":"https:\/\/acontrecourant.qc.ca\/fr\/wp-json\/wp\/v2\/comments\/?post=2662"}],"version-history":[{"count":11,"href":"https:\/\/acontrecourant.qc.ca\/fr\/wp-json\/wp\/v2\/pages\/2662\/revisions\/"}],"predecessor-version":[{"id":2704,"href":"https:\/\/acontrecourant.qc.ca\/fr\/wp-json\/wp\/v2\/pages\/2662\/revisions\/2704\/"}],"up":[{"embeddable":true,"href":"https:\/\/acontrecourant.qc.ca\/fr\/wp-json\/wp\/v2\/pages\/147\/"}],"wp:attachment":[{"href":"https:\/\/acontrecourant.qc.ca\/fr\/wp-json\/wp\/v2\/media\/?parent=2662"}],"curies":[{"name":"wp","href":"https:\/\/api.w.org\/{rel}","templated":true}]}}