{"id":2645,"date":"2020-02-17T15:19:17","date_gmt":"2020-02-17T20:19:17","guid":{"rendered":"http:\/\/acontrecourant.qc.ca\/?page_id=2645"},"modified":"2022-10-13T00:17:46","modified_gmt":"2022-10-13T04:17:46","slug":"prov2020-horaire","status":"publish","type":"page","link":"https:\/\/acontrecourant.qc.ca\/fr\/evenements\/prov2020-horaire\/","title":{"rendered":"Horaire 2020"},"content":{"rendered":"<h2>Vendredi 24 avril 2020<\/h2>\n<h3>Fin d&rsquo;apr\u00e8s-midi et soir\u00e9e<\/h3>\n<p><span style=\"font-weight: 400;\">16 h 00 : Accueil et remise de la trousse de participation<\/span><br \/>\n<span style=\"font-weight: 400;\">16 h 45 : R\u00e9union des officiels<\/span><br \/>\n<span style=\"font-weight: 400;\">17 h 00 \u00e0 17 h 50 : \u00c9chauffement<\/span><br \/>\n<span style=\"font-weight: 400;\">17 h 40 : R\u00e9union technique pour les entra\u00eeneurs ou repr\u00e9sentants des \u00e9quipes<\/span><br \/>\n<span style=\"font-weight: 400;\">18 h 00 : D\u00e9but des \u00e9preuves<\/span><\/p>\n<table>\n<tr>\n<th>Femmes<\/th>\n<th>\u00c9preuve<\/th>\n<th>Hommes<\/th>\n<\/tr>\n<tr>\n<td>1<\/td>\n<td>200m libre<\/td>\n<td>2<\/td>\n<\/tr>\n<tr>\n<td>3<\/td>\n<td>100m brasse<\/td>\n<td>4<\/td>\n<\/tr>\n<tr>\n<td><\/td>\n<td>Pause de 15 minutes<\/td>\n<td><\/td>\n<\/tr>\n<tr>\n<td>101<\/td>\n<td>4 x 50m libre mixte<\/td>\n<td><\/td>\n<\/tr>\n<tr>\n<td>5<\/td>\n<td>100m papillon<\/td>\n<td>6<\/td>\n<\/tr>\n<tr>\n<td>7<\/td>\n<td>50m dos<\/td>\n<td>8<\/td>\n<\/tr>\n<tr>\n<td>9<\/td>\n<td>400m QNI<\/td>\n<td>10<\/td>\n<\/tr>\n<\/table>\n<h2>Samedi 25 avril 2020<\/h2>\n<p><span style=\"font-weight: 400;\">7 h 15 : Accueil et remise de la trousse de participation<\/span><br \/>\n<span style=\"font-weight: 400;\">7 h 45 : R\u00e9union des officiels<\/span><br \/>\n<span style=\"font-weight: 400;\">8 h 00 \u00e0 8 h 50 : \u00c9chauffement<\/span><br \/>\n<span style=\"font-weight: 400;\">9 h 00 : D\u00e9but des \u00e9preuves<\/span><\/p>\n<table>\n<tr>\n<th>Femmes<\/th>\n<th>\u00c9preuve<\/th>\n<th>Hommes<\/th>\n<\/tr>\n<tr>\n<td>11<\/td>\n<td>100m dos<\/td>\n<td>12<\/td>\n<tr>\n<tr>\n<td>13<\/td>\n<td>50m papillon<\/td>\n<td>14<\/td>\n<tr>\n<tr>\n<td>15<\/td>\n<td>400m libre<\/td>\n<td>16<\/td>\n<tr>\n<tr>\n<td><\/td>\n<td>Pause de 15 minutes<\/td>\n<td><\/td>\n<\/tr>\n<tr>\n<td>102<\/td>\n<td>4 x 50m QNI<\/td>\n<td>103<\/td>\n<tr>\n<tr>\n<td>17<\/td>\n<td>100m QNI<\/td>\n<td>18<\/td>\n<tr>\n<tr>\n<td>19<\/td>\n<td>200m brasse<\/td>\n<td>20<\/td>\n<tr>\n<tr>\n<td>21<\/td>\n<td>50m libre<\/td>\n<td>22<\/td>\n<tr>\n<tr>\n<td>23<\/td>\n<td>200m papillon<\/td>\n<td>24<\/td>\n<tr>\n<tr>\n<td><\/td>\n<td>Pause de 15 minutes<\/td>\n<td><\/td>\n<\/tr>\n<tr>\n<td>104<\/td>\n<td>4 x 50m libre<\/td>\n<td>105<\/td>\n<tr>\n<\/table>\n<p><span style=\"font-weight: 400;\">Le gala reconnaissance suivra 30 minutes apr\u00e8s la derni\u00e8re \u00e9preuve<\/span> <\/p>\n<h2>Dimanche 26 avril 2020<\/h2>\n<p><span style=\"font-weight: 400;\">7 h 30 : Accueil et remise de la trousse de participation<\/span><br \/>\n<span style=\"font-weight: 400;\">7 h 45 : R\u00e9union des officiels<\/span><br \/>\n<span style=\"font-weight: 400;\">8 h 00 \u00e0 8 h 50 : \u00c9chauffement<\/span><br \/>\n<span style=\"font-weight: 400;\">9 h 00 : D\u00e9but des \u00e9preuves<\/span><\/p>\n<table>\n<tr>\n<th>Femmes<\/th>\n<th>\u00c9preuve<\/th>\n<th>Hommes<\/th>\n<\/tr>\n<tr>\n<td>25<\/td>\n<td>100m cr<\/td>\n<td>26<\/td>\n<\/tr>\n<tr>\n<td>27<\/td>\n<td>200m dos<\/td>\n<td>28<\/td>\n<\/tr>\n<tr>\n<td>29<\/td>\n<td>50m br<\/td>\n<td>30<\/td>\n<\/tr>\n<tr>\n<td>31<\/td>\n<td>200m QNI<\/td>\n<td>32<\/td>\n<\/tr>\n<tr>\n<td><\/td>\n<td>Pause de 15 minutes<\/td>\n<td><\/td>\n<\/tr>\n<tr>\n<td>106<\/td>\n<td>4 x 50m QNI mixte<\/td>\n<td><\/td>\n<\/tr>\n<tr>\n<td>33<\/td>\n<td>800m libre *<\/td>\n<td>34<\/td>\n<\/tr>\n<tr>\n<td>35<\/td>\n<td>1500m libre *<\/td>\n<td>36<\/td>\n<\/tr>\n<\/table>\n<p><span style=\"font-weight: 400;\"><br \/>\n*Le 800m et le 1500m libre sont deux \u00e9preuves limit\u00e9es \u00e0 50 nageurs chacune. Les 50 premi\u00e8res inscriptions par sexes (tous \u00e2ges confondus) seront retenues.<br \/>\nLes temps des 800m libre et 1500m libre devront \u00eatre prouv\u00e9s. Les \u00e9preuves ne devront pas \u00eatre nag\u00e9es pour une premi\u00e8re fois en championnat. Aucun N.T. (no time) ne sera accept\u00e9 sur ces \u00e9preuves.<br \/>\nLes nageurs inscrits aux \u00e9preuves de 800m ou 1500 m libre devront fournir un chronom\u00e9treur pour le d\u00e9part qui leur sera assign\u00e9.<br \/>\nUne confirmation de pr\u00e9sence aux \u00e9preuves de 800m ou 1500 m libre est \u00e9galement exig\u00e9e \u00e0 la table de commis de course avant la fin de l&rsquo;\u00e9preuve 25\/26.<br \/>\n<\/span><\/p>\n","protected":false},"excerpt":{"rendered":"<p>Vendredi 24 avril 2020 Fin d&rsquo;apr\u00e8s-midi et soir\u00e9e 16 h 00 : Accueil et remise de la trousse de participation 16 h 45 : R\u00e9union des officiels 17 h 00 \u00e0 17 h 50 : \u00c9chauffement 17 h 40 : R\u00e9union technique pour les entra\u00eeneurs ou repr\u00e9sentants des \u00e9quipes 18 h 00 : D\u00e9but des [&hellip;]<\/p>\n","protected":false},"author":9,"featured_media":0,"parent":147,"menu_order":0,"comment_status":"closed","ping_status":"closed","template":"","meta":{"_acf_changed":false,"footnotes":""},"class_list":["post-2645","page","type-page","status-publish","hentry"],"acf":[],"yoast_head":"<!-- This site is optimized with the Yoast SEO plugin v26.3 - https:\/\/yoast.com\/wordpress\/plugins\/seo\/ -->\n<title>Horaire 2020 - \u00c0 Contre Courant<\/title>\n<meta name=\"robots\" content=\"index, follow, max-snippet:-1, max-image-preview:large, max-video-preview:-1\" \/>\n<link rel=\"canonical\" href=\"https:\/\/acontrecourant.qc.ca\/fr\/evenements\/prov2020-horaire\/\" \/>\n<meta name=\"twitter:label1\" content=\"Estimation du temps de lecture\" \/>\n\t<meta name=\"twitter:data1\" content=\"1 minute\" \/>\n<script type=\"application\/ld+json\" class=\"yoast-schema-graph\">{\"@context\":\"https:\/\/schema.org\",\"@graph\":[{\"@type\":\"WebPage\",\"@id\":\"https:\/\/acontrecourant.qc.ca\/fr\/evenements\/prov2020-horaire\/\",\"url\":\"https:\/\/acontrecourant.qc.ca\/fr\/evenements\/prov2020-horaire\/\",\"name\":\"Horaire 2020 - \u00c0 Contre Courant\",\"isPartOf\":{\"@id\":\"https:\/\/acontrecourant.qc.ca\/en\/#website\"},\"datePublished\":\"2020-02-17T20:19:17+00:00\",\"dateModified\":\"2022-10-13T04:17:46+00:00\",\"breadcrumb\":{\"@id\":\"https:\/\/acontrecourant.qc.ca\/fr\/evenements\/prov2020-horaire\/#breadcrumb\"},\"inLanguage\":\"fr-CA\",\"potentialAction\":[{\"@type\":\"ReadAction\",\"target\":[\"https:\/\/acontrecourant.qc.ca\/fr\/evenements\/prov2020-horaire\/\"]}]},{\"@type\":\"BreadcrumbList\",\"@id\":\"https:\/\/acontrecourant.qc.ca\/fr\/evenements\/prov2020-horaire\/#breadcrumb\",\"itemListElement\":[{\"@type\":\"ListItem\",\"position\":1,\"name\":\"\u00c9v\u00e9nements du club\",\"item\":\"https:\/\/acontrecourant.qc.ca\/fr\/evenements\/\"},{\"@type\":\"ListItem\",\"position\":2,\"name\":\"Horaire 2020\"}]},{\"@type\":\"WebSite\",\"@id\":\"https:\/\/acontrecourant.qc.ca\/en\/#website\",\"url\":\"https:\/\/acontrecourant.qc.ca\/en\/\",\"name\":\"\u00c0 Contre Courant\",\"description\":\"Bienvenue \u00e0 Montr\u00e9al\",\"potentialAction\":[{\"@type\":\"SearchAction\",\"target\":{\"@type\":\"EntryPoint\",\"urlTemplate\":\"https:\/\/acontrecourant.qc.ca\/en\/?s={search_term_string}\"},\"query-input\":{\"@type\":\"PropertyValueSpecification\",\"valueRequired\":true,\"valueName\":\"search_term_string\"}}],\"inLanguage\":\"fr-CA\"}]}<\/script>\n<!-- \/ Yoast SEO plugin. -->","yoast_head_json":{"title":"Horaire 2020 - \u00c0 Contre Courant","robots":{"index":"index","follow":"follow","max-snippet":"max-snippet:-1","max-image-preview":"max-image-preview:large","max-video-preview":"max-video-preview:-1"},"canonical":"https:\/\/acontrecourant.qc.ca\/fr\/evenements\/prov2020-horaire\/","twitter_misc":{"Estimation du temps de lecture":"1 minute"},"schema":{"@context":"https:\/\/schema.org","@graph":[{"@type":"WebPage","@id":"https:\/\/acontrecourant.qc.ca\/fr\/evenements\/prov2020-horaire\/","url":"https:\/\/acontrecourant.qc.ca\/fr\/evenements\/prov2020-horaire\/","name":"Horaire 2020 - \u00c0 Contre Courant","isPartOf":{"@id":"https:\/\/acontrecourant.qc.ca\/en\/#website"},"datePublished":"2020-02-17T20:19:17+00:00","dateModified":"2022-10-13T04:17:46+00:00","breadcrumb":{"@id":"https:\/\/acontrecourant.qc.ca\/fr\/evenements\/prov2020-horaire\/#breadcrumb"},"inLanguage":"fr-CA","potentialAction":[{"@type":"ReadAction","target":["https:\/\/acontrecourant.qc.ca\/fr\/evenements\/prov2020-horaire\/"]}]},{"@type":"BreadcrumbList","@id":"https:\/\/acontrecourant.qc.ca\/fr\/evenements\/prov2020-horaire\/#breadcrumb","itemListElement":[{"@type":"ListItem","position":1,"name":"\u00c9v\u00e9nements du club","item":"https:\/\/acontrecourant.qc.ca\/fr\/evenements\/"},{"@type":"ListItem","position":2,"name":"Horaire 2020"}]},{"@type":"WebSite","@id":"https:\/\/acontrecourant.qc.ca\/en\/#website","url":"https:\/\/acontrecourant.qc.ca\/en\/","name":"\u00c0 Contre Courant","description":"Bienvenue \u00e0 Montr\u00e9al","potentialAction":[{"@type":"SearchAction","target":{"@type":"EntryPoint","urlTemplate":"https:\/\/acontrecourant.qc.ca\/en\/?s={search_term_string}"},"query-input":{"@type":"PropertyValueSpecification","valueRequired":true,"valueName":"search_term_string"}}],"inLanguage":"fr-CA"}]}},"_links":{"self":[{"href":"https:\/\/acontrecourant.qc.ca\/fr\/wp-json\/wp\/v2\/pages\/2645\/"}],"collection":[{"href":"https:\/\/acontrecourant.qc.ca\/fr\/wp-json\/wp\/v2\/pages\/"}],"about":[{"href":"https:\/\/acontrecourant.qc.ca\/fr\/wp-json\/wp\/v2\/types\/page\/"}],"author":[{"embeddable":true,"href":"https:\/\/acontrecourant.qc.ca\/fr\/wp-json\/wp\/v2\/users\/9\/"}],"replies":[{"embeddable":true,"href":"https:\/\/acontrecourant.qc.ca\/fr\/wp-json\/wp\/v2\/comments\/?post=2645"}],"version-history":[{"count":12,"href":"https:\/\/acontrecourant.qc.ca\/fr\/wp-json\/wp\/v2\/pages\/2645\/revisions\/"}],"predecessor-version":[{"id":3579,"href":"https:\/\/acontrecourant.qc.ca\/fr\/wp-json\/wp\/v2\/pages\/2645\/revisions\/3579\/"}],"up":[{"embeddable":true,"href":"https:\/\/acontrecourant.qc.ca\/fr\/wp-json\/wp\/v2\/pages\/147\/"}],"wp:attachment":[{"href":"https:\/\/acontrecourant.qc.ca\/fr\/wp-json\/wp\/v2\/media\/?parent=2645"}],"curies":[{"name":"wp","href":"https:\/\/api.w.org\/{rel}","templated":true}]}}