{"id":2469,"date":"2019-09-23T21:50:54","date_gmt":"2019-09-24T01:50:54","guid":{"rendered":"http:\/\/acontrecourant.qc.ca\/?page_id=2469"},"modified":"2022-10-13T00:34:28","modified_gmt":"2022-10-13T04:34:28","slug":"coupe-2019-questions-tech","status":"publish","type":"page","link":"https:\/\/acontrecourant.qc.ca\/fr\/evenements\/coupe-2019-questions-tech\/","title":{"rendered":"Questions Techniques 2019"},"content":{"rendered":"<h2>Installations<\/h2>\n<p><span style=\"font-weight: 400;\">La comp\u00e9tition se d\u00e9roulera dans un bassin de 25 m comportant 10 couloirs munis d\u2019un syst\u00e8me de chronom\u00e9trage \u00e9lectronique avec plaques de touche et tableau alpha-num\u00e9rique. Le logiciel Splash Meet Manager sera utilis\u00e9 pour la gestion de la rencontre. Le bassin secondaire sera accessible en tout temps comme bassin d\u2019\u00e9chauffement et de r\u00e9cup\u00e9ration.<\/span><\/p>\n<h2>Sanction et r\u00e8glements<\/h2>\n<p>La comp\u00e9tition est sanctionn\u00e9e par la F\u00e9d\u00e9ration de natation du Qu\u00e9bec (##). Le <a href=\"https:\/\/www.fina.org\/content\/fina-rules-regulations\">r\u00e8glement des ma\u00eetres nageurs<\/a> de la F\u00e9d\u00e9ration Internationale de Natation (FINA), le <a href=\"https:\/\/www.fnq.qc.ca\/disciplines\/disciplines-reglements\/\">r\u00e8glement de s\u00e9curit\u00e9 en bassin<\/a> de la FNQ ainsi que la <a href=\"https:\/\/www.swimming.ca\/fr\/ressources\/officiels\/reglements-et-formulaires\/procedures-de-securite-pour-lechauffement-en-competition\/\">proc\u00e9dure de s\u00e9curit\u00e9 pour les \u00e9chauffements en comp\u00e9tition de natation<\/a> de Natation Canada seront en vigueur.<\/p>\n<p>Les d\u00e9parts se feront \u00e0 partir des blocs de d\u00e9part selon FINA FR 2.3 et SW 4.1.<\/p>\n<p>Le port du bonnet de bain est recommand\u00e9. Les \u00e9preuves individuelles ainsi que les \u00e9preuves de relais seront nag\u00e9es senior en finales contre la montre, du plus lent au plus rapide, sans \u00e9gard \u00e0 l\u2019\u00e2ge ni au sexe. L\u2019attribution des couloirs sera \u00e9tablie selon les temps d\u2019inscription soumis.<\/p>\n<h2>Admissibilit\u00e9<\/h2>\n<p><span style=\"font-weight: 400;\">Tous les nageurs doivent \u00eatre affili\u00e9s \u00e0 la F\u00e9d\u00e9ration de natation du Qu\u00e9bec ou \u00e0 une f\u00e9d\u00e9ration membre de la FINA et doivent \u00eatre \u00e2g\u00e9s de 18 ans ou plus en date du 16 novembre 2019. Tous les nageurs affili\u00e9s \u00e0 une autre f\u00e9d\u00e9ration que la FNQ (nageurs de l\u2019ext\u00e9rieur du Qu\u00e9bec) doivent s\u2019assurer d\u2019\u00eatre couverts par l\u2019assurance accident de leur f\u00e9d\u00e9ration ou par une assurance priv\u00e9e, auquel cas ils devront pr\u00e9senter un certificat attestant cette couverture au moment de l\u2019inscription. <\/span><\/p>\n<h2>Relais<\/h2>\n<p><span style=\"font-weight: 400;\">Les membres d\u2019une \u00e9quipe de relais doivent appartenir \u00e0 un m\u00eame club et \u00eatre d\u00fbment inscrits \u00e0 la comp\u00e9tition. Les \u00e9quipes de relais r\u00e9unissant des nageurs de clubs diff\u00e9rents ne peuvent concourir \u00e0 moins d\u2019une permission sp\u00e9ciale du directeur de rencontre. Elles le feront alors dans la cat\u00e9gorie \u00ab\u00a0hors concours\u00a0\u00bb et les temps des nageurs ne seront pas reconnus. Les \u00e9quipes de relais peuvent \u00eatre masculines, f\u00e9minines ou mixtes. Une \u00e9quipe de relais mixte est compos\u00e9e de deux hommes et de deux femmes, nageant dans n\u2019importe quel ordre. Les cartes de d\u00e9part pour les \u00e9preuves de relais devront \u00eatre remises au commis de course selon les param\u00e8tres suivants\u00a0: au plus tard \u00e0 la fin de <\/span><b>l\u2019\u00e9preuve no\u00a03 (50 m papillon)<\/b><span style=\"font-weight: 400;\"> pour<\/span><b> l\u2019\u00e9preuve no\u00a08 (relais 4\u00a0x\u00a050\u00a0m libre)<\/b>;<span style=\"font-weight: 400;\"> au plus tard \u00e0 la fin de <\/span><b>l\u2019\u00e9preuve no\u00a06 (100 m dos)<\/b><span style=\"font-weight: 400;\"> pour <\/span><b>l\u2019\u00e9preuve no\u00a09 (relais\u00a04 x 50 m quatre nages)<\/b>.<span style=\"font-weight: 400;\"> Un athl\u00e8te ne peut participer \u00e0 une \u00e9preuve de relais qu\u2019au sein d\u2019une seule \u00e9quipe de relais.<\/span><\/p>\n<h2>Cat\u00e9gories d\u2019\u00e2ge<\/h2>\n<p><span style=\"font-weight: 400;\">La cat\u00e9gorie d\u2019\u00e2ge de l\u2019athl\u00e8te est d\u00e9termin\u00e9e d\u2019apr\u00e8s son \u00e2ge au 31 d\u00e9cembre 2019. Les groupes d\u2019\u00e2ge pour les \u00e9preuves individuelles sont constitu\u00e9s par tranches de 5 ans apr\u00e8s la premi\u00e8re tranche, qui va de 18 \u00e0 24 ans. <\/span><br \/>\n<span style=\"font-weight: 400;\">Le groupe d\u2019\u00e2ge d\u2019une \u00e9quipe de relais est d\u00e9termin\u00e9 en additionnant les \u00e2ges au 31 d\u00e9cembre 2019, en ann\u00e9es enti\u00e8res, des 4 membres de l\u2019\u00e9quipe. Les groupes d\u2019\u00e2ge pour les relais sont constitu\u00e9s par tranches de 40 ans apr\u00e8s les deux premi\u00e8res tranches, qui vont de 72 \u00e0 99 ans et de 100 \u00e0 119 ans. <\/span><\/p>\n<h3>\u00c9preuves individuelles :<\/h3>\n<p><span style=\"font-weight: 400;\">18-24 ans, 25-29, 30-34, 35-39, 40-44, 45-49, 50-54, 55-59, 60-64, 65-69, etc. <\/span><\/p>\n<h3>\u00c9preuves de relais (somme de l\u2019\u00e2ge des 4 membres) :<\/h3>\n<p><span style=\"font-weight: 400;\">72-99 ans, 100-119, 120-159, 160-199, 200-239, 240-279, etc. <\/span><\/p>\n<h2>Coupe du Qu\u00e9bec<\/h2>\n<p>Le pointage cumulatif des \u00e9quipes pour la Manche 1 du Circuit Coupe du Qu\u00e9bec des ma\u00eetres-nageurs, qui comprend uniquement le pointage des \u00e9preuves individuelles, sera transmis \u00e0 la F\u00e9d\u00e9ration de natation du Qu\u00e9bec (FNQ). Les r\u00e9sultats finaux pour l\u2019ensemble du Circuit seront d\u00e9voil\u00e9s lors du Gala des Ma\u00eetres-nageurs du Qu\u00e9bec.<\/p>\n<h2>\u00c9chauffement<\/h2>\n<p>La journ\u00e9e de comp\u00e9tition comportera deux p\u00e9riodes d\u2019\u00e9chauffement. Un horaire sera impos\u00e9 aux \u00e9quipes participantes pendant les p\u00e9riodes officielles d\u2019\u00e9chauffement si l\u2019affluence l\u2019exige. <span style=\"font-weight: 400;\">Le <a href=\"https:\/\/www.fnq.qc.ca\/disciplines\/disciplines-reglements\/\">r\u00e8glement de s\u00e9curit\u00e9 en bassin<\/a> de la FNQ ainsi que la <a href=\"https:\/\/www.swimming.ca\/fr\/ressources\/officiels\/reglements-et-formulaires\/procedures-de-securite-pour-lechauffement-en-competition\/\">proc\u00e9dure de s\u00e9curit\u00e9 pour les \u00e9chauffements en comp\u00e9tition<\/a> de natation de Natation Canada seront en vigueur durant la comp\u00e9tition. <\/span><b>Aucun saut ou plongeon ne sera permis pendant l\u2019\u00e9chauffement, sauf dans les couloirs d\u00e9sign\u00e9s \u00e0 cette fin. Les nageurs doivent entrer dans l\u2019eau doucement, en ayant toujours une main sur le pont de la piscine ou le trop-plein.<\/b><\/p>\n<h2>R\u00e9compenses<\/h2>\n<p>Les r\u00e9compenses pour <i>La Coupe de Montr\u00e9al<\/i> seront remises lors de la soir\u00e9e du samedi ou envoy\u00e9es par la poste. L\u2019\u00e9quipe ayant obtenu le plus haut pointage remportera la Coupe de Montr\u00e9al des ma\u00eetres nageurs (un certificat tiendra lieu de troph\u00e9e). On attribuera en outre des distinctions dans les cat\u00e9gories suivantes : l\u2019\u00e9quipe de six personnes ou plus ayant accumul\u00e9 le plus grand nombre de points par personne; le nageur ayant accumul\u00e9 le plus grand nombre de points; la nageuse ayant accumul\u00e9 le plus grand nombre de points.<\/p>\n<h2>Pointage<\/h2>\n<h3>\u00c9preuves individuelles<\/h3>\n<p><span style=\"font-weight: 400;\">1 re \u00a0place : 7 points; 2 e \u00a0: 5 pts; 3 e : 4 pts; 4 e \u00a0: 3 pts; 5 e : 2 pts; 6 e : 1 pt.<\/span><\/p>\n<h3>\u00c9preuves de relais (pour La Coupe de Montr\u00e9al seulement)<\/h3>\n<p><span style=\"font-weight: 400;\">1 re \u00a0place : 14 points; 2 e \u00a0: 10 pts; 3 e : 8 pts; 4 e \u00a0: 6 pts; 5 e : 4 pts; 6 e : 2 pts.<\/span><\/p>\n<h2>R\u00e9sultats<\/h2>\n<p>Les r\u00e9sultats des \u00e9preuves seront affich\u00e9s sur le <a href=\"http:\/\/acontrecourant.qc.ca\/coupe\">site Internet d\u2019\u00c0 Contre-Courant<\/a> ainsi que sur le <a href=\"http:\/\/www.swimming.ca\/fr\/evenements-resultats\/\">site de r\u00e9sultats canadiens<\/a> de Natation Canada\u00a0au plus tard 8 jours apr\u00e8s la fin de la comp\u00e9tition.<\/p>\n<ul class=\"list-document\" >\n<li>Prochaine section:<a style=\"text-transform: uppercase;\" href=\"http:\/\/acontrecourant.qc.ca\/evenements\/coupe-2019-insc-athlete\">Inscriptions &#8211; Athl\u00e8tes<\/a><\/li>\n<\/ul>\n","protected":false},"excerpt":{"rendered":"<p>Installations La comp\u00e9tition se d\u00e9roulera dans un bassin de 25 m comportant 10 couloirs munis d\u2019un syst\u00e8me de chronom\u00e9trage \u00e9lectronique avec plaques de touche et tableau alpha-num\u00e9rique. Le logiciel Splash Meet Manager sera utilis\u00e9 pour la gestion de la rencontre. Le bassin secondaire sera accessible en tout temps comme bassin d\u2019\u00e9chauffement et de r\u00e9cup\u00e9ration. Sanction [&hellip;]<\/p>\n","protected":false},"author":9,"featured_media":0,"parent":147,"menu_order":0,"comment_status":"closed","ping_status":"closed","template":"","meta":{"_acf_changed":false,"footnotes":""},"class_list":["post-2469","page","type-page","status-publish","hentry"],"acf":[],"yoast_head":"<!-- This site is optimized with the Yoast SEO plugin v26.3 - https:\/\/yoast.com\/wordpress\/plugins\/seo\/ -->\n<title>Questions Techniques 2019 - \u00c0 Contre Courant<\/title>\n<meta name=\"robots\" content=\"index, follow, max-snippet:-1, max-image-preview:large, max-video-preview:-1\" \/>\n<link rel=\"canonical\" href=\"https:\/\/acontrecourant.qc.ca\/fr\/evenements\/coupe-2019-questions-tech\/\" \/>\n<meta name=\"twitter:label1\" content=\"Estimation du temps de lecture\" \/>\n\t<meta name=\"twitter:data1\" content=\"5 minutes\" \/>\n<script type=\"application\/ld+json\" class=\"yoast-schema-graph\">{\"@context\":\"https:\/\/schema.org\",\"@graph\":[{\"@type\":\"WebPage\",\"@id\":\"https:\/\/acontrecourant.qc.ca\/fr\/evenements\/coupe-2019-questions-tech\/\",\"url\":\"https:\/\/acontrecourant.qc.ca\/fr\/evenements\/coupe-2019-questions-tech\/\",\"name\":\"Questions Techniques 2019 - \u00c0 Contre Courant\",\"isPartOf\":{\"@id\":\"https:\/\/acontrecourant.qc.ca\/en\/#website\"},\"datePublished\":\"2019-09-24T01:50:54+00:00\",\"dateModified\":\"2022-10-13T04:34:28+00:00\",\"breadcrumb\":{\"@id\":\"https:\/\/acontrecourant.qc.ca\/fr\/evenements\/coupe-2019-questions-tech\/#breadcrumb\"},\"inLanguage\":\"fr-CA\",\"potentialAction\":[{\"@type\":\"ReadAction\",\"target\":[\"https:\/\/acontrecourant.qc.ca\/fr\/evenements\/coupe-2019-questions-tech\/\"]}]},{\"@type\":\"BreadcrumbList\",\"@id\":\"https:\/\/acontrecourant.qc.ca\/fr\/evenements\/coupe-2019-questions-tech\/#breadcrumb\",\"itemListElement\":[{\"@type\":\"ListItem\",\"position\":1,\"name\":\"\u00c9v\u00e9nements du club\",\"item\":\"https:\/\/acontrecourant.qc.ca\/fr\/evenements\/\"},{\"@type\":\"ListItem\",\"position\":2,\"name\":\"Questions Techniques 2019\"}]},{\"@type\":\"WebSite\",\"@id\":\"https:\/\/acontrecourant.qc.ca\/en\/#website\",\"url\":\"https:\/\/acontrecourant.qc.ca\/en\/\",\"name\":\"\u00c0 Contre Courant\",\"description\":\"Bienvenue \u00e0 Montr\u00e9al\",\"potentialAction\":[{\"@type\":\"SearchAction\",\"target\":{\"@type\":\"EntryPoint\",\"urlTemplate\":\"https:\/\/acontrecourant.qc.ca\/en\/?s={search_term_string}\"},\"query-input\":{\"@type\":\"PropertyValueSpecification\",\"valueRequired\":true,\"valueName\":\"search_term_string\"}}],\"inLanguage\":\"fr-CA\"}]}<\/script>\n<!-- \/ Yoast SEO plugin. -->","yoast_head_json":{"title":"Questions Techniques 2019 - \u00c0 Contre Courant","robots":{"index":"index","follow":"follow","max-snippet":"max-snippet:-1","max-image-preview":"max-image-preview:large","max-video-preview":"max-video-preview:-1"},"canonical":"https:\/\/acontrecourant.qc.ca\/fr\/evenements\/coupe-2019-questions-tech\/","twitter_misc":{"Estimation du temps de lecture":"5 minutes"},"schema":{"@context":"https:\/\/schema.org","@graph":[{"@type":"WebPage","@id":"https:\/\/acontrecourant.qc.ca\/fr\/evenements\/coupe-2019-questions-tech\/","url":"https:\/\/acontrecourant.qc.ca\/fr\/evenements\/coupe-2019-questions-tech\/","name":"Questions Techniques 2019 - \u00c0 Contre Courant","isPartOf":{"@id":"https:\/\/acontrecourant.qc.ca\/en\/#website"},"datePublished":"2019-09-24T01:50:54+00:00","dateModified":"2022-10-13T04:34:28+00:00","breadcrumb":{"@id":"https:\/\/acontrecourant.qc.ca\/fr\/evenements\/coupe-2019-questions-tech\/#breadcrumb"},"inLanguage":"fr-CA","potentialAction":[{"@type":"ReadAction","target":["https:\/\/acontrecourant.qc.ca\/fr\/evenements\/coupe-2019-questions-tech\/"]}]},{"@type":"BreadcrumbList","@id":"https:\/\/acontrecourant.qc.ca\/fr\/evenements\/coupe-2019-questions-tech\/#breadcrumb","itemListElement":[{"@type":"ListItem","position":1,"name":"\u00c9v\u00e9nements du club","item":"https:\/\/acontrecourant.qc.ca\/fr\/evenements\/"},{"@type":"ListItem","position":2,"name":"Questions Techniques 2019"}]},{"@type":"WebSite","@id":"https:\/\/acontrecourant.qc.ca\/en\/#website","url":"https:\/\/acontrecourant.qc.ca\/en\/","name":"\u00c0 Contre Courant","description":"Bienvenue \u00e0 Montr\u00e9al","potentialAction":[{"@type":"SearchAction","target":{"@type":"EntryPoint","urlTemplate":"https:\/\/acontrecourant.qc.ca\/en\/?s={search_term_string}"},"query-input":{"@type":"PropertyValueSpecification","valueRequired":true,"valueName":"search_term_string"}}],"inLanguage":"fr-CA"}]}},"_links":{"self":[{"href":"https:\/\/acontrecourant.qc.ca\/fr\/wp-json\/wp\/v2\/pages\/2469\/"}],"collection":[{"href":"https:\/\/acontrecourant.qc.ca\/fr\/wp-json\/wp\/v2\/pages\/"}],"about":[{"href":"https:\/\/acontrecourant.qc.ca\/fr\/wp-json\/wp\/v2\/types\/page\/"}],"author":[{"embeddable":true,"href":"https:\/\/acontrecourant.qc.ca\/fr\/wp-json\/wp\/v2\/users\/9\/"}],"replies":[{"embeddable":true,"href":"https:\/\/acontrecourant.qc.ca\/fr\/wp-json\/wp\/v2\/comments\/?post=2469"}],"version-history":[{"count":17,"href":"https:\/\/acontrecourant.qc.ca\/fr\/wp-json\/wp\/v2\/pages\/2469\/revisions\/"}],"predecessor-version":[{"id":3587,"href":"https:\/\/acontrecourant.qc.ca\/fr\/wp-json\/wp\/v2\/pages\/2469\/revisions\/3587\/"}],"up":[{"embeddable":true,"href":"https:\/\/acontrecourant.qc.ca\/fr\/wp-json\/wp\/v2\/pages\/147\/"}],"wp:attachment":[{"href":"https:\/\/acontrecourant.qc.ca\/fr\/wp-json\/wp\/v2\/media\/?parent=2469"}],"curies":[{"name":"wp","href":"https:\/\/api.w.org\/{rel}","templated":true}]}}