{"id":2458,"date":"2019-09-23T21:03:53","date_gmt":"2019-09-24T01:03:53","guid":{"rendered":"http:\/\/acontrecourant.qc.ca\/?page_id=2458"},"modified":"2019-09-23T21:11:44","modified_gmt":"2019-09-24T01:11:44","slug":"coupe-2018","status":"publish","type":"page","link":"https:\/\/acontrecourant.qc.ca\/fr\/evenements\/coupe-2018\/","title":{"rendered":"Coupe de Montr\u00e9al &#8211; 25e Anniversaire"},"content":{"rendered":"<div style=\"background-image: url('http:\/\/acontrecourant.qc.ca\/wp-content\/uploads\/jpg\/Invitation-CoupeMtl25-Natation-BG.jpg'); background-size: cover; padding-top: 750px;\">\n<h2>R\u00e9sultats pour le 10 novembre 2018<\/h2>\n<h3 style=\"text-align: center;\">\u00c0 Contre-Courant pr\u00e9sente<\/h3>\n<h3 style=\"text-align: center;\">La Coupe de Montr\u00e9al 2018<\/h3>\n<h3 style=\"text-align: center;\">25e anniversaire<\/h3>\n<ul class=\"list-document\">\n<li><a style=\"text-transform: uppercase;\" href=\"http:\/\/acontrecourant.qc.ca\/wp-content\/uploads\/pdf\/coupe-2018-resultats.pdf\">R\u00e9sultats Officiel &#8211; Coupe de Montr\u00e9al 2018<\/a><\/li>\n<\/ul>\n<h2>Programme et assignations<\/h2>\n<h3 style=\"text-align: center;\">\u00c0 Contre-Courant pr\u00e9sente<\/h3>\n<h3 style=\"text-align: center;\">La Coupe de Montr\u00e9al 2018<\/h3>\n<h3 style=\"text-align: center;\">25e anniversaire<\/h3>\n<ul class=\"list-document\">\n<li><a style=\"text-transform: uppercase;\" href=\"http:\/\/acontrecourant.qc.ca\/wp-content\/uploads\/pdf\/coupe-2018-programme-officiel.pdf\">Programme Officiel<\/a><\/li>\n<li><a style=\"text-transform: uppercase;\" href=\"http:\/\/acontrecourant.qc.ca\/wp-content\/uploads\/pdf\/coupe-2018-officiels-assignation-am.pdf\">Assignation des officiels et b\u00e9n\u00e9voles &#8211; AM<\/a><\/li>\n<li><a style=\"text-transform: uppercase;\" href=\"http:\/\/acontrecourant.qc.ca\/wp-content\/uploads\/pdf\/coupe-2018-officiels-assignation-pm.pdf\">Assignation des officiels et b\u00e9n\u00e9voles &#8211; PM<\/a><\/li>\n<\/ul>\n<h2 style=\"text-align: center;\">Commanditaires 2018<\/h2>\n<ul class=\"list-document\">\n<li><a style=\"text-transform: uppercase;\" href=\"https:\/\/www.facebook.com\/guy.allard.31\">Guy Allard &#8211; Coiffure<\/a><\/li>\n<li><a style=\"text-transform: uppercase;\" href=\"http:\/\/www.stimula.ca\/\">Stimula Physioth\u00e9rapie<\/a><\/li>\n<li><a style=\"text-transform: uppercase;\" href=\"https:\/\/www.facebook.com\/sylvain.arsenault.50\">Clinique Dentaire Arsenault<\/a><\/li>\n<li><a style=\"text-transform: uppercase;\" href=\"http:\/\/philippeharvey.com\/\">Philippe Harvey, designer<\/a><\/li>\n<li><a style=\"text-transform: uppercase;\" href=\"http:\/\/lapanthereverte.com\/accueil\/menu\/\">La Panth\u00e8re Verte, rue Saint-Denis<\/a><\/li>\n<li><a style=\"text-transform: uppercase;\" href=\"http:\/\/acontrecourant.qc.ca\/evenements\/coupe\/\">Marius Gauthier, photographe<\/a><\/li>\n<\/ul>\n<h2>Invitation officielle<\/h2>\n<ul class=\"list-document\">\n<li><a style=\"text-transform: uppercase;\" href=\"http:\/\/acontrecourant.qc.ca\/evenements\/coupe-rens-gen\">Renseignements G\u00e9n\u00e9raux<\/a><\/li>\n<li><a style=\"text-transform: uppercase;\" href=\"http:\/\/acontrecourant.qc.ca\/evenements\/coupe-2018-horaire\">Horaire<\/a><\/li>\n<li><a style=\"text-transform: uppercase;\" href=\"http:\/\/acontrecourant.qc.ca\/evenements\/coupe-2018-questions-tech\">Questions Techniques<\/a><\/li>\n<li><a style=\"text-transform: uppercase;\" href=\"http:\/\/acontrecourant.qc.ca\/evenements\/coupe-2018-insc-athletes\">Inscriptions &#8211; athl\u00e8tes<\/a><\/li>\n<li><a style=\"text-transform: uppercase;\" href=\"http:\/\/acontrecourant.qc.caevenements\/coupe-insc-officiels\">Inscriptions &#8211; officiels et b\u00e9n\u00e9voles<\/a><\/li>\n<\/ul>\n<\/div>\n","protected":false},"excerpt":{"rendered":"<p>R\u00e9sultats pour le 10 novembre 2018 \u00c0 Contre-Courant pr\u00e9sente La Coupe de Montr\u00e9al 2018 25e anniversaire R\u00e9sultats Officiel &#8211; Coupe de Montr\u00e9al 2018 Programme et assignations \u00c0 Contre-Courant pr\u00e9sente La Coupe de Montr\u00e9al 2018 25e anniversaire Programme Officiel Assignation des officiels et b\u00e9n\u00e9voles &#8211; AM Assignation des officiels et b\u00e9n\u00e9voles &#8211; PM Commanditaires 2018 Guy [&hellip;]<\/p>\n","protected":false},"author":9,"featured_media":0,"parent":147,"menu_order":0,"comment_status":"closed","ping_status":"closed","template":"","meta":{"_acf_changed":false,"footnotes":""},"class_list":["post-2458","page","type-page","status-publish","hentry"],"acf":[],"yoast_head":"<!-- This site is optimized with the Yoast SEO plugin v26.3 - https:\/\/yoast.com\/wordpress\/plugins\/seo\/ -->\n<title>Coupe de Montr\u00e9al - 25e Anniversaire - \u00c0 Contre Courant<\/title>\n<meta name=\"robots\" content=\"index, follow, max-snippet:-1, max-image-preview:large, max-video-preview:-1\" \/>\n<link rel=\"canonical\" href=\"https:\/\/acontrecourant.qc.ca\/fr\/evenements\/coupe-2018\/\" \/>\n<script type=\"application\/ld+json\" class=\"yoast-schema-graph\">{\"@context\":\"https:\/\/schema.org\",\"@graph\":[{\"@type\":\"WebPage\",\"@id\":\"https:\/\/acontrecourant.qc.ca\/fr\/evenements\/coupe-2018\/\",\"url\":\"https:\/\/acontrecourant.qc.ca\/fr\/evenements\/coupe-2018\/\",\"name\":\"Coupe de Montr\u00e9al - 25e Anniversaire - \u00c0 Contre Courant\",\"isPartOf\":{\"@id\":\"https:\/\/acontrecourant.qc.ca\/en\/#website\"},\"datePublished\":\"2019-09-24T01:03:53+00:00\",\"dateModified\":\"2019-09-24T01:11:44+00:00\",\"breadcrumb\":{\"@id\":\"https:\/\/acontrecourant.qc.ca\/fr\/evenements\/coupe-2018\/#breadcrumb\"},\"inLanguage\":\"fr-CA\",\"potentialAction\":[{\"@type\":\"ReadAction\",\"target\":[\"https:\/\/acontrecourant.qc.ca\/fr\/evenements\/coupe-2018\/\"]}]},{\"@type\":\"BreadcrumbList\",\"@id\":\"https:\/\/acontrecourant.qc.ca\/fr\/evenements\/coupe-2018\/#breadcrumb\",\"itemListElement\":[{\"@type\":\"ListItem\",\"position\":1,\"name\":\"\u00c9v\u00e9nements du club\",\"item\":\"https:\/\/acontrecourant.qc.ca\/fr\/evenements\/\"},{\"@type\":\"ListItem\",\"position\":2,\"name\":\"Coupe de Montr\u00e9al &#8211; 25e Anniversaire\"}]},{\"@type\":\"WebSite\",\"@id\":\"https:\/\/acontrecourant.qc.ca\/en\/#website\",\"url\":\"https:\/\/acontrecourant.qc.ca\/en\/\",\"name\":\"\u00c0 Contre Courant\",\"description\":\"Bienvenue \u00e0 Montr\u00e9al\",\"potentialAction\":[{\"@type\":\"SearchAction\",\"target\":{\"@type\":\"EntryPoint\",\"urlTemplate\":\"https:\/\/acontrecourant.qc.ca\/en\/?s={search_term_string}\"},\"query-input\":{\"@type\":\"PropertyValueSpecification\",\"valueRequired\":true,\"valueName\":\"search_term_string\"}}],\"inLanguage\":\"fr-CA\"}]}<\/script>\n<!-- \/ Yoast SEO plugin. -->","yoast_head_json":{"title":"Coupe de Montr\u00e9al - 25e Anniversaire - \u00c0 Contre Courant","robots":{"index":"index","follow":"follow","max-snippet":"max-snippet:-1","max-image-preview":"max-image-preview:large","max-video-preview":"max-video-preview:-1"},"canonical":"https:\/\/acontrecourant.qc.ca\/fr\/evenements\/coupe-2018\/","schema":{"@context":"https:\/\/schema.org","@graph":[{"@type":"WebPage","@id":"https:\/\/acontrecourant.qc.ca\/fr\/evenements\/coupe-2018\/","url":"https:\/\/acontrecourant.qc.ca\/fr\/evenements\/coupe-2018\/","name":"Coupe de Montr\u00e9al - 25e Anniversaire - \u00c0 Contre Courant","isPartOf":{"@id":"https:\/\/acontrecourant.qc.ca\/en\/#website"},"datePublished":"2019-09-24T01:03:53+00:00","dateModified":"2019-09-24T01:11:44+00:00","breadcrumb":{"@id":"https:\/\/acontrecourant.qc.ca\/fr\/evenements\/coupe-2018\/#breadcrumb"},"inLanguage":"fr-CA","potentialAction":[{"@type":"ReadAction","target":["https:\/\/acontrecourant.qc.ca\/fr\/evenements\/coupe-2018\/"]}]},{"@type":"BreadcrumbList","@id":"https:\/\/acontrecourant.qc.ca\/fr\/evenements\/coupe-2018\/#breadcrumb","itemListElement":[{"@type":"ListItem","position":1,"name":"\u00c9v\u00e9nements du club","item":"https:\/\/acontrecourant.qc.ca\/fr\/evenements\/"},{"@type":"ListItem","position":2,"name":"Coupe de Montr\u00e9al &#8211; 25e Anniversaire"}]},{"@type":"WebSite","@id":"https:\/\/acontrecourant.qc.ca\/en\/#website","url":"https:\/\/acontrecourant.qc.ca\/en\/","name":"\u00c0 Contre Courant","description":"Bienvenue \u00e0 Montr\u00e9al","potentialAction":[{"@type":"SearchAction","target":{"@type":"EntryPoint","urlTemplate":"https:\/\/acontrecourant.qc.ca\/en\/?s={search_term_string}"},"query-input":{"@type":"PropertyValueSpecification","valueRequired":true,"valueName":"search_term_string"}}],"inLanguage":"fr-CA"}]}},"_links":{"self":[{"href":"https:\/\/acontrecourant.qc.ca\/fr\/wp-json\/wp\/v2\/pages\/2458\/"}],"collection":[{"href":"https:\/\/acontrecourant.qc.ca\/fr\/wp-json\/wp\/v2\/pages\/"}],"about":[{"href":"https:\/\/acontrecourant.qc.ca\/fr\/wp-json\/wp\/v2\/types\/page\/"}],"author":[{"embeddable":true,"href":"https:\/\/acontrecourant.qc.ca\/fr\/wp-json\/wp\/v2\/users\/9\/"}],"replies":[{"embeddable":true,"href":"https:\/\/acontrecourant.qc.ca\/fr\/wp-json\/wp\/v2\/comments\/?post=2458"}],"version-history":[{"count":3,"href":"https:\/\/acontrecourant.qc.ca\/fr\/wp-json\/wp\/v2\/pages\/2458\/revisions\/"}],"predecessor-version":[{"id":2464,"href":"https:\/\/acontrecourant.qc.ca\/fr\/wp-json\/wp\/v2\/pages\/2458\/revisions\/2464\/"}],"up":[{"embeddable":true,"href":"https:\/\/acontrecourant.qc.ca\/fr\/wp-json\/wp\/v2\/pages\/147\/"}],"wp:attachment":[{"href":"https:\/\/acontrecourant.qc.ca\/fr\/wp-json\/wp\/v2\/media\/?parent=2458"}],"curies":[{"name":"wp","href":"https:\/\/api.w.org\/{rel}","templated":true}]}}