{"id":24,"date":"2013-05-10T19:58:32","date_gmt":"2013-05-10T23:58:32","guid":{"rendered":"http:\/\/acc922.wordpress.com\/?page_id=24"},"modified":"2015-01-13T14:31:53","modified_gmt":"2015-01-13T19:31:53","slug":"contact","status":"publish","type":"page","link":"https:\/\/acontrecourant.qc.ca\/fr\/informations\/contact\/","title":{"rendered":"Pour nous contacter"},"content":{"rendered":"<p><strong>\u00c0 Contre-Courant<br \/>\n<\/strong>C.P. St-Andr\u00e9 B.P. 32021<br \/>\nMontr\u00e9al (Qu\u00e9bec)<br \/>\nH2L 4Y5<br \/>\nT\u00e9l.: (514) 990-2582<br \/>\nFax\u00a0: (514) 990-2582<\/p>\n<p>Courriel: <a href=\"mailto:info@acontrecourant.qc.ca\">info@acontrecourant.qc.ca<\/a><\/p>\n<p>Informations pour le water-polo: <a href=\"mailto:waterpolo@acontrecourant.qc.ca\">waterpolo@acontrecourant.qc.ca<\/a><\/p>\n","protected":false},"excerpt":{"rendered":"<p>\u00c0 Contre-Courant C.P. St-Andr\u00e9 B.P. 32021 Montr\u00e9al (Qu\u00e9bec) H2L 4Y5 T\u00e9l.: (514) 990-2582 Fax\u00a0: (514) 990-2582 Courriel: info@acontrecourant.qc.ca Informations pour le water-polo: waterpolo@acontrecourant.qc.ca<\/p>\n","protected":false},"author":8,"featured_media":0,"parent":6,"menu_order":0,"comment_status":"closed","ping_status":"closed","template":"","meta":{"_acf_changed":false,"footnotes":""},"class_list":["post-24","page","type-page","status-publish","hentry"],"acf":[],"yoast_head":"<!-- This site is optimized with the Yoast SEO plugin v26.3 - https:\/\/yoast.com\/wordpress\/plugins\/seo\/ -->\n<title>Pour nous contacter - \u00c0 Contre Courant<\/title>\n<meta name=\"robots\" content=\"index, follow, max-snippet:-1, max-image-preview:large, max-video-preview:-1\" \/>\n<link rel=\"canonical\" href=\"https:\/\/acontrecourant.qc.ca\/fr\/informations\/contact\/\" \/>\n<script type=\"application\/ld+json\" class=\"yoast-schema-graph\">{\"@context\":\"https:\/\/schema.org\",\"@graph\":[{\"@type\":\"WebPage\",\"@id\":\"https:\/\/acontrecourant.qc.ca\/fr\/informations\/contact\/\",\"url\":\"https:\/\/acontrecourant.qc.ca\/fr\/informations\/contact\/\",\"name\":\"Pour nous contacter - \u00c0 Contre Courant\",\"isPartOf\":{\"@id\":\"https:\/\/acontrecourant.qc.ca\/en\/#website\"},\"datePublished\":\"2013-05-10T23:58:32+00:00\",\"dateModified\":\"2015-01-13T19:31:53+00:00\",\"breadcrumb\":{\"@id\":\"https:\/\/acontrecourant.qc.ca\/fr\/informations\/contact\/#breadcrumb\"},\"inLanguage\":\"fr-CA\",\"potentialAction\":[{\"@type\":\"ReadAction\",\"target\":[\"https:\/\/acontrecourant.qc.ca\/fr\/informations\/contact\/\"]}]},{\"@type\":\"BreadcrumbList\",\"@id\":\"https:\/\/acontrecourant.qc.ca\/fr\/informations\/contact\/#breadcrumb\",\"itemListElement\":[{\"@type\":\"ListItem\",\"position\":1,\"name\":\"Informations\",\"item\":\"https:\/\/acontrecourant.qc.ca\/fr\/informations\/\"},{\"@type\":\"ListItem\",\"position\":2,\"name\":\"Pour nous contacter\"}]},{\"@type\":\"WebSite\",\"@id\":\"https:\/\/acontrecourant.qc.ca\/en\/#website\",\"url\":\"https:\/\/acontrecourant.qc.ca\/en\/\",\"name\":\"\u00c0 Contre Courant\",\"description\":\"Bienvenue \u00e0 Montr\u00e9al\",\"potentialAction\":[{\"@type\":\"SearchAction\",\"target\":{\"@type\":\"EntryPoint\",\"urlTemplate\":\"https:\/\/acontrecourant.qc.ca\/en\/?s={search_term_string}\"},\"query-input\":{\"@type\":\"PropertyValueSpecification\",\"valueRequired\":true,\"valueName\":\"search_term_string\"}}],\"inLanguage\":\"fr-CA\"}]}<\/script>\n<!-- \/ Yoast SEO plugin. -->","yoast_head_json":{"title":"Pour nous contacter - \u00c0 Contre Courant","robots":{"index":"index","follow":"follow","max-snippet":"max-snippet:-1","max-image-preview":"max-image-preview:large","max-video-preview":"max-video-preview:-1"},"canonical":"https:\/\/acontrecourant.qc.ca\/fr\/informations\/contact\/","schema":{"@context":"https:\/\/schema.org","@graph":[{"@type":"WebPage","@id":"https:\/\/acontrecourant.qc.ca\/fr\/informations\/contact\/","url":"https:\/\/acontrecourant.qc.ca\/fr\/informations\/contact\/","name":"Pour nous contacter - \u00c0 Contre Courant","isPartOf":{"@id":"https:\/\/acontrecourant.qc.ca\/en\/#website"},"datePublished":"2013-05-10T23:58:32+00:00","dateModified":"2015-01-13T19:31:53+00:00","breadcrumb":{"@id":"https:\/\/acontrecourant.qc.ca\/fr\/informations\/contact\/#breadcrumb"},"inLanguage":"fr-CA","potentialAction":[{"@type":"ReadAction","target":["https:\/\/acontrecourant.qc.ca\/fr\/informations\/contact\/"]}]},{"@type":"BreadcrumbList","@id":"https:\/\/acontrecourant.qc.ca\/fr\/informations\/contact\/#breadcrumb","itemListElement":[{"@type":"ListItem","position":1,"name":"Informations","item":"https:\/\/acontrecourant.qc.ca\/fr\/informations\/"},{"@type":"ListItem","position":2,"name":"Pour nous contacter"}]},{"@type":"WebSite","@id":"https:\/\/acontrecourant.qc.ca\/en\/#website","url":"https:\/\/acontrecourant.qc.ca\/en\/","name":"\u00c0 Contre Courant","description":"Bienvenue \u00e0 Montr\u00e9al","potentialAction":[{"@type":"SearchAction","target":{"@type":"EntryPoint","urlTemplate":"https:\/\/acontrecourant.qc.ca\/en\/?s={search_term_string}"},"query-input":{"@type":"PropertyValueSpecification","valueRequired":true,"valueName":"search_term_string"}}],"inLanguage":"fr-CA"}]}},"_links":{"self":[{"href":"https:\/\/acontrecourant.qc.ca\/fr\/wp-json\/wp\/v2\/pages\/24\/"}],"collection":[{"href":"https:\/\/acontrecourant.qc.ca\/fr\/wp-json\/wp\/v2\/pages\/"}],"about":[{"href":"https:\/\/acontrecourant.qc.ca\/fr\/wp-json\/wp\/v2\/types\/page\/"}],"author":[{"embeddable":true,"href":"https:\/\/acontrecourant.qc.ca\/fr\/wp-json\/wp\/v2\/users\/8\/"}],"replies":[{"embeddable":true,"href":"https:\/\/acontrecourant.qc.ca\/fr\/wp-json\/wp\/v2\/comments\/?post=24"}],"version-history":[{"count":2,"href":"https:\/\/acontrecourant.qc.ca\/fr\/wp-json\/wp\/v2\/pages\/24\/revisions\/"}],"predecessor-version":[{"id":1468,"href":"https:\/\/acontrecourant.qc.ca\/fr\/wp-json\/wp\/v2\/pages\/24\/revisions\/1468\/"}],"up":[{"embeddable":true,"href":"https:\/\/acontrecourant.qc.ca\/fr\/wp-json\/wp\/v2\/pages\/6\/"}],"wp:attachment":[{"href":"https:\/\/acontrecourant.qc.ca\/fr\/wp-json\/wp\/v2\/media\/?parent=24"}],"curies":[{"name":"wp","href":"https:\/\/api.w.org\/{rel}","templated":true}]}}