{"id":2126,"date":"2018-09-18T11:51:37","date_gmt":"2018-09-18T15:51:37","guid":{"rendered":"http:\/\/acontrecourant.qc.ca\/?page_id=2126"},"modified":"2022-11-08T20:24:25","modified_gmt":"2022-11-09T01:24:25","slug":"coupe-insc-officiels","status":"publish","type":"page","link":"https:\/\/acontrecourant.qc.ca\/fr\/evenements\/coupe-insc-officiels\/","title":{"rendered":"Inscription &#8211; Officiels et b\u00e9n\u00e9voles"},"content":{"rendered":"<p>Pour vous inscrire \u00e0 titre d\u2019officiel ou de b\u00e9n\u00e9vole, il suffit de signifier votre int\u00e9r\u00eat de l\u2019une des fa\u00e7ons suivantes :<\/p>\n<ul>\n<li><span style=\"font-weight: 400;\">Remplir le <a href=\"https:\/\/docs.google.com\/forms\/d\/e\/1FAIpQLSdZKalkZTdapq-r1ISgVXoIS8VNNdPAZ514jy5sTYJzRG7K1w\/viewform?usp=sf_link\" target=\"_blank\" rel=\"noopener noreferrer\">formulaire en ligne<\/a> pr\u00e9vu \u00e0 cette fin. Vous recevrez une confirmation de votre inscription par un courriel provenant de \u00ab\u00a0Google Form\u00a0\u00bb;<\/span><\/li>\n<li><span style=\"font-weight: 400;\">R\u00e9pondre \u00e0 l\u2019appel de recrutement qui vous sera adress\u00e9 directement par courriel ou sur le bord de la piscine.<\/span><\/li>\n<\/ul>\n<p>Nous aurons d\u2019importants besoins en chronom\u00e9treurs. Chaque b\u00e9n\u00e9vole se verra offrir, pour sa participation, le repas du matin (pour la session du matin) et du midi (pour la session de l\u2019apr\u00e8s-midi).<\/p>\n<p>Un courriel de confirmation sera envoy\u00e9 \u00e0 tous les b\u00e9n\u00e9voles qui s\u2019inscriront. L\u2019attribution des postes sera envoy\u00e9e par courriel au plus tard 2 jours avant le d\u00e9but de la rencontre et l&rsquo;information sera mise \u00e0 jour sur la page Web de la Coupe de Montr\u00e9al.<\/p>\n<ul class=\"list-document\">\n<li>Section pr\u00e9d\u00e9cente:<a style=\"text-transform: uppercase;\" href=\"http:\/\/acontrecourant.qc.ca\/evenements\/coupe-insc-athletes\">Inscription &#8211; Athl\u00e8tes<\/a><\/li>\n<\/ul>\n","protected":false},"excerpt":{"rendered":"<p>Pour vous inscrire \u00e0 titre d\u2019officiel ou de b\u00e9n\u00e9vole, il suffit de signifier votre int\u00e9r\u00eat de l\u2019une des fa\u00e7ons suivantes : Remplir le formulaire en ligne pr\u00e9vu \u00e0 cette fin. Vous recevrez une confirmation de votre inscription par un courriel provenant de \u00ab\u00a0Google Form\u00a0\u00bb; R\u00e9pondre \u00e0 l\u2019appel de recrutement qui vous sera adress\u00e9 directement par [&hellip;]<\/p>\n","protected":false},"author":9,"featured_media":0,"parent":147,"menu_order":0,"comment_status":"closed","ping_status":"closed","template":"","meta":{"_acf_changed":false,"footnotes":""},"class_list":["post-2126","page","type-page","status-publish","hentry"],"acf":[],"yoast_head":"<!-- This site is optimized with the Yoast SEO plugin v26.3 - https:\/\/yoast.com\/wordpress\/plugins\/seo\/ -->\n<title>Inscription - Officiels et b\u00e9n\u00e9voles - \u00c0 Contre Courant<\/title>\n<meta name=\"robots\" content=\"index, follow, max-snippet:-1, max-image-preview:large, max-video-preview:-1\" \/>\n<link rel=\"canonical\" href=\"https:\/\/acontrecourant.qc.ca\/fr\/evenements\/coupe-insc-officiels\/\" \/>\n<meta name=\"twitter:label1\" content=\"Estimation du temps de lecture\" \/>\n\t<meta name=\"twitter:data1\" content=\"1 minute\" \/>\n<script type=\"application\/ld+json\" class=\"yoast-schema-graph\">{\"@context\":\"https:\/\/schema.org\",\"@graph\":[{\"@type\":\"WebPage\",\"@id\":\"https:\/\/acontrecourant.qc.ca\/fr\/evenements\/coupe-insc-officiels\/\",\"url\":\"https:\/\/acontrecourant.qc.ca\/fr\/evenements\/coupe-insc-officiels\/\",\"name\":\"Inscription - Officiels et b\u00e9n\u00e9voles - \u00c0 Contre Courant\",\"isPartOf\":{\"@id\":\"https:\/\/acontrecourant.qc.ca\/en\/#website\"},\"datePublished\":\"2018-09-18T15:51:37+00:00\",\"dateModified\":\"2022-11-09T01:24:25+00:00\",\"breadcrumb\":{\"@id\":\"https:\/\/acontrecourant.qc.ca\/fr\/evenements\/coupe-insc-officiels\/#breadcrumb\"},\"inLanguage\":\"fr-CA\",\"potentialAction\":[{\"@type\":\"ReadAction\",\"target\":[\"https:\/\/acontrecourant.qc.ca\/fr\/evenements\/coupe-insc-officiels\/\"]}]},{\"@type\":\"BreadcrumbList\",\"@id\":\"https:\/\/acontrecourant.qc.ca\/fr\/evenements\/coupe-insc-officiels\/#breadcrumb\",\"itemListElement\":[{\"@type\":\"ListItem\",\"position\":1,\"name\":\"\u00c9v\u00e9nements du club\",\"item\":\"https:\/\/acontrecourant.qc.ca\/fr\/evenements\/\"},{\"@type\":\"ListItem\",\"position\":2,\"name\":\"Inscription &#8211; Officiels et b\u00e9n\u00e9voles\"}]},{\"@type\":\"WebSite\",\"@id\":\"https:\/\/acontrecourant.qc.ca\/en\/#website\",\"url\":\"https:\/\/acontrecourant.qc.ca\/en\/\",\"name\":\"\u00c0 Contre Courant\",\"description\":\"Bienvenue \u00e0 Montr\u00e9al\",\"potentialAction\":[{\"@type\":\"SearchAction\",\"target\":{\"@type\":\"EntryPoint\",\"urlTemplate\":\"https:\/\/acontrecourant.qc.ca\/en\/?s={search_term_string}\"},\"query-input\":{\"@type\":\"PropertyValueSpecification\",\"valueRequired\":true,\"valueName\":\"search_term_string\"}}],\"inLanguage\":\"fr-CA\"}]}<\/script>\n<!-- \/ Yoast SEO plugin. -->","yoast_head_json":{"title":"Inscription - Officiels et b\u00e9n\u00e9voles - \u00c0 Contre Courant","robots":{"index":"index","follow":"follow","max-snippet":"max-snippet:-1","max-image-preview":"max-image-preview:large","max-video-preview":"max-video-preview:-1"},"canonical":"https:\/\/acontrecourant.qc.ca\/fr\/evenements\/coupe-insc-officiels\/","twitter_misc":{"Estimation du temps de lecture":"1 minute"},"schema":{"@context":"https:\/\/schema.org","@graph":[{"@type":"WebPage","@id":"https:\/\/acontrecourant.qc.ca\/fr\/evenements\/coupe-insc-officiels\/","url":"https:\/\/acontrecourant.qc.ca\/fr\/evenements\/coupe-insc-officiels\/","name":"Inscription - Officiels et b\u00e9n\u00e9voles - \u00c0 Contre Courant","isPartOf":{"@id":"https:\/\/acontrecourant.qc.ca\/en\/#website"},"datePublished":"2018-09-18T15:51:37+00:00","dateModified":"2022-11-09T01:24:25+00:00","breadcrumb":{"@id":"https:\/\/acontrecourant.qc.ca\/fr\/evenements\/coupe-insc-officiels\/#breadcrumb"},"inLanguage":"fr-CA","potentialAction":[{"@type":"ReadAction","target":["https:\/\/acontrecourant.qc.ca\/fr\/evenements\/coupe-insc-officiels\/"]}]},{"@type":"BreadcrumbList","@id":"https:\/\/acontrecourant.qc.ca\/fr\/evenements\/coupe-insc-officiels\/#breadcrumb","itemListElement":[{"@type":"ListItem","position":1,"name":"\u00c9v\u00e9nements du club","item":"https:\/\/acontrecourant.qc.ca\/fr\/evenements\/"},{"@type":"ListItem","position":2,"name":"Inscription &#8211; Officiels et b\u00e9n\u00e9voles"}]},{"@type":"WebSite","@id":"https:\/\/acontrecourant.qc.ca\/en\/#website","url":"https:\/\/acontrecourant.qc.ca\/en\/","name":"\u00c0 Contre Courant","description":"Bienvenue \u00e0 Montr\u00e9al","potentialAction":[{"@type":"SearchAction","target":{"@type":"EntryPoint","urlTemplate":"https:\/\/acontrecourant.qc.ca\/en\/?s={search_term_string}"},"query-input":{"@type":"PropertyValueSpecification","valueRequired":true,"valueName":"search_term_string"}}],"inLanguage":"fr-CA"}]}},"_links":{"self":[{"href":"https:\/\/acontrecourant.qc.ca\/fr\/wp-json\/wp\/v2\/pages\/2126\/"}],"collection":[{"href":"https:\/\/acontrecourant.qc.ca\/fr\/wp-json\/wp\/v2\/pages\/"}],"about":[{"href":"https:\/\/acontrecourant.qc.ca\/fr\/wp-json\/wp\/v2\/types\/page\/"}],"author":[{"embeddable":true,"href":"https:\/\/acontrecourant.qc.ca\/fr\/wp-json\/wp\/v2\/users\/9\/"}],"replies":[{"embeddable":true,"href":"https:\/\/acontrecourant.qc.ca\/fr\/wp-json\/wp\/v2\/comments\/?post=2126"}],"version-history":[{"count":21,"href":"https:\/\/acontrecourant.qc.ca\/fr\/wp-json\/wp\/v2\/pages\/2126\/revisions\/"}],"predecessor-version":[{"id":3879,"href":"https:\/\/acontrecourant.qc.ca\/fr\/wp-json\/wp\/v2\/pages\/2126\/revisions\/3879\/"}],"up":[{"embeddable":true,"href":"https:\/\/acontrecourant.qc.ca\/fr\/wp-json\/wp\/v2\/pages\/147\/"}],"wp:attachment":[{"href":"https:\/\/acontrecourant.qc.ca\/fr\/wp-json\/wp\/v2\/media\/?parent=2126"}],"curies":[{"name":"wp","href":"https:\/\/api.w.org\/{rel}","templated":true}]}}