{"id":2104,"date":"2018-09-18T11:16:59","date_gmt":"2018-09-18T15:16:59","guid":{"rendered":"http:\/\/acontrecourant.qc.ca\/?page_id=2104"},"modified":"2022-10-13T00:49:39","modified_gmt":"2022-10-13T04:49:39","slug":"coupe-2018-insc-athletes","status":"publish","type":"page","link":"https:\/\/acontrecourant.qc.ca\/fr\/evenements\/coupe-2018-insc-athletes\/","title":{"rendered":"Inscriptions &#8211; Athl\u00e8tes 2018"},"content":{"rendered":"<p>La date limite officielle pour la r\u00e9ception des inscriptions est le <b>vendredi 2 novembre 2018 avant minuit<\/b>. Apr\u00e8s cette date, la p\u00e9riode d\u2019inscription sera d\u00e9finitivement close. Toute nouvelle inscription pourra d\u00e8s lors \u00eatre accept\u00e9e le jour de la comp\u00e9tition, \u00e0 la discr\u00e9tion du directeur de rencontre, seulement pour compl\u00e9ter la premi\u00e8re s\u00e9rie d\u2019une \u00e9preuve, s\u2019il y a lieu, et \u00e0 titre de participation \u00ab hors concours \u00bb. <b>La comp\u00e9tition sera limit\u00e9e \u00e0 400 athl\u00e8tes, la priorit\u00e9 \u00e9tant accord\u00e9e selon l\u2019ordre d\u2019arriv\u00e9e des inscriptions, quel que soit le mode d\u2019exp\u00e9dition utilis\u00e9.<\/b> Pour les personnes de l\u2019ext\u00e9rieur du Canada s\u2019inscrivant par la poste, pr\u00e9voir le d\u00e9lai de livraison postale. Les \u00e9quipes du Canada doivent obligatoirement <a href=\"https:\/\/www.swimming.ca\/fr\/evenements-resultats\/rencontres-a-venir-en-cours\/\" target=\"_blank\" rel=\"noopener\">s\u2019inscrire en ligne<\/a>.<\/p>\n<p><span style=\"font-weight: 400;\">Chaque athl\u00e8te peut s\u2019inscrire \u00e0 un maximum de 5 \u00e9preuves individuelles, en plus des relais. Tout athl\u00e8te qui n\u2019aura pas acquitt\u00e9 les droits d\u2019inscription se verra refuser de participer \u00e0 ses \u00e9preuves.<\/span><\/p>\n<h2>Droits d\u2019inscription<\/h2>\n<p>Les droits d\u2019inscription sont fix\u00e9s \u00e0 8,00 $ par \u00e9preuve individuelle et \u00e0 9,50 $ par \u00e9quipe de relais, par \u00e9preuve de relais. Cette somme ne couvre que la participation \u00e0 la comp\u00e9tition elle-m\u00eame. Comme le pr\u00e9voient les r\u00e8glements de la FNQ, le paiement des droits doit accompagner l\u2019inscription, afin de faciliter et d\u2019acc\u00e9l\u00e9rer le processus de l\u2019accueil.<br \/>\nLe taux de change en vigueur pour les sommes en devises am\u00e9ricaines sera de 1,00 $ CA contre 0,80 $ US. Tout paiement par ch\u00e8que en devises am\u00e9ricaines sera major\u00e9 de 2,50 $ CA pour couvrir les frais de l\u2019encaissement.<\/p>\n<h2>Politique d\u2019annulation et de remboursement<\/h2>\n<p>Les athl\u00e8tes qui, apr\u00e8s s\u2019\u00eatre inscrits, se trouveront dans l\u2019impossibilit\u00e9 de se pr\u00e9senter \u00e0 la comp\u00e9tition devront aviser le registraire au plus tard le lundi 5 novembre 2018, 18h00 EST pour obtenir un remboursement complet. Les droits d\u2019inscription seront factur\u00e9s selon cette politique \u00e0 toute personne qui s\u2019inscrit sans envoyer de paiement, qu\u2019elle se pr\u00e9sente ou non \u00e0 la comp\u00e9tition. Les substitutions ne pourront pas \u00eatre accept\u00e9es.<\/p>\n<h2>Modalit\u00e9s d\u2019inscription &#8211; Pour les \u00e9quipes de toutes les provinces du Canada<\/h2>\n<ul>\n<li><span style=\"font-weight: 400;\"> Le fichier Splash de la structure des \u00e9preuves (*.lxf) est accessible sur le <a href=\"https:\/\/www.swimming.ca\/fr\/evenements-resultats\/rencontres-a-venir-en-cours\/?province=10&#038;season=19&#038;month=11\" rel=\"noopener\" target=\"_blank\">site Internet de Natation Canada<\/a> ou encore sure le site Internet d\u2019\u00c0 Contre-Courant (www.acontrecourant.qc.ca\/fr\/coupe).<\/span><\/li>\n<li><span style=\"font-weight: 400;\"> Les fichiers d\u2019inscription (format Splash LXF) doivent obligatoirement \u00eatre cr\u00e9\u00e9s \u00e0 l\u2019aide du logiciel Splash Team Manager \u00e0 partir du fichier des \u00e9preuves et d\u00e9pos\u00e9s au <\/span><a href=\"http:\/\/www.swimming.ca\/fr\/evenements-resultats\/\"><span style=\"font-weight: 400;\">http:\/\/www.swimming.ca\/fr\/evenements-resultats\/<\/span><\/a><span style=\"font-weight: 400;\"> \u00a0(cliquer sur l\u2019ic\u00f4ne dans la colonne \u00ab\u00a0D\u00e9poser entr\u00e9es\u00a0\u00bb apr\u00e8s avoir s\u00e9lectionn\u00e9 la bonne comp\u00e9tition). <\/span><\/li>\n<li><span style=\"font-weight: 400;\"> Le num\u00e9ro d\u2019affiliation pour la saison 2018-2019 de chacun des nageurs doit \u00eatre indiqu\u00e9 dans votre Team Manager. <\/span><\/li>\n<\/ul>\n<h2>Modalit\u00e9s d\u2019inscription &#8211; Pour les nageurs de l\u2019ext\u00e9rieur du Canada<\/h2>\n<ul>\n<li><span style=\"font-weight: 400;\"> Les inscriptions pourront \u00eatre effectu\u00e9es en remplissant soit le formulaire <a href=\"https:\/\/docs.google.com\/forms\/d\/e\/1FAIpQLSfxaCUwnrrcRWlYdLPuB7v1KO2yEmqwwMRn3mc0x93-5GvF2g\/viewform?usp=pp_url\" rel=\"noopener\" target=\"_blank\">d\u2019inscription individuelle<\/a> ou <a href=\"https:\/\/docs.google.com\/forms\/d\/e\/1FAIpQLSdEJuVEJuiTV8cAZZBzxDeJdpaFvFMjzh88Kz5WZFnrJosCUA\/viewform?usp=pp_url\" rel=\"noopener\" target=\"_blank\">d\u2019\u00e9quipe (\u00e0 remplir par le responsable de l&rsquo;\u00e9quipe uniquement)<\/a>, disponibles directement en ligne en suivant les hyperliens associ\u00e9s. Une confirmation de votre inscription en ligne vous sera envoy\u00e9e par \u00ab\u00a0Google Form\u00a0\u00bb. Pour le mode de paiement par ch\u00e8que, ce dernier devra \u00eatre post\u00e9, accompagn\u00e9 d&rsquo;une copie du courriel de confirmation du formulaire d&rsquo;inscription.<\/span><\/li>\n<li><span style=\"font-weight: 400;\"> Le num\u00e9ro d\u2019affiliation pour la saison 2018-2019 de chacun des nageurs doit \u00eatre indiqu\u00e9 dans la fiche d\u2019inscription. <\/span><\/li>\n<li><span style=\"font-weight: 400;\"> Les nageurs souhaitant payer par ch\u00e8que doivent imprimer le formulaire d\u2019inscription et le faire parvenir avec leur ch\u00e8que \u00e0 l\u2019adresse indiqu\u00e9e ci-dessous. <\/span><\/li>\n<\/ul>\n<p><b>\u00c0 noter : <\/b>Vous devez fournir une copie sur papier de toutes les inscriptions soumises en format \u00e9lectronique ainsi que les originaux des inscriptions envoy\u00e9es par courriel. Le num\u00e9ro d\u2019affiliation de chaque nageur doit \u00eatre indiqu\u00e9 sur le formulaire d\u2019inscription (pri\u00e8re de v\u00e9rifier l\u2019exactitude du num\u00e9ro).<\/p>\n<h2>Coordonn\u00e9es<\/h2>\n<p><span style=\"font-weight: 400;\">Inscriptions \u2013 Coupe de Montr\u00e9al 2018, 25\u00e8 anniv.<\/span><br \/>\n<span style=\"font-weight: 400;\">a\/s de Monica Dunn <\/span><br \/>\n<span style=\"font-weight: 400;\">5701, rue Boyer, app. 30 <\/span><br \/>\n<span style=\"font-weight: 400;\">Montr\u00e9al (QC) H2S 2H7 <\/span><br \/>\n<span style=\"font-weight: 400;\">Courriel : coupe@acontrecourant.qc.ca <\/span><br \/>\n<b>Les inscriptions seront confirm\u00e9es par courriel. Si vous n\u2019avez pas re\u00e7u de confirmation une semaine apr\u00e8s votre inscription, veuillez nous contacter pour vous assurer que tout est en ordre.<\/b><\/p>\n<h2>\u00c0 la piscine<\/h2>\n<p>\u00c0 votre arriv\u00e9e \u00e0 la piscine, nous vous remettrons votre carte de nageur, le \u00a0bulletin technique de la comp\u00e9tition ainsi que les coordonn\u00e9es pour la r\u00e9union des entra\u00eeneurs.<\/p>\n<ul class=\"list-document\" >\n<li>Prochaine section:<a style=\"text-transform: uppercase;\" href=\"http:\/\/acontrecourant.qc.caevenements\/coupe-insc-officiels\">Inscriptions &#8211; Officiels et b\u00e9n\u00e9voles<\/a><\/li>\n<\/ul>\n","protected":false},"excerpt":{"rendered":"<p>La date limite officielle pour la r\u00e9ception des inscriptions est le vendredi 2 novembre 2018 avant minuit. Apr\u00e8s cette date, la p\u00e9riode d\u2019inscription sera d\u00e9finitivement close. Toute nouvelle inscription pourra d\u00e8s lors \u00eatre accept\u00e9e le jour de la comp\u00e9tition, \u00e0 la discr\u00e9tion du directeur de rencontre, seulement pour compl\u00e9ter la premi\u00e8re s\u00e9rie d\u2019une \u00e9preuve, s\u2019il [&hellip;]<\/p>\n","protected":false},"author":9,"featured_media":0,"parent":147,"menu_order":0,"comment_status":"closed","ping_status":"closed","template":"","meta":{"_acf_changed":false,"footnotes":""},"class_list":["post-2104","page","type-page","status-publish","hentry"],"acf":[],"yoast_head":"<!-- This site is optimized with the Yoast SEO plugin v26.3 - https:\/\/yoast.com\/wordpress\/plugins\/seo\/ -->\n<title>Inscriptions - Athl\u00e8tes 2018 - \u00c0 Contre Courant<\/title>\n<meta name=\"robots\" content=\"index, follow, max-snippet:-1, max-image-preview:large, max-video-preview:-1\" \/>\n<link rel=\"canonical\" href=\"https:\/\/acontrecourant.qc.ca\/fr\/evenements\/coupe-2018-insc-athletes\/\" \/>\n<meta name=\"twitter:label1\" content=\"Estimation du temps de lecture\" \/>\n\t<meta name=\"twitter:data1\" content=\"4 minutes\" \/>\n<script type=\"application\/ld+json\" class=\"yoast-schema-graph\">{\"@context\":\"https:\/\/schema.org\",\"@graph\":[{\"@type\":\"WebPage\",\"@id\":\"https:\/\/acontrecourant.qc.ca\/fr\/evenements\/coupe-2018-insc-athletes\/\",\"url\":\"https:\/\/acontrecourant.qc.ca\/fr\/evenements\/coupe-2018-insc-athletes\/\",\"name\":\"Inscriptions - Athl\u00e8tes 2018 - \u00c0 Contre Courant\",\"isPartOf\":{\"@id\":\"https:\/\/acontrecourant.qc.ca\/en\/#website\"},\"datePublished\":\"2018-09-18T15:16:59+00:00\",\"dateModified\":\"2022-10-13T04:49:39+00:00\",\"breadcrumb\":{\"@id\":\"https:\/\/acontrecourant.qc.ca\/fr\/evenements\/coupe-2018-insc-athletes\/#breadcrumb\"},\"inLanguage\":\"fr-CA\",\"potentialAction\":[{\"@type\":\"ReadAction\",\"target\":[\"https:\/\/acontrecourant.qc.ca\/fr\/evenements\/coupe-2018-insc-athletes\/\"]}]},{\"@type\":\"BreadcrumbList\",\"@id\":\"https:\/\/acontrecourant.qc.ca\/fr\/evenements\/coupe-2018-insc-athletes\/#breadcrumb\",\"itemListElement\":[{\"@type\":\"ListItem\",\"position\":1,\"name\":\"\u00c9v\u00e9nements du club\",\"item\":\"https:\/\/acontrecourant.qc.ca\/fr\/evenements\/\"},{\"@type\":\"ListItem\",\"position\":2,\"name\":\"Inscriptions &#8211; Athl\u00e8tes 2018\"}]},{\"@type\":\"WebSite\",\"@id\":\"https:\/\/acontrecourant.qc.ca\/en\/#website\",\"url\":\"https:\/\/acontrecourant.qc.ca\/en\/\",\"name\":\"\u00c0 Contre Courant\",\"description\":\"Bienvenue \u00e0 Montr\u00e9al\",\"potentialAction\":[{\"@type\":\"SearchAction\",\"target\":{\"@type\":\"EntryPoint\",\"urlTemplate\":\"https:\/\/acontrecourant.qc.ca\/en\/?s={search_term_string}\"},\"query-input\":{\"@type\":\"PropertyValueSpecification\",\"valueRequired\":true,\"valueName\":\"search_term_string\"}}],\"inLanguage\":\"fr-CA\"}]}<\/script>\n<!-- \/ Yoast SEO plugin. -->","yoast_head_json":{"title":"Inscriptions - Athl\u00e8tes 2018 - \u00c0 Contre Courant","robots":{"index":"index","follow":"follow","max-snippet":"max-snippet:-1","max-image-preview":"max-image-preview:large","max-video-preview":"max-video-preview:-1"},"canonical":"https:\/\/acontrecourant.qc.ca\/fr\/evenements\/coupe-2018-insc-athletes\/","twitter_misc":{"Estimation du temps de lecture":"4 minutes"},"schema":{"@context":"https:\/\/schema.org","@graph":[{"@type":"WebPage","@id":"https:\/\/acontrecourant.qc.ca\/fr\/evenements\/coupe-2018-insc-athletes\/","url":"https:\/\/acontrecourant.qc.ca\/fr\/evenements\/coupe-2018-insc-athletes\/","name":"Inscriptions - Athl\u00e8tes 2018 - \u00c0 Contre Courant","isPartOf":{"@id":"https:\/\/acontrecourant.qc.ca\/en\/#website"},"datePublished":"2018-09-18T15:16:59+00:00","dateModified":"2022-10-13T04:49:39+00:00","breadcrumb":{"@id":"https:\/\/acontrecourant.qc.ca\/fr\/evenements\/coupe-2018-insc-athletes\/#breadcrumb"},"inLanguage":"fr-CA","potentialAction":[{"@type":"ReadAction","target":["https:\/\/acontrecourant.qc.ca\/fr\/evenements\/coupe-2018-insc-athletes\/"]}]},{"@type":"BreadcrumbList","@id":"https:\/\/acontrecourant.qc.ca\/fr\/evenements\/coupe-2018-insc-athletes\/#breadcrumb","itemListElement":[{"@type":"ListItem","position":1,"name":"\u00c9v\u00e9nements du club","item":"https:\/\/acontrecourant.qc.ca\/fr\/evenements\/"},{"@type":"ListItem","position":2,"name":"Inscriptions &#8211; Athl\u00e8tes 2018"}]},{"@type":"WebSite","@id":"https:\/\/acontrecourant.qc.ca\/en\/#website","url":"https:\/\/acontrecourant.qc.ca\/en\/","name":"\u00c0 Contre Courant","description":"Bienvenue \u00e0 Montr\u00e9al","potentialAction":[{"@type":"SearchAction","target":{"@type":"EntryPoint","urlTemplate":"https:\/\/acontrecourant.qc.ca\/en\/?s={search_term_string}"},"query-input":{"@type":"PropertyValueSpecification","valueRequired":true,"valueName":"search_term_string"}}],"inLanguage":"fr-CA"}]}},"_links":{"self":[{"href":"https:\/\/acontrecourant.qc.ca\/fr\/wp-json\/wp\/v2\/pages\/2104\/"}],"collection":[{"href":"https:\/\/acontrecourant.qc.ca\/fr\/wp-json\/wp\/v2\/pages\/"}],"about":[{"href":"https:\/\/acontrecourant.qc.ca\/fr\/wp-json\/wp\/v2\/types\/page\/"}],"author":[{"embeddable":true,"href":"https:\/\/acontrecourant.qc.ca\/fr\/wp-json\/wp\/v2\/users\/9\/"}],"replies":[{"embeddable":true,"href":"https:\/\/acontrecourant.qc.ca\/fr\/wp-json\/wp\/v2\/comments\/?post=2104"}],"version-history":[{"count":19,"href":"https:\/\/acontrecourant.qc.ca\/fr\/wp-json\/wp\/v2\/pages\/2104\/revisions\/"}],"predecessor-version":[{"id":3611,"href":"https:\/\/acontrecourant.qc.ca\/fr\/wp-json\/wp\/v2\/pages\/2104\/revisions\/3611\/"}],"up":[{"embeddable":true,"href":"https:\/\/acontrecourant.qc.ca\/fr\/wp-json\/wp\/v2\/pages\/147\/"}],"wp:attachment":[{"href":"https:\/\/acontrecourant.qc.ca\/fr\/wp-json\/wp\/v2\/media\/?parent=2104"}],"curies":[{"name":"wp","href":"https:\/\/api.w.org\/{rel}","templated":true}]}}