{"id":2097,"date":"2018-09-28T09:25:31","date_gmt":"2018-09-28T13:25:31","guid":{"rendered":"http:\/\/acontrecourant.qc.ca\/?page_id=2097"},"modified":"2022-10-13T00:17:23","modified_gmt":"2022-10-13T04:17:23","slug":"coupe-2018-horaire","status":"publish","type":"page","link":"https:\/\/acontrecourant.qc.ca\/fr\/evenements\/coupe-2018-horaire\/","title":{"rendered":"Horaire 2018"},"content":{"rendered":"<h2>Samedi 10 novembre 2018<\/h2>\n<h3>Matin\u00e9e<\/h3>\n<p><span style=\"font-weight: 400;\">7 h 15 : Accueil et remise de la trousse de participation<\/span><br \/>\n<span style=\"font-weight: 400;\">8 h 00 \u00e0 8 h 50 : \u00c9chauffement<\/span><br \/>\n<span style=\"font-weight: 400;\">7 h 45 : R\u00e9union des officiels<\/span><br \/>\n<span style=\"font-weight: 400;\">8 h 40 : R\u00e9union technique pour les entra\u00eeneurs ou repr\u00e9sentants des \u00e9quipes<\/span><br \/>\n<span style=\"font-weight: 400;\">9 h 00 : D\u00e9but des \u00e9preuves<\/span><\/p>\n<ol>\n<li style=\"font-weight: 400;\"><span style=\"font-weight: 400;\">200 m libre <\/span><\/li>\n<li style=\"font-weight: 400;\"><span style=\"font-weight: 400;\">50 m brasse <\/span><\/li>\n<li style=\"font-weight: 400;\"><span style=\"font-weight: 400;\">100 m QNI<\/span><\/li>\n<li style=\"font-weight: 400;\"><span style=\"font-weight: 400;\">50 m dos<\/span><\/li>\n<li style=\"font-weight: 400;\"><span style=\"font-weight: 400;\">100 m libre<\/span><\/li>\n<li style=\"font-weight: 400;\"><span style=\"font-weight: 400;\">100 m papillon<\/span><\/li>\n<li style=\"font-weight: 400;\"><span style=\"font-weight: 400;\">Relais 4 x 50 m libre<\/span><\/li>\n<li style=\"font-weight: 400;\"><span style=\"font-weight: 400;\">Relais 25<\/span><span style=\"font-weight: 400;\">i\u00e8me<\/span><span style=\"font-weight: 400;\"> ann. 4 x 25 m libre*<\/span><\/li>\n<\/ol>\n<p><span style=\"font-weight: 400;\">Pause et \u00e9chauffement (45 minutes) <\/span><\/p>\n<h3>Apr\u00e8s-midi<\/h3>\n<ol start=\"9\">\n<li style=\"font-weight: 400;\"><span style=\"font-weight: 400;\">Relais 4 x 50 m QN<\/span><\/li>\n<li style=\"font-weight: 400;\"><span style=\"font-weight: 400;\">200 m dos <\/span><\/li>\n<li style=\"font-weight: 400;\"><span style=\"font-weight: 400;\">50 m papillon<\/span><\/li>\n<li style=\"font-weight: 400;\"><span style=\"font-weight: 400;\">100 m brasse<\/span><\/li>\n<li style=\"font-weight: 400;\"><span style=\"font-weight: 400;\">200 m QNI<\/span><\/li>\n<li style=\"font-weight: 400;\"><span style=\"font-weight: 400;\">50 m libre<\/span><\/li>\n<li style=\"font-weight: 400;\"><span style=\"font-weight: 400;\">800 m libre**<\/span><\/li>\n<\/ol>\n<p><span style=\"font-weight: 400;\">* hors-concours. Points boni pour La Coupe de Montr\u00e9al pour chaque \u00e9quipe de relais qui bat le record mondial individuel 100 m libre.<\/span><br \/>\n<span style=\"font-weight: 400;\">** 800 m libre limit\u00e9 \u00e0 50 inscriptions. Premier arriv\u00e9, premier servi. Une confirmation de pr\u00e9sence est \u00e9galement exig\u00e9e \u00e0 la table de commis de course avant la fin de l\u2019\u00e9preuve 9, relais 4 x 50 m QN. Une liste d\u2019attente sera maintenue en cas de plus de 50 inscriptions. Les listes de d\u00e9part seront confirm\u00e9es \u00e0 la fin de l\u2019\u00e9preuve 12, \u00e0 la discr\u00e9tion du directeur de rencontre.<\/span><\/p>\n<h3>Soir\u00e9e<\/h3>\n<p><span style=\"font-weight: 400;\">19 h 00 : <a href=\"http:\/\/acontrecourant.qc.cacoupe-de-montreal-souper-et-soiree\/\" rel=\"noopener\" target=\"_blank\">Souper<\/a><\/span><br \/>\n<span style=\"font-weight: 400;\">Les d\u00e9tails concernant la soir\u00e9e sont <a href=\"http:\/\/acontrecourant.qc.cacoupe-de-montreal-souper-et-soiree\/\" rel=\"noopener\" target=\"_blank\">ici. R\u00e9servez maintenant!<\/a><\/span><\/p>\n<ul class=\"list-document\" >\n<li>Prochaine section:<a style=\"text-transform: uppercase;\" href=\"http:\/\/acontrecourant.qc.caevenements\/coupe-2018-questions-tech\">Questions Techniques<\/a><\/li>\n<\/ul>\n","protected":false},"excerpt":{"rendered":"<p>Samedi 10 novembre 2018 Matin\u00e9e 7 h 15 : Accueil et remise de la trousse de participation 8 h 00 \u00e0 8 h 50 : \u00c9chauffement 7 h 45 : R\u00e9union des officiels 8 h 40 : R\u00e9union technique pour les entra\u00eeneurs ou repr\u00e9sentants des \u00e9quipes 9 h 00 : D\u00e9but des \u00e9preuves 200 m [&hellip;]<\/p>\n","protected":false},"author":9,"featured_media":0,"parent":147,"menu_order":0,"comment_status":"closed","ping_status":"closed","template":"","meta":{"_acf_changed":false,"footnotes":""},"class_list":["post-2097","page","type-page","status-publish","hentry"],"acf":[],"yoast_head":"<!-- This site is optimized with the Yoast SEO plugin v26.3 - https:\/\/yoast.com\/wordpress\/plugins\/seo\/ -->\n<title>Horaire 2018 - \u00c0 Contre Courant<\/title>\n<meta name=\"robots\" content=\"index, follow, max-snippet:-1, max-image-preview:large, max-video-preview:-1\" \/>\n<link rel=\"canonical\" href=\"https:\/\/acontrecourant.qc.ca\/fr\/evenements\/coupe-2018-horaire\/\" \/>\n<meta name=\"twitter:label1\" content=\"Estimation du temps de lecture\" \/>\n\t<meta name=\"twitter:data1\" content=\"1 minute\" \/>\n<script type=\"application\/ld+json\" class=\"yoast-schema-graph\">{\"@context\":\"https:\/\/schema.org\",\"@graph\":[{\"@type\":\"WebPage\",\"@id\":\"https:\/\/acontrecourant.qc.ca\/fr\/evenements\/coupe-2018-horaire\/\",\"url\":\"https:\/\/acontrecourant.qc.ca\/fr\/evenements\/coupe-2018-horaire\/\",\"name\":\"Horaire 2018 - \u00c0 Contre Courant\",\"isPartOf\":{\"@id\":\"https:\/\/acontrecourant.qc.ca\/en\/#website\"},\"datePublished\":\"2018-09-28T13:25:31+00:00\",\"dateModified\":\"2022-10-13T04:17:23+00:00\",\"breadcrumb\":{\"@id\":\"https:\/\/acontrecourant.qc.ca\/fr\/evenements\/coupe-2018-horaire\/#breadcrumb\"},\"inLanguage\":\"fr-CA\",\"potentialAction\":[{\"@type\":\"ReadAction\",\"target\":[\"https:\/\/acontrecourant.qc.ca\/fr\/evenements\/coupe-2018-horaire\/\"]}]},{\"@type\":\"BreadcrumbList\",\"@id\":\"https:\/\/acontrecourant.qc.ca\/fr\/evenements\/coupe-2018-horaire\/#breadcrumb\",\"itemListElement\":[{\"@type\":\"ListItem\",\"position\":1,\"name\":\"\u00c9v\u00e9nements du club\",\"item\":\"https:\/\/acontrecourant.qc.ca\/fr\/evenements\/\"},{\"@type\":\"ListItem\",\"position\":2,\"name\":\"Horaire 2018\"}]},{\"@type\":\"WebSite\",\"@id\":\"https:\/\/acontrecourant.qc.ca\/en\/#website\",\"url\":\"https:\/\/acontrecourant.qc.ca\/en\/\",\"name\":\"\u00c0 Contre Courant\",\"description\":\"Bienvenue \u00e0 Montr\u00e9al\",\"potentialAction\":[{\"@type\":\"SearchAction\",\"target\":{\"@type\":\"EntryPoint\",\"urlTemplate\":\"https:\/\/acontrecourant.qc.ca\/en\/?s={search_term_string}\"},\"query-input\":{\"@type\":\"PropertyValueSpecification\",\"valueRequired\":true,\"valueName\":\"search_term_string\"}}],\"inLanguage\":\"fr-CA\"}]}<\/script>\n<!-- \/ Yoast SEO plugin. -->","yoast_head_json":{"title":"Horaire 2018 - \u00c0 Contre Courant","robots":{"index":"index","follow":"follow","max-snippet":"max-snippet:-1","max-image-preview":"max-image-preview:large","max-video-preview":"max-video-preview:-1"},"canonical":"https:\/\/acontrecourant.qc.ca\/fr\/evenements\/coupe-2018-horaire\/","twitter_misc":{"Estimation du temps de lecture":"1 minute"},"schema":{"@context":"https:\/\/schema.org","@graph":[{"@type":"WebPage","@id":"https:\/\/acontrecourant.qc.ca\/fr\/evenements\/coupe-2018-horaire\/","url":"https:\/\/acontrecourant.qc.ca\/fr\/evenements\/coupe-2018-horaire\/","name":"Horaire 2018 - \u00c0 Contre Courant","isPartOf":{"@id":"https:\/\/acontrecourant.qc.ca\/en\/#website"},"datePublished":"2018-09-28T13:25:31+00:00","dateModified":"2022-10-13T04:17:23+00:00","breadcrumb":{"@id":"https:\/\/acontrecourant.qc.ca\/fr\/evenements\/coupe-2018-horaire\/#breadcrumb"},"inLanguage":"fr-CA","potentialAction":[{"@type":"ReadAction","target":["https:\/\/acontrecourant.qc.ca\/fr\/evenements\/coupe-2018-horaire\/"]}]},{"@type":"BreadcrumbList","@id":"https:\/\/acontrecourant.qc.ca\/fr\/evenements\/coupe-2018-horaire\/#breadcrumb","itemListElement":[{"@type":"ListItem","position":1,"name":"\u00c9v\u00e9nements du club","item":"https:\/\/acontrecourant.qc.ca\/fr\/evenements\/"},{"@type":"ListItem","position":2,"name":"Horaire 2018"}]},{"@type":"WebSite","@id":"https:\/\/acontrecourant.qc.ca\/en\/#website","url":"https:\/\/acontrecourant.qc.ca\/en\/","name":"\u00c0 Contre Courant","description":"Bienvenue \u00e0 Montr\u00e9al","potentialAction":[{"@type":"SearchAction","target":{"@type":"EntryPoint","urlTemplate":"https:\/\/acontrecourant.qc.ca\/en\/?s={search_term_string}"},"query-input":{"@type":"PropertyValueSpecification","valueRequired":true,"valueName":"search_term_string"}}],"inLanguage":"fr-CA"}]}},"_links":{"self":[{"href":"https:\/\/acontrecourant.qc.ca\/fr\/wp-json\/wp\/v2\/pages\/2097\/"}],"collection":[{"href":"https:\/\/acontrecourant.qc.ca\/fr\/wp-json\/wp\/v2\/pages\/"}],"about":[{"href":"https:\/\/acontrecourant.qc.ca\/fr\/wp-json\/wp\/v2\/types\/page\/"}],"author":[{"embeddable":true,"href":"https:\/\/acontrecourant.qc.ca\/fr\/wp-json\/wp\/v2\/users\/9\/"}],"replies":[{"embeddable":true,"href":"https:\/\/acontrecourant.qc.ca\/fr\/wp-json\/wp\/v2\/comments\/?post=2097"}],"version-history":[{"count":11,"href":"https:\/\/acontrecourant.qc.ca\/fr\/wp-json\/wp\/v2\/pages\/2097\/revisions\/"}],"predecessor-version":[{"id":3577,"href":"https:\/\/acontrecourant.qc.ca\/fr\/wp-json\/wp\/v2\/pages\/2097\/revisions\/3577\/"}],"up":[{"embeddable":true,"href":"https:\/\/acontrecourant.qc.ca\/fr\/wp-json\/wp\/v2\/pages\/147\/"}],"wp:attachment":[{"href":"https:\/\/acontrecourant.qc.ca\/fr\/wp-json\/wp\/v2\/media\/?parent=2097"}],"curies":[{"name":"wp","href":"https:\/\/api.w.org\/{rel}","templated":true}]}}