{"id":2067,"date":"2018-09-18T08:45:48","date_gmt":"2018-09-18T12:45:48","guid":{"rendered":"http:\/\/acontrecourant.qc.ca\/?page_id=2067"},"modified":"2022-11-08T20:14:25","modified_gmt":"2022-11-09T01:14:25","slug":"coupe-rens-gen","status":"publish","type":"page","link":"https:\/\/acontrecourant.qc.ca\/fr\/evenements\/coupe-rens-gen\/","title":{"rendered":"Renseignements G\u00e9n\u00e9raux"},"content":{"rendered":"<h2>Piscine<\/h2>\n<p><a href=\"http:\/\/www.sportsmontreal.com\/fr\/complexe-sportif-claude-robillard.aspx\"><span style=\"font-weight: 400;\">Complexe sportif Claude-Robillard <\/span><\/a><br \/>\n<span style=\"font-weight: 400;\">1000, avenue \u00c9mile-Journault, Montr\u00e9al <\/span><br \/>\n<span style=\"font-weight: 400;\">T\u00e9l. : 514 872-6911 <\/span><\/p>\n<h3>Transport en commun :<\/h3>\n<p>Station de m\u00e9tro Cr\u00e9mazie (ligne orange), sortie Cr\u00e9mazie Nord, puis marche de 10 minutes ou autobus 146 vers l\u2019est (<a href=\"http:\/\/www.stm.info\">www.stm.info<\/a>).<\/p>\n<h3>En voiture :<\/h3>\n<p>Boulevard m\u00e9tropolitain (40), sortie rue Saint-Hubert\/avenue Christophe-Colomb; prendre Christophe-Colomb Nord et suivre les indications.<\/p>\n<h3>Stationnement :<\/h3>\n<p>Gratuit \u00e0 l\u2019arri\u00e8re du centre sportif.<\/p>\n<h3>Nourriture :<\/h3>\n<p>On trouvera des distributrices \u00e0 l\u2019\u00e9tage des gradins. Quelques restaurants sont situ\u00e9s \u00e0 proximit\u00e9, rue Fleury, au nord du centre sportif.<\/p>\n<h2>Comit\u00e9 de direction<\/h2>\n<p><a href=\"http:\/\/acontrecourant.qc.ca\/evenements\/coupe-comite-dir\/\">Comit\u00e9 de direction<\/a><\/p>\n<h2>H\u00e9bergement<\/h2>\n<p>Le comit\u00e9 organisateur offre \u00e9galement aux athl\u00e8tes qui en feront la demande un g\u00eete chez des athl\u00e8tes ou des b\u00e9n\u00e9voles locaux. Les personnes qui souhaitent recourir \u00e0 ce service sont pri\u00e9es de remplir le formulaire appropri\u00e9 et de nous le faire parvenir dans les meilleurs d\u00e9lais. En g\u00e9n\u00e9ral, les h\u00f4tes s\u2019engagent \u00e0 fournir l\u2019h\u00e9bergement du vendredi au dimanche.<\/p>\n<p>Nous vous invitons enfin \u00e0 encourager les <a href=\"http:\/\/www.fnq.qc.ca\/liens-utiles\/\" target=\"_blank\" rel=\"noopener noreferrer\">h\u00f4tels commanditaires<\/a> de la F\u00e9d\u00e9ration de natation du Qu\u00e9bec ou <a href=\"https:\/\/www.swimming.ca\/fr\/ressources\/divers\/outils-de-voyage\/\" target=\"_blank\" rel=\"noopener noreferrer\">encore ceux<\/a> de Natation Canada. Vous pouvez \u00e9galement visiter le site Internet de Tourisme Montr\u00e9al, pour obtenir plus <a href=\"https:\/\/www.mtl.org\/en\" target=\"_blank\" rel=\"noopener noreferrer\">d\u2019information sur le tourisme local<\/a>. Il est possible d\u2019y effectuer des recherches par cat\u00e9gorie d\u2019h\u00e9bergement, quartier et classification.<\/p>\n<h3 style=\"text-align: center;\">Profitez du programme Choice,<br \/>\npour r\u00e9server et \u00e9conomiser !<br \/>\n(num\u00e9ro d\u2019identification client # 00622380)<\/h3>\n<p><img decoding=\"async\" src=\"http:\/\/acontrecourant.qc.ca\/wp-content\/uploads\/jpg\/coupe-program-choice-logos.jpg\" alt=\"Program Choice\" \/><\/p>\n","protected":false},"excerpt":{"rendered":"<p>Piscine Complexe sportif Claude-Robillard 1000, avenue \u00c9mile-Journault, Montr\u00e9al T\u00e9l. : 514 872-6911 Transport en commun : Station de m\u00e9tro Cr\u00e9mazie (ligne orange), sortie Cr\u00e9mazie Nord, puis marche de 10 minutes ou autobus 146 vers l\u2019est (www.stm.info). En voiture : Boulevard m\u00e9tropolitain (40), sortie rue Saint-Hubert\/avenue Christophe-Colomb; prendre Christophe-Colomb Nord et suivre les indications. Stationnement : [&hellip;]<\/p>\n","protected":false},"author":9,"featured_media":0,"parent":147,"menu_order":0,"comment_status":"closed","ping_status":"closed","template":"","meta":{"_acf_changed":false,"footnotes":""},"class_list":["post-2067","page","type-page","status-publish","hentry"],"acf":[],"yoast_head":"<!-- This site is optimized with the Yoast SEO plugin v26.3 - https:\/\/yoast.com\/wordpress\/plugins\/seo\/ -->\n<title>Renseignements G\u00e9n\u00e9raux - \u00c0 Contre Courant<\/title>\n<meta name=\"robots\" content=\"index, follow, max-snippet:-1, max-image-preview:large, max-video-preview:-1\" \/>\n<link rel=\"canonical\" href=\"https:\/\/acontrecourant.qc.ca\/fr\/evenements\/coupe-rens-gen\/\" \/>\n<meta name=\"twitter:label1\" content=\"Estimation du temps de lecture\" \/>\n\t<meta name=\"twitter:data1\" content=\"2 minutes\" \/>\n<script type=\"application\/ld+json\" class=\"yoast-schema-graph\">{\"@context\":\"https:\/\/schema.org\",\"@graph\":[{\"@type\":\"WebPage\",\"@id\":\"https:\/\/acontrecourant.qc.ca\/fr\/evenements\/coupe-rens-gen\/\",\"url\":\"https:\/\/acontrecourant.qc.ca\/fr\/evenements\/coupe-rens-gen\/\",\"name\":\"Renseignements G\u00e9n\u00e9raux - \u00c0 Contre Courant\",\"isPartOf\":{\"@id\":\"https:\/\/acontrecourant.qc.ca\/en\/#website\"},\"primaryImageOfPage\":{\"@id\":\"https:\/\/acontrecourant.qc.ca\/fr\/evenements\/coupe-rens-gen\/#primaryimage\"},\"image\":{\"@id\":\"https:\/\/acontrecourant.qc.ca\/fr\/evenements\/coupe-rens-gen\/#primaryimage\"},\"thumbnailUrl\":\"http:\/\/acontrecourant.qc.ca\/wp-content\/uploads\/jpg\/coupe-program-choice-logos.jpg\",\"datePublished\":\"2018-09-18T12:45:48+00:00\",\"dateModified\":\"2022-11-09T01:14:25+00:00\",\"breadcrumb\":{\"@id\":\"https:\/\/acontrecourant.qc.ca\/fr\/evenements\/coupe-rens-gen\/#breadcrumb\"},\"inLanguage\":\"fr-CA\",\"potentialAction\":[{\"@type\":\"ReadAction\",\"target\":[\"https:\/\/acontrecourant.qc.ca\/fr\/evenements\/coupe-rens-gen\/\"]}]},{\"@type\":\"ImageObject\",\"inLanguage\":\"fr-CA\",\"@id\":\"https:\/\/acontrecourant.qc.ca\/fr\/evenements\/coupe-rens-gen\/#primaryimage\",\"url\":\"http:\/\/acontrecourant.qc.ca\/wp-content\/uploads\/jpg\/coupe-program-choice-logos.jpg\",\"contentUrl\":\"http:\/\/acontrecourant.qc.ca\/wp-content\/uploads\/jpg\/coupe-program-choice-logos.jpg\"},{\"@type\":\"BreadcrumbList\",\"@id\":\"https:\/\/acontrecourant.qc.ca\/fr\/evenements\/coupe-rens-gen\/#breadcrumb\",\"itemListElement\":[{\"@type\":\"ListItem\",\"position\":1,\"name\":\"\u00c9v\u00e9nements du club\",\"item\":\"https:\/\/acontrecourant.qc.ca\/fr\/evenements\/\"},{\"@type\":\"ListItem\",\"position\":2,\"name\":\"Renseignements G\u00e9n\u00e9raux\"}]},{\"@type\":\"WebSite\",\"@id\":\"https:\/\/acontrecourant.qc.ca\/en\/#website\",\"url\":\"https:\/\/acontrecourant.qc.ca\/en\/\",\"name\":\"\u00c0 Contre Courant\",\"description\":\"Bienvenue \u00e0 Montr\u00e9al\",\"potentialAction\":[{\"@type\":\"SearchAction\",\"target\":{\"@type\":\"EntryPoint\",\"urlTemplate\":\"https:\/\/acontrecourant.qc.ca\/en\/?s={search_term_string}\"},\"query-input\":{\"@type\":\"PropertyValueSpecification\",\"valueRequired\":true,\"valueName\":\"search_term_string\"}}],\"inLanguage\":\"fr-CA\"}]}<\/script>\n<!-- \/ Yoast SEO plugin. -->","yoast_head_json":{"title":"Renseignements G\u00e9n\u00e9raux - \u00c0 Contre Courant","robots":{"index":"index","follow":"follow","max-snippet":"max-snippet:-1","max-image-preview":"max-image-preview:large","max-video-preview":"max-video-preview:-1"},"canonical":"https:\/\/acontrecourant.qc.ca\/fr\/evenements\/coupe-rens-gen\/","twitter_misc":{"Estimation du temps de lecture":"2 minutes"},"schema":{"@context":"https:\/\/schema.org","@graph":[{"@type":"WebPage","@id":"https:\/\/acontrecourant.qc.ca\/fr\/evenements\/coupe-rens-gen\/","url":"https:\/\/acontrecourant.qc.ca\/fr\/evenements\/coupe-rens-gen\/","name":"Renseignements G\u00e9n\u00e9raux - \u00c0 Contre Courant","isPartOf":{"@id":"https:\/\/acontrecourant.qc.ca\/en\/#website"},"primaryImageOfPage":{"@id":"https:\/\/acontrecourant.qc.ca\/fr\/evenements\/coupe-rens-gen\/#primaryimage"},"image":{"@id":"https:\/\/acontrecourant.qc.ca\/fr\/evenements\/coupe-rens-gen\/#primaryimage"},"thumbnailUrl":"http:\/\/acontrecourant.qc.ca\/wp-content\/uploads\/jpg\/coupe-program-choice-logos.jpg","datePublished":"2018-09-18T12:45:48+00:00","dateModified":"2022-11-09T01:14:25+00:00","breadcrumb":{"@id":"https:\/\/acontrecourant.qc.ca\/fr\/evenements\/coupe-rens-gen\/#breadcrumb"},"inLanguage":"fr-CA","potentialAction":[{"@type":"ReadAction","target":["https:\/\/acontrecourant.qc.ca\/fr\/evenements\/coupe-rens-gen\/"]}]},{"@type":"ImageObject","inLanguage":"fr-CA","@id":"https:\/\/acontrecourant.qc.ca\/fr\/evenements\/coupe-rens-gen\/#primaryimage","url":"http:\/\/acontrecourant.qc.ca\/wp-content\/uploads\/jpg\/coupe-program-choice-logos.jpg","contentUrl":"http:\/\/acontrecourant.qc.ca\/wp-content\/uploads\/jpg\/coupe-program-choice-logos.jpg"},{"@type":"BreadcrumbList","@id":"https:\/\/acontrecourant.qc.ca\/fr\/evenements\/coupe-rens-gen\/#breadcrumb","itemListElement":[{"@type":"ListItem","position":1,"name":"\u00c9v\u00e9nements du club","item":"https:\/\/acontrecourant.qc.ca\/fr\/evenements\/"},{"@type":"ListItem","position":2,"name":"Renseignements G\u00e9n\u00e9raux"}]},{"@type":"WebSite","@id":"https:\/\/acontrecourant.qc.ca\/en\/#website","url":"https:\/\/acontrecourant.qc.ca\/en\/","name":"\u00c0 Contre Courant","description":"Bienvenue \u00e0 Montr\u00e9al","potentialAction":[{"@type":"SearchAction","target":{"@type":"EntryPoint","urlTemplate":"https:\/\/acontrecourant.qc.ca\/en\/?s={search_term_string}"},"query-input":{"@type":"PropertyValueSpecification","valueRequired":true,"valueName":"search_term_string"}}],"inLanguage":"fr-CA"}]}},"_links":{"self":[{"href":"https:\/\/acontrecourant.qc.ca\/fr\/wp-json\/wp\/v2\/pages\/2067\/"}],"collection":[{"href":"https:\/\/acontrecourant.qc.ca\/fr\/wp-json\/wp\/v2\/pages\/"}],"about":[{"href":"https:\/\/acontrecourant.qc.ca\/fr\/wp-json\/wp\/v2\/types\/page\/"}],"author":[{"embeddable":true,"href":"https:\/\/acontrecourant.qc.ca\/fr\/wp-json\/wp\/v2\/users\/9\/"}],"replies":[{"embeddable":true,"href":"https:\/\/acontrecourant.qc.ca\/fr\/wp-json\/wp\/v2\/comments\/?post=2067"}],"version-history":[{"count":15,"href":"https:\/\/acontrecourant.qc.ca\/fr\/wp-json\/wp\/v2\/pages\/2067\/revisions\/"}],"predecessor-version":[{"id":3877,"href":"https:\/\/acontrecourant.qc.ca\/fr\/wp-json\/wp\/v2\/pages\/2067\/revisions\/3877\/"}],"up":[{"embeddable":true,"href":"https:\/\/acontrecourant.qc.ca\/fr\/wp-json\/wp\/v2\/pages\/147\/"}],"wp:attachment":[{"href":"https:\/\/acontrecourant.qc.ca\/fr\/wp-json\/wp\/v2\/media\/?parent=2067"}],"curies":[{"name":"wp","href":"https:\/\/api.w.org\/{rel}","templated":true}]}}