{"id":16,"date":"2013-05-10T19:50:18","date_gmt":"2013-05-10T23:50:18","guid":{"rendered":"http:\/\/acc922.wordpress.com\/?page_id=15"},"modified":"2025-05-29T13:32:02","modified_gmt":"2025-05-29T17:32:02","slug":"adhesion","status":"publish","type":"page","link":"https:\/\/acontrecourant.qc.ca\/fr\/informations\/adhesion\/","title":{"rendered":"Devenir membre d&rsquo;ACC"},"content":{"rendered":"<ul>\n<li><a href=\"#Devenir membre d'ACC \/ Invit\u00e9\">Devenir membre d&rsquo;ACC \/ Invit\u00e9<\/a><\/li>\n<li><a href=\"#tarifs\">Tarifs<\/a><\/li>\n<li><a href=\"#inscription-en-ligne\">Inscription en ligne<\/a><\/li>\n<li><a href=\"#conditions-admission\">Conditions d&rsquo;admission<\/a><\/li>\n<li><a href=\"#reglements-generaux\">R\u00e8glements g\u00e9n\u00e9raux<\/a><\/li>\n<\/ul>\n<h2><strong>Devenir membre d&rsquo;ACC \/ Invit\u00e9<\/strong><\/h2>\n<p>Vous voulez devenir membre d\u2019ACC ou participer temporairement \u00e0 l\u2019une de nos activit\u00e9s (natation ou water-polo)?<\/p>\n<p>Nous vous invitons \u00e0 bien lire les indications ci-dessous:<\/p>\n<p><u><strong>Inscription\u00a0des membres<\/strong><\/u><\/p>\n<p>Un membre ne peut d\u00e9sormais s\u2019inscrire qu\u2019\u00e0 temps plein et pour toute la session*.<\/p>\n<p>L\u2019offre d\u2019inscription \u00e0 temps partiel (samedis seulement) n\u2019est plus disponible et il n\u2019est pas possible pour un membre de payer un entra\u00eenement \u00e0 la fois. De plus, aucun rabais ne sera accord\u00e9 \u00e0 un membre qui d\u00e9sire s\u2019inscrire une fois la session d\u00e9but\u00e9e*.<\/p>\n<p>\u00c0 titre de rappel, la bourse Maurice Angers est toujours disponible pour les personnes moins nanties qui aimeraient se pr\u00e9valoir d\u2019une aide financi\u00e8re. Ces personnes peuvent faire une demande aupr\u00e8s du Conseil d\u2019administration de fa\u00e7on confidentielle.<\/p>\n<p><em>*des d\u00e9rogations peuvent s&rsquo;appliquer pour l&rsquo;inscription au water-polo<\/em><\/p>\n<p><u><strong>Invit\u00e9.e.s<\/strong><\/u><\/p>\n<p>MACC a toujours ouvert ses portes aux personnes de l\u2019ext\u00e9rieur voulant participer \u00e0 nos entra\u00eenements de fa\u00e7on temporaire et nous continuons d\u2019accueillir ces nageurs et nageuses.<\/p>\n<p>Le terme \u00ab ext\u00e9rieur \u00bb d\u00e9finit tout individu qui est non-membre du club durant la saison en cours (i.e. de septembre \u00e0 ao\u00fbt).<\/p>\n<p>Bien qu\u2019un(e) invit\u00e9(e) ne soit pas oblig\u00e9(e) d\u2019\u00eatre accompagn\u00e9(e) par un membre, tout(e) invit\u00e9(e) ou un membre accompagnateur le cas \u00e9ch\u00e9ant doit aviser le club avant que l\u2019invit\u00e9(e) ne se pr\u00e9sente \u00e0 l\u2019entra\u00eenement en \u00e9crivant \u00e0 l\u2019adresse suivante: <strong><em>info@acontrecourant.qc.ca<\/em><\/strong>, et avoir re\u00e7u une confirmation du club l\u2019autorisant \u00e0 participer \u00e0 l\u2019entra\u00eenement.<\/p>\n<p>Un(e) invit\u00e9(e) n\u2019ayant pas avis\u00e9 le club au pr\u00e9alable se verra refuser l\u2019acc\u00e8s \u00e0 l\u2019entra\u00eenement.<\/p>\n<p>Une fois l\u2019acc\u00e8s \u00e0 l\u2019entra\u00eenement accord\u00e9, l\u2019invit\u00e9(e) pourra s\u2019entra\u00eener avec le club gratuitement pour une dur\u00e9e maximale d\u2019une semaine cons\u00e9cutive par session.<\/p>\n<p>Les membres des \u00e9quipes du r\u00e9seau IGLA doivent aviser MACC de leurs visites comme tout(e) autre invit\u00e9(e), cependant aucune dur\u00e9e maximale ne s\u2019applique pour ceux-ci.<\/p>\n<p><em>D\u00fb \u00e0 un fort achalandage lors de certaines sessions, il nous est malheureusement impossible de recevoir des invit\u00e9(e)s \u00e0 certains entra\u00eenements.<\/em><\/p>\n<h2 id=\"tarifs\"><strong>Tarifs automne 2024\u00a0<\/strong><\/h2>\n<p><!--tr valign=\"top\"&gt;--><\/p>\n<table class=\"membres\" style=\"height: 612px;\" border=\"0\" cellspacing=\"0\" cellpadding=\"0\">\n<tbody>\n<tr valign=\"top\">\n<td><strong>Tous\u00a0les\u00a0sports <\/strong>(tarif\u00a0unique)<\/td>\n<td>235,00 $ par session*. Ces tarifs vous donnent acc\u00e8s \u00e0 toutes les s\u00e9ances d&rsquo;entra\u00eenement de tous les sports<br \/>\n+ 40,00 $ par an pour couvrir les droits d&rsquo;affiliation natation de base (de septembre \u00e0 ao\u00fbt), donnant droit de participer \u00e0 une comp\u00e9tition au cours de l&rsquo;ann\u00e9e<br \/>\n+ 17,00 $ par an si vous pr\u00e9voyez de participer \u00e0 plusieurs comp\u00e9titions de natation<br \/>\n+ 15,50 $ par an pour couvrir les droits d&rsquo;affiliation de water-polo (excluant la participation \u00e0 des tournois de water-polo)<\/td>\n<\/tr>\n<tr valign=\"top\">\n<td><strong>Natation\u00a0<\/strong><\/td>\n<td>229,95 $ (taxes incluses) par session*<br \/>\n+ 40,00 $ par an pour couvrir les droits d&rsquo;affiliation de base (de septembre \u00e0 ao\u00fbt), donnant droit de participer \u00e0 une comp\u00e9tition au cours de l&rsquo;ann\u00e9e<br \/>\n+ 12,00 $ par an si vous pr\u00e9voyez de participer \u00e0 plusieurs comp\u00e9titions<\/td>\n<\/tr>\n<tr valign=\"top\">\n<td><strong>Water-polo<\/strong><\/td>\n<td>200,00 $ par session*<br \/>\n+ 15,50 $ par an pour couvrir les droits d&rsquo;affiliation<br \/>\n+ 91,75 $ par an si vous pr\u00e9voyez participer \u00e0 des tournois.<\/td>\n<\/tr>\n<tr valign=\"top\">\n<td>\n<h6><em>* <strong>Note 1<\/strong> :<\/em><\/h6>\n<\/td>\n<td><em>L&rsquo;ann\u00e9e est divis\u00e9e en 3 sessions : automne, hiver, \u00e9t\u00e9.<\/em><\/td>\n<\/tr>\n<tr valign=\"top\">\n<td>\n<h6><em><strong>** Note 2 :<\/strong><\/em><\/h6>\n<\/td>\n<td><em>Somme exacte seulement. L&rsquo;entra\u00eeneur ne fera pas la monnaie.<\/em><\/td>\n<\/tr>\n<tr valign=\"top\">\n<td>\n<h3 style=\"text-align: left;\"><strong>Politique d&rsquo;assistance financi\u00e8re<\/strong><\/h3>\n<\/td>\n<td>Nul ne se verra refuser le statut de membre s&rsquo;il \u00e9prouve des difficult\u00e9s financi\u00e8res. N&rsquo;h\u00e9sitez pas \u00e0 envoyer un courriel \u00e0 Pierre-Luc Turgeon, Pr\u00e9sident du club, pour prendre des arrangements : <a href=\"mailto:president@acontrecourant.qc.ca\" target=\"_blank\" rel=\"noopener noreferrer\" data-auth=\"NotApplicable\" data-linkindex=\"0\">president@acontrecourant.qc.ca<\/a><\/p>\n<p><em>Soyez assur\u00e9 que votre\u00a0demande sera trait\u00e9e\u00a0de\u00a0fa\u00e7on \u00e0 respecter\u00a0votre vie priv\u00e9e et \u00e0 veiller \u00e0 la confidentialit\u00e9 de l&rsquo;information.<\/em><\/td>\n<\/tr>\n<\/tbody>\n<\/table>\n<div class=\"notes\">\n<h1><strong>Inscription en ligne<\/strong><\/h1>\n<\/div>\n<p>Quatre cas sont possibles :<\/p>\n<ol>\n<li>Vous vous inscrivez pour la toute premi\u00e8re fois \u00e0 \u00c0 Contre-Courant\u00a0: Pr\u00e9sentez-vous \u00e0 un entra\u00eeneur ou \u00e0 un membre du conseil d&rsquo;administration, qui prendra en note votre adresse courriel. Celle-ci nous servira \u00e0 vous cr\u00e9er un profil en ligne. Vous recevrez ensuite par courriel la marche \u00e0 suivre pour vous inscrire.<\/li>\n<li>Vous avez d\u00e9j\u00e0 utilis\u00e9 le syst\u00e8me d&rsquo;inscription en ligne d&rsquo;ACC :\n<ol>\n<li>Cliquez sur le lien suivant\u00a0: <a class=\"lien-externe\" href=\"http:\/\/inscriptions.acontrecourant.qc.ca\" target=\"_blank\" rel=\"noopener noreferrer\">http:\/\/inscriptions.acontrecourant.qc.ca<\/a><\/li>\n<li>Entrez votre adresse courriel et votre mot de passe<\/li>\n<li>R\u00e9visez les informations de votre profil et mettez-les \u00e0 jour si n\u00e9cessaire.<\/li>\n<li>S\u00e9lectionnez les activit\u00e9s d\u00e9sir\u00e9es, puis cliquez sur \u00ab\u00a0Confirmer l\u2019inscription\u00a0\u00bb. Vous obtiendrez alors votre confirmation de pr\u00e9-inscription avec le num\u00e9ro de facture.<\/li>\n<li>Paiement :<br \/>\nPar carte de cr\u00e9dit (service PayPal)\u00a0:<br \/>\nUne fois le paiement effectu\u00e9, votre inscription est termin\u00e9e. Vous recevrez une confirmation par courriel.<br \/>\nPar ch\u00e8que ou comptant\u00a0:<br \/>\nVotre inscription ne sera effective que lorsque vous aurez remis l\u2019argent ainsi que le re\u00e7u imprim\u00e9 \u00e0 un membre du conseil d&rsquo;administration ou \u00e0 l&rsquo;entra\u00eeneur.<\/li>\n<\/ol>\n<\/li>\n<li>Vous \u00eates un ancien membre d&rsquo;ACC qui utilise le syst\u00e8me d&rsquo;inscription en ligne pour la premi\u00e8re fois:\n<ol>\n<li>Cliquez sur le lien suivant\u00a0: <a class=\"lien-externe\" href=\"http:\/\/inscriptions.acontrecourant.qc.ca\" target=\"_blank\" rel=\"noopener noreferrer\">http:\/\/inscriptions.acontrecourant.qc.ca<\/a><\/li>\n<li>Entrez votre adresse courriel et cliquez sur \u00ab\u00a0Mot de passe perdu? \/ Lost your password\u00a0?\u00bb<\/li>\n<li>Vous recevrez instantan\u00e9ment \u00e0 cette adresse un mot de passe temporaire qui vous permettra de proc\u00e9der \u00e0 votre inscription en ligne \u00e0 partir du lien ci-dessus. Si vous ne recevez pas ce courriel, \u00e9crivez \u00e0 <a href=\"mailto:inscriptions@acontrecourant.qc.ca\">inscriptions@acontrecourant.qc.ca<\/a><\/li>\n<li>R\u00e9visez les informations de votre profil et mettez-les \u00e0 jour si n\u00e9cessaire.<\/li>\n<li>S\u00e9lectionnez les activit\u00e9s d\u00e9sir\u00e9es, puis cliquez sur \u00ab\u00a0Confirmer l\u2019inscription\u00a0\u00bb. Vous obtiendrez alors votre confirmation de pr\u00e9-inscription avec le num\u00e9ro de facture.<\/li>\n<li>Paiement :<br \/>\nPar carte de cr\u00e9dit (service PayPal)\u00a0:<br \/>\nUne fois le paiement effectu\u00e9, votre inscription est termin\u00e9e. Vous recevrez une confirmation par courriel.<br \/>\nPar ch\u00e8que ou comptant\u00a0:<br \/>\nVotre inscription ne sera effective que lorsque vous aurez remis l\u2019argent ainsi que le re\u00e7u imprim\u00e9 \u00e0 un membre du conseil d&rsquo;administration ou \u00e0 l&rsquo;entra\u00eeneur.<\/li>\n<\/ol>\n<\/li>\n<li>Vous souhaitez payer \u00ab\u00a0\u00e0 la fois\u00a0\u00bb, sans vous abonner : Vous devez obligatoirement commencer par aller sur le site d\u2019inscription et vous affilier pour l&rsquo;ann\u00e9e en cours (si ce n&rsquo;est pas d\u00e9j\u00e0 fait).<\/li>\n<\/ol>\n<p>Pour toute autre information, \u00e9crivez \u00e0 <a href=\"mailto:info@acontrecourant.qc.ca\">info@acontrecourant.qc.ca<\/a> ou t\u00e9l\u00e9phonez au 514 990-CLUB.<\/p>\n<h2 id=\"conditions-admission\"><strong>Conditions d&rsquo;admission<\/strong><\/h2>\n<h3><strong>Natation<\/strong><\/h3>\n<blockquote class=\"\">\n<div class=\"\">\n<div class=\"\" dir=\"ltr\">\n<div class=\"x_x_elementToProof\">\n<p class=\"x_x_MsoNormal\"><u class=\"\"><span class=\"\" lang=\"FR-CA\">Crit\u00e8res d\u2019inscription\u00a0<\/span><\/u><\/p>\n<p class=\"x_x_MsoNormal\"><span class=\"\" lang=\"FR-CA\">Il est \u00e0 noter que le club n\u2019est pas une \u00e9cole de natation et par cons\u00e9quent avant de s\u2019inscrire un\/e nageur\/se doit avoir atteint un niveau minimal en technique et en endurance, et ce afin de bien pouvoir s\u2019int\u00e9grer du point de vue sportif dans un entra\u00eenement. Ainsi, le ou la participante doit r\u00e9pondre minimalement \u00e0 3 des 4 crit\u00e8res qui suivent:\u00a0<\/span><\/p>\n<ol class=\"\">\n<li class=\"\"><span class=\"\" lang=\"FR-CA\">Vitesse: nager 50 m au crawl en 1 min 30 sec (pause incluse) pour 5 r\u00e9p\u00e9titions;\u00a0<\/span><\/li>\n<li class=\"\"><span class=\"\" lang=\"FR-CA\">Endurance: pouvoir nager 300 m en 8 minutes au crawl;\u00a0<\/span><\/li>\n<li class=\"\"><span class=\"\" lang=\"FR-CA\">Technique: pouvoir nager avec une technique continue 100 m au crawl, 100 m au dos, 100 m \u00e0 la brasse et 25 m au papillon;\u00a0<\/span><\/li>\n<li class=\"\"><span class=\"\" lang=\"FR-CA\">Pouvoir nager pendant tout l\u2019entra\u00eenement (incluant les pauses pr\u00e9vues et les explications), soit pendant 1h30.\u00a0<\/span><\/li>\n<\/ol>\n<p class=\"x_x_MsoNormal\"><span class=\"\" lang=\"FR-CA\">Un participant ou une participante s\u2019inscrivant mais ne rencontrant pas les crit\u00e8res tel que d\u00e9finis ci-haut ne pourra pas continuer \u00e0 s\u2019entra\u00eener avec le club avant d\u2019atteindre les crit\u00e8res d\u00e9finis. Aucun remboursement ne pourra \u00eatre donn\u00e9 pour les activit\u00e9s manqu\u00e9es pour cette raison.\u00a0<\/span><\/p>\n<p class=\"x_x_MsoNormal\"><span class=\"\" lang=\"FR-CA\">Un participant ou une participante qui n\u2019est pas certain\/e d\u2019atteindre les crit\u00e8res requis peut se pr\u00e9senter pour un entra\u00eenement d\u2019essai avant de s\u2019inscrire (nous aviser en \u00e9crivant \u00e0<span class=\"x_Apple-converted-space\">\u00a0<\/span><a class=\"\" href=\"mailto:info@acontrecourant.qc.ca\" target=\"_blank\" rel=\"noopener noreferrer\" data-auth=\"NotApplicable\" data-linkindex=\"7\">info@acontrecourant.qc.ca<\/a>) durant lequel les entra\u00eeneurs pourront \u00e9valuer et confirmer son niveau.\u00a0<\/span><\/p>\n<\/div>\n<\/div>\n<\/div>\n<\/blockquote>\n<h3><strong>Water-polo<\/strong><\/h3>\n<p>Voir la section Foire aux questions sur la <a title=\"Water-polo\" href=\"http:\/\/acontrecourant.qc.ca\/sports\/waterpolo\/\">page de l&rsquo;\u00e9quipe de\u00a0water-polo<\/a>.<\/p>\n<h2 id=\"reglements-generaux\"><strong>R\u00e8glements g\u00e9n\u00e9raux<\/strong><\/h2>\n<p>Les r\u00e8glements g\u00e9n\u00e9raux d&rsquo;ACC, tels qu&rsquo;adopt\u00e9s lors de l&rsquo;assembl\u00e9e g\u00e9n\u00e9rale annuelle du 21 octobre 2006, sont disponibles en format PDF au lien suivant\u00a0:<\/p>\n<ul class=\"list-document\">\n<li><a href=\"http:\/\/acontrecourant.qc.ca\/wp-content\/uploads\/pdf\/acc_reglements_generaux.pdf\">R\u00e8glements g\u00e9n\u00e9aux d&rsquo;ACC<\/a>\u00a0(53Ko)<\/li>\n<\/ul>\n","protected":false},"excerpt":{"rendered":"<p>Devenir membre d&rsquo;ACC \/ Invit\u00e9 Tarifs Inscription en ligne Conditions d&rsquo;admission R\u00e8glements g\u00e9n\u00e9raux Devenir membre d&rsquo;ACC \/ Invit\u00e9 Vous voulez devenir membre d\u2019ACC ou participer temporairement \u00e0 l\u2019une de nos activit\u00e9s (natation ou water-polo)? Nous vous invitons \u00e0 bien lire les indications ci-dessous: Inscription\u00a0des membres Un membre ne peut d\u00e9sormais s\u2019inscrire qu\u2019\u00e0 temps plein et [&hellip;]<\/p>\n","protected":false},"author":8,"featured_media":0,"parent":6,"menu_order":0,"comment_status":"closed","ping_status":"closed","template":"page-full-width.php","meta":{"_acf_changed":false,"footnotes":""},"class_list":["post-16","page","type-page","status-publish","hentry"],"acf":[],"yoast_head":"<!-- This site is optimized with the Yoast SEO plugin v26.3 - https:\/\/yoast.com\/wordpress\/plugins\/seo\/ -->\n<title>Devenir membre d&#039;ACC - \u00c0 Contre Courant<\/title>\n<meta name=\"robots\" content=\"index, follow, max-snippet:-1, max-image-preview:large, max-video-preview:-1\" \/>\n<link rel=\"canonical\" href=\"https:\/\/acontrecourant.qc.ca\/fr\/informations\/adhesion\/\" \/>\n<meta name=\"twitter:label1\" content=\"Estimation du temps de lecture\" \/>\n\t<meta name=\"twitter:data1\" content=\"6 minutes\" \/>\n<script type=\"application\/ld+json\" class=\"yoast-schema-graph\">{\"@context\":\"https:\/\/schema.org\",\"@graph\":[{\"@type\":\"WebPage\",\"@id\":\"https:\/\/acontrecourant.qc.ca\/fr\/informations\/adhesion\/\",\"url\":\"https:\/\/acontrecourant.qc.ca\/fr\/informations\/adhesion\/\",\"name\":\"Devenir membre d'ACC - \u00c0 Contre Courant\",\"isPartOf\":{\"@id\":\"https:\/\/acontrecourant.qc.ca\/en\/#website\"},\"datePublished\":\"2013-05-10T23:50:18+00:00\",\"dateModified\":\"2025-05-29T17:32:02+00:00\",\"breadcrumb\":{\"@id\":\"https:\/\/acontrecourant.qc.ca\/fr\/informations\/adhesion\/#breadcrumb\"},\"inLanguage\":\"fr-CA\",\"potentialAction\":[{\"@type\":\"ReadAction\",\"target\":[\"https:\/\/acontrecourant.qc.ca\/fr\/informations\/adhesion\/\"]}]},{\"@type\":\"BreadcrumbList\",\"@id\":\"https:\/\/acontrecourant.qc.ca\/fr\/informations\/adhesion\/#breadcrumb\",\"itemListElement\":[{\"@type\":\"ListItem\",\"position\":1,\"name\":\"Informations\",\"item\":\"https:\/\/acontrecourant.qc.ca\/fr\/informations\/\"},{\"@type\":\"ListItem\",\"position\":2,\"name\":\"Devenir membre d&#8217;ACC\"}]},{\"@type\":\"WebSite\",\"@id\":\"https:\/\/acontrecourant.qc.ca\/en\/#website\",\"url\":\"https:\/\/acontrecourant.qc.ca\/en\/\",\"name\":\"\u00c0 Contre Courant\",\"description\":\"Bienvenue \u00e0 Montr\u00e9al\",\"potentialAction\":[{\"@type\":\"SearchAction\",\"target\":{\"@type\":\"EntryPoint\",\"urlTemplate\":\"https:\/\/acontrecourant.qc.ca\/en\/?s={search_term_string}\"},\"query-input\":{\"@type\":\"PropertyValueSpecification\",\"valueRequired\":true,\"valueName\":\"search_term_string\"}}],\"inLanguage\":\"fr-CA\"}]}<\/script>\n<!-- \/ Yoast SEO plugin. -->","yoast_head_json":{"title":"Devenir membre d'ACC - \u00c0 Contre Courant","robots":{"index":"index","follow":"follow","max-snippet":"max-snippet:-1","max-image-preview":"max-image-preview:large","max-video-preview":"max-video-preview:-1"},"canonical":"https:\/\/acontrecourant.qc.ca\/fr\/informations\/adhesion\/","twitter_misc":{"Estimation du temps de lecture":"6 minutes"},"schema":{"@context":"https:\/\/schema.org","@graph":[{"@type":"WebPage","@id":"https:\/\/acontrecourant.qc.ca\/fr\/informations\/adhesion\/","url":"https:\/\/acontrecourant.qc.ca\/fr\/informations\/adhesion\/","name":"Devenir membre d'ACC - \u00c0 Contre Courant","isPartOf":{"@id":"https:\/\/acontrecourant.qc.ca\/en\/#website"},"datePublished":"2013-05-10T23:50:18+00:00","dateModified":"2025-05-29T17:32:02+00:00","breadcrumb":{"@id":"https:\/\/acontrecourant.qc.ca\/fr\/informations\/adhesion\/#breadcrumb"},"inLanguage":"fr-CA","potentialAction":[{"@type":"ReadAction","target":["https:\/\/acontrecourant.qc.ca\/fr\/informations\/adhesion\/"]}]},{"@type":"BreadcrumbList","@id":"https:\/\/acontrecourant.qc.ca\/fr\/informations\/adhesion\/#breadcrumb","itemListElement":[{"@type":"ListItem","position":1,"name":"Informations","item":"https:\/\/acontrecourant.qc.ca\/fr\/informations\/"},{"@type":"ListItem","position":2,"name":"Devenir membre d&#8217;ACC"}]},{"@type":"WebSite","@id":"https:\/\/acontrecourant.qc.ca\/en\/#website","url":"https:\/\/acontrecourant.qc.ca\/en\/","name":"\u00c0 Contre Courant","description":"Bienvenue \u00e0 Montr\u00e9al","potentialAction":[{"@type":"SearchAction","target":{"@type":"EntryPoint","urlTemplate":"https:\/\/acontrecourant.qc.ca\/en\/?s={search_term_string}"},"query-input":{"@type":"PropertyValueSpecification","valueRequired":true,"valueName":"search_term_string"}}],"inLanguage":"fr-CA"}]}},"_links":{"self":[{"href":"https:\/\/acontrecourant.qc.ca\/fr\/wp-json\/wp\/v2\/pages\/16\/"}],"collection":[{"href":"https:\/\/acontrecourant.qc.ca\/fr\/wp-json\/wp\/v2\/pages\/"}],"about":[{"href":"https:\/\/acontrecourant.qc.ca\/fr\/wp-json\/wp\/v2\/types\/page\/"}],"author":[{"embeddable":true,"href":"https:\/\/acontrecourant.qc.ca\/fr\/wp-json\/wp\/v2\/users\/8\/"}],"replies":[{"embeddable":true,"href":"https:\/\/acontrecourant.qc.ca\/fr\/wp-json\/wp\/v2\/comments\/?post=16"}],"version-history":[{"count":72,"href":"https:\/\/acontrecourant.qc.ca\/fr\/wp-json\/wp\/v2\/pages\/16\/revisions\/"}],"predecessor-version":[{"id":4769,"href":"https:\/\/acontrecourant.qc.ca\/fr\/wp-json\/wp\/v2\/pages\/16\/revisions\/4769\/"}],"up":[{"embeddable":true,"href":"https:\/\/acontrecourant.qc.ca\/fr\/wp-json\/wp\/v2\/pages\/6\/"}],"wp:attachment":[{"href":"https:\/\/acontrecourant.qc.ca\/fr\/wp-json\/wp\/v2\/media\/?parent=16"}],"curies":[{"name":"wp","href":"https:\/\/api.w.org\/{rel}","templated":true}]}}