{"id":156,"date":"2013-05-15T18:57:32","date_gmt":"2013-05-15T17:57:32","guid":{"rendered":"http:\/\/acc922.wordpress.com\/?page_id=156"},"modified":"2022-11-04T00:54:01","modified_gmt":"2022-11-04T04:54:01","slug":"historique","status":"publish","type":"page","link":"https:\/\/acontrecourant.qc.ca\/fr\/evenements\/coupe\/historique\/","title":{"rendered":"Historique"},"content":{"rendered":"<h2>Les comp\u00e9titions organis\u00e9es par \u00c0 Contre-Courant<\/h2>\n<p>\u00c0 chaque saison depuis 1991, \u00c0 Contre-Courant est l&rsquo;h\u00f4te de la Coupe de Montr\u00e9al des ma\u00eetres nageurs. Cet \u00e9v\u00e9nement, qui attire jusqu&rsquo;\u00e0 300 participants venus d&rsquo;une quinzaine de villes du Canada, des \u00c9tats-Unis et m\u00eame d&rsquo;Europe, a lieu depuis 1997 en novembre.<\/p>\n<table class=\"historique\" style=\"width: 100%;\" border=\"0\" cellspacing=\"0\" cellpadding=\"0\">\n<tbody>\n<tr>\n<td class=\"date\" align=\"left\" valign=\"top\"><strong>2021<\/strong><\/td>\n<td><strong>27<sup>\u00e8<\/sup> Coupe <\/strong>, le 13 novembre 2021, \u00e0 la piscine du Complexe sportif Claude-Robillard, \u00e0 Montr\u00e9al (243 athl\u00e8tes, 27 clubs).<\/td>\n<\/tr>\n<tr>\n<td class=\"date\" align=\"left\" valign=\"top\"><strong>2020<\/strong><\/td>\n<td><strong>Pand\u00e9mie mondiale, toutes les activit\u00e9s sportives de la plan\u00e8te sont suspendues.<\/strong><\/td>\n<\/tr>\n<tr>\n<td class=\"date\" align=\"left\" valign=\"top\"><strong>2019<\/strong><\/td>\n<td><a href=\"http:\/\/acontrecourant.qc.ca\/evenements\/coupe-2019\"><strong>26<sup>\u00e8<\/sup> Coupe <\/strong>, le 16 novembre 2019<\/a>, \u00e0 la piscine du Complexe sportif Claude-Robillard, \u00e0 Montr\u00e9al (303 athl\u00e8tes, 33 clubs).<\/td>\n<\/tr>\n<tr>\n<td class=\"date\" align=\"left\" valign=\"top\"><strong>2018<\/strong><\/td>\n<td><a href=\"http:\/\/acontrecourant.qc.ca\/evenements\/coupe-2018\"><strong>Coupe de Montr\u00e9al, 25<sup>\u00e8<\/sup> anniversaire<\/strong>, le 10 novembre 2018<\/a>, \u00e0 la piscine du Complexe sportif Claude-Robillard, \u00e0 Montr\u00e9al (258 athl\u00e8tes, 35 clubs).<\/td>\n<\/tr>\n<tr>\n<td class=\"date\" align=\"left\" valign=\"top\"><strong>2017<\/strong><\/td>\n<td><a href=\"http:\/\/acontrecourant.qc.ca\/evenements\/coupe-2017\"><strong>24<sup>e<\/sup> Coupe <\/strong>le 11 novembre 2017<\/a>, \u00e0 la piscine du Complexe sportif Claude-Robillard, \u00e0 Montr\u00e9al (209 athl\u00e8tes, 23 clubs).<\/td>\n<\/tr>\n<tr>\n<td class=\"date\" align=\"left\" valign=\"top\"><strong><strong>2016<\/strong><\/strong><\/td>\n<td><strong><strong>22<sup>e<\/sup> Coupe <\/strong><\/strong>le 18 juin 2016, \u00e0 la piscine du Complexe sportif Claude-Robillard, \u00e0 Montr\u00e9al (85 athl\u00e8tes).<\/td>\n<\/tr>\n<tr>\n<td class=\"date\" align=\"left\" valign=\"top\"><strong><strong>2014<\/strong><\/strong><\/td>\n<td><strong><strong>21<sup>e<\/sup> Coupe <\/strong><\/strong>les 22 novembre 2014, \u00e0 la piscine du Complexe sportif Claude-Robillard, \u00e0 Montr\u00e9al (281 athl\u00e8tes).<\/td>\n<\/tr>\n<tr>\n<td class=\"date\" align=\"left\" valign=\"top\"><strong><strong>2013<\/strong><\/strong><\/td>\n<td><strong><strong>20<sup>e<\/sup> Coupe <\/strong><\/strong>les 23,24 novembre 2013, \u00e0 la piscine du Complexe sportif Claude-Robillard, \u00e0 Montr\u00e9al (389 athl\u00e8tes).<\/td>\n<\/tr>\n<tr>\n<td class=\"date\" align=\"left\" valign=\"top\"><strong>2012\u00a0<\/strong><\/td>\n<td><strong>19<sup>e<\/sup> Coupe <\/strong>le 10 novembre 2012, \u00e0 la piscine du Complexe sportif Claude-Robillard, \u00e0 Montr\u00e9al (299 athl\u00e8tes).<\/td>\n<\/tr>\n<tr>\n<td class=\"date\" align=\"left\" valign=\"top\"><strong>2011\u00a0<\/strong><\/td>\n<td><strong>18<sup>e<\/sup> Coupe <\/strong>le 26 novembre 2011, \u00e0 la piscine du Complexe sportif Claude-Robillard, \u00e0 Montr\u00e9al (304 athl\u00e8tes).<\/td>\n<\/tr>\n<tr>\n<td class=\"date\" align=\"left\" valign=\"top\"><strong>2010\u00a0<\/strong><\/td>\n<td><strong>17<sup>e<\/sup> Coupe <\/strong>le 20 novembre 2010, \u00e0 la piscine du Complexe sportif Claude-Robillard, \u00e0 Montr\u00e9al (308 athl\u00e8tes).<\/td>\n<\/tr>\n<tr>\n<td class=\"date\" align=\"left\" valign=\"top\"><strong>2009\u00a0<\/strong><\/td>\n<td><strong>16<sup>e<\/sup> Coupe <\/strong>le 14 novembre 2009, \u00e0 la piscine du Complexe sportif Claude-Robillard, \u00e0 Montr\u00e9al (233 athl\u00e8tes).<\/td>\n<\/tr>\n<tr>\n<td class=\"date\" align=\"left\" valign=\"top\"><strong>2008\u00a0<\/strong><\/td>\n<td><strong>15<sup>e<\/sup> Coupe <\/strong>le 22 novembre 2008, \u00e0 la piscine du centre sportif du C\u00e9gep du Vieux Montr\u00e9al, \u00e0 Montr\u00e9al (196 athl\u00e8tes).<\/td>\n<\/tr>\n<tr>\n<td class=\"date\" align=\"left\" valign=\"top\"><strong>2007\u00a0<\/strong><\/td>\n<td><strong><strong>14<sup>e<\/sup> Coupe<\/strong><\/strong>\u00a0les 23 et 24 novembre 2007, \u00e0 la piscine du Complexe sportif Claude-Robillard, \u00e0 Montr\u00e9al (299 athl\u00e8tes pour la natation, 10 pour le plongeon et 8 pour la nage synchronis\u00e9e).<\/td>\n<\/tr>\n<tr>\n<td class=\"date\" align=\"left\" valign=\"top\"><strong>2006\u00a0<\/strong><\/td>\n<td><strong class=\"bleupale\"><strong class=\"bleupale\">1<sup>ers<\/sup> Outgames mondiaux &#8211; Montr\u00e9al 2006<\/strong><\/strong>\u00a0du 30 juillet au 4 ao\u00fbt 2006, \u00e0 la piscine du piscine du Parc olympique, \u00e0 Montr\u00e9al (821 participants).<\/td>\n<\/tr>\n<tr>\n<td class=\"date\" align=\"left\" valign=\"top\"><strong>2005\u00a0<\/strong><\/td>\n<td><strong>13<sup>e<\/sup> Coupe <\/strong>le 26 novembre 2005, \u00e0 la piscine du piscine du Parc olympique, \u00e0 Montr\u00e9al (343 participants).<\/td>\n<\/tr>\n<tr>\n<td class=\"date\" align=\"left\" valign=\"top\"><strong>2004\u00a0<\/strong><\/td>\n<td><strong>12<sup>e<\/sup> Coupe <\/strong>le 27 novembre 2004, \u00e0 la piscine du Centre Claude-Robillard, \u00e0 Montr\u00e9al (287 participants).<\/td>\n<\/tr>\n<tr>\n<td class=\"date\" align=\"left\" valign=\"top\"><strong>2003\u00a0<\/strong><\/td>\n<td width=\"100%\"><strong>11<sup>e<\/sup> Coupe (\u00ab Aquarius \u00bb) <\/strong>du 28 au 30 novembre 2003, \u00e0 la piscine du Centre Claude-Robillard, \u00e0 Montr\u00e9al (450 athl\u00e8tes: 273 nageurs et 12 \u00e9quipes de water-polo\u00a0totalisant 177 joueurs de water-polo).<\/td>\n<\/tr>\n<tr>\n<td class=\"date\" align=\"left\" valign=\"top\"><strong>2002\u00a0<\/strong><\/td>\n<td width=\"100%\"><strong>10<sup>e<\/sup> Coupe (\u00ab Stade X \u00bb) <\/strong>du 29 novembre au 1er d\u00e9cembre 2002, \u00e0 la piscine du Parc olympique, \u00e0 Montr\u00e9al (311 participants).<\/td>\n<\/tr>\n<tr>\n<td class=\"date\" align=\"left\" valign=\"top\"><strong>2001\u00a0<\/strong><\/td>\n<td><strong>9<sup>e<\/sup> Coupe <\/strong>les 23 et 24 novembre 2001, \u00e0 la piscine Hochelaga, \u00e0 Montr\u00e9al (271 participants).<\/td>\n<\/tr>\n<tr>\n<td class=\"date\" align=\"left\" valign=\"top\"><strong>2000\u00a0<\/strong><\/td>\n<td><strong>8<sup>e<\/sup> Coupe <\/strong>les 24 et 25 novembre 2000, \u00e0 la piscine Hochelaga (202 participants).<\/td>\n<\/tr>\n<tr>\n<td class=\"date\" align=\"left\" valign=\"top\"><strong>1999\u00a0<\/strong><\/td>\n<td><strong>7<sup>e<\/sup> Coupe <\/strong>du 26 au 28 novembre 1999, \u00e0 la piscine Sophie-Barat, \u00e0 Montr\u00e9al (146 participants).<\/td>\n<\/tr>\n<tr>\n<td class=\"date\" align=\"left\" valign=\"top\"><strong>1998\u00a0<\/strong><\/td>\n<td><strong class=\"bleupale\">17<sup>e<\/sup> Championnat provincial Manuvie des ma\u00eetres nageurs <\/strong>du 24 au 26 avril 1998, au Centre Claude-Robillard, \u00e0 Montr\u00e9al (700 participants).<\/td>\n<\/tr>\n<tr>\n<td class=\"date\" align=\"left\" valign=\"top\"><strong>1997\u00a0<\/strong><\/td>\n<td><strong>6<sup>e<\/sup> Coupe (\u00ab La fontaine de jouvence \u00bb)<\/strong> du 29 ao\u00fbt au 1er septembre 1997, \u00e0 la piscine Hochelaga (82 participants).<\/td>\n<\/tr>\n<tr>\n<td class=\"date\" align=\"left\" valign=\"top\"><strong>1996\u00a0<\/strong><\/td>\n<td><strong>5<sup>e<\/sup> Coupe (\u00ab L&rsquo;\u00eele aux tr\u00e9sors \u00bb)<\/strong>du 30 ao\u00fbt au 2 septembre 1996, \u00e0 la piscine Hochelaga (100 participants).<\/td>\n<\/tr>\n<tr>\n<td class=\"date\" align=\"left\" valign=\"top\"><strong>1995\u00a0<\/strong><\/td>\n<td><strong class=\"bleupale\">IGLA 95 (\u00ab Eau en couleur! \u00bb)<\/strong> du 6 au 8 octobre 1995, aux piscines du Parc olympique (700 participants).<\/td>\n<\/tr>\n<tr>\n<td class=\"date\" align=\"left\" valign=\"top\"><strong>1994\u00a0<\/strong><\/td>\n<td><strong>4<sup>e<\/sup> Coupe (\u00ab La nouvelle croisade \u00bb)<\/strong> du 2 au 5 septembre 1994, \u00e0 la piscine Hochelaga (204 participants).<\/td>\n<\/tr>\n<tr>\n<td class=\"date\" align=\"left\" valign=\"top\"><strong>1993\u00a0<\/strong><\/td>\n<td><strong>3<sup>e<\/sup> Coupe (\u00ab La fi\u00e8vre de la jungle \u00bb) <\/strong>du 3 au 5 septembre 1993, \u00e0 la piscine \u00c9douard-Montpetit, \u00e0 Montr\u00e9al (154 participants).<\/td>\n<\/tr>\n<tr>\n<td class=\"date\" align=\"left\" valign=\"top\"><strong>1992\u00a0<\/strong><\/td>\n<td><strong>2<sup>e<\/sup> Coupe (\u00ab Montr\u00e9al Odyss\u00e9e 92 \u00bb) <\/strong>du 5 au 6 septembre 1992, \u00e0 la piscine Hochelaga (91 participants).<\/td>\n<\/tr>\n<tr>\n<td class=\"date\" align=\"left\" valign=\"top\"><strong>1991\u00a0<\/strong><\/td>\n<td><strong>1<sup>re<\/sup> Coupe de Montr\u00e9al (\u00ab\u00a0Halloween 91\u00a0:\u00a0 Le diable au corps \u00bb) <\/strong>du 25 octobre 1991, \u00e0 la piscine Hochelaga (61 participants).<\/td>\n<\/tr>\n<\/tbody>\n<\/table>\n","protected":false},"excerpt":{"rendered":"<p>Les comp\u00e9titions organis\u00e9es par \u00c0 Contre-Courant \u00c0 chaque saison depuis 1991, \u00c0 Contre-Courant est l&rsquo;h\u00f4te de la Coupe de Montr\u00e9al des ma\u00eetres nageurs. Cet \u00e9v\u00e9nement, qui attire jusqu&rsquo;\u00e0 300 participants venus d&rsquo;une quinzaine de villes du Canada, des \u00c9tats-Unis et m\u00eame d&rsquo;Europe, a lieu depuis 1997 en novembre. 2021 27\u00e8 Coupe , le 13 novembre [&hellip;]<\/p>\n","protected":false},"author":8,"featured_media":0,"parent":2034,"menu_order":0,"comment_status":"closed","ping_status":"closed","template":"page-full-width.php","meta":{"_acf_changed":false,"footnotes":""},"class_list":["post-156","page","type-page","status-publish","hentry"],"acf":[],"yoast_head":"<!-- This site is optimized with the Yoast SEO plugin v26.3 - https:\/\/yoast.com\/wordpress\/plugins\/seo\/ -->\n<title>Historique - \u00c0 Contre Courant<\/title>\n<meta name=\"robots\" content=\"index, follow, max-snippet:-1, max-image-preview:large, max-video-preview:-1\" \/>\n<link rel=\"canonical\" href=\"https:\/\/acontrecourant.qc.ca\/fr\/evenements\/coupe\/historique\/\" \/>\n<meta name=\"twitter:label1\" content=\"Estimation du temps de lecture\" \/>\n\t<meta name=\"twitter:data1\" content=\"3 minutes\" \/>\n<script type=\"application\/ld+json\" class=\"yoast-schema-graph\">{\"@context\":\"https:\/\/schema.org\",\"@graph\":[{\"@type\":\"WebPage\",\"@id\":\"https:\/\/acontrecourant.qc.ca\/fr\/evenements\/coupe\/historique\/\",\"url\":\"https:\/\/acontrecourant.qc.ca\/fr\/evenements\/coupe\/historique\/\",\"name\":\"Historique - \u00c0 Contre Courant\",\"isPartOf\":{\"@id\":\"https:\/\/acontrecourant.qc.ca\/en\/#website\"},\"datePublished\":\"2013-05-15T17:57:32+00:00\",\"dateModified\":\"2022-11-04T04:54:01+00:00\",\"breadcrumb\":{\"@id\":\"https:\/\/acontrecourant.qc.ca\/fr\/evenements\/coupe\/historique\/#breadcrumb\"},\"inLanguage\":\"fr-CA\",\"potentialAction\":[{\"@type\":\"ReadAction\",\"target\":[\"https:\/\/acontrecourant.qc.ca\/fr\/evenements\/coupe\/historique\/\"]}]},{\"@type\":\"BreadcrumbList\",\"@id\":\"https:\/\/acontrecourant.qc.ca\/fr\/evenements\/coupe\/historique\/#breadcrumb\",\"itemListElement\":[{\"@type\":\"ListItem\",\"position\":1,\"name\":\"\u00c9v\u00e9nements du club\",\"item\":\"https:\/\/acontrecourant.qc.ca\/fr\/evenements\/\"},{\"@type\":\"ListItem\",\"position\":2,\"name\":\"Coupe de Montr\u00e9al\",\"item\":\"https:\/\/acontrecourant.qc.ca\/fr\/evenements\/coupe\/\"},{\"@type\":\"ListItem\",\"position\":3,\"name\":\"Historique\"}]},{\"@type\":\"WebSite\",\"@id\":\"https:\/\/acontrecourant.qc.ca\/en\/#website\",\"url\":\"https:\/\/acontrecourant.qc.ca\/en\/\",\"name\":\"\u00c0 Contre Courant\",\"description\":\"Bienvenue \u00e0 Montr\u00e9al\",\"potentialAction\":[{\"@type\":\"SearchAction\",\"target\":{\"@type\":\"EntryPoint\",\"urlTemplate\":\"https:\/\/acontrecourant.qc.ca\/en\/?s={search_term_string}\"},\"query-input\":{\"@type\":\"PropertyValueSpecification\",\"valueRequired\":true,\"valueName\":\"search_term_string\"}}],\"inLanguage\":\"fr-CA\"}]}<\/script>\n<!-- \/ Yoast SEO plugin. -->","yoast_head_json":{"title":"Historique - \u00c0 Contre Courant","robots":{"index":"index","follow":"follow","max-snippet":"max-snippet:-1","max-image-preview":"max-image-preview:large","max-video-preview":"max-video-preview:-1"},"canonical":"https:\/\/acontrecourant.qc.ca\/fr\/evenements\/coupe\/historique\/","twitter_misc":{"Estimation du temps de lecture":"3 minutes"},"schema":{"@context":"https:\/\/schema.org","@graph":[{"@type":"WebPage","@id":"https:\/\/acontrecourant.qc.ca\/fr\/evenements\/coupe\/historique\/","url":"https:\/\/acontrecourant.qc.ca\/fr\/evenements\/coupe\/historique\/","name":"Historique - \u00c0 Contre Courant","isPartOf":{"@id":"https:\/\/acontrecourant.qc.ca\/en\/#website"},"datePublished":"2013-05-15T17:57:32+00:00","dateModified":"2022-11-04T04:54:01+00:00","breadcrumb":{"@id":"https:\/\/acontrecourant.qc.ca\/fr\/evenements\/coupe\/historique\/#breadcrumb"},"inLanguage":"fr-CA","potentialAction":[{"@type":"ReadAction","target":["https:\/\/acontrecourant.qc.ca\/fr\/evenements\/coupe\/historique\/"]}]},{"@type":"BreadcrumbList","@id":"https:\/\/acontrecourant.qc.ca\/fr\/evenements\/coupe\/historique\/#breadcrumb","itemListElement":[{"@type":"ListItem","position":1,"name":"\u00c9v\u00e9nements du club","item":"https:\/\/acontrecourant.qc.ca\/fr\/evenements\/"},{"@type":"ListItem","position":2,"name":"Coupe de Montr\u00e9al","item":"https:\/\/acontrecourant.qc.ca\/fr\/evenements\/coupe\/"},{"@type":"ListItem","position":3,"name":"Historique"}]},{"@type":"WebSite","@id":"https:\/\/acontrecourant.qc.ca\/en\/#website","url":"https:\/\/acontrecourant.qc.ca\/en\/","name":"\u00c0 Contre Courant","description":"Bienvenue \u00e0 Montr\u00e9al","potentialAction":[{"@type":"SearchAction","target":{"@type":"EntryPoint","urlTemplate":"https:\/\/acontrecourant.qc.ca\/en\/?s={search_term_string}"},"query-input":{"@type":"PropertyValueSpecification","valueRequired":true,"valueName":"search_term_string"}}],"inLanguage":"fr-CA"}]}},"_links":{"self":[{"href":"https:\/\/acontrecourant.qc.ca\/fr\/wp-json\/wp\/v2\/pages\/156\/"}],"collection":[{"href":"https:\/\/acontrecourant.qc.ca\/fr\/wp-json\/wp\/v2\/pages\/"}],"about":[{"href":"https:\/\/acontrecourant.qc.ca\/fr\/wp-json\/wp\/v2\/types\/page\/"}],"author":[{"embeddable":true,"href":"https:\/\/acontrecourant.qc.ca\/fr\/wp-json\/wp\/v2\/users\/8\/"}],"replies":[{"embeddable":true,"href":"https:\/\/acontrecourant.qc.ca\/fr\/wp-json\/wp\/v2\/comments\/?post=156"}],"version-history":[{"count":24,"href":"https:\/\/acontrecourant.qc.ca\/fr\/wp-json\/wp\/v2\/pages\/156\/revisions\/"}],"predecessor-version":[{"id":3744,"href":"https:\/\/acontrecourant.qc.ca\/fr\/wp-json\/wp\/v2\/pages\/156\/revisions\/3744\/"}],"up":[{"embeddable":true,"href":"https:\/\/acontrecourant.qc.ca\/fr\/wp-json\/wp\/v2\/pages\/2034\/"}],"wp:attachment":[{"href":"https:\/\/acontrecourant.qc.ca\/fr\/wp-json\/wp\/v2\/media\/?parent=156"}],"curies":[{"name":"wp","href":"https:\/\/api.w.org\/{rel}","templated":true}]}}