{"id":145,"date":"2013-05-15T18:44:49","date_gmt":"2013-05-15T17:44:49","guid":{"rendered":"http:\/\/acc922.wordpress.com\/?page_id=145"},"modified":"2024-01-04T04:11:02","modified_gmt":"2024-01-04T09:11:02","slug":"competitions-natations","status":"publish","type":"page","link":"https:\/\/acontrecourant.qc.ca\/fr\/zone-membres\/competitions-natations\/","title":{"rendered":"Inscription aux comp\u00e9titions de natation"},"content":{"rendered":"<p>Si vous \u00eates membre d&rsquo;ACC et souhaitez vous inscrire \u00e0 une comp\u00e9tition de natation au Qu\u00e9bec, veuillez vous conformer aux \u00e9tapes \u00e9num\u00e9r\u00e9es ci-dessous. Cela permettra \u00e0 toutes les inscriptions de l&rsquo;\u00e9quipe d&rsquo;\u00eatre envoy\u00e9es ensemble.<\/p>\n<p>Cette marche \u00e0 suivre s&rsquo;applique uniquement aux comp\u00e9titions de natation. Pour les autres sports, veuillez consulter leurs coordinateurs respectifs.<\/p>\n<h2><span style=\"font-size: 1.5em;\">Marche \u00e0 suivre pour s&rsquo;inscrire \u00e0 une comp\u00e9tition<\/span><\/h2>\n<ol>\n<li>Les nageurs d\u00e9sirant participer \u00e0 une comp\u00e9tition doivent envoyer leur s\u00e9lection d&rsquo;\u00e9preuves (avec temps d&rsquo;entr\u00e9e) \u00e0 : <a href=\"http:\/\/acontrecourant.qc.caprojets\/competitions\/\">registraire@acontrecourant.qc.ca<\/a><\/li>\n<li>Le registraire vous enverra une confirmation de votre inscription.<\/li>\n<li>Veuillez noter les frais d&rsquo;inscription aux \u00e9preuves indiqu\u00e9s dans le programme de la comp\u00e9tition et remettre votre paiement <strong>AVANT LA DATE DE COMP\u00c9TITION<\/strong>:\n<ul>\n<li>soit par <strong>ch\u00e8que,<\/strong> \u00e0 Audrey Laisney, tr\u00e9sori\u00e8re du club de natation (\u00e0 l&rsquo;ordre d&rsquo; <em>A Contre Courant ou ACC<\/em>)<\/li>\n<li>\n<div dir=\"auto\">\n<p>soit par virement <strong>Interac<\/strong>, en envoyant votre transfert Interac \u00e0 l\u2019adresse courriel <a href=\"mailto:tresorerie.natation@acontrecourant.qc.ca\" data-linkindex=\"0\">tresorerie.natation@acontrecourant.qc.ca<\/a>. Il est important de noter dans le message accompagnant le transfert la comp\u00e9tition concern\u00e9e et le nom du nageur ou de la nageuse pour qui est fait le virement.<\/p>\n<div dir=\"auto\"><em><strong>Chaque personne participant \u00e0 une comp\u00e9tition est responsable de v\u00e9rifier le montant d\u00fb en se r\u00e9f\u00e9rant au programme de celle-ci. Aucune facture n\u2019est envoy\u00e9e.<\/strong><\/em><\/div>\n<\/div>\n<\/li>\n<\/ul>\n<\/li>\n<\/ol>\n<p>Notez que c&rsquo;est ACC qui paie les inscriptions aux relais. Vous n&rsquo;avez donc pas \u00e0 vous en pr\u00e9occuper.<\/p>\n<p>Le programme des comp\u00e9titions est disponible sur le site de <a href=\"https:\/\/www.swimming.ca\/fr\/evenements-resultats\/rencontres-a-venir-en-cours\/?province=10\">Natation Canada<\/a>.<\/p>\n<p style=\"text-align: left;\" align=\"center\"><strong>Merci et bonne comp\u00e9tition!<\/strong><\/p>\n","protected":false},"excerpt":{"rendered":"<p>Si vous \u00eates membre d&rsquo;ACC et souhaitez vous inscrire \u00e0 une comp\u00e9tition de natation au Qu\u00e9bec, veuillez vous conformer aux \u00e9tapes \u00e9num\u00e9r\u00e9es ci-dessous. Cela permettra \u00e0 toutes les inscriptions de l&rsquo;\u00e9quipe d&rsquo;\u00eatre envoy\u00e9es ensemble. Cette marche \u00e0 suivre s&rsquo;applique uniquement aux comp\u00e9titions de natation. Pour les autres sports, veuillez consulter leurs coordinateurs respectifs. Marche \u00e0 [&hellip;]<\/p>\n","protected":false},"author":8,"featured_media":0,"parent":139,"menu_order":0,"comment_status":"closed","ping_status":"closed","template":"page-full-width.php","meta":{"_acf_changed":false,"footnotes":""},"class_list":["post-145","page","type-page","status-publish","hentry"],"acf":[],"yoast_head":"<!-- This site is optimized with the Yoast SEO plugin v26.3 - https:\/\/yoast.com\/wordpress\/plugins\/seo\/ -->\n<title>Inscription aux comp\u00e9titions de natation - \u00c0 Contre Courant<\/title>\n<meta name=\"robots\" content=\"index, follow, max-snippet:-1, max-image-preview:large, max-video-preview:-1\" \/>\n<link rel=\"canonical\" href=\"https:\/\/acontrecourant.qc.ca\/fr\/zone-membres\/competitions-natations\/\" \/>\n<meta name=\"twitter:label1\" content=\"Estimation du temps de lecture\" \/>\n\t<meta name=\"twitter:data1\" content=\"2 minutes\" \/>\n<script type=\"application\/ld+json\" class=\"yoast-schema-graph\">{\"@context\":\"https:\/\/schema.org\",\"@graph\":[{\"@type\":\"WebPage\",\"@id\":\"https:\/\/acontrecourant.qc.ca\/fr\/zone-membres\/competitions-natations\/\",\"url\":\"https:\/\/acontrecourant.qc.ca\/fr\/zone-membres\/competitions-natations\/\",\"name\":\"Inscription aux comp\u00e9titions de natation - \u00c0 Contre Courant\",\"isPartOf\":{\"@id\":\"https:\/\/acontrecourant.qc.ca\/en\/#website\"},\"datePublished\":\"2013-05-15T17:44:49+00:00\",\"dateModified\":\"2024-01-04T09:11:02+00:00\",\"breadcrumb\":{\"@id\":\"https:\/\/acontrecourant.qc.ca\/fr\/zone-membres\/competitions-natations\/#breadcrumb\"},\"inLanguage\":\"fr-CA\",\"potentialAction\":[{\"@type\":\"ReadAction\",\"target\":[\"https:\/\/acontrecourant.qc.ca\/fr\/zone-membres\/competitions-natations\/\"]}]},{\"@type\":\"BreadcrumbList\",\"@id\":\"https:\/\/acontrecourant.qc.ca\/fr\/zone-membres\/competitions-natations\/#breadcrumb\",\"itemListElement\":[{\"@type\":\"ListItem\",\"position\":1,\"name\":\"Pour les membres\",\"item\":\"https:\/\/acontrecourant.qc.ca\/fr\/zone-membres\/\"},{\"@type\":\"ListItem\",\"position\":2,\"name\":\"Inscription aux comp\u00e9titions de natation\"}]},{\"@type\":\"WebSite\",\"@id\":\"https:\/\/acontrecourant.qc.ca\/en\/#website\",\"url\":\"https:\/\/acontrecourant.qc.ca\/en\/\",\"name\":\"\u00c0 Contre Courant\",\"description\":\"Bienvenue \u00e0 Montr\u00e9al\",\"potentialAction\":[{\"@type\":\"SearchAction\",\"target\":{\"@type\":\"EntryPoint\",\"urlTemplate\":\"https:\/\/acontrecourant.qc.ca\/en\/?s={search_term_string}\"},\"query-input\":{\"@type\":\"PropertyValueSpecification\",\"valueRequired\":true,\"valueName\":\"search_term_string\"}}],\"inLanguage\":\"fr-CA\"}]}<\/script>\n<!-- \/ Yoast SEO plugin. -->","yoast_head_json":{"title":"Inscription aux comp\u00e9titions de natation - \u00c0 Contre Courant","robots":{"index":"index","follow":"follow","max-snippet":"max-snippet:-1","max-image-preview":"max-image-preview:large","max-video-preview":"max-video-preview:-1"},"canonical":"https:\/\/acontrecourant.qc.ca\/fr\/zone-membres\/competitions-natations\/","twitter_misc":{"Estimation du temps de lecture":"2 minutes"},"schema":{"@context":"https:\/\/schema.org","@graph":[{"@type":"WebPage","@id":"https:\/\/acontrecourant.qc.ca\/fr\/zone-membres\/competitions-natations\/","url":"https:\/\/acontrecourant.qc.ca\/fr\/zone-membres\/competitions-natations\/","name":"Inscription aux comp\u00e9titions de natation - \u00c0 Contre Courant","isPartOf":{"@id":"https:\/\/acontrecourant.qc.ca\/en\/#website"},"datePublished":"2013-05-15T17:44:49+00:00","dateModified":"2024-01-04T09:11:02+00:00","breadcrumb":{"@id":"https:\/\/acontrecourant.qc.ca\/fr\/zone-membres\/competitions-natations\/#breadcrumb"},"inLanguage":"fr-CA","potentialAction":[{"@type":"ReadAction","target":["https:\/\/acontrecourant.qc.ca\/fr\/zone-membres\/competitions-natations\/"]}]},{"@type":"BreadcrumbList","@id":"https:\/\/acontrecourant.qc.ca\/fr\/zone-membres\/competitions-natations\/#breadcrumb","itemListElement":[{"@type":"ListItem","position":1,"name":"Pour les membres","item":"https:\/\/acontrecourant.qc.ca\/fr\/zone-membres\/"},{"@type":"ListItem","position":2,"name":"Inscription aux comp\u00e9titions de natation"}]},{"@type":"WebSite","@id":"https:\/\/acontrecourant.qc.ca\/en\/#website","url":"https:\/\/acontrecourant.qc.ca\/en\/","name":"\u00c0 Contre Courant","description":"Bienvenue \u00e0 Montr\u00e9al","potentialAction":[{"@type":"SearchAction","target":{"@type":"EntryPoint","urlTemplate":"https:\/\/acontrecourant.qc.ca\/en\/?s={search_term_string}"},"query-input":{"@type":"PropertyValueSpecification","valueRequired":true,"valueName":"search_term_string"}}],"inLanguage":"fr-CA"}]}},"_links":{"self":[{"href":"https:\/\/acontrecourant.qc.ca\/fr\/wp-json\/wp\/v2\/pages\/145\/"}],"collection":[{"href":"https:\/\/acontrecourant.qc.ca\/fr\/wp-json\/wp\/v2\/pages\/"}],"about":[{"href":"https:\/\/acontrecourant.qc.ca\/fr\/wp-json\/wp\/v2\/types\/page\/"}],"author":[{"embeddable":true,"href":"https:\/\/acontrecourant.qc.ca\/fr\/wp-json\/wp\/v2\/users\/8\/"}],"replies":[{"embeddable":true,"href":"https:\/\/acontrecourant.qc.ca\/fr\/wp-json\/wp\/v2\/comments\/?post=145"}],"version-history":[{"count":15,"href":"https:\/\/acontrecourant.qc.ca\/fr\/wp-json\/wp\/v2\/pages\/145\/revisions\/"}],"predecessor-version":[{"id":4602,"href":"https:\/\/acontrecourant.qc.ca\/fr\/wp-json\/wp\/v2\/pages\/145\/revisions\/4602\/"}],"up":[{"embeddable":true,"href":"https:\/\/acontrecourant.qc.ca\/fr\/wp-json\/wp\/v2\/pages\/139\/"}],"wp:attachment":[{"href":"https:\/\/acontrecourant.qc.ca\/fr\/wp-json\/wp\/v2\/media\/?parent=145"}],"curies":[{"name":"wp","href":"https:\/\/api.w.org\/{rel}","templated":true}]}}