{"id":143,"date":"2013-05-15T18:42:54","date_gmt":"2013-05-15T17:42:54","guid":{"rendered":"http:\/\/acc922.wordpress.com\/?page_id=143"},"modified":"2013-09-24T15:44:55","modified_gmt":"2013-09-24T19:44:55","slug":"records","status":"publish","type":"page","link":"https:\/\/acontrecourant.qc.ca\/fr\/zone-membres\/records\/","title":{"rendered":"Records du club"},"content":{"rendered":"<h2>Natation<\/h2>\n<p><a href=\"http:\/\/spreadsheets.google.com\/lv?key=t5gP6u1Qkks0Kwnm_1tk9aw&amp;type=view&amp;hl=fr&amp;rowsperpage=500\" target=\"tableau\">Femmes<\/a> <a class=\"lien-externe\" href=\"http:\/\/spreadsheets.google.com\/pub?key=t5gP6u1Qkks0Kwnm_1tk9aw&amp;output=html\" target=\"_blank\">[Imprimer ]<\/a>\u00a0&#8211; <a href=\"http:\/\/spreadsheets.google.com\/lv?key=tO35z3n9wFJIMiHUTbPlRIw&amp;type=view&amp;hl=fr&amp;rowsperpage=500\" target=\"tableau\">Hommes<\/a> <a class=\"lien-externe\" href=\"http:\/\/spreadsheets.google.com\/pub?key=tO35z3n9wFJIMiHUTbPlRIw&amp;output=html\" target=\"_blank\">[Imprimer ]<\/a>\u00a0&#8211; <a href=\"http:\/\/spreadsheets.google.com\/lv?key=tHmooh6XFcNru27VtRdzP9g&amp;type=view&amp;hl=fr&amp;rowsperpage=500\" target=\"tableau\">Relais<\/a> <a class=\"lien-externe\" href=\"http:\/\/spreadsheets.google.com\/pub?key=tHmooh6XFcNru27VtRdzP9g&amp;output=html\" target=\"_blank\">[Imprimer ]<\/a> \u00a0&#8211; <a class=\"lien-externe\" href=\"http:\/\/spreadsheets.google.com\/ccc?key=0AmUOsIicPwd4dEZ3bHF4aDBacDBhMzdVRkNOQnJHalE&amp;hl=fr\" target=\"_blank\">Afficher la feuille de cacul au complet dans une nouvelle fen\u00eatre <\/a><\/p>\n<p><iframe loading=\"lazy\" name=\"tableau\" src=\"http:\/\/acontrecourant.qc.ca\/wp-content\/uploads\/htm\/instructions-records-fr.htm\" height=\"700\" width=\"100%\" frameborder=\"0\"><\/iframe><\/p>\n","protected":false},"excerpt":{"rendered":"<p>Natation Femmes [Imprimer ]\u00a0&#8211; Hommes [Imprimer ]\u00a0&#8211; Relais [Imprimer ] \u00a0&#8211; Afficher la feuille de cacul au complet dans une nouvelle fen\u00eatre<\/p>\n","protected":false},"author":8,"featured_media":0,"parent":139,"menu_order":0,"comment_status":"closed","ping_status":"closed","template":"page-full-width.php","meta":{"_acf_changed":false,"footnotes":""},"class_list":["post-143","page","type-page","status-publish","hentry"],"acf":[],"yoast_head":"<!-- This site is optimized with the Yoast SEO plugin v26.3 - https:\/\/yoast.com\/wordpress\/plugins\/seo\/ -->\n<title>Records du club - \u00c0 Contre Courant<\/title>\n<meta name=\"robots\" content=\"index, follow, max-snippet:-1, max-image-preview:large, max-video-preview:-1\" \/>\n<link rel=\"canonical\" href=\"https:\/\/acontrecourant.qc.ca\/fr\/zone-membres\/records\/\" \/>\n<script type=\"application\/ld+json\" class=\"yoast-schema-graph\">{\"@context\":\"https:\/\/schema.org\",\"@graph\":[{\"@type\":\"WebPage\",\"@id\":\"https:\/\/acontrecourant.qc.ca\/fr\/zone-membres\/records\/\",\"url\":\"https:\/\/acontrecourant.qc.ca\/fr\/zone-membres\/records\/\",\"name\":\"Records du club - \u00c0 Contre Courant\",\"isPartOf\":{\"@id\":\"https:\/\/acontrecourant.qc.ca\/en\/#website\"},\"datePublished\":\"2013-05-15T17:42:54+00:00\",\"dateModified\":\"2013-09-24T19:44:55+00:00\",\"breadcrumb\":{\"@id\":\"https:\/\/acontrecourant.qc.ca\/fr\/zone-membres\/records\/#breadcrumb\"},\"inLanguage\":\"fr-CA\",\"potentialAction\":[{\"@type\":\"ReadAction\",\"target\":[\"https:\/\/acontrecourant.qc.ca\/fr\/zone-membres\/records\/\"]}]},{\"@type\":\"BreadcrumbList\",\"@id\":\"https:\/\/acontrecourant.qc.ca\/fr\/zone-membres\/records\/#breadcrumb\",\"itemListElement\":[{\"@type\":\"ListItem\",\"position\":1,\"name\":\"Pour les membres\",\"item\":\"https:\/\/acontrecourant.qc.ca\/fr\/zone-membres\/\"},{\"@type\":\"ListItem\",\"position\":2,\"name\":\"Records du club\"}]},{\"@type\":\"WebSite\",\"@id\":\"https:\/\/acontrecourant.qc.ca\/en\/#website\",\"url\":\"https:\/\/acontrecourant.qc.ca\/en\/\",\"name\":\"\u00c0 Contre Courant\",\"description\":\"Bienvenue \u00e0 Montr\u00e9al\",\"potentialAction\":[{\"@type\":\"SearchAction\",\"target\":{\"@type\":\"EntryPoint\",\"urlTemplate\":\"https:\/\/acontrecourant.qc.ca\/en\/?s={search_term_string}\"},\"query-input\":{\"@type\":\"PropertyValueSpecification\",\"valueRequired\":true,\"valueName\":\"search_term_string\"}}],\"inLanguage\":\"fr-CA\"}]}<\/script>\n<!-- \/ Yoast SEO plugin. -->","yoast_head_json":{"title":"Records du club - \u00c0 Contre Courant","robots":{"index":"index","follow":"follow","max-snippet":"max-snippet:-1","max-image-preview":"max-image-preview:large","max-video-preview":"max-video-preview:-1"},"canonical":"https:\/\/acontrecourant.qc.ca\/fr\/zone-membres\/records\/","schema":{"@context":"https:\/\/schema.org","@graph":[{"@type":"WebPage","@id":"https:\/\/acontrecourant.qc.ca\/fr\/zone-membres\/records\/","url":"https:\/\/acontrecourant.qc.ca\/fr\/zone-membres\/records\/","name":"Records du club - \u00c0 Contre Courant","isPartOf":{"@id":"https:\/\/acontrecourant.qc.ca\/en\/#website"},"datePublished":"2013-05-15T17:42:54+00:00","dateModified":"2013-09-24T19:44:55+00:00","breadcrumb":{"@id":"https:\/\/acontrecourant.qc.ca\/fr\/zone-membres\/records\/#breadcrumb"},"inLanguage":"fr-CA","potentialAction":[{"@type":"ReadAction","target":["https:\/\/acontrecourant.qc.ca\/fr\/zone-membres\/records\/"]}]},{"@type":"BreadcrumbList","@id":"https:\/\/acontrecourant.qc.ca\/fr\/zone-membres\/records\/#breadcrumb","itemListElement":[{"@type":"ListItem","position":1,"name":"Pour les membres","item":"https:\/\/acontrecourant.qc.ca\/fr\/zone-membres\/"},{"@type":"ListItem","position":2,"name":"Records du club"}]},{"@type":"WebSite","@id":"https:\/\/acontrecourant.qc.ca\/en\/#website","url":"https:\/\/acontrecourant.qc.ca\/en\/","name":"\u00c0 Contre Courant","description":"Bienvenue \u00e0 Montr\u00e9al","potentialAction":[{"@type":"SearchAction","target":{"@type":"EntryPoint","urlTemplate":"https:\/\/acontrecourant.qc.ca\/en\/?s={search_term_string}"},"query-input":{"@type":"PropertyValueSpecification","valueRequired":true,"valueName":"search_term_string"}}],"inLanguage":"fr-CA"}]}},"_links":{"self":[{"href":"https:\/\/acontrecourant.qc.ca\/fr\/wp-json\/wp\/v2\/pages\/143\/"}],"collection":[{"href":"https:\/\/acontrecourant.qc.ca\/fr\/wp-json\/wp\/v2\/pages\/"}],"about":[{"href":"https:\/\/acontrecourant.qc.ca\/fr\/wp-json\/wp\/v2\/types\/page\/"}],"author":[{"embeddable":true,"href":"https:\/\/acontrecourant.qc.ca\/fr\/wp-json\/wp\/v2\/users\/8\/"}],"replies":[{"embeddable":true,"href":"https:\/\/acontrecourant.qc.ca\/fr\/wp-json\/wp\/v2\/comments\/?post=143"}],"version-history":[{"count":8,"href":"https:\/\/acontrecourant.qc.ca\/fr\/wp-json\/wp\/v2\/pages\/143\/revisions\/"}],"predecessor-version":[{"id":976,"href":"https:\/\/acontrecourant.qc.ca\/fr\/wp-json\/wp\/v2\/pages\/143\/revisions\/976\/"}],"up":[{"embeddable":true,"href":"https:\/\/acontrecourant.qc.ca\/fr\/wp-json\/wp\/v2\/pages\/139\/"}],"wp:attachment":[{"href":"https:\/\/acontrecourant.qc.ca\/fr\/wp-json\/wp\/v2\/media\/?parent=143"}],"curies":[{"name":"wp","href":"https:\/\/api.w.org\/{rel}","templated":true}]}}