{"id":1235,"date":"2014-04-03T22:51:25","date_gmt":"2014-04-04T02:51:25","guid":{"rendered":"http:\/\/acontrecourant.qc.ca\/?page_id=1235"},"modified":"2025-11-15T10:27:35","modified_gmt":"2025-11-15T15:27:35","slug":"inscription-infolettre","status":"publish","type":"page","link":"https:\/\/acontrecourant.qc.ca\/fr\/zone-membres\/inscription-infolettre\/","title":{"rendered":"Recevoir l\u2019eAU COURANTe"},"content":{"rendered":"<p>L\u2019eAU COURANTe est le titre de notre infolettre, qui est d\u00e9sormais envoy\u00e9e par le courrielleur <a class=\"lien-externe\" href=\"http:\/\/mailchimp.com\/\">MailChimp<\/a>. Elle para\u00eet une fois par semaine, en g\u00e9n\u00e9ral le jeudi soir. Des num\u00e9ros sp\u00e9ciaux paraissent aussi \u00e0 l\u2019occasion, lorsqu\u2019il y a lieu de communiquer d\u2019urgence une information importante \u00e0 nos membres (par exemple, une fermeture impr\u00e9vue de la piscine). Pour vous abonner \u00e0 l\u2019infolettre, veuillez remplir le formulaire ci-dessous. Si vous changez d\u2019adresse courriel par la suite, vous n\u2019aurez qu\u2019\u00e0 remplir le formulaire avec votre ancienne adresse courriel et MailChimp vous proposera de mettre \u00e0 jour votre profil.<\/p>\n<p>Attention! Les premiers envois de MailChimp pourraient aboutir dans votre bo\u00eete de pourriels\u2026<\/p>\n<script>(function() {\n\twindow.mc4wp = window.mc4wp || {\n\t\tlisteners: [],\n\t\tforms: {\n\t\t\ton: function(evt, cb) {\n\t\t\t\twindow.mc4wp.listeners.push(\n\t\t\t\t\t{\n\t\t\t\t\t\tevent   : evt,\n\t\t\t\t\t\tcallback: cb\n\t\t\t\t\t}\n\t\t\t\t);\n\t\t\t}\n\t\t}\n\t}\n})();\n<\/script><!-- Mailchimp for WordPress v4.10.8 - https:\/\/wordpress.org\/plugins\/mailchimp-for-wp\/ --><form id=\"mc4wp-form-1\" class=\"mc4wp-form mc4wp-form-4796 mc4wp-form-theme mc4wp-form-theme-light\" method=\"post\" data-id=\"4796\" data-name=\"Inscription\" ><div class=\"mc4wp-form-fields\"><p>\r\n    <label>Adresse courriel \/ Email Address<\/label>\r\n    <input type=\"email\" name=\"EMAIL\" placeholder=\"Votre adresse courriel\"\r\n    required=\"\">\r\n<\/p>\r\n\r\n<p>\r\n    <label>Pr\u00e9nom \/ First Name<\/label>\r\n    <input type=\"text\" name=\"FNAME\">\r\n<\/p>\r\n<p>\r\n    <label>Nom \/ Last Name<\/label>\r\n    <input type=\"text\" name=\"LNAME\">\r\n<\/p>\r\n<p>\r\n    <label>Liste \/ List<\/label>\r\n    <label style=\"display:flex;\">\r\n        <input type=\"checkbox\" name=\"INTERESTS[fd05dc373a][]\" value=\"252f4124b4\"> <span>Water-polo<\/span>\r\n    <\/label>\r\n    <label style=\"display:flex;\">\r\n        <input type=\"checkbox\" name=\"INTERESTS[fd05dc373a][]\" value=\"7738574c89\"> <span>Natation \/ Swimming<\/span>\r\n    <\/label>\r\n<\/p>\r\n\r\n<mc4wp-procaptcha class=\"mc4wp-procaptcha\" style=\"display: block;\"><div class=\"mc4wp-procaptcha__captcha\"><\/div><p class=\"mc4wp-procaptcha__validation-error\" style=\"visibility: hidden;color:red;line-height:1;font-size: 12px;padding: 7px 0 10px 10px;margin:0;\">Please verify that you are human.<\/p><\/mc4wp-procaptcha>\r\n\r\n<p>\r\n\t<input type=\"submit\" value=\"S'inscrire \/ Sign Up\">\r\n<\/p><\/div><label style=\"display: none !important;\">Leave this field empty if you're human: <input type=\"text\" name=\"_mc4wp_honeypot\" value=\"\" tabindex=\"-1\" autocomplete=\"off\" \/><\/label><input type=\"hidden\" name=\"_mc4wp_timestamp\" value=\"1776759386\" \/><input type=\"hidden\" name=\"_mc4wp_form_id\" value=\"4796\" \/><input type=\"hidden\" name=\"_mc4wp_form_element_id\" value=\"mc4wp-form-1\" \/><div class=\"mc4wp-response\"><\/div><\/form><!-- \/ Mailchimp for WordPress Plugin -->\n","protected":false},"excerpt":{"rendered":"<p>L\u2019eAU COURANTe est le titre de notre infolettre, qui est d\u00e9sormais envoy\u00e9e par le courrielleur MailChimp. Elle para\u00eet une fois par semaine, en g\u00e9n\u00e9ral le jeudi soir. Des num\u00e9ros sp\u00e9ciaux paraissent aussi \u00e0 l\u2019occasion, lorsqu\u2019il y a lieu de communiquer d\u2019urgence une information importante \u00e0 nos membres (par exemple, une fermeture impr\u00e9vue de la piscine). [&hellip;]<\/p>\n","protected":false},"author":4,"featured_media":0,"parent":139,"menu_order":0,"comment_status":"closed","ping_status":"closed","template":"page-full-width.php","meta":{"_acf_changed":false,"footnotes":""},"class_list":["post-1235","page","type-page","status-publish","hentry"],"acf":[],"yoast_head":"<!-- This site is optimized with the Yoast SEO plugin v26.3 - https:\/\/yoast.com\/wordpress\/plugins\/seo\/ -->\n<title>Recevoir l\u2019eAU COURANTe - \u00c0 Contre Courant<\/title>\n<meta name=\"robots\" content=\"index, follow, max-snippet:-1, max-image-preview:large, max-video-preview:-1\" \/>\n<link rel=\"canonical\" href=\"https:\/\/acontrecourant.qc.ca\/fr\/zone-membres\/inscription-infolettre\/\" \/>\n<meta name=\"twitter:label1\" content=\"Estimation du temps de lecture\" \/>\n\t<meta name=\"twitter:data1\" content=\"1 minute\" \/>\n<script type=\"application\/ld+json\" class=\"yoast-schema-graph\">{\"@context\":\"https:\/\/schema.org\",\"@graph\":[{\"@type\":\"WebPage\",\"@id\":\"https:\/\/acontrecourant.qc.ca\/fr\/zone-membres\/inscription-infolettre\/\",\"url\":\"https:\/\/acontrecourant.qc.ca\/fr\/zone-membres\/inscription-infolettre\/\",\"name\":\"Recevoir l\u2019eAU COURANTe - \u00c0 Contre Courant\",\"isPartOf\":{\"@id\":\"https:\/\/acontrecourant.qc.ca\/en\/#website\"},\"datePublished\":\"2014-04-04T02:51:25+00:00\",\"dateModified\":\"2025-11-15T15:27:35+00:00\",\"breadcrumb\":{\"@id\":\"https:\/\/acontrecourant.qc.ca\/fr\/zone-membres\/inscription-infolettre\/#breadcrumb\"},\"inLanguage\":\"fr-CA\",\"potentialAction\":[{\"@type\":\"ReadAction\",\"target\":[\"https:\/\/acontrecourant.qc.ca\/fr\/zone-membres\/inscription-infolettre\/\"]}]},{\"@type\":\"BreadcrumbList\",\"@id\":\"https:\/\/acontrecourant.qc.ca\/fr\/zone-membres\/inscription-infolettre\/#breadcrumb\",\"itemListElement\":[{\"@type\":\"ListItem\",\"position\":1,\"name\":\"Pour les membres\",\"item\":\"https:\/\/acontrecourant.qc.ca\/fr\/zone-membres\/\"},{\"@type\":\"ListItem\",\"position\":2,\"name\":\"Recevoir l\u2019eAU COURANTe\"}]},{\"@type\":\"WebSite\",\"@id\":\"https:\/\/acontrecourant.qc.ca\/en\/#website\",\"url\":\"https:\/\/acontrecourant.qc.ca\/en\/\",\"name\":\"\u00c0 Contre Courant\",\"description\":\"Bienvenue \u00e0 Montr\u00e9al\",\"potentialAction\":[{\"@type\":\"SearchAction\",\"target\":{\"@type\":\"EntryPoint\",\"urlTemplate\":\"https:\/\/acontrecourant.qc.ca\/en\/?s={search_term_string}\"},\"query-input\":{\"@type\":\"PropertyValueSpecification\",\"valueRequired\":true,\"valueName\":\"search_term_string\"}}],\"inLanguage\":\"fr-CA\"}]}<\/script>\n<!-- \/ Yoast SEO plugin. -->","yoast_head_json":{"title":"Recevoir l\u2019eAU COURANTe - \u00c0 Contre Courant","robots":{"index":"index","follow":"follow","max-snippet":"max-snippet:-1","max-image-preview":"max-image-preview:large","max-video-preview":"max-video-preview:-1"},"canonical":"https:\/\/acontrecourant.qc.ca\/fr\/zone-membres\/inscription-infolettre\/","twitter_misc":{"Estimation du temps de lecture":"1 minute"},"schema":{"@context":"https:\/\/schema.org","@graph":[{"@type":"WebPage","@id":"https:\/\/acontrecourant.qc.ca\/fr\/zone-membres\/inscription-infolettre\/","url":"https:\/\/acontrecourant.qc.ca\/fr\/zone-membres\/inscription-infolettre\/","name":"Recevoir l\u2019eAU COURANTe - \u00c0 Contre Courant","isPartOf":{"@id":"https:\/\/acontrecourant.qc.ca\/en\/#website"},"datePublished":"2014-04-04T02:51:25+00:00","dateModified":"2025-11-15T15:27:35+00:00","breadcrumb":{"@id":"https:\/\/acontrecourant.qc.ca\/fr\/zone-membres\/inscription-infolettre\/#breadcrumb"},"inLanguage":"fr-CA","potentialAction":[{"@type":"ReadAction","target":["https:\/\/acontrecourant.qc.ca\/fr\/zone-membres\/inscription-infolettre\/"]}]},{"@type":"BreadcrumbList","@id":"https:\/\/acontrecourant.qc.ca\/fr\/zone-membres\/inscription-infolettre\/#breadcrumb","itemListElement":[{"@type":"ListItem","position":1,"name":"Pour les membres","item":"https:\/\/acontrecourant.qc.ca\/fr\/zone-membres\/"},{"@type":"ListItem","position":2,"name":"Recevoir l\u2019eAU COURANTe"}]},{"@type":"WebSite","@id":"https:\/\/acontrecourant.qc.ca\/en\/#website","url":"https:\/\/acontrecourant.qc.ca\/en\/","name":"\u00c0 Contre Courant","description":"Bienvenue \u00e0 Montr\u00e9al","potentialAction":[{"@type":"SearchAction","target":{"@type":"EntryPoint","urlTemplate":"https:\/\/acontrecourant.qc.ca\/en\/?s={search_term_string}"},"query-input":{"@type":"PropertyValueSpecification","valueRequired":true,"valueName":"search_term_string"}}],"inLanguage":"fr-CA"}]}},"_links":{"self":[{"href":"https:\/\/acontrecourant.qc.ca\/fr\/wp-json\/wp\/v2\/pages\/1235\/"}],"collection":[{"href":"https:\/\/acontrecourant.qc.ca\/fr\/wp-json\/wp\/v2\/pages\/"}],"about":[{"href":"https:\/\/acontrecourant.qc.ca\/fr\/wp-json\/wp\/v2\/types\/page\/"}],"author":[{"embeddable":true,"href":"https:\/\/acontrecourant.qc.ca\/fr\/wp-json\/wp\/v2\/users\/4\/"}],"replies":[{"embeddable":true,"href":"https:\/\/acontrecourant.qc.ca\/fr\/wp-json\/wp\/v2\/comments\/?post=1235"}],"version-history":[{"count":13,"href":"https:\/\/acontrecourant.qc.ca\/fr\/wp-json\/wp\/v2\/pages\/1235\/revisions\/"}],"predecessor-version":[{"id":4798,"href":"https:\/\/acontrecourant.qc.ca\/fr\/wp-json\/wp\/v2\/pages\/1235\/revisions\/4798\/"}],"up":[{"embeddable":true,"href":"https:\/\/acontrecourant.qc.ca\/fr\/wp-json\/wp\/v2\/pages\/139\/"}],"wp:attachment":[{"href":"https:\/\/acontrecourant.qc.ca\/fr\/wp-json\/wp\/v2\/media\/?parent=1235"}],"curies":[{"name":"wp","href":"https:\/\/api.w.org\/{rel}","templated":true}]}}