{"id":107,"date":"2013-05-13T15:42:01","date_gmt":"2013-05-13T19:42:01","guid":{"rendered":"http:\/\/acc922.wordpress.com\/?page_id=107"},"modified":"2026-01-16T15:51:47","modified_gmt":"2026-01-16T20:51:47","slug":"accueil","status":"publish","type":"page","link":"https:\/\/acontrecourant.qc.ca\/fr\/","title":{"rendered":"Accueil"},"content":{"rendered":"<div class=\"rangee-accueil\">\n<div class=\"block-accueil\"><div class=\"content_block\" id=\"custom_post_widget-747\"><h2><a title=\"Informations\" href=\"http:\/\/acontrecourant.qc.ca\/informations\/\">Qui sommes-nous?<\/a><\/h2>\n<p><img loading=\"lazy\" decoding=\"async\" class=\"alignleft size-full wp-image-914\" src=\"http:\/\/acontrecourant.qc.ca\/wp-content\/uploads\/png\/qui.png\" alt=\"qui\" width=\"80\" height=\"60\" \/>\u00c0 Contre-Courant (MACC) est un club aquatique inclusif bas\u00e9 \u00e0 Montr\u00e9al, ouvert \u00e0 toutes et tous sans discrimination. Outre la natation, il offre \u00e9galement \u00e0 ses membres la possibilit\u00e9 de pratiquer le water-polo. La participation \u00e0 ces activit\u00e9s est ouverte \u00e0 tout adulte, sans distinction d\u2019\u00e2ge, de sexe, d\u2019orientation sexuelle ou de niveau de performance sportive.<\/p>\n<\/div><\/div>\n<div class=\"block-accueil\"><div class=\"content_block\" id=\"custom_post_widget-762\"><h2><a title=\"Horaires et piscines\" href=\"http:\/\/acontrecourant.qc.ca\/informations\/horaires\/\">Horaires et piscines<\/a><\/h2>\n<p><img loading=\"lazy\" decoding=\"async\" class=\"alignleft size-full wp-image-913\" alt=\"calendrier\" src=\"http:\/\/acontrecourant.qc.ca\/wp-content\/uploads\/png\/calendrier.png\" width=\"80\" height=\"60\" \/>Toutes les s\u00e9ances d&rsquo;entra\u00eenement d&rsquo;\u00c0 Contre-Courant ont normalement lieu \u00e0 la piscine du C\u00e9gep du Vieux-Montr\u00e9al, au <a class=\"lien-externe\" href=\"http:\/\/bit.ly\/Zsk7J\">255, rue Ontario Est<\/a> (coin Sanguinet), \u00e0 Montr\u00e9al (m\u00e9tro Sherbrooke ou Berri-UQAM).<\/p>\n<\/div><\/div>\n<\/div>\n<div class=\"rangee-accueil\">\n<div class=\"block-accueil\"><div class=\"content_block\" id=\"custom_post_widget-759\"><h2><a title=\"Devenir membre d\u2019ACC\" href=\"http:\/\/acontrecourant.qc.ca\/informations\/adhesion\/\">Devenir membre<\/a><\/h2>\n<p><img loading=\"lazy\" decoding=\"async\" class=\"alignleft size-full wp-image-916\" src=\"http:\/\/acontrecourant.qc.ca\/wp-content\/uploads\/png\/adhesion.png\" alt=\"adhesion\" width=\"80\" height=\"60\" \/>Pas besoin d&rsquo;\u00eatre un champion ou une championne pour participer aux s\u00e9ances d&rsquo;entra\u00eenement d&rsquo;\u00c0 Contre-Courant\u00a0: <strong>tous les niveaux de performance<\/strong> y sont repr\u00e9sent\u00e9s. L&rsquo;ann\u00e9e est divis\u00e9e en trois sessions (automne, hiver, \u00e9t\u00e9), mais on peut commencer en tout temps. De plus, les tarifs d&rsquo;abonnement sont des plus <strong>concurrentiels<\/strong>.<\/p>\n<\/div><\/div>\n<div class=\"block-accueil\"><div class=\"content_block\" id=\"custom_post_widget-778\"><h2>De passage \u00e0 Montr\u00e9al?<\/h2>\n<p><img loading=\"lazy\" decoding=\"async\" class=\"alignleft size-full wp-image-912\" src=\"http:\/\/acontrecourant.qc.ca\/wp-content\/uploads\/png\/visite.png\" alt=\"visite\" width=\"80\" height=\"60\" \/>Tu es de passage \u00e0 Montr\u00e9al, pour quelques jours ou pour une p\u00e9riode plus longue, et tu ne veux pas interrompre ton entra\u00eenement de natation? Pourquoi alors ne pas venir nager avec nous! <a href=\"http:\/\/acontrecourant.qc.ca\/informations\/adhesion\/\">Suite&#8230;<\/a><\/p>\n<\/div><\/div>\n<\/div>\n<div class=\"rangee-accueil\">\n<div class=\"block-accueil\"><div class=\"content_block\" id=\"custom_post_widget-4814\"><h2>Coupe de Montr\u00e9al<\/h2>\n<p><img loading=\"lazy\" decoding=\"async\" class=\"alignleft size-full wp-image-912\" src=\"http:\/\/acontrecourant.qc.ca\/wp-content\/uploads\/png\/coupe.png\" alt=\"visite\" width=\"80\" height=\"60\" \/><\/p>\n<p>L&rsquo;invitation officielle pour la 30e Coupe de Montr\u00e9al est maintenant disponible en ligne! Visitez la site de la <a href=\"http:\/\/coupe.acontrecourant.qc.ca\/\" target=\"_blank\">Coupe de Montr\u00e9al<\/a>. Vous pouvez \u00e9galement t\u00e9l\u00e9charger le document en format PDF aupr\u00e8s de Natation Canada.<\/p>\n<p><a href=\"http:\/\/coupe.acontrecourant.qc.ca\/\">Suite&#8230;<\/a><\/p>\n<\/div><\/div>\n<\/div>\n","protected":false},"excerpt":{"rendered":"","protected":false},"author":8,"featured_media":0,"parent":0,"menu_order":0,"comment_status":"closed","ping_status":"closed","template":"page-full-width.php","meta":{"_acf_changed":false,"footnotes":""},"class_list":["post-107","page","type-page","status-publish","hentry"],"acf":[],"yoast_head":"<!-- This site is optimized with the Yoast SEO plugin v26.3 - https:\/\/yoast.com\/wordpress\/plugins\/seo\/ -->\n<title>Club de ma\u00eetres nageurs \u00e0 Montr\u00e9al - natation et water-polo | \u00c0 Contre-Courant<\/title>\n<meta name=\"robots\" content=\"index, follow, max-snippet:-1, max-image-preview:large, max-video-preview:-1\" \/>\n<link rel=\"canonical\" href=\"https:\/\/acontrecourant.qc.ca\/fr\/\" \/>\n<meta name=\"twitter:label1\" content=\"Estimation du temps de lecture\" \/>\n\t<meta name=\"twitter:data1\" content=\"1 minute\" \/>\n<script type=\"application\/ld+json\" class=\"yoast-schema-graph\">{\"@context\":\"https:\/\/schema.org\",\"@graph\":[{\"@type\":\"WebPage\",\"@id\":\"https:\/\/acontrecourant.qc.ca\/fr\/\",\"url\":\"https:\/\/acontrecourant.qc.ca\/fr\/\",\"name\":\"Club de ma\u00eetres nageurs \u00e0 Montr\u00e9al - natation et water-polo | \u00c0 Contre-Courant\",\"isPartOf\":{\"@id\":\"https:\/\/acontrecourant.qc.ca\/en\/#website\"},\"datePublished\":\"2013-05-13T19:42:01+00:00\",\"dateModified\":\"2026-01-16T20:51:47+00:00\",\"inLanguage\":\"fr-CA\",\"potentialAction\":[{\"@type\":\"ReadAction\",\"target\":[\"https:\/\/acontrecourant.qc.ca\/fr\/\"]}]},{\"@type\":\"WebSite\",\"@id\":\"https:\/\/acontrecourant.qc.ca\/en\/#website\",\"url\":\"https:\/\/acontrecourant.qc.ca\/en\/\",\"name\":\"\u00c0 Contre Courant\",\"description\":\"Bienvenue \u00e0 Montr\u00e9al\",\"potentialAction\":[{\"@type\":\"SearchAction\",\"target\":{\"@type\":\"EntryPoint\",\"urlTemplate\":\"https:\/\/acontrecourant.qc.ca\/en\/?s={search_term_string}\"},\"query-input\":{\"@type\":\"PropertyValueSpecification\",\"valueRequired\":true,\"valueName\":\"search_term_string\"}}],\"inLanguage\":\"fr-CA\"}]}<\/script>\n<!-- \/ Yoast SEO plugin. -->","yoast_head_json":{"title":"Club de ma\u00eetres nageurs \u00e0 Montr\u00e9al - natation et water-polo | \u00c0 Contre-Courant","robots":{"index":"index","follow":"follow","max-snippet":"max-snippet:-1","max-image-preview":"max-image-preview:large","max-video-preview":"max-video-preview:-1"},"canonical":"https:\/\/acontrecourant.qc.ca\/fr\/","twitter_misc":{"Estimation du temps de lecture":"1 minute"},"schema":{"@context":"https:\/\/schema.org","@graph":[{"@type":"WebPage","@id":"https:\/\/acontrecourant.qc.ca\/fr\/","url":"https:\/\/acontrecourant.qc.ca\/fr\/","name":"Club de ma\u00eetres nageurs \u00e0 Montr\u00e9al - natation et water-polo | \u00c0 Contre-Courant","isPartOf":{"@id":"https:\/\/acontrecourant.qc.ca\/en\/#website"},"datePublished":"2013-05-13T19:42:01+00:00","dateModified":"2026-01-16T20:51:47+00:00","inLanguage":"fr-CA","potentialAction":[{"@type":"ReadAction","target":["https:\/\/acontrecourant.qc.ca\/fr\/"]}]},{"@type":"WebSite","@id":"https:\/\/acontrecourant.qc.ca\/en\/#website","url":"https:\/\/acontrecourant.qc.ca\/en\/","name":"\u00c0 Contre Courant","description":"Bienvenue \u00e0 Montr\u00e9al","potentialAction":[{"@type":"SearchAction","target":{"@type":"EntryPoint","urlTemplate":"https:\/\/acontrecourant.qc.ca\/en\/?s={search_term_string}"},"query-input":{"@type":"PropertyValueSpecification","valueRequired":true,"valueName":"search_term_string"}}],"inLanguage":"fr-CA"}]}},"_links":{"self":[{"href":"https:\/\/acontrecourant.qc.ca\/fr\/wp-json\/wp\/v2\/pages\/107\/"}],"collection":[{"href":"https:\/\/acontrecourant.qc.ca\/fr\/wp-json\/wp\/v2\/pages\/"}],"about":[{"href":"https:\/\/acontrecourant.qc.ca\/fr\/wp-json\/wp\/v2\/types\/page\/"}],"author":[{"embeddable":true,"href":"https:\/\/acontrecourant.qc.ca\/fr\/wp-json\/wp\/v2\/users\/8\/"}],"replies":[{"embeddable":true,"href":"https:\/\/acontrecourant.qc.ca\/fr\/wp-json\/wp\/v2\/comments\/?post=107"}],"version-history":[{"count":53,"href":"https:\/\/acontrecourant.qc.ca\/fr\/wp-json\/wp\/v2\/pages\/107\/revisions\/"}],"predecessor-version":[{"id":4824,"href":"https:\/\/acontrecourant.qc.ca\/fr\/wp-json\/wp\/v2\/pages\/107\/revisions\/4824\/"}],"wp:attachment":[{"href":"https:\/\/acontrecourant.qc.ca\/fr\/wp-json\/wp\/v2\/media\/?parent=107"}],"curies":[{"name":"wp","href":"https:\/\/api.w.org\/{rel}","templated":true}]}}