{"id":10,"date":"2013-05-10T19:40:52","date_gmt":"2013-05-10T23:40:52","guid":{"rendered":"http:\/\/acc922.wordpress.com\/?page_id=10"},"modified":"2026-01-09T11:05:18","modified_gmt":"2026-01-09T16:05:18","slug":"horaires","status":"publish","type":"page","link":"https:\/\/acontrecourant.qc.ca\/fr\/informations\/horaires\/","title":{"rendered":"Horaires et piscines"},"content":{"rendered":"<p>Les s\u00e9ances d&rsquo;entra\u00eenement d&rsquo;<strong>\u00c0 Contre-Courant<\/strong> ont normalement lieu \u00e0 la piscine:<\/p>\n<ul>\n<li><a class=\"lien-externe\" title=\"Cliquer pour voir la carte Google\" href=\"https:\/\/maps.google.com\/maps?hl=fr&amp;q=C%C3%A9gep+du+Vieux-Montr%C3%A9al,+255+Rue+Ontario+Est,+Montreal,+QC,+Canada&amp;ie=UTF8&amp;z=16\">du C\u00e9gep du Vieux-Montr\u00e9al<\/a> (<strong>CVM<\/strong>), au 255, rue Ontario Est (coin Sanguinet), \u00e0 Montr\u00e9al (m\u00e9tro Sherbrooke ou Berri-UQAM)<\/li>\n<li><span data-olk-copy-source=\"MessageBody\"><a href=\"https:\/\/www.google.com\/maps\/place\/1212+Rue+Sanguinet,+Montr%C3%A9al,+QC+H2X+3E7\/@45.5118993,-73.5596455,16z\/data=!3m1!4b1!4m6!3m5!1s0x4cc91a527de997e7:0xe8a581a5a895ca9b!8m2!3d45.5118993!4d-73.5596455!16s%2Fg%2F11bw3h95zf?entry=ttu&amp;g_ep=EgoyMDI1MDgyNS4wIKXMDSoASAFQAw%3D%3D\">de l&rsquo; UQAM<\/a> (<strong>UQAM<\/strong>), au 1212 rue Sanguinet, \u00e0 Montr\u00e9al (m\u00e9tro Berri-UQAM).<\/span><\/li>\n<li><a class=\"lien-externe\" title=\"Cliquer pour voir la carte Google\" href=\"https:\/\/maps.google.com\/maps?f=q&amp;hl=fr&amp;geocode=&amp;q=metro+jean-drapeau,+montreal,+qc&amp;sll=37.0625,-95.677068&amp;sspn=92.461252,104.0625&amp;ie=UTF8&amp;t=h&amp;z=16\">du Complexe aquatique de l\u2019\u00eele Sainte-H\u00e9l\u00e8ne au Parc Jean-Drapeau<\/a> (<strong>PJD<\/strong>) (m\u00e9tro Jean-Drapeau) &#8211; <strong><em>durant la session \u00c9T\u00c9 uniquement<\/em>.<\/strong><\/li>\n<\/ul>\n<p>En r\u00e8gle g\u00e9n\u00e9rale, la natation dispose d&rsquo;un bassin de 6 couloirs.<\/p>\n<p>Cliquez sur l&rsquo;\u00e9v\u00e9nement d\u00e9sir\u00e9 dans le calendrier pour avoir plus de d\u00e9tails. Vous pouvez s\u00e9lectionner les agendas qui s&rsquo;afficheront (selon le sport) en cliquant sur la petite fl\u00e8che (triangle) en haut \u00e0 droite du calendrier.<\/p>\n<h2>Horaire Hiver 2026<\/h2>\n<div class=\"hidden-phone visible-desktop\"><iframe loading=\"lazy\" style=\"border-width: 0; width: 100%; height: 600px;\" src=\"https:\/\/www.google.com\/calendar\/embed?showTitle=0&amp;height=650&amp;wkst=1&amp;hl=fr&amp;bgcolor=%23FFFFFF&amp;src=pdjeoo0ps2u0mggqfggpddcpec%40group.calendar.google.com&amp;color=%23A32929&amp;src=u82ubk1fjeuepoese4es2ifhfs%40group.calendar.google.com&amp;color=%237A367A&amp;src=7sekvidc1c6nb8vb55gt3scak4%40group.calendar.google.com&amp;color=%232952A3&amp;src=mjh7f6vjmn18qcs7uk7128k7ko%40group.calendar.google.com&amp;color=%23AB8B00&amp;src=32hm8hdnj7ekpf5urogvd4hmf0%40group.calendar.google.com&amp;color=%230D7813&amp;src=canadian__fr%40holiday.calendar.google.com&amp;color=%238D6F47&amp;ctz=America%2FNew_York\" width=\"320\" height=\"240\" frameborder=\"0\" scrolling=\"no\"><\/iframe><\/div>\n<div class=\"hidden-desktop visible-phone responsive-iframe-container\"><iframe loading=\"lazy\" style=\"border-width: 0;\" src=\"https:\/\/www.google.com\/calendar\/embed?mode=AGENDA&amp;height=600&amp;wkst=1&amp;bgcolor=%23FFFFFF&amp;src=pdjeoo0ps2u0mggqfggpddcpec%40group.calendar.google.com&amp;color=%23B1365F&amp;src=u82ubk1fjeuepoese4es2ifhfs%40group.calendar.google.com&amp;color=%232952A3&amp;src=7sekvidc1c6nb8vb55gt3scak4%40group.calendar.google.com&amp;color=%23528800&amp;src=mjh7f6vjmn18qcs7uk7128k7ko%40group.calendar.google.com&amp;color=%2328754E&amp;src=eh0vfcdu7lokghlgkv2tbslnho%40group.calendar.google.com&amp;color=%230D7813&amp;src=32hm8hdnj7ekpf5urogvd4hmf0%40group.calendar.google.com&amp;color=%23AB8B00&amp;ctz=America%2FMontreal\" width=\"320\" height=\"240\" frameborder=\"0\" scrolling=\"no\"><\/iframe><\/div>\n","protected":false},"excerpt":{"rendered":"<p>Les s\u00e9ances d&rsquo;entra\u00eenement d&rsquo;\u00c0 Contre-Courant ont normalement lieu \u00e0 la piscine: du C\u00e9gep du Vieux-Montr\u00e9al (CVM), au 255, rue Ontario Est (coin Sanguinet), \u00e0 Montr\u00e9al (m\u00e9tro Sherbrooke ou Berri-UQAM) de l&rsquo; UQAM (UQAM), au 1212 rue Sanguinet, \u00e0 Montr\u00e9al (m\u00e9tro Berri-UQAM). du Complexe aquatique de l\u2019\u00eele Sainte-H\u00e9l\u00e8ne au Parc Jean-Drapeau (PJD) (m\u00e9tro Jean-Drapeau) &#8211; durant [&hellip;]<\/p>\n","protected":false},"author":8,"featured_media":0,"parent":6,"menu_order":0,"comment_status":"closed","ping_status":"closed","template":"page-full-width.php","meta":{"_acf_changed":false,"footnotes":""},"class_list":["post-10","page","type-page","status-publish","hentry"],"acf":[],"yoast_head":"<!-- This site is optimized with the Yoast SEO plugin v26.3 - https:\/\/yoast.com\/wordpress\/plugins\/seo\/ -->\n<title>Horaires et piscines - \u00c0 Contre Courant<\/title>\n<meta name=\"robots\" content=\"index, follow, max-snippet:-1, max-image-preview:large, max-video-preview:-1\" \/>\n<link rel=\"canonical\" href=\"https:\/\/acontrecourant.qc.ca\/fr\/informations\/horaires\/\" \/>\n<meta name=\"twitter:label1\" content=\"Estimation du temps de lecture\" \/>\n\t<meta name=\"twitter:data1\" content=\"1 minute\" \/>\n<script type=\"application\/ld+json\" class=\"yoast-schema-graph\">{\"@context\":\"https:\/\/schema.org\",\"@graph\":[{\"@type\":\"WebPage\",\"@id\":\"https:\/\/acontrecourant.qc.ca\/fr\/informations\/horaires\/\",\"url\":\"https:\/\/acontrecourant.qc.ca\/fr\/informations\/horaires\/\",\"name\":\"Horaires et piscines - \u00c0 Contre Courant\",\"isPartOf\":{\"@id\":\"https:\/\/acontrecourant.qc.ca\/en\/#website\"},\"datePublished\":\"2013-05-10T23:40:52+00:00\",\"dateModified\":\"2026-01-09T16:05:18+00:00\",\"breadcrumb\":{\"@id\":\"https:\/\/acontrecourant.qc.ca\/fr\/informations\/horaires\/#breadcrumb\"},\"inLanguage\":\"fr-CA\",\"potentialAction\":[{\"@type\":\"ReadAction\",\"target\":[\"https:\/\/acontrecourant.qc.ca\/fr\/informations\/horaires\/\"]}]},{\"@type\":\"BreadcrumbList\",\"@id\":\"https:\/\/acontrecourant.qc.ca\/fr\/informations\/horaires\/#breadcrumb\",\"itemListElement\":[{\"@type\":\"ListItem\",\"position\":1,\"name\":\"Informations\",\"item\":\"https:\/\/acontrecourant.qc.ca\/fr\/informations\/\"},{\"@type\":\"ListItem\",\"position\":2,\"name\":\"Horaires et piscines\"}]},{\"@type\":\"WebSite\",\"@id\":\"https:\/\/acontrecourant.qc.ca\/en\/#website\",\"url\":\"https:\/\/acontrecourant.qc.ca\/en\/\",\"name\":\"\u00c0 Contre Courant\",\"description\":\"Bienvenue \u00e0 Montr\u00e9al\",\"potentialAction\":[{\"@type\":\"SearchAction\",\"target\":{\"@type\":\"EntryPoint\",\"urlTemplate\":\"https:\/\/acontrecourant.qc.ca\/en\/?s={search_term_string}\"},\"query-input\":{\"@type\":\"PropertyValueSpecification\",\"valueRequired\":true,\"valueName\":\"search_term_string\"}}],\"inLanguage\":\"fr-CA\"}]}<\/script>\n<!-- \/ Yoast SEO plugin. -->","yoast_head_json":{"title":"Horaires et piscines - \u00c0 Contre Courant","robots":{"index":"index","follow":"follow","max-snippet":"max-snippet:-1","max-image-preview":"max-image-preview:large","max-video-preview":"max-video-preview:-1"},"canonical":"https:\/\/acontrecourant.qc.ca\/fr\/informations\/horaires\/","twitter_misc":{"Estimation du temps de lecture":"1 minute"},"schema":{"@context":"https:\/\/schema.org","@graph":[{"@type":"WebPage","@id":"https:\/\/acontrecourant.qc.ca\/fr\/informations\/horaires\/","url":"https:\/\/acontrecourant.qc.ca\/fr\/informations\/horaires\/","name":"Horaires et piscines - \u00c0 Contre Courant","isPartOf":{"@id":"https:\/\/acontrecourant.qc.ca\/en\/#website"},"datePublished":"2013-05-10T23:40:52+00:00","dateModified":"2026-01-09T16:05:18+00:00","breadcrumb":{"@id":"https:\/\/acontrecourant.qc.ca\/fr\/informations\/horaires\/#breadcrumb"},"inLanguage":"fr-CA","potentialAction":[{"@type":"ReadAction","target":["https:\/\/acontrecourant.qc.ca\/fr\/informations\/horaires\/"]}]},{"@type":"BreadcrumbList","@id":"https:\/\/acontrecourant.qc.ca\/fr\/informations\/horaires\/#breadcrumb","itemListElement":[{"@type":"ListItem","position":1,"name":"Informations","item":"https:\/\/acontrecourant.qc.ca\/fr\/informations\/"},{"@type":"ListItem","position":2,"name":"Horaires et piscines"}]},{"@type":"WebSite","@id":"https:\/\/acontrecourant.qc.ca\/en\/#website","url":"https:\/\/acontrecourant.qc.ca\/en\/","name":"\u00c0 Contre Courant","description":"Bienvenue \u00e0 Montr\u00e9al","potentialAction":[{"@type":"SearchAction","target":{"@type":"EntryPoint","urlTemplate":"https:\/\/acontrecourant.qc.ca\/en\/?s={search_term_string}"},"query-input":{"@type":"PropertyValueSpecification","valueRequired":true,"valueName":"search_term_string"}}],"inLanguage":"fr-CA"}]}},"_links":{"self":[{"href":"https:\/\/acontrecourant.qc.ca\/fr\/wp-json\/wp\/v2\/pages\/10\/"}],"collection":[{"href":"https:\/\/acontrecourant.qc.ca\/fr\/wp-json\/wp\/v2\/pages\/"}],"about":[{"href":"https:\/\/acontrecourant.qc.ca\/fr\/wp-json\/wp\/v2\/types\/page\/"}],"author":[{"embeddable":true,"href":"https:\/\/acontrecourant.qc.ca\/fr\/wp-json\/wp\/v2\/users\/8\/"}],"replies":[{"embeddable":true,"href":"https:\/\/acontrecourant.qc.ca\/fr\/wp-json\/wp\/v2\/comments\/?post=10"}],"version-history":[{"count":79,"href":"https:\/\/acontrecourant.qc.ca\/fr\/wp-json\/wp\/v2\/pages\/10\/revisions\/"}],"predecessor-version":[{"id":4801,"href":"https:\/\/acontrecourant.qc.ca\/fr\/wp-json\/wp\/v2\/pages\/10\/revisions\/4801\/"}],"up":[{"embeddable":true,"href":"https:\/\/acontrecourant.qc.ca\/fr\/wp-json\/wp\/v2\/pages\/6\/"}],"wp:attachment":[{"href":"https:\/\/acontrecourant.qc.ca\/fr\/wp-json\/wp\/v2\/media\/?parent=10"}],"curies":[{"name":"wp","href":"https:\/\/api.w.org\/{rel}","templated":true}]}}