{"id":479,"date":"2013-09-10T16:02:14","date_gmt":"2013-09-10T20:02:14","guid":{"rendered":"http:\/\/acontrecourant.qc.ca\/?page_id=479"},"modified":"2013-09-18T14:37:15","modified_gmt":"2013-09-18T18:37:15","slug":"sitemap","status":"publish","type":"page","link":"https:\/\/acontrecourant.qc.ca\/en\/toolbar\/sitemap\/","title":{"rendered":"Sitemap"},"content":{"rendered":"","protected":false},"excerpt":{"rendered":"","protected":false},"author":8,"featured_media":0,"parent":477,"menu_order":0,"comment_status":"open","ping_status":"open","template":"","meta":{"_acf_changed":false,"footnotes":""},"class_list":["post-479","page","type-page","status-publish","hentry"],"acf":[],"yoast_head":"<!-- This site is optimized with the Yoast SEO plugin v26.3 - https:\/\/yoast.com\/wordpress\/plugins\/seo\/ -->\n<title>Sitemap - \u00c0 Contre Courant<\/title>\n<meta name=\"robots\" content=\"index, follow, max-snippet:-1, max-image-preview:large, max-video-preview:-1\" \/>\n<link rel=\"canonical\" href=\"https:\/\/acontrecourant.qc.ca\/en\/toolbar\/sitemap\/\" \/>\n<script type=\"application\/ld+json\" class=\"yoast-schema-graph\">{\"@context\":\"https:\/\/schema.org\",\"@graph\":[{\"@type\":\"WebPage\",\"@id\":\"https:\/\/acontrecourant.qc.ca\/en\/toolbar\/sitemap\/\",\"url\":\"https:\/\/acontrecourant.qc.ca\/en\/toolbar\/sitemap\/\",\"name\":\"Sitemap - \u00c0 Contre Courant\",\"isPartOf\":{\"@id\":\"https:\/\/acontrecourant.qc.ca\/en\/#website\"},\"datePublished\":\"2013-09-10T20:02:14+00:00\",\"dateModified\":\"2013-09-18T18:37:15+00:00\",\"breadcrumb\":{\"@id\":\"https:\/\/acontrecourant.qc.ca\/en\/toolbar\/sitemap\/#breadcrumb\"},\"inLanguage\":\"en-CA\",\"potentialAction\":[{\"@type\":\"ReadAction\",\"target\":[\"https:\/\/acontrecourant.qc.ca\/en\/toolbar\/sitemap\/\"]}]},{\"@type\":\"BreadcrumbList\",\"@id\":\"https:\/\/acontrecourant.qc.ca\/en\/toolbar\/sitemap\/#breadcrumb\",\"itemListElement\":[{\"@type\":\"ListItem\",\"position\":1,\"name\":\"Tools\",\"item\":\"https:\/\/acontrecourant.qc.ca\/en\/toolbar\/\"},{\"@type\":\"ListItem\",\"position\":2,\"name\":\"Sitemap\"}]},{\"@type\":\"WebSite\",\"@id\":\"https:\/\/acontrecourant.qc.ca\/en\/#website\",\"url\":\"https:\/\/acontrecourant.qc.ca\/en\/\",\"name\":\"\u00c0 Contre Courant\",\"description\":\"Bienvenue \u00e0 Montr\u00e9al\",\"potentialAction\":[{\"@type\":\"SearchAction\",\"target\":{\"@type\":\"EntryPoint\",\"urlTemplate\":\"https:\/\/acontrecourant.qc.ca\/en\/?s={search_term_string}\"},\"query-input\":{\"@type\":\"PropertyValueSpecification\",\"valueRequired\":true,\"valueName\":\"search_term_string\"}}],\"inLanguage\":\"en-CA\"}]}<\/script>\n<!-- \/ Yoast SEO plugin. -->","yoast_head_json":{"title":"Sitemap - \u00c0 Contre Courant","robots":{"index":"index","follow":"follow","max-snippet":"max-snippet:-1","max-image-preview":"max-image-preview:large","max-video-preview":"max-video-preview:-1"},"canonical":"https:\/\/acontrecourant.qc.ca\/en\/toolbar\/sitemap\/","schema":{"@context":"https:\/\/schema.org","@graph":[{"@type":"WebPage","@id":"https:\/\/acontrecourant.qc.ca\/en\/toolbar\/sitemap\/","url":"https:\/\/acontrecourant.qc.ca\/en\/toolbar\/sitemap\/","name":"Sitemap - \u00c0 Contre Courant","isPartOf":{"@id":"https:\/\/acontrecourant.qc.ca\/en\/#website"},"datePublished":"2013-09-10T20:02:14+00:00","dateModified":"2013-09-18T18:37:15+00:00","breadcrumb":{"@id":"https:\/\/acontrecourant.qc.ca\/en\/toolbar\/sitemap\/#breadcrumb"},"inLanguage":"en-CA","potentialAction":[{"@type":"ReadAction","target":["https:\/\/acontrecourant.qc.ca\/en\/toolbar\/sitemap\/"]}]},{"@type":"BreadcrumbList","@id":"https:\/\/acontrecourant.qc.ca\/en\/toolbar\/sitemap\/#breadcrumb","itemListElement":[{"@type":"ListItem","position":1,"name":"Tools","item":"https:\/\/acontrecourant.qc.ca\/en\/toolbar\/"},{"@type":"ListItem","position":2,"name":"Sitemap"}]},{"@type":"WebSite","@id":"https:\/\/acontrecourant.qc.ca\/en\/#website","url":"https:\/\/acontrecourant.qc.ca\/en\/","name":"\u00c0 Contre Courant","description":"Bienvenue \u00e0 Montr\u00e9al","potentialAction":[{"@type":"SearchAction","target":{"@type":"EntryPoint","urlTemplate":"https:\/\/acontrecourant.qc.ca\/en\/?s={search_term_string}"},"query-input":{"@type":"PropertyValueSpecification","valueRequired":true,"valueName":"search_term_string"}}],"inLanguage":"en-CA"}]}},"_links":{"self":[{"href":"https:\/\/acontrecourant.qc.ca\/en\/wp-json\/wp\/v2\/pages\/479\/"}],"collection":[{"href":"https:\/\/acontrecourant.qc.ca\/en\/wp-json\/wp\/v2\/pages\/"}],"about":[{"href":"https:\/\/acontrecourant.qc.ca\/en\/wp-json\/wp\/v2\/types\/page\/"}],"author":[{"embeddable":true,"href":"https:\/\/acontrecourant.qc.ca\/en\/wp-json\/wp\/v2\/users\/8\/"}],"replies":[{"embeddable":true,"href":"https:\/\/acontrecourant.qc.ca\/en\/wp-json\/wp\/v2\/comments\/?post=479"}],"version-history":[{"count":4,"href":"https:\/\/acontrecourant.qc.ca\/en\/wp-json\/wp\/v2\/pages\/479\/revisions\/"}],"predecessor-version":[{"id":699,"href":"https:\/\/acontrecourant.qc.ca\/en\/wp-json\/wp\/v2\/pages\/479\/revisions\/699\/"}],"up":[{"embeddable":true,"href":"https:\/\/acontrecourant.qc.ca\/en\/wp-json\/wp\/v2\/pages\/477\/"}],"wp:attachment":[{"href":"https:\/\/acontrecourant.qc.ca\/en\/wp-json\/wp\/v2\/media\/?parent=479"}],"curies":[{"name":"wp","href":"https:\/\/api.w.org\/{rel}","templated":true}]}}