{"id":4546,"date":"2023-10-11T10:54:40","date_gmt":"2023-10-11T14:54:40","guid":{"rendered":"https:\/\/acontrecourant.qc.ca\/?page_id=4546"},"modified":"2026-02-26T11:49:13","modified_gmt":"2026-02-26T16:49:13","slug":"coupe-links-to-coupesite","status":"publish","type":"page","link":"https:\/\/acontrecourant.qc.ca\/en\/events\/coupe\/coupe-links-to-coupesite\/","title":{"rendered":"30th edition &#8211; Coupe de Montreal 2026"},"content":{"rendered":"<h1>30th Edition &#8211; Year 2026<\/h1>\n<div style=\"background-image: url('http:\/\/acontrecourant.qc.ca\/wp-content\/uploads\/jpg\/coupe-mtl-logo.jpg'); background-size: 100% 100%; background-repeat: no-repeat; padding-top: 400px;\"><\/div>\n<div>\n<h1 style=\"text-align: center;\">Round 5 &#8211; Coupe des ma\u00eetres<\/h1>\n<h2>Official Site for Coupe de Montreal &#8211; February 21, 2026<\/h2>\n<p><a href=\"http:\/\/coupe.acontrecourant.qc.ca\/\">Official Invitation<\/a><br \/>\n<a href=\"http:\/\/coupe.acontrecourant.qc.ca\/program\">Official Program<\/a><br \/>\n<a href=\"https:\/\/coupe.acontrecourant.qc.ca\/results\">Official Results<\/a>\n<\/div>\n","protected":false},"excerpt":{"rendered":"<p>30th Edition &#8211; Year 2026 Round 5 &#8211; Coupe des ma\u00eetres Official Site for Coupe de Montreal &#8211; February 21, 2026 Official Invitation Official Program Official Results<\/p>\n","protected":false},"author":9,"featured_media":0,"parent":2049,"menu_order":0,"comment_status":"closed","ping_status":"closed","template":"","meta":{"_acf_changed":false,"footnotes":""},"class_list":["post-4546","page","type-page","status-publish","hentry"],"acf":[],"yoast_head":"<!-- This site is optimized with the Yoast SEO plugin v26.3 - https:\/\/yoast.com\/wordpress\/plugins\/seo\/ -->\n<title>30th edition - Coupe de Montreal 2026 - \u00c0 Contre Courant<\/title>\n<meta name=\"robots\" content=\"index, follow, max-snippet:-1, max-image-preview:large, max-video-preview:-1\" \/>\n<link rel=\"canonical\" href=\"https:\/\/acontrecourant.qc.ca\/en\/events\/coupe\/coupe-links-to-coupesite\/\" \/>\n<meta name=\"twitter:label1\" content=\"Est. reading time\" \/>\n\t<meta name=\"twitter:data1\" content=\"1 minute\" \/>\n<script type=\"application\/ld+json\" class=\"yoast-schema-graph\">{\"@context\":\"https:\/\/schema.org\",\"@graph\":[{\"@type\":\"WebPage\",\"@id\":\"https:\/\/acontrecourant.qc.ca\/en\/events\/coupe\/coupe-links-to-coupesite\/\",\"url\":\"https:\/\/acontrecourant.qc.ca\/en\/events\/coupe\/coupe-links-to-coupesite\/\",\"name\":\"30th edition - Coupe de Montreal 2026 - \u00c0 Contre Courant\",\"isPartOf\":{\"@id\":\"https:\/\/acontrecourant.qc.ca\/en\/#website\"},\"datePublished\":\"2023-10-11T14:54:40+00:00\",\"dateModified\":\"2026-02-26T16:49:13+00:00\",\"breadcrumb\":{\"@id\":\"https:\/\/acontrecourant.qc.ca\/en\/events\/coupe\/coupe-links-to-coupesite\/#breadcrumb\"},\"inLanguage\":\"en-CA\",\"potentialAction\":[{\"@type\":\"ReadAction\",\"target\":[\"https:\/\/acontrecourant.qc.ca\/en\/events\/coupe\/coupe-links-to-coupesite\/\"]}]},{\"@type\":\"BreadcrumbList\",\"@id\":\"https:\/\/acontrecourant.qc.ca\/en\/events\/coupe\/coupe-links-to-coupesite\/#breadcrumb\",\"itemListElement\":[{\"@type\":\"ListItem\",\"position\":1,\"name\":\"Events\",\"item\":\"https:\/\/acontrecourant.qc.ca\/en\/events\/\"},{\"@type\":\"ListItem\",\"position\":2,\"name\":\"Coupe de Montr\u00e9al\",\"item\":\"https:\/\/acontrecourant.qc.ca\/en\/events\/coupe\/\"},{\"@type\":\"ListItem\",\"position\":3,\"name\":\"30th edition &#8211; Coupe de Montreal 2026\"}]},{\"@type\":\"WebSite\",\"@id\":\"https:\/\/acontrecourant.qc.ca\/en\/#website\",\"url\":\"https:\/\/acontrecourant.qc.ca\/en\/\",\"name\":\"\u00c0 Contre Courant\",\"description\":\"Bienvenue \u00e0 Montr\u00e9al\",\"potentialAction\":[{\"@type\":\"SearchAction\",\"target\":{\"@type\":\"EntryPoint\",\"urlTemplate\":\"https:\/\/acontrecourant.qc.ca\/en\/?s={search_term_string}\"},\"query-input\":{\"@type\":\"PropertyValueSpecification\",\"valueRequired\":true,\"valueName\":\"search_term_string\"}}],\"inLanguage\":\"en-CA\"}]}<\/script>\n<!-- \/ Yoast SEO plugin. -->","yoast_head_json":{"title":"30th edition - Coupe de Montreal 2026 - \u00c0 Contre Courant","robots":{"index":"index","follow":"follow","max-snippet":"max-snippet:-1","max-image-preview":"max-image-preview:large","max-video-preview":"max-video-preview:-1"},"canonical":"https:\/\/acontrecourant.qc.ca\/en\/events\/coupe\/coupe-links-to-coupesite\/","twitter_misc":{"Est. reading time":"1 minute"},"schema":{"@context":"https:\/\/schema.org","@graph":[{"@type":"WebPage","@id":"https:\/\/acontrecourant.qc.ca\/en\/events\/coupe\/coupe-links-to-coupesite\/","url":"https:\/\/acontrecourant.qc.ca\/en\/events\/coupe\/coupe-links-to-coupesite\/","name":"30th edition - Coupe de Montreal 2026 - \u00c0 Contre Courant","isPartOf":{"@id":"https:\/\/acontrecourant.qc.ca\/en\/#website"},"datePublished":"2023-10-11T14:54:40+00:00","dateModified":"2026-02-26T16:49:13+00:00","breadcrumb":{"@id":"https:\/\/acontrecourant.qc.ca\/en\/events\/coupe\/coupe-links-to-coupesite\/#breadcrumb"},"inLanguage":"en-CA","potentialAction":[{"@type":"ReadAction","target":["https:\/\/acontrecourant.qc.ca\/en\/events\/coupe\/coupe-links-to-coupesite\/"]}]},{"@type":"BreadcrumbList","@id":"https:\/\/acontrecourant.qc.ca\/en\/events\/coupe\/coupe-links-to-coupesite\/#breadcrumb","itemListElement":[{"@type":"ListItem","position":1,"name":"Events","item":"https:\/\/acontrecourant.qc.ca\/en\/events\/"},{"@type":"ListItem","position":2,"name":"Coupe de Montr\u00e9al","item":"https:\/\/acontrecourant.qc.ca\/en\/events\/coupe\/"},{"@type":"ListItem","position":3,"name":"30th edition &#8211; Coupe de Montreal 2026"}]},{"@type":"WebSite","@id":"https:\/\/acontrecourant.qc.ca\/en\/#website","url":"https:\/\/acontrecourant.qc.ca\/en\/","name":"\u00c0 Contre Courant","description":"Bienvenue \u00e0 Montr\u00e9al","potentialAction":[{"@type":"SearchAction","target":{"@type":"EntryPoint","urlTemplate":"https:\/\/acontrecourant.qc.ca\/en\/?s={search_term_string}"},"query-input":{"@type":"PropertyValueSpecification","valueRequired":true,"valueName":"search_term_string"}}],"inLanguage":"en-CA"}]}},"_links":{"self":[{"href":"https:\/\/acontrecourant.qc.ca\/en\/wp-json\/wp\/v2\/pages\/4546\/"}],"collection":[{"href":"https:\/\/acontrecourant.qc.ca\/en\/wp-json\/wp\/v2\/pages\/"}],"about":[{"href":"https:\/\/acontrecourant.qc.ca\/en\/wp-json\/wp\/v2\/types\/page\/"}],"author":[{"embeddable":true,"href":"https:\/\/acontrecourant.qc.ca\/en\/wp-json\/wp\/v2\/users\/9\/"}],"replies":[{"embeddable":true,"href":"https:\/\/acontrecourant.qc.ca\/en\/wp-json\/wp\/v2\/comments\/?post=4546"}],"version-history":[{"count":10,"href":"https:\/\/acontrecourant.qc.ca\/en\/wp-json\/wp\/v2\/pages\/4546\/revisions\/"}],"predecessor-version":[{"id":4902,"href":"https:\/\/acontrecourant.qc.ca\/en\/wp-json\/wp\/v2\/pages\/4546\/revisions\/4902\/"}],"up":[{"embeddable":true,"href":"https:\/\/acontrecourant.qc.ca\/en\/wp-json\/wp\/v2\/pages\/2049\/"}],"wp:attachment":[{"href":"https:\/\/acontrecourant.qc.ca\/en\/wp-json\/wp\/v2\/media\/?parent=4546"}],"curies":[{"name":"wp","href":"https:\/\/api.w.org\/{rel}","templated":true}]}}