{"id":3904,"date":"2022-11-09T00:56:55","date_gmt":"2022-11-09T05:56:55","guid":{"rendered":"http:\/\/acontrecourant.qc.ca\/?page_id=3904"},"modified":"2022-11-09T22:39:52","modified_gmt":"2022-11-10T03:39:52","slug":"schedule","status":"publish","type":"page","link":"https:\/\/acontrecourant.qc.ca\/en\/events\/coupe\/2022-28\/schedule\/","title":{"rendered":"Schedule"},"content":{"rendered":"<h2>Saturday, November 12th 2022<\/h2>\n<p><span style=\"font-weight: 400;\">7 h 15 am : Welcome and registration check-in<\/span><br \/>\n<span style=\"font-weight: 400;\">7 h 45 am : Officials\u2019 meeting<\/span><br \/>\n<span style=\"font-weight: 400;\">8 h 00 to 8 h 50 : Warm-up<\/span><br \/>\n<span style=\"font-weight: 400;\">8 h 40 : Technical meeting for coaches or team representatives<\/span><br \/>\n<span style=\"font-weight: 400;\">9 h 00 : Start of events<\/span><\/p>\n<ol>\n<li style=\"font-weight: 400;\"><span style=\"font-weight: 400;\">200 m freestyle <a href=\"https:\/\/live.swimrankings.net\/35643\/StartList_1.pdf\" rel=\"noopener\" target=\"_blank\">(Heatlist)<\/a><\/span><\/li>\n<li style=\"font-weight: 400;\"><span style=\"font-weight: 400;\">50 m butterfly <a href=\"https:\/\/live.swimrankings.net\/35643\/StartList_2.pdf\" rel=\"noopener\" target=\"_blank\">(Heatlist)<\/a><\/span><\/li>\n<li style=\"font-weight: 400;\"><span style=\"font-weight: 400;\">100 m breaststroke <a href=\"https:\/\/live.swimrankings.net\/35643\/StartList_3.pdf\" rel=\"noopener\" target=\"_blank\">(Heatlist)<\/a><\/span><\/li>\n<li style=\"font-weight: 400;\"><span style=\"font-weight: 400;\">50 m freestyle <a href=\"https:\/\/live.swimrankings.net\/35643\/StartList_4.pdf\" rel=\"noopener\" target=\"_blank\">(Heatlist)<\/a><\/span><\/li>\n<li style=\"font-weight: 400;\"><span style=\"font-weight: 400;\">200 m backstroke <a href=\"https:\/\/live.swimrankings.net\/35643\/StartList_5.pdf\" rel=\"noopener\" target=\"_blank\">(Heatlist)<\/a><\/span><\/li>\n<li style=\"font-weight: 400;\"><span style=\"font-weight: 400;\">100 m IM <a href=\"https:\/\/live.swimrankings.net\/35643\/StartList_6.pdf\" rel=\"noopener\" target=\"_blank\">(Heatlist)<\/a><\/span><\/li>\n<li style=\"font-weight: 400;\"><span style=\"font-weight: 400;\">4 x 50 m freestyle relay<\/span><\/li>\n<\/ol>\n<p><span style=\"font-weight: 400;\">Break and warm-up (45 minutes)<\/span><\/p>\n<ol start=\"8\">\n<li style=\"font-weight: 400;\"><span style=\"font-weight: 400;\">4 x 50 m IM relay<\/span><\/li>\n<li style=\"font-weight: 400;\"><span style=\"font-weight: 400;\">200 m breaststroke <a href=\"https:\/\/live.swimrankings.net\/35643\/StartList_9.pdf\" rel=\"noopener\" target=\"_blank\">(Heatlist)<\/a><\/span><\/li>\n<li style=\"font-weight: 400;\"><span style=\"font-weight: 400;\">100 m freestyle <a href=\"https:\/\/live.swimrankings.net\/35643\/StartList_10.pdf\" rel=\"noopener\" target=\"_blank\">(Heatlist)<\/a><\/span><\/li>\n<li style=\"font-weight: 400;\"><span style=\"font-weight: 400;\">50 m dos <a href=\"https:\/\/live.swimrankings.net\/35643\/StartList_11.pdf\" rel=\"noopener\" target=\"_blank\">(Heatlist)<\/a><\/span><\/li>\n<li style=\"font-weight: 400;\"><span style=\"font-weight: 400;\">100 m butterfly <a href=\"https:\/\/live.swimrankings.net\/35643\/StartList_12.pdf\" rel=\"noopener\" target=\"_blank\">(Heatlist)<\/a><\/span><\/li>\n<li style=\"font-weight: 400;\"><span style=\"font-weight: 400;\">50 m breaststroke <a href=\"https:\/\/live.swimrankings.net\/35643\/StartList_13.pdf\" rel=\"noopener\" target=\"_blank\">(Heatlist)<\/a><\/span><\/li>\n<li style=\"font-weight: 400;\"><span style=\"font-weight: 400;\">400 m IM <a href=\"https:\/\/live.swimrankings.net\/35643\/StartList_14.pdf\" rel=\"noopener\" target=\"_blank\">(Heatlist)<\/a><\/span><\/li>\n<li style=\"font-weight: 400;\"><span style=\"font-weight: 400;\">400 m freestyle* <a href=\"https:\/\/live.swimrankings.net\/35643\/StartList_15.pdf\" rel=\"noopener\" target=\"_blank\">(Heatlist)<\/a><\/span><\/li>\n<\/ol>\n<p><span style=\"font-weight: 400;\">7 h 00 PM: Dinner<\/span><\/p>\n<p><span style=\"font-weight: 400;\"><br \/>\n* According to the amount of scratches we will receive before noon, a new seeding may be redone for this event. In such a case, it will be announced, and the new heat list for this event will be posted at usual spots and at the Clerk of Course table.<br \/>\n<\/span><\/p>\n<p>&nbsp;<\/p>\n","protected":false},"excerpt":{"rendered":"<p>Saturday, November 12th 2022 7 h 15 am : Welcome and registration check-in 7 h 45 am : Officials\u2019 meeting 8 h 00 to 8 h 50 : Warm-up 8 h 40 : Technical meeting for coaches or team representatives 9 h 00 : Start of events 200 m freestyle (Heatlist) 50 m butterfly (Heatlist) [&hellip;]<\/p>\n","protected":false},"author":9,"featured_media":0,"parent":3750,"menu_order":0,"comment_status":"closed","ping_status":"closed","template":"","meta":{"_acf_changed":false,"footnotes":""},"class_list":["post-3904","page","type-page","status-publish","hentry"],"acf":[],"yoast_head":"<!-- This site is optimized with the Yoast SEO plugin v26.3 - https:\/\/yoast.com\/wordpress\/plugins\/seo\/ -->\n<title>Schedule - \u00c0 Contre Courant<\/title>\n<meta name=\"robots\" content=\"index, follow, max-snippet:-1, max-image-preview:large, max-video-preview:-1\" \/>\n<link rel=\"canonical\" href=\"https:\/\/acontrecourant.qc.ca\/en\/events\/coupe\/2022-28\/schedule\/\" \/>\n<meta name=\"twitter:label1\" content=\"Est. reading time\" \/>\n\t<meta name=\"twitter:data1\" content=\"1 minute\" \/>\n<script type=\"application\/ld+json\" class=\"yoast-schema-graph\">{\"@context\":\"https:\/\/schema.org\",\"@graph\":[{\"@type\":\"WebPage\",\"@id\":\"https:\/\/acontrecourant.qc.ca\/en\/events\/coupe\/2022-28\/schedule\/\",\"url\":\"https:\/\/acontrecourant.qc.ca\/en\/events\/coupe\/2022-28\/schedule\/\",\"name\":\"Schedule - \u00c0 Contre Courant\",\"isPartOf\":{\"@id\":\"https:\/\/acontrecourant.qc.ca\/en\/#website\"},\"datePublished\":\"2022-11-09T05:56:55+00:00\",\"dateModified\":\"2022-11-10T03:39:52+00:00\",\"breadcrumb\":{\"@id\":\"https:\/\/acontrecourant.qc.ca\/en\/events\/coupe\/2022-28\/schedule\/#breadcrumb\"},\"inLanguage\":\"en-CA\",\"potentialAction\":[{\"@type\":\"ReadAction\",\"target\":[\"https:\/\/acontrecourant.qc.ca\/en\/events\/coupe\/2022-28\/schedule\/\"]}]},{\"@type\":\"BreadcrumbList\",\"@id\":\"https:\/\/acontrecourant.qc.ca\/en\/events\/coupe\/2022-28\/schedule\/#breadcrumb\",\"itemListElement\":[{\"@type\":\"ListItem\",\"position\":1,\"name\":\"Events\",\"item\":\"https:\/\/acontrecourant.qc.ca\/en\/events\/\"},{\"@type\":\"ListItem\",\"position\":2,\"name\":\"Coupe de Montr\u00e9al\",\"item\":\"https:\/\/acontrecourant.qc.ca\/en\/events\/coupe\/\"},{\"@type\":\"ListItem\",\"position\":3,\"name\":\"28th edition of Coupe De Montreal\",\"item\":\"https:\/\/acontrecourant.qc.ca\/en\/events\/coupe\/2022-28\/\"},{\"@type\":\"ListItem\",\"position\":4,\"name\":\"Schedule\"}]},{\"@type\":\"WebSite\",\"@id\":\"https:\/\/acontrecourant.qc.ca\/en\/#website\",\"url\":\"https:\/\/acontrecourant.qc.ca\/en\/\",\"name\":\"\u00c0 Contre Courant\",\"description\":\"Bienvenue \u00e0 Montr\u00e9al\",\"potentialAction\":[{\"@type\":\"SearchAction\",\"target\":{\"@type\":\"EntryPoint\",\"urlTemplate\":\"https:\/\/acontrecourant.qc.ca\/en\/?s={search_term_string}\"},\"query-input\":{\"@type\":\"PropertyValueSpecification\",\"valueRequired\":true,\"valueName\":\"search_term_string\"}}],\"inLanguage\":\"en-CA\"}]}<\/script>\n<!-- \/ Yoast SEO plugin. -->","yoast_head_json":{"title":"Schedule - \u00c0 Contre Courant","robots":{"index":"index","follow":"follow","max-snippet":"max-snippet:-1","max-image-preview":"max-image-preview:large","max-video-preview":"max-video-preview:-1"},"canonical":"https:\/\/acontrecourant.qc.ca\/en\/events\/coupe\/2022-28\/schedule\/","twitter_misc":{"Est. reading time":"1 minute"},"schema":{"@context":"https:\/\/schema.org","@graph":[{"@type":"WebPage","@id":"https:\/\/acontrecourant.qc.ca\/en\/events\/coupe\/2022-28\/schedule\/","url":"https:\/\/acontrecourant.qc.ca\/en\/events\/coupe\/2022-28\/schedule\/","name":"Schedule - \u00c0 Contre Courant","isPartOf":{"@id":"https:\/\/acontrecourant.qc.ca\/en\/#website"},"datePublished":"2022-11-09T05:56:55+00:00","dateModified":"2022-11-10T03:39:52+00:00","breadcrumb":{"@id":"https:\/\/acontrecourant.qc.ca\/en\/events\/coupe\/2022-28\/schedule\/#breadcrumb"},"inLanguage":"en-CA","potentialAction":[{"@type":"ReadAction","target":["https:\/\/acontrecourant.qc.ca\/en\/events\/coupe\/2022-28\/schedule\/"]}]},{"@type":"BreadcrumbList","@id":"https:\/\/acontrecourant.qc.ca\/en\/events\/coupe\/2022-28\/schedule\/#breadcrumb","itemListElement":[{"@type":"ListItem","position":1,"name":"Events","item":"https:\/\/acontrecourant.qc.ca\/en\/events\/"},{"@type":"ListItem","position":2,"name":"Coupe de Montr\u00e9al","item":"https:\/\/acontrecourant.qc.ca\/en\/events\/coupe\/"},{"@type":"ListItem","position":3,"name":"28th edition of Coupe De Montreal","item":"https:\/\/acontrecourant.qc.ca\/en\/events\/coupe\/2022-28\/"},{"@type":"ListItem","position":4,"name":"Schedule"}]},{"@type":"WebSite","@id":"https:\/\/acontrecourant.qc.ca\/en\/#website","url":"https:\/\/acontrecourant.qc.ca\/en\/","name":"\u00c0 Contre Courant","description":"Bienvenue \u00e0 Montr\u00e9al","potentialAction":[{"@type":"SearchAction","target":{"@type":"EntryPoint","urlTemplate":"https:\/\/acontrecourant.qc.ca\/en\/?s={search_term_string}"},"query-input":{"@type":"PropertyValueSpecification","valueRequired":true,"valueName":"search_term_string"}}],"inLanguage":"en-CA"}]}},"_links":{"self":[{"href":"https:\/\/acontrecourant.qc.ca\/en\/wp-json\/wp\/v2\/pages\/3904\/"}],"collection":[{"href":"https:\/\/acontrecourant.qc.ca\/en\/wp-json\/wp\/v2\/pages\/"}],"about":[{"href":"https:\/\/acontrecourant.qc.ca\/en\/wp-json\/wp\/v2\/types\/page\/"}],"author":[{"embeddable":true,"href":"https:\/\/acontrecourant.qc.ca\/en\/wp-json\/wp\/v2\/users\/9\/"}],"replies":[{"embeddable":true,"href":"https:\/\/acontrecourant.qc.ca\/en\/wp-json\/wp\/v2\/comments\/?post=3904"}],"version-history":[{"count":6,"href":"https:\/\/acontrecourant.qc.ca\/en\/wp-json\/wp\/v2\/pages\/3904\/revisions\/"}],"predecessor-version":[{"id":3924,"href":"https:\/\/acontrecourant.qc.ca\/en\/wp-json\/wp\/v2\/pages\/3904\/revisions\/3924\/"}],"up":[{"embeddable":true,"href":"https:\/\/acontrecourant.qc.ca\/en\/wp-json\/wp\/v2\/pages\/3750\/"}],"wp:attachment":[{"href":"https:\/\/acontrecourant.qc.ca\/en\/wp-json\/wp\/v2\/media\/?parent=3904"}],"curies":[{"name":"wp","href":"https:\/\/api.w.org\/{rel}","templated":true}]}}