{"id":3815,"date":"2022-11-05T22:41:33","date_gmt":"2022-11-06T02:41:33","guid":{"rendered":"http:\/\/acontrecourant.qc.ca\/?page_id=3815"},"modified":"2022-11-10T16:15:25","modified_gmt":"2022-11-10T21:15:25","slug":"acknowledgments","status":"publish","type":"page","link":"https:\/\/acontrecourant.qc.ca\/en\/events\/coupe\/2022-28\/acknowledgments\/","title":{"rendered":"Acknowlegments"},"content":{"rendered":"<h2>Organizing Committee<\/h2>\n<div data-post-id=\"3776\" class=\"insert-page insert-page-3776 \"><h3>Martin Girard, Meet Director<\/h3>\n<p>514 524-8908<br \/>\n<a href=\"mailto:coupe@acontrecourant.qc.ca\">coupe@acontrecourant.qc.ca<\/a><\/p>\n<h3>Carole Thomas, Referee of the meet<\/h3>\n<p><span><\/p>\n<h3>Michel Arnold, Co-Officials Manager<\/h3>\n<h3>Jean-Fran\u00e7ois Gilbert, Co-Officials Manager<\/h3>\n<p><a href=\"mailto:coupe.officiels@acontrecourant.qc.ca\">coupe.officiels@acontrecourant.qc.ca<\/a><br \/>\n<\/span><\/p>\n<h3>Anne Girard, Registrar<\/h3>\n<p><a href=\"mailto:coupe.registraire@acontrecourant.qc.ca\">coupe.registraire@acontrecourant.qc.ca<\/a><\/p>\n<\/div>\n<h3>Ed Huot<\/h3>\n<p>Network Administration &amp; IT<\/p>\n<h3>Chris Gibson, V\u00e9ronique Denis<\/h3>\n<p>Catering<\/p>\n<h3>Equipment and inventory<\/h3>\n<p>Brigitte Bienvenue, Audrey Laisney<\/p>\n<h3>Chronometers<\/h3>\n<p>Michel-Pierre Lachance<\/p>\n<h3>Damien Ascargorta, V\u00e9ronique Denis<\/h3>\n<p>Saturday night dinner<\/p>\n<h3>Andr\u00e9 Villeneuve<\/h3>\n<p>Copy Editing<\/p>\n<h3>Andr\u00e9 Vaudrin<\/h3>\n<p>Logo Design<\/p>\n<h2>Security<\/h2>\n<p>Garry Gebhardt, Marius Gauthier, Daniel Gosselin, Olivier Rey, G\u00e9rard Fr\u00e9chette, Jean-Fran\u00e7ois Gilbert<\/p>\n<h2>Registration Desk<\/h2>\n<p>Florian Meyer, Tuan Vu, Marc Rh\u00e9aume<\/p>\n<h2>Judges<\/h2>\n<p>Martin Girard, Louise Monast, Jean-Fran\u00e7ois Martin, Anne Girard, Michel Arnold, Jean-Fran\u00e7ois Gilbert, Maurice Harvey, Diane Lefebvre, Andr\u00e9 Montpetit, Anne-Marie Girard, Simon Roughley, Richard Bolduc, Guy Allard, Richard Bolduc, Pierre E. Lachapelle, Tuan Vu, Michel Pierre Lachance, Flavie Donato, Marilyn Donato, Luc Girard<\/p>\n<h2>Time Keepers<\/h2>\n<p>Olivier Rey, Ren\u00e9e Bourgeois, Lyne Girard, Halima Awadhi, Jean-Claude No\u00ebl, Finnley MacKillop, Garry Gebhardt, Marc Rh\u00e9aume, Jocelyn Grenier, Micha\u00ebl Fortin, Sylvie Donato, Rose Poirier, Marilyn Donato, Daniel Gosselin, G\u00e9rard Fr\u00e9chette, Marius Gauthier, Claudette Guy, Yves-Adrien Leclerc, Henri P\u00e9riard, Brigitte Bienvenue, Florian Meyer, Johanne Prud\u2019homme, Denis Pelletier, Simon Larocque, Dominique Lampron<\/p>\n<h2>Friends of the Coupe<\/h2>\n<h3>La Petite Boulangerie<\/h3>\n<p>Thanks to La Petite Boulangerie, which offer graciously bread, croissants, scones and other pastries available for everyone.<\/p>\n<div><a href=\"http:\/\/acontrecourant.qc.ca\/wp-content\/uploads\/png\/pub-petite-boulangerie.png\"><img loading=\"lazy\" decoding=\"async\" class=\"alignnone size-large wp-image-3329\" src=\"http:\/\/acontrecourant.qc.ca\/wp-content\/uploads\/png\/pub-petite-boulangerie-762x1024.png\" alt=\"\" width=\"700\" height=\"941\" srcset=\"https:\/\/acontrecourant.qc.ca\/wp-content\/uploads\/png\/pub-petite-boulangerie-762x1024.png 762w, https:\/\/acontrecourant.qc.ca\/wp-content\/uploads\/png\/pub-petite-boulangerie-223x300.png 223w, https:\/\/acontrecourant.qc.ca\/wp-content\/uploads\/png\/pub-petite-boulangerie-768x1032.png 768w, https:\/\/acontrecourant.qc.ca\/wp-content\/uploads\/png\/pub-petite-boulangerie-112x150.png 112w, https:\/\/acontrecourant.qc.ca\/wp-content\/uploads\/png\/pub-petite-boulangerie-1000x1344.png 1000w, https:\/\/acontrecourant.qc.ca\/wp-content\/uploads\/png\/pub-petite-boulangerie.png 1088w\" sizes=\"auto, (max-width: 700px) 100vw, 700px\" \/><\/a><\/div>\n<ul class=\"list-document\">\n<li>Next section:<a style=\"text-transform: uppercase;\" href=\"http:\/\/acontrecourant.qc.ca\/en\/events\/coupe\/2022-28\/club-list\">Club list<\/a><\/li>\n<li>Previous section:<a style=\"text-transform: uppercase;\" href=\"http:\/\/acontrecourant.qc.ca\/en\/events\/coupe\/2022-28\/technical-bulletin\">Technical Bulletin<\/a><\/li>\n<\/ul>\n","protected":false},"excerpt":{"rendered":"<p>Organizing Committee Ed Huot Network Administration &amp; IT Chris Gibson, V\u00e9ronique Denis Catering Equipment and inventory Brigitte Bienvenue, Audrey Laisney Chronometers Michel-Pierre Lachance Damien Ascargorta, V\u00e9ronique Denis Saturday night dinner Andr\u00e9 Villeneuve Copy Editing Andr\u00e9 Vaudrin Logo Design Security Garry Gebhardt, Marius Gauthier, Daniel Gosselin, Olivier Rey, G\u00e9rard Fr\u00e9chette, Jean-Fran\u00e7ois Gilbert Registration Desk Florian Meyer, [&hellip;]<\/p>\n","protected":false},"author":9,"featured_media":0,"parent":3750,"menu_order":0,"comment_status":"closed","ping_status":"closed","template":"page-full-width.php","meta":{"_acf_changed":false,"footnotes":""},"class_list":["post-3815","page","type-page","status-publish","hentry"],"acf":[],"yoast_head":"<!-- This site is optimized with the Yoast SEO plugin v26.3 - https:\/\/yoast.com\/wordpress\/plugins\/seo\/ -->\n<title>Acknowlegments - \u00c0 Contre Courant<\/title>\n<meta name=\"robots\" content=\"index, follow, max-snippet:-1, max-image-preview:large, max-video-preview:-1\" \/>\n<link rel=\"canonical\" href=\"https:\/\/acontrecourant.qc.ca\/en\/events\/coupe\/2022-28\/acknowledgments\/\" \/>\n<meta name=\"twitter:label1\" content=\"Est. reading time\" \/>\n\t<meta name=\"twitter:data1\" content=\"2 minutes\" \/>\n<script type=\"application\/ld+json\" class=\"yoast-schema-graph\">{\"@context\":\"https:\/\/schema.org\",\"@graph\":[{\"@type\":\"WebPage\",\"@id\":\"https:\/\/acontrecourant.qc.ca\/en\/events\/coupe\/2022-28\/acknowledgments\/\",\"url\":\"https:\/\/acontrecourant.qc.ca\/en\/events\/coupe\/2022-28\/acknowledgments\/\",\"name\":\"Acknowlegments - \u00c0 Contre Courant\",\"isPartOf\":{\"@id\":\"https:\/\/acontrecourant.qc.ca\/en\/#website\"},\"primaryImageOfPage\":{\"@id\":\"https:\/\/acontrecourant.qc.ca\/en\/events\/coupe\/2022-28\/acknowledgments\/#primaryimage\"},\"image\":{\"@id\":\"https:\/\/acontrecourant.qc.ca\/en\/events\/coupe\/2022-28\/acknowledgments\/#primaryimage\"},\"thumbnailUrl\":\"http:\/\/acontrecourant.qc.ca\/wp-content\/uploads\/png\/pub-petite-boulangerie-762x1024.png\",\"datePublished\":\"2022-11-06T02:41:33+00:00\",\"dateModified\":\"2022-11-10T21:15:25+00:00\",\"breadcrumb\":{\"@id\":\"https:\/\/acontrecourant.qc.ca\/en\/events\/coupe\/2022-28\/acknowledgments\/#breadcrumb\"},\"inLanguage\":\"en-CA\",\"potentialAction\":[{\"@type\":\"ReadAction\",\"target\":[\"https:\/\/acontrecourant.qc.ca\/en\/events\/coupe\/2022-28\/acknowledgments\/\"]}]},{\"@type\":\"ImageObject\",\"inLanguage\":\"en-CA\",\"@id\":\"https:\/\/acontrecourant.qc.ca\/en\/events\/coupe\/2022-28\/acknowledgments\/#primaryimage\",\"url\":\"http:\/\/acontrecourant.qc.ca\/wp-content\/uploads\/png\/pub-petite-boulangerie-762x1024.png\",\"contentUrl\":\"http:\/\/acontrecourant.qc.ca\/wp-content\/uploads\/png\/pub-petite-boulangerie-762x1024.png\"},{\"@type\":\"BreadcrumbList\",\"@id\":\"https:\/\/acontrecourant.qc.ca\/en\/events\/coupe\/2022-28\/acknowledgments\/#breadcrumb\",\"itemListElement\":[{\"@type\":\"ListItem\",\"position\":1,\"name\":\"Events\",\"item\":\"https:\/\/acontrecourant.qc.ca\/en\/events\/\"},{\"@type\":\"ListItem\",\"position\":2,\"name\":\"Coupe de Montr\u00e9al\",\"item\":\"https:\/\/acontrecourant.qc.ca\/en\/events\/coupe\/\"},{\"@type\":\"ListItem\",\"position\":3,\"name\":\"28th edition of Coupe De Montreal\",\"item\":\"https:\/\/acontrecourant.qc.ca\/en\/events\/coupe\/2022-28\/\"},{\"@type\":\"ListItem\",\"position\":4,\"name\":\"Acknowlegments\"}]},{\"@type\":\"WebSite\",\"@id\":\"https:\/\/acontrecourant.qc.ca\/en\/#website\",\"url\":\"https:\/\/acontrecourant.qc.ca\/en\/\",\"name\":\"\u00c0 Contre Courant\",\"description\":\"Bienvenue \u00e0 Montr\u00e9al\",\"potentialAction\":[{\"@type\":\"SearchAction\",\"target\":{\"@type\":\"EntryPoint\",\"urlTemplate\":\"https:\/\/acontrecourant.qc.ca\/en\/?s={search_term_string}\"},\"query-input\":{\"@type\":\"PropertyValueSpecification\",\"valueRequired\":true,\"valueName\":\"search_term_string\"}}],\"inLanguage\":\"en-CA\"}]}<\/script>\n<!-- \/ Yoast SEO plugin. -->","yoast_head_json":{"title":"Acknowlegments - \u00c0 Contre Courant","robots":{"index":"index","follow":"follow","max-snippet":"max-snippet:-1","max-image-preview":"max-image-preview:large","max-video-preview":"max-video-preview:-1"},"canonical":"https:\/\/acontrecourant.qc.ca\/en\/events\/coupe\/2022-28\/acknowledgments\/","twitter_misc":{"Est. reading time":"2 minutes"},"schema":{"@context":"https:\/\/schema.org","@graph":[{"@type":"WebPage","@id":"https:\/\/acontrecourant.qc.ca\/en\/events\/coupe\/2022-28\/acknowledgments\/","url":"https:\/\/acontrecourant.qc.ca\/en\/events\/coupe\/2022-28\/acknowledgments\/","name":"Acknowlegments - \u00c0 Contre Courant","isPartOf":{"@id":"https:\/\/acontrecourant.qc.ca\/en\/#website"},"primaryImageOfPage":{"@id":"https:\/\/acontrecourant.qc.ca\/en\/events\/coupe\/2022-28\/acknowledgments\/#primaryimage"},"image":{"@id":"https:\/\/acontrecourant.qc.ca\/en\/events\/coupe\/2022-28\/acknowledgments\/#primaryimage"},"thumbnailUrl":"http:\/\/acontrecourant.qc.ca\/wp-content\/uploads\/png\/pub-petite-boulangerie-762x1024.png","datePublished":"2022-11-06T02:41:33+00:00","dateModified":"2022-11-10T21:15:25+00:00","breadcrumb":{"@id":"https:\/\/acontrecourant.qc.ca\/en\/events\/coupe\/2022-28\/acknowledgments\/#breadcrumb"},"inLanguage":"en-CA","potentialAction":[{"@type":"ReadAction","target":["https:\/\/acontrecourant.qc.ca\/en\/events\/coupe\/2022-28\/acknowledgments\/"]}]},{"@type":"ImageObject","inLanguage":"en-CA","@id":"https:\/\/acontrecourant.qc.ca\/en\/events\/coupe\/2022-28\/acknowledgments\/#primaryimage","url":"http:\/\/acontrecourant.qc.ca\/wp-content\/uploads\/png\/pub-petite-boulangerie-762x1024.png","contentUrl":"http:\/\/acontrecourant.qc.ca\/wp-content\/uploads\/png\/pub-petite-boulangerie-762x1024.png"},{"@type":"BreadcrumbList","@id":"https:\/\/acontrecourant.qc.ca\/en\/events\/coupe\/2022-28\/acknowledgments\/#breadcrumb","itemListElement":[{"@type":"ListItem","position":1,"name":"Events","item":"https:\/\/acontrecourant.qc.ca\/en\/events\/"},{"@type":"ListItem","position":2,"name":"Coupe de Montr\u00e9al","item":"https:\/\/acontrecourant.qc.ca\/en\/events\/coupe\/"},{"@type":"ListItem","position":3,"name":"28th edition of Coupe De Montreal","item":"https:\/\/acontrecourant.qc.ca\/en\/events\/coupe\/2022-28\/"},{"@type":"ListItem","position":4,"name":"Acknowlegments"}]},{"@type":"WebSite","@id":"https:\/\/acontrecourant.qc.ca\/en\/#website","url":"https:\/\/acontrecourant.qc.ca\/en\/","name":"\u00c0 Contre Courant","description":"Bienvenue \u00e0 Montr\u00e9al","potentialAction":[{"@type":"SearchAction","target":{"@type":"EntryPoint","urlTemplate":"https:\/\/acontrecourant.qc.ca\/en\/?s={search_term_string}"},"query-input":{"@type":"PropertyValueSpecification","valueRequired":true,"valueName":"search_term_string"}}],"inLanguage":"en-CA"}]}},"_links":{"self":[{"href":"https:\/\/acontrecourant.qc.ca\/en\/wp-json\/wp\/v2\/pages\/3815\/"}],"collection":[{"href":"https:\/\/acontrecourant.qc.ca\/en\/wp-json\/wp\/v2\/pages\/"}],"about":[{"href":"https:\/\/acontrecourant.qc.ca\/en\/wp-json\/wp\/v2\/types\/page\/"}],"author":[{"embeddable":true,"href":"https:\/\/acontrecourant.qc.ca\/en\/wp-json\/wp\/v2\/users\/9\/"}],"replies":[{"embeddable":true,"href":"https:\/\/acontrecourant.qc.ca\/en\/wp-json\/wp\/v2\/comments\/?post=3815"}],"version-history":[{"count":9,"href":"https:\/\/acontrecourant.qc.ca\/en\/wp-json\/wp\/v2\/pages\/3815\/revisions\/"}],"predecessor-version":[{"id":4279,"href":"https:\/\/acontrecourant.qc.ca\/en\/wp-json\/wp\/v2\/pages\/3815\/revisions\/4279\/"}],"up":[{"embeddable":true,"href":"https:\/\/acontrecourant.qc.ca\/en\/wp-json\/wp\/v2\/pages\/3750\/"}],"wp:attachment":[{"href":"https:\/\/acontrecourant.qc.ca\/en\/wp-json\/wp\/v2\/media\/?parent=3815"}],"curies":[{"name":"wp","href":"https:\/\/api.w.org\/{rel}","templated":true}]}}