{"id":3726,"date":"2022-11-01T20:45:18","date_gmt":"2022-11-02T00:45:18","guid":{"rendered":"http:\/\/acontrecourant.qc.ca\/?page_id=3726"},"modified":"2022-11-01T20:47:38","modified_gmt":"2022-11-02T00:47:38","slug":"ramp-guide","status":"publish","type":"page","link":"https:\/\/acontrecourant.qc.ca\/en\/ramp-guide\/","title":{"rendered":"RAMP guide"},"content":{"rendered":"<p>Under Construction<\/p>\n","protected":false},"excerpt":{"rendered":"<p>Under Construction<\/p>\n","protected":false},"author":12,"featured_media":0,"parent":0,"menu_order":0,"comment_status":"closed","ping_status":"closed","template":"page-full-width.php","meta":{"_acf_changed":false,"footnotes":""},"class_list":["post-3726","page","type-page","status-publish","hentry"],"acf":[],"yoast_head":"<!-- This site is optimized with the Yoast SEO plugin v26.3 - https:\/\/yoast.com\/wordpress\/plugins\/seo\/ -->\n<title>RAMP guide - \u00c0 Contre Courant<\/title>\n<meta name=\"robots\" content=\"index, follow, max-snippet:-1, max-image-preview:large, max-video-preview:-1\" \/>\n<link rel=\"canonical\" href=\"https:\/\/acontrecourant.qc.ca\/en\/ramp-guide\/\" \/>\n<meta name=\"twitter:label1\" content=\"Est. reading time\" \/>\n\t<meta name=\"twitter:data1\" content=\"1 minute\" \/>\n<script type=\"application\/ld+json\" class=\"yoast-schema-graph\">{\"@context\":\"https:\/\/schema.org\",\"@graph\":[{\"@type\":\"WebPage\",\"@id\":\"https:\/\/acontrecourant.qc.ca\/en\/ramp-guide\/\",\"url\":\"https:\/\/acontrecourant.qc.ca\/en\/ramp-guide\/\",\"name\":\"RAMP guide - \u00c0 Contre Courant\",\"isPartOf\":{\"@id\":\"https:\/\/acontrecourant.qc.ca\/en\/#website\"},\"datePublished\":\"2022-11-02T00:45:18+00:00\",\"dateModified\":\"2022-11-02T00:47:38+00:00\",\"inLanguage\":\"en-CA\",\"potentialAction\":[{\"@type\":\"ReadAction\",\"target\":[\"https:\/\/acontrecourant.qc.ca\/en\/ramp-guide\/\"]}]},{\"@type\":\"WebSite\",\"@id\":\"https:\/\/acontrecourant.qc.ca\/en\/#website\",\"url\":\"https:\/\/acontrecourant.qc.ca\/en\/\",\"name\":\"\u00c0 Contre Courant\",\"description\":\"Bienvenue \u00e0 Montr\u00e9al\",\"potentialAction\":[{\"@type\":\"SearchAction\",\"target\":{\"@type\":\"EntryPoint\",\"urlTemplate\":\"https:\/\/acontrecourant.qc.ca\/en\/?s={search_term_string}\"},\"query-input\":{\"@type\":\"PropertyValueSpecification\",\"valueRequired\":true,\"valueName\":\"search_term_string\"}}],\"inLanguage\":\"en-CA\"}]}<\/script>\n<!-- \/ Yoast SEO plugin. -->","yoast_head_json":{"title":"RAMP guide - \u00c0 Contre Courant","robots":{"index":"index","follow":"follow","max-snippet":"max-snippet:-1","max-image-preview":"max-image-preview:large","max-video-preview":"max-video-preview:-1"},"canonical":"https:\/\/acontrecourant.qc.ca\/en\/ramp-guide\/","twitter_misc":{"Est. reading time":"1 minute"},"schema":{"@context":"https:\/\/schema.org","@graph":[{"@type":"WebPage","@id":"https:\/\/acontrecourant.qc.ca\/en\/ramp-guide\/","url":"https:\/\/acontrecourant.qc.ca\/en\/ramp-guide\/","name":"RAMP guide - \u00c0 Contre Courant","isPartOf":{"@id":"https:\/\/acontrecourant.qc.ca\/en\/#website"},"datePublished":"2022-11-02T00:45:18+00:00","dateModified":"2022-11-02T00:47:38+00:00","inLanguage":"en-CA","potentialAction":[{"@type":"ReadAction","target":["https:\/\/acontrecourant.qc.ca\/en\/ramp-guide\/"]}]},{"@type":"WebSite","@id":"https:\/\/acontrecourant.qc.ca\/en\/#website","url":"https:\/\/acontrecourant.qc.ca\/en\/","name":"\u00c0 Contre Courant","description":"Bienvenue \u00e0 Montr\u00e9al","potentialAction":[{"@type":"SearchAction","target":{"@type":"EntryPoint","urlTemplate":"https:\/\/acontrecourant.qc.ca\/en\/?s={search_term_string}"},"query-input":{"@type":"PropertyValueSpecification","valueRequired":true,"valueName":"search_term_string"}}],"inLanguage":"en-CA"}]}},"_links":{"self":[{"href":"https:\/\/acontrecourant.qc.ca\/en\/wp-json\/wp\/v2\/pages\/3726\/"}],"collection":[{"href":"https:\/\/acontrecourant.qc.ca\/en\/wp-json\/wp\/v2\/pages\/"}],"about":[{"href":"https:\/\/acontrecourant.qc.ca\/en\/wp-json\/wp\/v2\/types\/page\/"}],"author":[{"embeddable":true,"href":"https:\/\/acontrecourant.qc.ca\/en\/wp-json\/wp\/v2\/users\/12\/"}],"replies":[{"embeddable":true,"href":"https:\/\/acontrecourant.qc.ca\/en\/wp-json\/wp\/v2\/comments\/?post=3726"}],"version-history":[{"count":1,"href":"https:\/\/acontrecourant.qc.ca\/en\/wp-json\/wp\/v2\/pages\/3726\/revisions\/"}],"predecessor-version":[{"id":3727,"href":"https:\/\/acontrecourant.qc.ca\/en\/wp-json\/wp\/v2\/pages\/3726\/revisions\/3727\/"}],"wp:attachment":[{"href":"https:\/\/acontrecourant.qc.ca\/en\/wp-json\/wp\/v2\/media\/?parent=3726"}],"curies":[{"name":"wp","href":"https:\/\/api.w.org\/{rel}","templated":true}]}}