{"id":3690,"date":"2022-10-20T23:21:05","date_gmt":"2022-10-21T03:21:05","guid":{"rendered":"http:\/\/acontrecourant.qc.ca\/?page_id=3690"},"modified":"2022-10-23T16:59:30","modified_gmt":"2022-10-23T20:59:30","slug":"coupe-evening","status":"publish","type":"page","link":"https:\/\/acontrecourant.qc.ca\/en\/events\/coupe-evening\/","title":{"rendered":"SOIR\u00c9E COUPE 2022  &#8211; NOVEMBER 12th, 2022 &#8211; 7 P.M"},"content":{"rendered":"<h1><a href=\"http:\/\/acontrecourant.qc.ca\/wp-content\/uploads\/jpg\/rebel.jpg\"><img loading=\"lazy\" decoding=\"async\" class=\"wp-image-3695 aligncenter\" src=\"http:\/\/acontrecourant.qc.ca\/wp-content\/uploads\/jpg\/rebel-300x203.jpg\" alt=\"\" width=\"153\" height=\"103\" srcset=\"https:\/\/acontrecourant.qc.ca\/wp-content\/uploads\/jpg\/rebel-300x203.jpg 300w, https:\/\/acontrecourant.qc.ca\/wp-content\/uploads\/jpg\/rebel-150x102.jpg 150w, https:\/\/acontrecourant.qc.ca\/wp-content\/uploads\/jpg\/rebel.jpg 622w\" sizes=\"auto, (max-width: 153px) 100vw, 153px\" \/><\/a><\/h1>\n<h1 style=\"text-align: center;\"><strong>Au restaurant <a href=\"https:\/\/www.rebelbrasserieurbaine.com\/\">Le Rebel<\/a><\/strong><\/h1>\n<p style=\"text-align: center;\"><em>Address : 1478, Ste Catherine Est, H2L 2J1, MONTR\u00c9AL (<span class=\"Y2IQFc\" lang=\"en\">Enter through the door of SKY BAR)<\/span><\/em><\/p>\n<p style=\"text-align: center;\"><strong>***\u00a0<\/strong><\/p>\n<h1 style=\"text-align: center;\"><strong>price : 58$<\/strong><\/h1>\n<p style=\"text-align: center;\"><u><\/u><em><strong>(<span class=\"Y2IQFc\" lang=\"en\">incl. taxes &amp; Tips) <\/span><\/strong><\/em><\/p>\n<h3 style=\"text-align: center;\"><strong><span class=\"Y2IQFc\" lang=\"en\">Welcome punch, 3-course meal, entrance to the Sky bar<\/span><\/strong><\/h3>\n<p id=\"tw-target-text\" class=\"tw-data-text tw-text-large tw-ta\" dir=\"ltr\" style=\"text-align: center;\" data-placeholder=\"Traduction\"><span class=\"Y2IQFc\" lang=\"en\">Attention: wines\/beers\/alcohol \u00e0 la carte not included but available on request from your waiter during the evening<\/span><\/p>\n<p style=\"text-align: center;\">***<\/p>\n<h1 id=\"tw-target-text\" class=\"tw-data-text tw-text-large tw-ta\" dir=\"ltr\" style=\"text-align: center;\" data-placeholder=\"Traduction\"><strong><span class=\"Y2IQFc\" lang=\"en\">How to register?<\/span><\/strong><\/h1>\n<p style=\"text-align: center;\"><strong>-Limited tickets-<\/strong><\/p>\n<h3 style=\"text-align: center;\"><strong>Click on <\/strong><em><a href=\"https:\/\/www.eventbrite.ca\/e\/billets-soiree-de-la-coupe-2022-445751664227?fbclid=IwAR30ufxec2HuQsg0f6Kea2s1iSXGT77kk6JR6YVcy7mdO1EIeED5pjDuI4k\">registration <\/a><\/em><span class=\"Y2IQFc\" lang=\"en\">to choose your menu and buy your ticket<\/span><strong>*:\u00a0<\/strong><\/h3>\n<p id=\"tw-target-text\" class=\"tw-data-text tw-text-large tw-ta\" dir=\"ltr\" style=\"text-align: center;\" data-placeholder=\"Traduction\"><em><span class=\"Y2IQFc\" lang=\"en\">(Registration open from October 23 from 6 p.m. to November 4, 2022 at midnight)<\/span><\/em><\/p>\n<p>&nbsp;<\/p>\n<p style=\"text-align: left;\">*<span class=\"Y2IQFc\" lang=\"en\">Non-refundable ticket in case of cancellation after November 4, 2022<\/span><\/p>\n","protected":false},"excerpt":{"rendered":"<p>Au restaurant Le Rebel Address : 1478, Ste Catherine Est, H2L 2J1, MONTR\u00c9AL (Enter through the door of SKY BAR) ***\u00a0 price : 58$ (incl. taxes &amp; Tips) Welcome punch, 3-course meal, entrance to the Sky bar Attention: wines\/beers\/alcohol \u00e0 la carte not included but available on request from your waiter during the evening *** [&hellip;]<\/p>\n","protected":false},"author":10,"featured_media":0,"parent":191,"menu_order":0,"comment_status":"closed","ping_status":"closed","template":"page-full-width.php","meta":{"_acf_changed":false,"footnotes":""},"class_list":["post-3690","page","type-page","status-publish","hentry"],"acf":[],"yoast_head":"<!-- This site is optimized with the Yoast SEO plugin v26.3 - https:\/\/yoast.com\/wordpress\/plugins\/seo\/ -->\n<title>SOIR\u00c9E COUPE 2022 - NOVEMBER 12th, 2022 - 7 P.M - \u00c0 Contre Courant<\/title>\n<meta name=\"robots\" content=\"index, follow, max-snippet:-1, max-image-preview:large, max-video-preview:-1\" \/>\n<link rel=\"canonical\" href=\"https:\/\/acontrecourant.qc.ca\/en\/events\/coupe-evening\/\" \/>\n<meta name=\"twitter:label1\" content=\"Est. reading time\" \/>\n\t<meta name=\"twitter:data1\" content=\"1 minute\" \/>\n<script type=\"application\/ld+json\" class=\"yoast-schema-graph\">{\"@context\":\"https:\/\/schema.org\",\"@graph\":[{\"@type\":\"WebPage\",\"@id\":\"https:\/\/acontrecourant.qc.ca\/en\/events\/coupe-evening\/\",\"url\":\"https:\/\/acontrecourant.qc.ca\/en\/events\/coupe-evening\/\",\"name\":\"SOIR\u00c9E COUPE 2022 - NOVEMBER 12th, 2022 - 7 P.M - \u00c0 Contre Courant\",\"isPartOf\":{\"@id\":\"https:\/\/acontrecourant.qc.ca\/en\/#website\"},\"primaryImageOfPage\":{\"@id\":\"https:\/\/acontrecourant.qc.ca\/en\/events\/coupe-evening\/#primaryimage\"},\"image\":{\"@id\":\"https:\/\/acontrecourant.qc.ca\/en\/events\/coupe-evening\/#primaryimage\"},\"thumbnailUrl\":\"http:\/\/acontrecourant.qc.ca\/wp-content\/uploads\/jpg\/rebel-300x203.jpg\",\"datePublished\":\"2022-10-21T03:21:05+00:00\",\"dateModified\":\"2022-10-23T20:59:30+00:00\",\"breadcrumb\":{\"@id\":\"https:\/\/acontrecourant.qc.ca\/en\/events\/coupe-evening\/#breadcrumb\"},\"inLanguage\":\"en-CA\",\"potentialAction\":[{\"@type\":\"ReadAction\",\"target\":[\"https:\/\/acontrecourant.qc.ca\/en\/events\/coupe-evening\/\"]}]},{\"@type\":\"ImageObject\",\"inLanguage\":\"en-CA\",\"@id\":\"https:\/\/acontrecourant.qc.ca\/en\/events\/coupe-evening\/#primaryimage\",\"url\":\"http:\/\/acontrecourant.qc.ca\/wp-content\/uploads\/jpg\/rebel-300x203.jpg\",\"contentUrl\":\"http:\/\/acontrecourant.qc.ca\/wp-content\/uploads\/jpg\/rebel-300x203.jpg\"},{\"@type\":\"BreadcrumbList\",\"@id\":\"https:\/\/acontrecourant.qc.ca\/en\/events\/coupe-evening\/#breadcrumb\",\"itemListElement\":[{\"@type\":\"ListItem\",\"position\":1,\"name\":\"Events\",\"item\":\"https:\/\/acontrecourant.qc.ca\/en\/events\/\"},{\"@type\":\"ListItem\",\"position\":2,\"name\":\"SOIR\u00c9E COUPE 2022 &#8211; NOVEMBER 12th, 2022 &#8211; 7 P.M\"}]},{\"@type\":\"WebSite\",\"@id\":\"https:\/\/acontrecourant.qc.ca\/en\/#website\",\"url\":\"https:\/\/acontrecourant.qc.ca\/en\/\",\"name\":\"\u00c0 Contre Courant\",\"description\":\"Bienvenue \u00e0 Montr\u00e9al\",\"potentialAction\":[{\"@type\":\"SearchAction\",\"target\":{\"@type\":\"EntryPoint\",\"urlTemplate\":\"https:\/\/acontrecourant.qc.ca\/en\/?s={search_term_string}\"},\"query-input\":{\"@type\":\"PropertyValueSpecification\",\"valueRequired\":true,\"valueName\":\"search_term_string\"}}],\"inLanguage\":\"en-CA\"}]}<\/script>\n<!-- \/ Yoast SEO plugin. -->","yoast_head_json":{"title":"SOIR\u00c9E COUPE 2022 - NOVEMBER 12th, 2022 - 7 P.M - \u00c0 Contre Courant","robots":{"index":"index","follow":"follow","max-snippet":"max-snippet:-1","max-image-preview":"max-image-preview:large","max-video-preview":"max-video-preview:-1"},"canonical":"https:\/\/acontrecourant.qc.ca\/en\/events\/coupe-evening\/","twitter_misc":{"Est. reading time":"1 minute"},"schema":{"@context":"https:\/\/schema.org","@graph":[{"@type":"WebPage","@id":"https:\/\/acontrecourant.qc.ca\/en\/events\/coupe-evening\/","url":"https:\/\/acontrecourant.qc.ca\/en\/events\/coupe-evening\/","name":"SOIR\u00c9E COUPE 2022 - NOVEMBER 12th, 2022 - 7 P.M - \u00c0 Contre Courant","isPartOf":{"@id":"https:\/\/acontrecourant.qc.ca\/en\/#website"},"primaryImageOfPage":{"@id":"https:\/\/acontrecourant.qc.ca\/en\/events\/coupe-evening\/#primaryimage"},"image":{"@id":"https:\/\/acontrecourant.qc.ca\/en\/events\/coupe-evening\/#primaryimage"},"thumbnailUrl":"http:\/\/acontrecourant.qc.ca\/wp-content\/uploads\/jpg\/rebel-300x203.jpg","datePublished":"2022-10-21T03:21:05+00:00","dateModified":"2022-10-23T20:59:30+00:00","breadcrumb":{"@id":"https:\/\/acontrecourant.qc.ca\/en\/events\/coupe-evening\/#breadcrumb"},"inLanguage":"en-CA","potentialAction":[{"@type":"ReadAction","target":["https:\/\/acontrecourant.qc.ca\/en\/events\/coupe-evening\/"]}]},{"@type":"ImageObject","inLanguage":"en-CA","@id":"https:\/\/acontrecourant.qc.ca\/en\/events\/coupe-evening\/#primaryimage","url":"http:\/\/acontrecourant.qc.ca\/wp-content\/uploads\/jpg\/rebel-300x203.jpg","contentUrl":"http:\/\/acontrecourant.qc.ca\/wp-content\/uploads\/jpg\/rebel-300x203.jpg"},{"@type":"BreadcrumbList","@id":"https:\/\/acontrecourant.qc.ca\/en\/events\/coupe-evening\/#breadcrumb","itemListElement":[{"@type":"ListItem","position":1,"name":"Events","item":"https:\/\/acontrecourant.qc.ca\/en\/events\/"},{"@type":"ListItem","position":2,"name":"SOIR\u00c9E COUPE 2022 &#8211; NOVEMBER 12th, 2022 &#8211; 7 P.M"}]},{"@type":"WebSite","@id":"https:\/\/acontrecourant.qc.ca\/en\/#website","url":"https:\/\/acontrecourant.qc.ca\/en\/","name":"\u00c0 Contre Courant","description":"Bienvenue \u00e0 Montr\u00e9al","potentialAction":[{"@type":"SearchAction","target":{"@type":"EntryPoint","urlTemplate":"https:\/\/acontrecourant.qc.ca\/en\/?s={search_term_string}"},"query-input":{"@type":"PropertyValueSpecification","valueRequired":true,"valueName":"search_term_string"}}],"inLanguage":"en-CA"}]}},"_links":{"self":[{"href":"https:\/\/acontrecourant.qc.ca\/en\/wp-json\/wp\/v2\/pages\/3690\/"}],"collection":[{"href":"https:\/\/acontrecourant.qc.ca\/en\/wp-json\/wp\/v2\/pages\/"}],"about":[{"href":"https:\/\/acontrecourant.qc.ca\/en\/wp-json\/wp\/v2\/types\/page\/"}],"author":[{"embeddable":true,"href":"https:\/\/acontrecourant.qc.ca\/en\/wp-json\/wp\/v2\/users\/10\/"}],"replies":[{"embeddable":true,"href":"https:\/\/acontrecourant.qc.ca\/en\/wp-json\/wp\/v2\/comments\/?post=3690"}],"version-history":[{"count":9,"href":"https:\/\/acontrecourant.qc.ca\/en\/wp-json\/wp\/v2\/pages\/3690\/revisions\/"}],"predecessor-version":[{"id":3715,"href":"https:\/\/acontrecourant.qc.ca\/en\/wp-json\/wp\/v2\/pages\/3690\/revisions\/3715\/"}],"up":[{"embeddable":true,"href":"https:\/\/acontrecourant.qc.ca\/en\/wp-json\/wp\/v2\/pages\/191\/"}],"wp:attachment":[{"href":"https:\/\/acontrecourant.qc.ca\/en\/wp-json\/wp\/v2\/media\/?parent=3690"}],"curies":[{"name":"wp","href":"https:\/\/api.w.org\/{rel}","templated":true}]}}