{"id":3662,"date":"2022-10-13T22:39:06","date_gmt":"2022-10-14T02:39:06","guid":{"rendered":"http:\/\/acontrecourant.qc.ca\/?page_id=3662"},"modified":"2022-10-13T22:44:37","modified_gmt":"2022-10-14T02:44:37","slug":"coupe-regis-officials","status":"publish","type":"page","link":"https:\/\/acontrecourant.qc.ca\/en\/events\/coupe-regis-officials\/","title":{"rendered":"Registration &#8211; Officials and Volunteers"},"content":{"rendered":"<p>To register as an official or volunteer, please indicate your interest in one of the following ways:<\/p>\n<ul>\n<li>Please fill the online <a href=\"https:\/\/docs.google.com\/forms\/d\/e\/1FAIpQLSfODfRe0_DMae7SnctfDIstntA0ShAEL9yyI43NhDSY_qJPXA\/viewform?usp=sf_link\" rel=\"noopener noreferrer\" target=\"_blank\">online registration form<\/a>, which you can also find on the \u00c0 Contre-Courant Web site. You will receive a confirmation email of your registration from \u201cGoogle Form\u201d<\/li>\n<li>Respond to the direct recruitment call which may be sent directly to you.<\/li>\n<\/ul>\n<p>We will need a great many timers. As a token of our appreciation, each volunteer will be served breakfast (for those volunteering for the morning session) and lunch (for those volunteering for the afternoon session).<\/p>\n<p>A confirmation email will be sent to all volunteers and officials. Your assignments will be sent by email no later than 2 days prior the event, and will be posted on the Coupe de Montreal Web page.<\/p>\n<ul class=\"list-document\" >\n<li>Next Section:<a style=\"text-transform: uppercase;\" href=\"http:\/\/acontrecourant.qc.ca\/en\/events\/coupe\">Home page for Coupe de Montr\u00e9al<\/a><\/li>\n<li>Previous Section:<a style=\"text-transform: uppercase;\" href=\"http:\/\/acontrecourant.qc.ca\/en\/events\/coupe-regis-athletes\">Registration &#8211; Athletes<\/a><\/li>\n<\/ul>\n","protected":false},"excerpt":{"rendered":"<p>To register as an official or volunteer, please indicate your interest in one of the following ways: Please fill the online online registration form, which you can also find on the \u00c0 Contre-Courant Web site. You will receive a confirmation email of your registration from \u201cGoogle Form\u201d Respond to the direct recruitment call which may [&hellip;]<\/p>\n","protected":false},"author":9,"featured_media":0,"parent":191,"menu_order":0,"comment_status":"closed","ping_status":"closed","template":"","meta":{"_acf_changed":false,"footnotes":""},"class_list":["post-3662","page","type-page","status-publish","hentry"],"acf":[],"yoast_head":"<!-- This site is optimized with the Yoast SEO plugin v26.3 - https:\/\/yoast.com\/wordpress\/plugins\/seo\/ -->\n<title>Registration - Officials and Volunteers - \u00c0 Contre Courant<\/title>\n<meta name=\"robots\" content=\"index, follow, max-snippet:-1, max-image-preview:large, max-video-preview:-1\" \/>\n<link rel=\"canonical\" href=\"https:\/\/acontrecourant.qc.ca\/en\/events\/coupe-regis-officials\/\" \/>\n<meta name=\"twitter:label1\" content=\"Est. reading time\" \/>\n\t<meta name=\"twitter:data1\" content=\"1 minute\" \/>\n<script type=\"application\/ld+json\" class=\"yoast-schema-graph\">{\"@context\":\"https:\/\/schema.org\",\"@graph\":[{\"@type\":\"WebPage\",\"@id\":\"https:\/\/acontrecourant.qc.ca\/en\/events\/coupe-regis-officials\/\",\"url\":\"https:\/\/acontrecourant.qc.ca\/en\/events\/coupe-regis-officials\/\",\"name\":\"Registration - Officials and Volunteers - \u00c0 Contre Courant\",\"isPartOf\":{\"@id\":\"https:\/\/acontrecourant.qc.ca\/en\/#website\"},\"datePublished\":\"2022-10-14T02:39:06+00:00\",\"dateModified\":\"2022-10-14T02:44:37+00:00\",\"breadcrumb\":{\"@id\":\"https:\/\/acontrecourant.qc.ca\/en\/events\/coupe-regis-officials\/#breadcrumb\"},\"inLanguage\":\"en-CA\",\"potentialAction\":[{\"@type\":\"ReadAction\",\"target\":[\"https:\/\/acontrecourant.qc.ca\/en\/events\/coupe-regis-officials\/\"]}]},{\"@type\":\"BreadcrumbList\",\"@id\":\"https:\/\/acontrecourant.qc.ca\/en\/events\/coupe-regis-officials\/#breadcrumb\",\"itemListElement\":[{\"@type\":\"ListItem\",\"position\":1,\"name\":\"Events\",\"item\":\"https:\/\/acontrecourant.qc.ca\/en\/events\/\"},{\"@type\":\"ListItem\",\"position\":2,\"name\":\"Registration &#8211; Officials and Volunteers\"}]},{\"@type\":\"WebSite\",\"@id\":\"https:\/\/acontrecourant.qc.ca\/en\/#website\",\"url\":\"https:\/\/acontrecourant.qc.ca\/en\/\",\"name\":\"\u00c0 Contre Courant\",\"description\":\"Bienvenue \u00e0 Montr\u00e9al\",\"potentialAction\":[{\"@type\":\"SearchAction\",\"target\":{\"@type\":\"EntryPoint\",\"urlTemplate\":\"https:\/\/acontrecourant.qc.ca\/en\/?s={search_term_string}\"},\"query-input\":{\"@type\":\"PropertyValueSpecification\",\"valueRequired\":true,\"valueName\":\"search_term_string\"}}],\"inLanguage\":\"en-CA\"}]}<\/script>\n<!-- \/ Yoast SEO plugin. -->","yoast_head_json":{"title":"Registration - Officials and Volunteers - \u00c0 Contre Courant","robots":{"index":"index","follow":"follow","max-snippet":"max-snippet:-1","max-image-preview":"max-image-preview:large","max-video-preview":"max-video-preview:-1"},"canonical":"https:\/\/acontrecourant.qc.ca\/en\/events\/coupe-regis-officials\/","twitter_misc":{"Est. reading time":"1 minute"},"schema":{"@context":"https:\/\/schema.org","@graph":[{"@type":"WebPage","@id":"https:\/\/acontrecourant.qc.ca\/en\/events\/coupe-regis-officials\/","url":"https:\/\/acontrecourant.qc.ca\/en\/events\/coupe-regis-officials\/","name":"Registration - Officials and Volunteers - \u00c0 Contre Courant","isPartOf":{"@id":"https:\/\/acontrecourant.qc.ca\/en\/#website"},"datePublished":"2022-10-14T02:39:06+00:00","dateModified":"2022-10-14T02:44:37+00:00","breadcrumb":{"@id":"https:\/\/acontrecourant.qc.ca\/en\/events\/coupe-regis-officials\/#breadcrumb"},"inLanguage":"en-CA","potentialAction":[{"@type":"ReadAction","target":["https:\/\/acontrecourant.qc.ca\/en\/events\/coupe-regis-officials\/"]}]},{"@type":"BreadcrumbList","@id":"https:\/\/acontrecourant.qc.ca\/en\/events\/coupe-regis-officials\/#breadcrumb","itemListElement":[{"@type":"ListItem","position":1,"name":"Events","item":"https:\/\/acontrecourant.qc.ca\/en\/events\/"},{"@type":"ListItem","position":2,"name":"Registration &#8211; Officials and Volunteers"}]},{"@type":"WebSite","@id":"https:\/\/acontrecourant.qc.ca\/en\/#website","url":"https:\/\/acontrecourant.qc.ca\/en\/","name":"\u00c0 Contre Courant","description":"Bienvenue \u00e0 Montr\u00e9al","potentialAction":[{"@type":"SearchAction","target":{"@type":"EntryPoint","urlTemplate":"https:\/\/acontrecourant.qc.ca\/en\/?s={search_term_string}"},"query-input":{"@type":"PropertyValueSpecification","valueRequired":true,"valueName":"search_term_string"}}],"inLanguage":"en-CA"}]}},"_links":{"self":[{"href":"https:\/\/acontrecourant.qc.ca\/en\/wp-json\/wp\/v2\/pages\/3662\/"}],"collection":[{"href":"https:\/\/acontrecourant.qc.ca\/en\/wp-json\/wp\/v2\/pages\/"}],"about":[{"href":"https:\/\/acontrecourant.qc.ca\/en\/wp-json\/wp\/v2\/types\/page\/"}],"author":[{"embeddable":true,"href":"https:\/\/acontrecourant.qc.ca\/en\/wp-json\/wp\/v2\/users\/9\/"}],"replies":[{"embeddable":true,"href":"https:\/\/acontrecourant.qc.ca\/en\/wp-json\/wp\/v2\/comments\/?post=3662"}],"version-history":[{"count":2,"href":"https:\/\/acontrecourant.qc.ca\/en\/wp-json\/wp\/v2\/pages\/3662\/revisions\/"}],"predecessor-version":[{"id":3665,"href":"https:\/\/acontrecourant.qc.ca\/en\/wp-json\/wp\/v2\/pages\/3662\/revisions\/3665\/"}],"up":[{"embeddable":true,"href":"https:\/\/acontrecourant.qc.ca\/en\/wp-json\/wp\/v2\/pages\/191\/"}],"wp:attachment":[{"href":"https:\/\/acontrecourant.qc.ca\/en\/wp-json\/wp\/v2\/media\/?parent=3662"}],"curies":[{"name":"wp","href":"https:\/\/api.w.org\/{rel}","templated":true}]}}