{"id":3657,"date":"2022-10-13T22:04:16","date_gmt":"2022-10-14T02:04:16","guid":{"rendered":"http:\/\/acontrecourant.qc.ca\/?page_id=3657"},"modified":"2022-11-08T18:57:17","modified_gmt":"2022-11-08T23:57:17","slug":"coupe-regis-athletes","status":"publish","type":"page","link":"https:\/\/acontrecourant.qc.ca\/en\/events\/coupe-regis-athletes\/","title":{"rendered":"Registration &#8211; Athletes"},"content":{"rendered":"<p>The deadline for registration is <b>Friday, November 4th, 2022, before 11h59 pm ET. The meet will be limited to 400 athletes, and priority will be given to registrations in the order of their arrival, no matter what medium is used to register<\/b>.<\/p>\n<p>Those from outside Canada registering by mail should allow sufficient time for delivery. Teams from Quebec must <a href=\"https:\/\/www.swimming.ca\/en\/events-results\/live-upcoming-meets\/\" target=\"_blank\" rel=\"noopener\">register online<\/a>. Each swimmer may register for up to five (5) events, not counting relays. Any swimmer who has not paid the registration fee will not be allowed to participate.<\/p>\n<p>Relay entries will be made by age category with the name of the swimmers. Relays cannot change age categories on the day of the meet. An absent swimmer may be replaced by another swimmer provided that the relay age category is respected as it was when the relay was registered by the club.<\/p>\n<h2>Registration fees<\/h2>\n<p>Registration fees for the competition are set at $6.90 as base participation fee per swimmer, $10.35 per individual event and $12.65 per relay, all taxes included. This amount covers participation in the competition. In accordance with FNQ regulations, payment must be made at the time of registration in order to facilitate and accelerate the welcome process on the day of competition.<\/p>\n<p>The exchange rate for US currency is CA$1.00 = US$0.75. A surcharge of CA$3.00 will be applied to all payments in US currency made by check in order to cover bank fees.<\/p>\n<h2>Cancellation and Refund Policy<\/h2>\n<p>Anyone who has registered and cannot attend the competition must inform the registrar by Sunday, November 6, 2022 6h00 PM ET, in order to receive a complete refund. This policy also applies to billing of registration fees to anyone who registers without sending payment, whether or not he or she attends the meet. Substitutions will not be accepted for events.<\/p>\n<h2>How to Register &#8211; Teams from all provinces in Canada<\/h2>\n<p>All teams from Canada must <a href=\"https:\/\/www.swimming.ca\/en\/events-results\/live-upcoming-meets\/\" target=\"_blank\" rel=\"noopener\">register online<\/a>.<\/p>\n<p>Each athlete\u2019s 2022-2023 affiliation number must be indicated in your Team Manager registration. The swimmer must be affiliated as a competitive master swimmer or a non-competitive one (if it is a first meet) with the FNQ or other federation.<\/p>\n<h2>How to Register &#8211; Team and individual registrations from outside of Canada<\/h2>\n<ul>\n<li><span style=\"font-weight: 400;\"> Registrations can be submitted by using the <a href=\"https:\/\/docs.google.com\/forms\/d\/e\/1FAIpQLSfb5I4VhkERPOAjh_3Vhe9xrXk9EjX2_cIdM3iu8sXWoGX9pw\/viewform\" target=\"_blank\" rel=\"noopener\">individual<\/a> or by <a href=\"https:\/\/docs.google.com\/forms\/d\/e\/1FAIpQLSd7qZv9rmSA2aCuQaMh7eTmdXSsQwXXrnUKhgC8VKqMBHlhRw\/viewform\" target=\"_blank\" rel=\"noopener\">team<\/a> registration online forms. A confirmation email of your registration will be sent from &#8220;Google Form&#8221;. The payment must be mailed, or paid in cash upon arrival at the pool in the morning.<\/span><\/li>\n<li><span style=\"font-weight: 400;\">Each athlete\u2019s 2022-2023 affiliation number must be indicated in the registration, as well as the name of the affiliation&#8217;s authority.<\/span><\/li>\n<li><span style=\"font-weight: 400;\">Swimmers who wish to pay by cheque must print the registration form&#8217;s confirmation email and mail it with their cheque to the following address.<\/span><\/li>\n<\/ul>\n<p><b>NB: <\/b>A hard copy of the first page of the registration confirmation email from \u201cGoogle Form\u201d must be provided. The swimmer\u2019s affiliation number must be indicated on the printed page of the registration form (please make sure the number is correct).<\/p>\n<h2>Contact information<\/h2>\n<p><span style=\"font-weight: 400;\">Registrar &#8211; 28th\u00a0Coupe de Montreal<\/span><br \/>\n<span style=\"font-weight: 400;\">c\/o Martin Girard<\/span><br \/>\n<span style=\"font-weight: 400;\">1900 Laurier Est<\/span><br \/>\n<span style=\"font-weight: 400;\">Montr\u00e9al, QC \u00a0H2H 1B4<\/span><br \/>\n<span style=\"font-weight: 400;\">E-mail: <\/span><span style=\"font-weight: 400;\">coupe@acontrecourant.qc.ca<\/span><br \/>\n<b>Registrations will be confirmed by e-mail. If you have not received confirmation one week after registering, please contact us to make sure all is in order.<\/b><\/p>\n<h2>At the pool<\/h2>\n<p>When you arrive at the pool, we will confirm your events and your payment. Everything else will be available online (program, heats, etc).<\/p>\n<ul class=\"list-document\">\n<li>Next:<a style=\"text-transform: uppercase;\" href=\"http:\/\/acontrecourant.qc.ca\/en\/events\/coupe-regis-officials\/\">Registration &#8211; Officials and volunteers<\/a><\/li>\n<li>Previous:<a style=\"text-transform: uppercase;\" href=\"http:\/\/acontrecourant.qc.ca\/en\/events\/coupe-tech-infos\/\">Technical Information<\/a><\/li>\n<\/ul>\n","protected":false},"excerpt":{"rendered":"<p>The deadline for registration is Friday, November 4th, 2022, before 11h59 pm ET. The meet will be limited to 400 athletes, and priority will be given to registrations in the order of their arrival, no matter what medium is used to register. Those from outside Canada registering by mail should allow sufficient time for delivery. [&hellip;]<\/p>\n","protected":false},"author":9,"featured_media":0,"parent":191,"menu_order":0,"comment_status":"closed","ping_status":"closed","template":"","meta":{"_acf_changed":false,"footnotes":""},"class_list":["post-3657","page","type-page","status-publish","hentry"],"acf":[],"yoast_head":"<!-- This site is optimized with the Yoast SEO plugin v26.3 - https:\/\/yoast.com\/wordpress\/plugins\/seo\/ -->\n<title>Registration - Athletes - \u00c0 Contre Courant<\/title>\n<meta name=\"robots\" content=\"index, follow, max-snippet:-1, max-image-preview:large, max-video-preview:-1\" \/>\n<link rel=\"canonical\" href=\"https:\/\/acontrecourant.qc.ca\/en\/events\/coupe-regis-athletes\/\" \/>\n<meta name=\"twitter:label1\" content=\"Est. reading time\" \/>\n\t<meta name=\"twitter:data1\" content=\"3 minutes\" \/>\n<script type=\"application\/ld+json\" class=\"yoast-schema-graph\">{\"@context\":\"https:\/\/schema.org\",\"@graph\":[{\"@type\":\"WebPage\",\"@id\":\"https:\/\/acontrecourant.qc.ca\/en\/events\/coupe-regis-athletes\/\",\"url\":\"https:\/\/acontrecourant.qc.ca\/en\/events\/coupe-regis-athletes\/\",\"name\":\"Registration - Athletes - \u00c0 Contre Courant\",\"isPartOf\":{\"@id\":\"https:\/\/acontrecourant.qc.ca\/en\/#website\"},\"datePublished\":\"2022-10-14T02:04:16+00:00\",\"dateModified\":\"2022-11-08T23:57:17+00:00\",\"breadcrumb\":{\"@id\":\"https:\/\/acontrecourant.qc.ca\/en\/events\/coupe-regis-athletes\/#breadcrumb\"},\"inLanguage\":\"en-CA\",\"potentialAction\":[{\"@type\":\"ReadAction\",\"target\":[\"https:\/\/acontrecourant.qc.ca\/en\/events\/coupe-regis-athletes\/\"]}]},{\"@type\":\"BreadcrumbList\",\"@id\":\"https:\/\/acontrecourant.qc.ca\/en\/events\/coupe-regis-athletes\/#breadcrumb\",\"itemListElement\":[{\"@type\":\"ListItem\",\"position\":1,\"name\":\"Events\",\"item\":\"https:\/\/acontrecourant.qc.ca\/en\/events\/\"},{\"@type\":\"ListItem\",\"position\":2,\"name\":\"Registration &#8211; Athletes\"}]},{\"@type\":\"WebSite\",\"@id\":\"https:\/\/acontrecourant.qc.ca\/en\/#website\",\"url\":\"https:\/\/acontrecourant.qc.ca\/en\/\",\"name\":\"\u00c0 Contre Courant\",\"description\":\"Bienvenue \u00e0 Montr\u00e9al\",\"potentialAction\":[{\"@type\":\"SearchAction\",\"target\":{\"@type\":\"EntryPoint\",\"urlTemplate\":\"https:\/\/acontrecourant.qc.ca\/en\/?s={search_term_string}\"},\"query-input\":{\"@type\":\"PropertyValueSpecification\",\"valueRequired\":true,\"valueName\":\"search_term_string\"}}],\"inLanguage\":\"en-CA\"}]}<\/script>\n<!-- \/ Yoast SEO plugin. -->","yoast_head_json":{"title":"Registration - Athletes - \u00c0 Contre Courant","robots":{"index":"index","follow":"follow","max-snippet":"max-snippet:-1","max-image-preview":"max-image-preview:large","max-video-preview":"max-video-preview:-1"},"canonical":"https:\/\/acontrecourant.qc.ca\/en\/events\/coupe-regis-athletes\/","twitter_misc":{"Est. reading time":"3 minutes"},"schema":{"@context":"https:\/\/schema.org","@graph":[{"@type":"WebPage","@id":"https:\/\/acontrecourant.qc.ca\/en\/events\/coupe-regis-athletes\/","url":"https:\/\/acontrecourant.qc.ca\/en\/events\/coupe-regis-athletes\/","name":"Registration - Athletes - \u00c0 Contre Courant","isPartOf":{"@id":"https:\/\/acontrecourant.qc.ca\/en\/#website"},"datePublished":"2022-10-14T02:04:16+00:00","dateModified":"2022-11-08T23:57:17+00:00","breadcrumb":{"@id":"https:\/\/acontrecourant.qc.ca\/en\/events\/coupe-regis-athletes\/#breadcrumb"},"inLanguage":"en-CA","potentialAction":[{"@type":"ReadAction","target":["https:\/\/acontrecourant.qc.ca\/en\/events\/coupe-regis-athletes\/"]}]},{"@type":"BreadcrumbList","@id":"https:\/\/acontrecourant.qc.ca\/en\/events\/coupe-regis-athletes\/#breadcrumb","itemListElement":[{"@type":"ListItem","position":1,"name":"Events","item":"https:\/\/acontrecourant.qc.ca\/en\/events\/"},{"@type":"ListItem","position":2,"name":"Registration &#8211; Athletes"}]},{"@type":"WebSite","@id":"https:\/\/acontrecourant.qc.ca\/en\/#website","url":"https:\/\/acontrecourant.qc.ca\/en\/","name":"\u00c0 Contre Courant","description":"Bienvenue \u00e0 Montr\u00e9al","potentialAction":[{"@type":"SearchAction","target":{"@type":"EntryPoint","urlTemplate":"https:\/\/acontrecourant.qc.ca\/en\/?s={search_term_string}"},"query-input":{"@type":"PropertyValueSpecification","valueRequired":true,"valueName":"search_term_string"}}],"inLanguage":"en-CA"}]}},"_links":{"self":[{"href":"https:\/\/acontrecourant.qc.ca\/en\/wp-json\/wp\/v2\/pages\/3657\/"}],"collection":[{"href":"https:\/\/acontrecourant.qc.ca\/en\/wp-json\/wp\/v2\/pages\/"}],"about":[{"href":"https:\/\/acontrecourant.qc.ca\/en\/wp-json\/wp\/v2\/types\/page\/"}],"author":[{"embeddable":true,"href":"https:\/\/acontrecourant.qc.ca\/en\/wp-json\/wp\/v2\/users\/9\/"}],"replies":[{"embeddable":true,"href":"https:\/\/acontrecourant.qc.ca\/en\/wp-json\/wp\/v2\/comments\/?post=3657"}],"version-history":[{"count":5,"href":"https:\/\/acontrecourant.qc.ca\/en\/wp-json\/wp\/v2\/pages\/3657\/revisions\/"}],"predecessor-version":[{"id":3870,"href":"https:\/\/acontrecourant.qc.ca\/en\/wp-json\/wp\/v2\/pages\/3657\/revisions\/3870\/"}],"up":[{"embeddable":true,"href":"https:\/\/acontrecourant.qc.ca\/en\/wp-json\/wp\/v2\/pages\/191\/"}],"wp:attachment":[{"href":"https:\/\/acontrecourant.qc.ca\/en\/wp-json\/wp\/v2\/media\/?parent=3657"}],"curies":[{"name":"wp","href":"https:\/\/api.w.org\/{rel}","templated":true}]}}